{"id":8091,"date":"2024-01-31T18:51:17","date_gmt":"2024-01-31T21:51:17","guid":{"rendered":"https:\/\/www.acpdbrasil.com\/?page_id=8091"},"modified":"2024-03-05T16:43:05","modified_gmt":"2024-03-05T19:43:05","slug":"engenharia-social","status":"publish","type":"page","link":"https:\/\/www.acpdbrasil.com\/en\/engenharia-social\/","title":{"rendered":"Engenharia Social"},"content":{"rendered":"<div  data-label=\"Sobre a Engenharia Social\" data-id=\"about--1\" data-export-id=\"about-10\" data-category=\"about\" class=\"about-10 content-section content-section-spacing\" id=\"sobre-a-engenharia-social\" style=\"background-color: rgb(255, 255, 255);\"><div  class=\"gridContainer\"> <div  class=\"row middle-sm text-center\"><div  class=\"col-sm-5 space-bottom-xs content-column\" data-type=\"column\"> <h5  class=\"\">ENGENHARIA SOCIAL<\/h5> <h2  class=\"\" data-lt-tmp-id=\"lt-955786\" data-gramm=\"false\">Voc\u00ea j\u00e1 ouviu falar de<br > <span  style=\"font-family: Playfair Display,sans-serif; font-weight: 700; font-style: italic;\" href=\"#\">Engenharia Social?<\/span> E golpes na internet?<\/h2> <p  class=\"\" data-lt-tmp-id=\"lt-322892\" data-gramm=\"false\">Voc\u00ea sabia que a maioria dos ataques cibern\u00e9ticos acontece devido a pessoas que s\u00e3o enganadas? \r\n<br ><br >Isso se chama engenharia social, e \u00e9 uma t\u00e9cnica que usa a psicologia para fazer as pessoas revelarem informa\u00e7\u00f5es sigilosas ou permitirem o acesso a sistemas protegidos. Os cibercriminosos podem usar as redes sociais, e-mails, sites que re\u00fanem dados pessoais e outras fontes na internet para saber mais sobre voc\u00ea e a sua empresa. Depois, eles usam essas informa\u00e7\u00f5es para se passar por algu\u00e9m de confian\u00e7a ou criar situa\u00e7\u00f5es falsas que te induzam a fazer o que eles querem.<br >\r\n\r\n<br >A engenharia social pode custar muito caro para as v\u00edtimas. Em m\u00e9dia, cada ataque desse tipo causa um preju\u00edzo de cerca de US$ 4 milh\u00f5es. E 82% dos casos de vazamento de dados t\u00eam a ver com o \u201celemento humano\u201d.\r\n<br ><br >\r\nUm especialista no assunto \u00e9 Kevin Mitnick, que escreveu o livro \u201cA Arte de Enganar\u201d (\u201cThe Art of Deception\u201d no original em ingl\u00eas). Ele explica que a Engenharia Social se baseia na influ\u00eancia e na persuas\u00e3o para enganar as pessoas e convenc\u00ea-las de que o engenheiro social \u00e9 algu\u00e9m que, na verdade, ele n\u00e3o \u00e9, ou pela manipula\u00e7\u00e3o. Assim, o engenheiro social pode se aproveitar das pessoas para obter as informa\u00e7\u00f5es que quiser, com ou sem o uso da tecnologia.<br >\r\n<br >Pensando nisso, a ACPD Brasil criou produtos para voc\u00ea e a sua empresa! Capacita\u00e7\u00f5es sobre a Engenharia Social.<\/p> <\/div> <div  class=\"col-sm-7 flexbox middle-xs center-xs space-bottom-xs\"><div  class=\"overlay-box middle-xs center-xs flexbox\"> <div  class=\"overlay-box-offset offset-border shadow-medium border-color1 hide-xs\"><\/div> <img  decoding=\"async\" class=\"shadow-large\" data-size=\"485x705\" src=\"https:\/\/www.acpdbrasil.com\/wp-content\/uploads\/2024\/01\/cropped-shutterstock_1328931767.jpg\" title=\"Teen,Girl,Hiding,Her,Face,Behind,Mask,-,Identity,Or\" alt=\"\"><\/div> <\/div><\/div> <\/div><\/div><div  data-label=\"Cta\" data-id=\"cta--2\" data-export-id=\"cta-centered-section-grid\" data-category=\"cta\" class=\"cta-centered-section-grid content-section content-section-spacing-medium bg-color1 white-text\" id=\"cta-2\"><div  class=\"gridContainer\"> <div  class=\"row text-center\"><div  class=\"col-xs-12 col-sm-10 col-sm-offset-1 col-md-8 col-md-offset-2\" data-type=\"column\"> <h2  class=\"\" data-lt-tmp-id=\"lt-770512\" data-gramm=\"false\">Curso de Engenharia Social da ACPD Brasil<\/h2> <p  class=\"\" data-lt-tmp-id=\"lt-626005\" data-gramm=\"false\">N\u00e3o deixe que os golpistas enganem voc\u00ea e a sua empresa. Aprenda a se defender dos ataques de Engenharia Social com o curso da ACPD Brasil. Solicite agora uma cota\u00e7\u00e3o!<\/p> <a class=\"button color2\" href=\"mailto:contato@acpdbrasil.com\" target=\"_blank\" data-cp-link=\"1\" data-icon=\"fa-envelope-o\" rel=\"noopener\"><span  class=\"button-icon fa fa-envelope-o\"><\/span>SOLICITAR COTA\u00c7\u00c3O<\/a><\/div> <\/div><\/div> <\/div><div  data-label=\"Mais informa\u00e7\u00f5es\" data-id=\"content--1\" data-export-id=\"content-8\" data-category=\"content\" class=\"content-8 content-section content-section-spacing\" id=\"mais-informacoes\" style=\"background-color: rgb(255, 255, 255); background-image: none;\"><div  class=\"gridContainer\"> <div  class=\"row middle-sm\"><div  class=\"col-sm-6 space-bottom-xs space-top-xs\" data-type=\"column\"> <img  decoding=\"async\" class=\"shadow-large\" src=\"https:\/\/www.acpdbrasil.com\/wp-content\/uploads\/2023\/08\/20230803-Eng.-Social.png\" title=\"20230803 - Eng. Social\" alt=\"\"><\/div> <div  class=\"col-sm-6\" data-type=\"column\"> <p  class=\"\" style=\"text-align: justify;\" data-lt-tmp-id=\"lt-997390\" data-gramm=\"false\">Voc\u00ea sabia que o <span  style=\"font-style: italic;\">phishing<\/span> \u00e9 uma das principais causas de preju\u00edzos financeiros e de dados para as empresas? Para se ter uma ideia, basta digitar no Google e ver os in\u00fameros casos de empresas que foram v\u00edtimas desse tipo de golpe.\r\n<br ><br >Mas o que \u00e9 phishing, afinal?&nbsp;Phishing \u00e9 uma forma de Engenharia Social, que \u00e9 uma t\u00e9cnica de ataque que explora as fraquezas humanas, em vez de falhas nos sistemas de tecnologia da informa\u00e7\u00e3o. A\r\n<br ><br > Engenharia Social \u00e9 usada por espi\u00f5es, hackers, concorrentes desleais e at\u00e9 mesmo por pessoas que querem se aproveitar de voc\u00ea. Os golpes de Engenharia Social podem chegar at\u00e9 voc\u00ea por SMS, WhatsApp, e-mail, telefone e muitos outros meios. N\u00e3o caia nessa!\r\n<br ><br >Se voc\u00ea quer proteger a sua empresa e os seus funcion\u00e1rios desses golpes, a ACPD Brasil tem a solu\u00e7\u00e3o ideal para voc\u00ea. N\u00f3s oferecemos treinamentos presenciais, na sua empresa ou na nossa sede, para ensinar como reconhecer e evitar os ataques de Engenharia Social.\r\n<br ><br >\r\nFicou interessado? Ent\u00e3o entre em contato conosco atrav\u00e9s do e-mail contato@acpdbrasil.com ou clique no bot\u00e3o abaixo e pe\u00e7a um or\u00e7amento. N\u00f3s estamos prontos para te ajudar!<\/p> <a class=\"button color2\" href=\"mailto:contato@acpdbraisl.com\" target=\"_blank\" data-cp-link=\"1\" data-icon=\"fa-envelope-o\" rel=\"noopener\"><span  class=\"button-icon fa fa-envelope-o\"><\/span>ENTRE EM CONTATO<\/a><\/div> <\/div><\/div> <\/div>","protected":false},"excerpt":{"rendered":"<p>ENGENHARIA SOCIAL Voc\u00ea j\u00e1 ouviu falar de Engenharia Social? E golpes na internet? Voc\u00ea sabia que a maioria dos ataques cibern\u00e9ticos acontece devido a pessoas que s\u00e3o enganadas? Isso se&hellip; <br \/> <a class=\"read-more\" href=\"https:\/\/www.acpdbrasil.com\/en\/engenharia-social\/\">Read more<\/a><\/p>","protected":false},"author":1,"featured_media":7880,"parent":0,"menu_order":0,"comment_status":"closed","ping_status":"closed","template":"pro\/page-templates\/full-width-page.php","meta":{"footnotes":""},"class_list":["post-8091","page","type-page","status-publish","has-post-thumbnail","hentry"],"yoast_head":"<!-- This site is optimized with the Yoast SEO plugin v27.3 - https:\/\/yoast.com\/product\/yoast-seo-wordpress\/ -->\n<title>Engenharia Social - ACPD Brasil<\/title>\n<meta name=\"robots\" content=\"index, follow, max-snippet:-1, max-image-preview:large, max-video-preview:-1\" \/>\n<link rel=\"canonical\" href=\"https:\/\/www.acpdbrasil.com\/en\/engenharia-social\/\" \/>\n<meta property=\"og:locale\" content=\"en_US\" \/>\n<meta property=\"og:type\" content=\"article\" \/>\n<meta property=\"og:title\" content=\"Engenharia Social - ACPD Brasil\" \/>\n<meta property=\"og:description\" content=\"ENGENHARIA SOCIAL Voc\u00ea j\u00e1 ouviu falar de Engenharia Social? E golpes na internet? Voc\u00ea sabia que a maioria dos ataques cibern\u00e9ticos acontece devido a pessoas que s\u00e3o enganadas? Isso se&hellip; Read more\" \/>\n<meta property=\"og:url\" content=\"https:\/\/www.acpdbrasil.com\/en\/engenharia-social\/\" \/>\n<meta property=\"og:site_name\" content=\"ACPD Brasil\" \/>\n<meta property=\"article:publisher\" content=\"https:\/\/www.facebook.com\/acpdbrasil\" \/>\n<meta property=\"article:modified_time\" content=\"2024-03-05T19:43:05+00:00\" \/>\n<meta property=\"og:image\" content=\"https:\/\/www.acpdbrasil.com\/wp-content\/uploads\/2023\/08\/20230803-Eng.-Social-1024x1024.png\" \/>\n\t<meta property=\"og:image:width\" content=\"1024\" \/>\n\t<meta property=\"og:image:height\" content=\"1024\" \/>\n\t<meta property=\"og:image:type\" content=\"image\/png\" \/>\n<meta name=\"twitter:card\" content=\"summary_large_image\" \/>\n<meta name=\"twitter:site\" content=\"@acpdbrasil\" \/>\n<meta name=\"twitter:label1\" content=\"Est. reading time\" \/>\n\t<meta name=\"twitter:data1\" content=\"4 minutes\" \/>\n<script type=\"application\/ld+json\" class=\"yoast-schema-graph\">{\"@context\":\"https:\\\/\\\/schema.org\",\"@graph\":[{\"@type\":\"WebPage\",\"@id\":\"https:\\\/\\\/www.acpdbrasil.com\\\/engenharia-social\\\/\",\"url\":\"https:\\\/\\\/www.acpdbrasil.com\\\/engenharia-social\\\/\",\"name\":\"Engenharia Social - ACPD Brasil\",\"isPartOf\":{\"@id\":\"https:\\\/\\\/www.acpdbrasil.com\\\/#website\"},\"primaryImageOfPage\":{\"@id\":\"https:\\\/\\\/www.acpdbrasil.com\\\/engenharia-social\\\/#primaryimage\"},\"image\":{\"@id\":\"https:\\\/\\\/www.acpdbrasil.com\\\/engenharia-social\\\/#primaryimage\"},\"thumbnailUrl\":\"https:\\\/\\\/www.acpdbrasil.com\\\/wp-content\\\/uploads\\\/2023\\\/08\\\/20230803-Eng.-Social.png\",\"datePublished\":\"2024-01-31T21:51:17+00:00\",\"dateModified\":\"2024-03-05T19:43:05+00:00\",\"breadcrumb\":{\"@id\":\"https:\\\/\\\/www.acpdbrasil.com\\\/engenharia-social\\\/#breadcrumb\"},\"inLanguage\":\"en-US\",\"potentialAction\":[{\"@type\":\"ReadAction\",\"target\":[\"https:\\\/\\\/www.acpdbrasil.com\\\/engenharia-social\\\/\"]}]},{\"@type\":\"ImageObject\",\"inLanguage\":\"en-US\",\"@id\":\"https:\\\/\\\/www.acpdbrasil.com\\\/engenharia-social\\\/#primaryimage\",\"url\":\"https:\\\/\\\/www.acpdbrasil.com\\\/wp-content\\\/uploads\\\/2023\\\/08\\\/20230803-Eng.-Social.png\",\"contentUrl\":\"https:\\\/\\\/www.acpdbrasil.com\\\/wp-content\\\/uploads\\\/2023\\\/08\\\/20230803-Eng.-Social.png\",\"width\":1280,\"height\":1280},{\"@type\":\"BreadcrumbList\",\"@id\":\"https:\\\/\\\/www.acpdbrasil.com\\\/engenharia-social\\\/#breadcrumb\",\"itemListElement\":[{\"@type\":\"ListItem\",\"position\":1,\"name\":\"In\u00edcio\",\"item\":\"https:\\\/\\\/www.acpdbrasil.com\\\/\"},{\"@type\":\"ListItem\",\"position\":2,\"name\":\"Engenharia Social\"}]},{\"@type\":\"WebSite\",\"@id\":\"https:\\\/\\\/www.acpdbrasil.com\\\/#website\",\"url\":\"https:\\\/\\\/www.acpdbrasil.com\\\/\",\"name\":\"ACPD Brasil\",\"description\":\"Conformidade, Prote\u00e7\u00e3o e Privacidade de Dados\",\"publisher\":{\"@id\":\"https:\\\/\\\/www.acpdbrasil.com\\\/#organization\"},\"potentialAction\":[{\"@type\":\"SearchAction\",\"target\":{\"@type\":\"EntryPoint\",\"urlTemplate\":\"https:\\\/\\\/www.acpdbrasil.com\\\/?s={search_term_string}\"},\"query-input\":{\"@type\":\"PropertyValueSpecification\",\"valueRequired\":true,\"valueName\":\"search_term_string\"}}],\"inLanguage\":\"en-US\"},{\"@type\":\"Organization\",\"@id\":\"https:\\\/\\\/www.acpdbrasil.com\\\/#organization\",\"name\":\"Ag\u00eancia de Conformidade e Prote\u00e7\u00e3o de Dados\",\"url\":\"https:\\\/\\\/www.acpdbrasil.com\\\/\",\"logo\":{\"@type\":\"ImageObject\",\"inLanguage\":\"en-US\",\"@id\":\"https:\\\/\\\/www.acpdbrasil.com\\\/#\\\/schema\\\/logo\\\/image\\\/\",\"url\":\"https:\\\/\\\/www.acpdbrasil.com\\\/wp-content\\\/uploads\\\/2021\\\/04\\\/ACPD-OG-image_OG-image.png\",\"contentUrl\":\"https:\\\/\\\/www.acpdbrasil.com\\\/wp-content\\\/uploads\\\/2021\\\/04\\\/ACPD-OG-image_OG-image.png\",\"width\":1201,\"height\":631,\"caption\":\"Ag\u00eancia de Conformidade e Prote\u00e7\u00e3o de Dados\"},\"image\":{\"@id\":\"https:\\\/\\\/www.acpdbrasil.com\\\/#\\\/schema\\\/logo\\\/image\\\/\"},\"sameAs\":[\"https:\\\/\\\/www.facebook.com\\\/acpdbrasil\",\"https:\\\/\\\/x.com\\\/acpdbrasil\",\"https:\\\/\\\/www.instagram.com\\\/acpdbrasil\",\"http:\\\/\\\/linkedin.com\\\/company\\\/acpdbrasil\",\"https:\\\/\\\/www.youtube.com\\\/channel\\\/UCdEnJZeex9u6Mr1_IDyOVcw\\\/featured?view_as=subscriber\"]}]}<\/script>\n<!-- \/ Yoast SEO plugin. -->","yoast_head_json":{"title":"Engenharia Social - ACPD Brasil","robots":{"index":"index","follow":"follow","max-snippet":"max-snippet:-1","max-image-preview":"max-image-preview:large","max-video-preview":"max-video-preview:-1"},"canonical":"https:\/\/www.acpdbrasil.com\/en\/engenharia-social\/","og_locale":"en_US","og_type":"article","og_title":"Engenharia Social - ACPD Brasil","og_description":"ENGENHARIA SOCIAL Voc\u00ea j\u00e1 ouviu falar de Engenharia Social? E golpes na internet? Voc\u00ea sabia que a maioria dos ataques cibern\u00e9ticos acontece devido a pessoas que s\u00e3o enganadas? Isso se&hellip; Read more","og_url":"https:\/\/www.acpdbrasil.com\/en\/engenharia-social\/","og_site_name":"ACPD Brasil","article_publisher":"https:\/\/www.facebook.com\/acpdbrasil","article_modified_time":"2024-03-05T19:43:05+00:00","og_image":[{"width":1024,"height":1024,"url":"https:\/\/www.acpdbrasil.com\/wp-content\/uploads\/2023\/08\/20230803-Eng.-Social-1024x1024.png","type":"image\/png"}],"twitter_card":"summary_large_image","twitter_site":"@acpdbrasil","twitter_misc":{"Est. reading time":"4 minutes"},"schema":{"@context":"https:\/\/schema.org","@graph":[{"@type":"WebPage","@id":"https:\/\/www.acpdbrasil.com\/engenharia-social\/","url":"https:\/\/www.acpdbrasil.com\/engenharia-social\/","name":"Engenharia Social - ACPD Brasil","isPartOf":{"@id":"https:\/\/www.acpdbrasil.com\/#website"},"primaryImageOfPage":{"@id":"https:\/\/www.acpdbrasil.com\/engenharia-social\/#primaryimage"},"image":{"@id":"https:\/\/www.acpdbrasil.com\/engenharia-social\/#primaryimage"},"thumbnailUrl":"https:\/\/www.acpdbrasil.com\/wp-content\/uploads\/2023\/08\/20230803-Eng.-Social.png","datePublished":"2024-01-31T21:51:17+00:00","dateModified":"2024-03-05T19:43:05+00:00","breadcrumb":{"@id":"https:\/\/www.acpdbrasil.com\/engenharia-social\/#breadcrumb"},"inLanguage":"en-US","potentialAction":[{"@type":"ReadAction","target":["https:\/\/www.acpdbrasil.com\/engenharia-social\/"]}]},{"@type":"ImageObject","inLanguage":"en-US","@id":"https:\/\/www.acpdbrasil.com\/engenharia-social\/#primaryimage","url":"https:\/\/www.acpdbrasil.com\/wp-content\/uploads\/2023\/08\/20230803-Eng.-Social.png","contentUrl":"https:\/\/www.acpdbrasil.com\/wp-content\/uploads\/2023\/08\/20230803-Eng.-Social.png","width":1280,"height":1280},{"@type":"BreadcrumbList","@id":"https:\/\/www.acpdbrasil.com\/engenharia-social\/#breadcrumb","itemListElement":[{"@type":"ListItem","position":1,"name":"In\u00edcio","item":"https:\/\/www.acpdbrasil.com\/"},{"@type":"ListItem","position":2,"name":"Engenharia Social"}]},{"@type":"WebSite","@id":"https:\/\/www.acpdbrasil.com\/#website","url":"https:\/\/www.acpdbrasil.com\/","name":"ACPD Brasil","description":"Conformidade, Prote\u00e7\u00e3o e Privacidade de Dados","publisher":{"@id":"https:\/\/www.acpdbrasil.com\/#organization"},"potentialAction":[{"@type":"SearchAction","target":{"@type":"EntryPoint","urlTemplate":"https:\/\/www.acpdbrasil.com\/?s={search_term_string}"},"query-input":{"@type":"PropertyValueSpecification","valueRequired":true,"valueName":"search_term_string"}}],"inLanguage":"en-US"},{"@type":"Organization","@id":"https:\/\/www.acpdbrasil.com\/#organization","name":"Ag\u00eancia de Conformidade e Prote\u00e7\u00e3o de Dados","url":"https:\/\/www.acpdbrasil.com\/","logo":{"@type":"ImageObject","inLanguage":"en-US","@id":"https:\/\/www.acpdbrasil.com\/#\/schema\/logo\/image\/","url":"https:\/\/www.acpdbrasil.com\/wp-content\/uploads\/2021\/04\/ACPD-OG-image_OG-image.png","contentUrl":"https:\/\/www.acpdbrasil.com\/wp-content\/uploads\/2021\/04\/ACPD-OG-image_OG-image.png","width":1201,"height":631,"caption":"Ag\u00eancia de Conformidade e Prote\u00e7\u00e3o de Dados"},"image":{"@id":"https:\/\/www.acpdbrasil.com\/#\/schema\/logo\/image\/"},"sameAs":["https:\/\/www.facebook.com\/acpdbrasil","https:\/\/x.com\/acpdbrasil","https:\/\/www.instagram.com\/acpdbrasil","http:\/\/linkedin.com\/company\/acpdbrasil","https:\/\/www.youtube.com\/channel\/UCdEnJZeex9u6Mr1_IDyOVcw\/featured?view_as=subscriber"]}]}},"_links":{"self":[{"href":"https:\/\/www.acpdbrasil.com\/en\/wp-json\/wp\/v2\/pages\/8091","targetHints":{"allow":["GET"]}}],"collection":[{"href":"https:\/\/www.acpdbrasil.com\/en\/wp-json\/wp\/v2\/pages"}],"about":[{"href":"https:\/\/www.acpdbrasil.com\/en\/wp-json\/wp\/v2\/types\/page"}],"author":[{"embeddable":true,"href":"https:\/\/www.acpdbrasil.com\/en\/wp-json\/wp\/v2\/users\/1"}],"replies":[{"embeddable":true,"href":"https:\/\/www.acpdbrasil.com\/en\/wp-json\/wp\/v2\/comments?post=8091"}],"version-history":[{"count":0,"href":"https:\/\/www.acpdbrasil.com\/en\/wp-json\/wp\/v2\/pages\/8091\/revisions"}],"wp:featuredmedia":[{"embeddable":true,"href":"https:\/\/www.acpdbrasil.com\/en\/wp-json\/wp\/v2\/media\/7880"}],"wp:attachment":[{"href":"https:\/\/www.acpdbrasil.com\/en\/wp-json\/wp\/v2\/media?parent=8091"}],"curies":[{"name":"wp","href":"https:\/\/api.w.org\/{rel}","templated":true}]}}