{"id":756,"date":"2020-08-06T00:00:04","date_gmt":"2020-08-06T00:00:04","guid":{"rendered":"https:\/\/www.acpdbrasil.com\/?page_id=756"},"modified":"2024-03-06T12:40:23","modified_gmt":"2024-03-06T15:40:23","slug":"consentimento","status":"publish","type":"page","link":"https:\/\/www.acpdbrasil.com\/en\/consentimento\/","title":{"rendered":"Seu Consentimento"},"content":{"rendered":"<div  data-label=\"Contact\" data-id=\"contact--1\" data-export-id=\"contact-1\" data-category=\"contact\" class=\"contact-1 content-section content-section-spacing white-text\" data-parallax-depth=\"20\" id=\"contact-1\" style=\"background-color: rgb(255, 255, 255);\"><div  class=\"gridContainer\"> <div  class=\"row text-center\"><div  class=\"section-title-col\" data-type=\"column\"> <h2  class=\"\">Solicita\u00e7\u00e3o de Consentimento<\/h2> <p  class=\"lead\"><span style=\"font-weight: 700;\" >LGPD | Prefer\u00eancias de Privacidade<\/span><br >\r\nEm respeito \u00e0 sua privacidade, prote\u00e7\u00e3o dos seus dados pessoais e \u00e0 Lei n\u00ba 13.709\/2018, a Lei Geral de Prote\u00e7\u00e3o de Dados (LGPD), precisaremos do seu consentimento. Para melhor entendermos como nos relacionaremos com voc\u00ea, Titular de Dados Pessoais (DP), precisamos que preencha o formul\u00e1rio a seguir. A fim de que possamos cadastrar voc\u00ea na newsletter ACPD, precisaremos dos seguintes dados pessoais: nome, sobrenome e e-mail.<br ><br ><span style=\"font-weight: 700;\" >Ciclo de vida dos seus Dados Pessoais<\/span><br >\r\nAl\u00e9m desses dados pessoais, de acordo com as suas prefer\u00eancias, voc\u00ea poder\u00e1 nos informar os demais dados deste formul\u00e1rio. Essas informa\u00e7\u00f5es ser\u00e3o cadastradas em aplicativos para envio de e-mail, bancos de dados e\/ou sistema da ACPD Brasil. Estes dados permanecer\u00e3o em nossa base por at\u00e9 dois anos. Ao completar este per\u00edodo, eles ser\u00e3o exclu\u00eddos conforme as melhores pr\u00e1ticas internacionais, cumprindo o ciclo de vida, que inclui: cria\u00e7\u00e3o, processamento, armazenamento e exclus\u00e3o dos dados.<br ><br ><span style=\"font-weight: 700;\" >Seus Direitos<\/span><br >\r\nSeus direitos, como titular tamb\u00e9m est\u00e3o previstos na LGPD. E, ser\u00e3o plenamente respeitados. Ressaltamos que a qualquer momento voc\u00ea poder\u00e1 solicitar que estes dados pessoais sejam exclu\u00eddos da nossa base.<br ><br ><span style=\"font-weight: 700;\" >Pol\u00edtica de Privacidade ACPD Brasil<\/span><br >\r\nPor favor, n\u00e3o deixe de ler a nossa Pol\u00edtica de Privacidade <a data-mce-href=\"..\/politica-privacidade\/\" href=\"..\/politica-privacidade\/\" target=\"_self\" data-mce-selected=\"inline-boundary\" data-cp-link=\"1\" rel=\"noopener\">aqui<\/a>.<\/p><\/div> <\/div> <div  class=\"row text-center\"> <div  class=\"col-xs-12 col-sm-8 col-sm-offset-2 contact-form-wrapper inline-info\"> <div  class=\"card large-padding\"> <div  class=\"\" data-content-shortcode=\"mesmerize_contact_form shortcode=&quot;contact-form-7 id=&amp;amp;quot;1425&amp;amp;quot; title=&amp;amp;quot;Assinatura de newsletter&amp;amp;quot;&quot;\" data-editable=\"true\">\n<div class=\"wpcf7 no-js\" id=\"wpcf7-f1425-o1\" lang=\"pt-BR\" dir=\"ltr\" data-wpcf7-id=\"1425\">\n<div class=\"screen-reader-response\"><p role=\"status\" aria-live=\"polite\" aria-atomic=\"true\"><\/p> <ul><\/ul><\/div>\n<form action=\"\/en\/wp-json\/wp\/v2\/pages\/756#wpcf7-f1425-o1\" method=\"post\" class=\"wpcf7-form init 10b0ba8fb80b cmatic-conn cmatic-aud-1 cmatic-mapd0-0 cmatic-v0978 cmatic-sent-0 cmatic-total-120\" aria-label=\"Formul\u00e1rios de contato\" novalidate=\"novalidate\" data-status=\"init\" data-trp-original-action=\"\/en\/wp-json\/wp\/v2\/pages\/756#wpcf7-f1425-o1\">\n<fieldset class=\"hidden-fields-container\"><input type=\"hidden\" name=\"_wpcf7\" value=\"1425\" \/><input type=\"hidden\" name=\"_wpcf7_version\" value=\"6.1.5\" \/><input type=\"hidden\" name=\"_wpcf7_locale\" value=\"pt_BR\" \/><input type=\"hidden\" name=\"_wpcf7_unit_tag\" value=\"wpcf7-f1425-o1\" \/><input type=\"hidden\" name=\"_wpcf7_container_post\" value=\"0\" \/><input type=\"hidden\" name=\"_wpcf7_posted_data_hash\" value=\"\" \/><input type=\"hidden\" name=\"_wpcf7_recaptcha_response\" value=\"\" \/>\n<\/fieldset>\n<p><label> Nome (requerido)<br \/>\n<span class=\"wpcf7-form-control-wrap\" data-name=\"your-name\"><input size=\"40\" maxlength=\"400\" class=\"wpcf7-form-control wpcf7-text wpcf7-validates-as-required\" aria-required=\"true\" aria-invalid=\"false\" value=\"\" type=\"text\" name=\"your-name\" \/><\/span> <\/label>\n<\/p>\n<p><label> Sobrenome (requerido)<br \/>\n<span class=\"wpcf7-form-control-wrap\" data-name=\"your-lastname\"><input size=\"40\" maxlength=\"400\" class=\"wpcf7-form-control wpcf7-text wpcf7-validates-as-required\" aria-required=\"true\" aria-invalid=\"false\" value=\"\" type=\"text\" name=\"your-lastname\" \/><\/span> <\/label>\n<\/p>\n<p><label> Seu melhor e-mail (requerido)<br \/>\n<span class=\"wpcf7-form-control-wrap\" data-name=\"your-email\"><input size=\"40\" maxlength=\"400\" class=\"wpcf7-form-control wpcf7-email wpcf7-validates-as-required wpcf7-text wpcf7-validates-as-email\" aria-required=\"true\" aria-invalid=\"false\" value=\"\" type=\"email\" name=\"your-email\" \/><\/span> <\/label>\n<\/p>\n<p><label> Seu telefone<br \/>\n<span class=\"wpcf7-form-control-wrap\" data-name=\"your-tel\"><input size=\"40\" maxlength=\"400\" class=\"wpcf7-form-control wpcf7-tel wpcf7-text wpcf7-validates-as-tel\" id=\"phone\" aria-invalid=\"false\" value=\"\" type=\"tel\" name=\"your-tel\" \/><\/span> <\/label>\n<\/p>\n<p><label> Eu dou consentimento para receber:<br \/>\n<\/label>\n<\/p>\n<p><span class=\"wpcf7-form-control-wrap\" data-name=\"chkbox-email\"><span class=\"wpcf7-form-control wpcf7-checkbox\"><span class=\"wpcf7-list-item first last\"><input type=\"checkbox\" name=\"chkbox-email[]\" value=\"Newsletters da ACPD Brasil (e-mails)\" \/><span class=\"wpcf7-list-item-label\">Newsletters da ACPD Brasil (e-mails)<\/span><\/span><\/span><\/span><br \/>\n<span class=\"wpcf7-form-control-wrap\" data-name=\"chkbox-msg\"><span class=\"wpcf7-form-control wpcf7-checkbox\"><span class=\"wpcf7-list-item first last\"><input type=\"checkbox\" name=\"chkbox-msg[]\" value=\"Mensagens (Zap, SMS e\/ou Telegram)\" \/><span class=\"wpcf7-list-item-label\">Mensagens (Zap, SMS e\/ou Telegram)<\/span><\/span><\/span><\/span><br \/>\n<span class=\"wpcf7-form-control-wrap\" data-name=\"chkbox-call\"><span class=\"wpcf7-form-control wpcf7-checkbox\"><span class=\"wpcf7-list-item first last\"><input type=\"checkbox\" name=\"chkbox-call[]\" value=\"Liga\u00e7\u00f5es telef\u00f4nicas\" \/><span class=\"wpcf7-list-item-label\">Liga\u00e7\u00f5es telef\u00f4nicas<\/span><\/span><\/span><\/span>\n<\/p>\n<p><label> Concedo autoriza\u00e7\u00e3o para a utiliza\u00e7\u00e3o dos meus dados pessoais, acima informados, conforme as minhas prefer\u00eancias selecionadas. <\/label><br \/>\n<span class=\"wpcf7-form-control-wrap\" data-name=\"radio-consentimento\"><span class=\"wpcf7-form-control wpcf7-radio\" id=\"radiobtn1\"><span class=\"wpcf7-list-item first\"><input type=\"radio\" name=\"radio-consentimento\" value=\"Sim.\" \/><span class=\"wpcf7-list-item-label\">Sim.<\/span><\/span><span class=\"wpcf7-list-item last\"><input type=\"radio\" name=\"radio-consentimento\" value=\"N\u00e3o.\" \/><span class=\"wpcf7-list-item-label\">N\u00e3o.<\/span><\/span><\/span><\/span>\n<\/p>\n<p><input class=\"wpcf7-form-control wpcf7-submit has-spinner\" type=\"submit\" value=\"Enviar\" \/>\n<\/p><p style=\"display: none !important;\" class=\"akismet-fields-container\" data-prefix=\"_wpcf7_ak_\"><label>&#916;<textarea name=\"_wpcf7_ak_hp_textarea\" cols=\"45\" rows=\"8\" maxlength=\"100\"><\/textarea><\/label><input type=\"hidden\" id=\"ak_js_1\" name=\"_wpcf7_ak_js\" value=\"212\"\/><script>document.getElementById( \"ak_js_1\" ).setAttribute( \"value\", ( new Date() ).getTime() );<\/script><\/p><div class=\"wpcf7-response-output\" aria-hidden=\"true\"><\/div>\n<input type=\"hidden\" name=\"trp-form-language\" value=\"en\"\/><\/form>\n<\/div>\n<\/div><\/div> <\/div><\/div> <\/div><\/div>","protected":false},"excerpt":{"rendered":"<p>Solicita\u00e7\u00e3o de Consentimento LGPD | Prefer\u00eancias de Privacidade Em respeito \u00e0 sua privacidade, prote\u00e7\u00e3o dos seus dados pessoais e \u00e0 Lei n\u00ba 13.709\/2018, a Lei Geral de Prote\u00e7\u00e3o de Dados&hellip; <br \/> <a class=\"read-more\" href=\"https:\/\/www.acpdbrasil.com\/en\/consentimento\/\">Read more<\/a><\/p>","protected":false},"author":1,"featured_media":7976,"parent":0,"menu_order":0,"comment_status":"closed","ping_status":"closed","template":"pro\/page-templates\/full-width-page.php","meta":{"footnotes":""},"class_list":["post-756","page","type-page","status-publish","has-post-thumbnail","hentry"],"yoast_head":"<!-- This site is optimized with the Yoast SEO plugin v27.3 - https:\/\/yoast.com\/product\/yoast-seo-wordpress\/ -->\n<title>Seu Consentimento - ACPD Brasil<\/title>\n<meta name=\"description\" content=\"A fim de estarmos em compliance com a Lei n\u00ba 13.709\/2008 (LGPD), precisamos lhe deixar saber que ao entrar em contato conosco, podemos ter contato com alguns de seus dados pessoais, como por exemplo: nome, e-mail, telefone e voz. A luz da LGPD, ter contato com estes dados \u00e9 considerado como tratamento destes dados. Sendo assim, precisamos solicitar o seu consentimento para armazenamento destes dados, em nosso Cadastro Interno de Clientes (CRM).\" \/>\n<meta name=\"robots\" content=\"index, follow, max-snippet:-1, max-image-preview:large, max-video-preview:-1\" \/>\n<link rel=\"canonical\" href=\"https:\/\/www.acpdbrasil.com\/en\/consentimento\/\" \/>\n<meta property=\"og:locale\" content=\"en_US\" \/>\n<meta property=\"og:type\" content=\"article\" \/>\n<meta property=\"og:title\" content=\"Seu consentimento\" \/>\n<meta property=\"og:description\" content=\"A fim de estarmos em compliance com a Lei n\u00ba 13.709\/2008 (LGPD), precisamos lhe deixar saber que ao entrar em contato conosco, podemos ter contato com alguns de seus dados pessoais, como por exemplo: nome, e-mail, telefone e voz. A luz da LGPD, ter contato com estes dados \u00e9 considerado como tratamento destes dados. Sendo assim, precisamos solicitar o seu consentimento para armazenamento destes dados, em nosso Cadastro Interno de Clientes (CRM).\" \/>\n<meta property=\"og:url\" content=\"https:\/\/www.acpdbrasil.com\/en\/consentimento\/\" \/>\n<meta property=\"og:site_name\" content=\"ACPD Brasil\" \/>\n<meta property=\"article:publisher\" content=\"https:\/\/www.facebook.com\/acpdbrasil\" \/>\n<meta property=\"article:modified_time\" content=\"2024-03-06T15:40:23+00:00\" \/>\n<meta property=\"og:image\" content=\"https:\/\/www.acpdbrasil.com\/wp-content\/uploads\/2020\/08\/cropped-Main-1.png\" \/>\n\t<meta property=\"og:image:width\" content=\"944\" \/>\n\t<meta property=\"og:image:height\" content=\"944\" \/>\n\t<meta property=\"og:image:type\" content=\"image\/png\" \/>\n<meta name=\"twitter:card\" content=\"summary_large_image\" \/>\n<meta name=\"twitter:title\" content=\"Seu consentimento\" \/>\n<meta name=\"twitter:description\" content=\"A fim de estarmos em compliance com a Lei n\u00ba 13.709\/2008 (LGPD), precisamos lhe deixar saber que ao entrar em contato conosco, podemos ter contato com alguns de seus dados pessoais, como por exemplo: nome, e-mail, telefone e voz. A luz da LGPD, ter contato com estes dados \u00e9 considerado como tratamento destes dados. Sendo assim, precisamos solicitar o seu consentimento para armazenamento destes dados, em nosso Cadastro Interno de Clientes (CRM).\" \/>\n<meta name=\"twitter:site\" content=\"@acpdbrasil\" \/>\n<meta name=\"twitter:label1\" content=\"Est. reading time\" \/>\n\t<meta name=\"twitter:data1\" content=\"2 minutes\" \/>\n<script type=\"application\/ld+json\" class=\"yoast-schema-graph\">{\"@context\":\"https:\\\/\\\/schema.org\",\"@graph\":[{\"@type\":\"WebPage\",\"@id\":\"https:\\\/\\\/www.acpdbrasil.com\\\/consentimento\\\/\",\"url\":\"https:\\\/\\\/www.acpdbrasil.com\\\/consentimento\\\/\",\"name\":\"Seu Consentimento - ACPD Brasil\",\"isPartOf\":{\"@id\":\"https:\\\/\\\/www.acpdbrasil.com\\\/#website\"},\"primaryImageOfPage\":{\"@id\":\"https:\\\/\\\/www.acpdbrasil.com\\\/consentimento\\\/#primaryimage\"},\"image\":{\"@id\":\"https:\\\/\\\/www.acpdbrasil.com\\\/consentimento\\\/#primaryimage\"},\"thumbnailUrl\":\"https:\\\/\\\/www.acpdbrasil.com\\\/wp-content\\\/uploads\\\/2020\\\/08\\\/cropped-Main-1.png\",\"datePublished\":\"2020-08-06T00:00:04+00:00\",\"dateModified\":\"2024-03-06T15:40:23+00:00\",\"description\":\"A fim de estarmos em compliance com a Lei n\u00ba 13.709\\\/2008 (LGPD), precisamos lhe deixar saber que ao entrar em contato conosco, podemos ter contato com alguns de seus dados pessoais, como por exemplo: nome, e-mail, telefone e voz. A luz da LGPD, ter contato com estes dados \u00e9 considerado como tratamento destes dados. Sendo assim, precisamos solicitar o seu consentimento para armazenamento destes dados, em nosso Cadastro Interno de Clientes (CRM).\",\"breadcrumb\":{\"@id\":\"https:\\\/\\\/www.acpdbrasil.com\\\/consentimento\\\/#breadcrumb\"},\"inLanguage\":\"en-US\",\"potentialAction\":[{\"@type\":\"ReadAction\",\"target\":[\"https:\\\/\\\/www.acpdbrasil.com\\\/consentimento\\\/\"]}]},{\"@type\":\"ImageObject\",\"inLanguage\":\"en-US\",\"@id\":\"https:\\\/\\\/www.acpdbrasil.com\\\/consentimento\\\/#primaryimage\",\"url\":\"https:\\\/\\\/www.acpdbrasil.com\\\/wp-content\\\/uploads\\\/2020\\\/08\\\/cropped-Main-1.png\",\"contentUrl\":\"https:\\\/\\\/www.acpdbrasil.com\\\/wp-content\\\/uploads\\\/2020\\\/08\\\/cropped-Main-1.png\",\"width\":944,\"height\":944,\"caption\":\"Log ACPD main\"},{\"@type\":\"BreadcrumbList\",\"@id\":\"https:\\\/\\\/www.acpdbrasil.com\\\/consentimento\\\/#breadcrumb\",\"itemListElement\":[{\"@type\":\"ListItem\",\"position\":1,\"name\":\"In\u00edcio\",\"item\":\"https:\\\/\\\/www.acpdbrasil.com\\\/\"},{\"@type\":\"ListItem\",\"position\":2,\"name\":\"Seu Consentimento\"}]},{\"@type\":\"WebSite\",\"@id\":\"https:\\\/\\\/www.acpdbrasil.com\\\/#website\",\"url\":\"https:\\\/\\\/www.acpdbrasil.com\\\/\",\"name\":\"ACPD Brasil\",\"description\":\"Conformidade, Prote\u00e7\u00e3o e Privacidade de Dados\",\"publisher\":{\"@id\":\"https:\\\/\\\/www.acpdbrasil.com\\\/#organization\"},\"potentialAction\":[{\"@type\":\"SearchAction\",\"target\":{\"@type\":\"EntryPoint\",\"urlTemplate\":\"https:\\\/\\\/www.acpdbrasil.com\\\/?s={search_term_string}\"},\"query-input\":{\"@type\":\"PropertyValueSpecification\",\"valueRequired\":true,\"valueName\":\"search_term_string\"}}],\"inLanguage\":\"en-US\"},{\"@type\":\"Organization\",\"@id\":\"https:\\\/\\\/www.acpdbrasil.com\\\/#organization\",\"name\":\"Ag\u00eancia de Conformidade e Prote\u00e7\u00e3o de Dados\",\"url\":\"https:\\\/\\\/www.acpdbrasil.com\\\/\",\"logo\":{\"@type\":\"ImageObject\",\"inLanguage\":\"en-US\",\"@id\":\"https:\\\/\\\/www.acpdbrasil.com\\\/#\\\/schema\\\/logo\\\/image\\\/\",\"url\":\"https:\\\/\\\/www.acpdbrasil.com\\\/wp-content\\\/uploads\\\/2021\\\/04\\\/ACPD-OG-image_OG-image.png\",\"contentUrl\":\"https:\\\/\\\/www.acpdbrasil.com\\\/wp-content\\\/uploads\\\/2021\\\/04\\\/ACPD-OG-image_OG-image.png\",\"width\":1201,\"height\":631,\"caption\":\"Ag\u00eancia de Conformidade e Prote\u00e7\u00e3o de Dados\"},\"image\":{\"@id\":\"https:\\\/\\\/www.acpdbrasil.com\\\/#\\\/schema\\\/logo\\\/image\\\/\"},\"sameAs\":[\"https:\\\/\\\/www.facebook.com\\\/acpdbrasil\",\"https:\\\/\\\/x.com\\\/acpdbrasil\",\"https:\\\/\\\/www.instagram.com\\\/acpdbrasil\",\"http:\\\/\\\/linkedin.com\\\/company\\\/acpdbrasil\",\"https:\\\/\\\/www.youtube.com\\\/channel\\\/UCdEnJZeex9u6Mr1_IDyOVcw\\\/featured?view_as=subscriber\"]}]}<\/script>\n<!-- \/ Yoast SEO plugin. -->","yoast_head_json":{"title":"Seu Consentimento - ACPD Brasil","description":"A fim de estarmos em compliance com a Lei n\u00ba 13.709\/2008 (LGPD), precisamos lhe deixar saber que ao entrar em contato conosco, podemos ter contato com alguns de seus dados pessoais, como por exemplo: nome, e-mail, telefone e voz. A luz da LGPD, ter contato com estes dados \u00e9 considerado como tratamento destes dados. Sendo assim, precisamos solicitar o seu consentimento para armazenamento destes dados, em nosso Cadastro Interno de Clientes (CRM).","robots":{"index":"index","follow":"follow","max-snippet":"max-snippet:-1","max-image-preview":"max-image-preview:large","max-video-preview":"max-video-preview:-1"},"canonical":"https:\/\/www.acpdbrasil.com\/en\/consentimento\/","og_locale":"en_US","og_type":"article","og_title":"Seu consentimento","og_description":"A fim de estarmos em compliance com a Lei n\u00ba 13.709\/2008 (LGPD), precisamos lhe deixar saber que ao entrar em contato conosco, podemos ter contato com alguns de seus dados pessoais, como por exemplo: nome, e-mail, telefone e voz. A luz da LGPD, ter contato com estes dados \u00e9 considerado como tratamento destes dados. Sendo assim, precisamos solicitar o seu consentimento para armazenamento destes dados, em nosso Cadastro Interno de Clientes (CRM).","og_url":"https:\/\/www.acpdbrasil.com\/en\/consentimento\/","og_site_name":"ACPD Brasil","article_publisher":"https:\/\/www.facebook.com\/acpdbrasil","article_modified_time":"2024-03-06T15:40:23+00:00","og_image":[{"width":944,"height":944,"url":"https:\/\/www.acpdbrasil.com\/wp-content\/uploads\/2020\/08\/cropped-Main-1.png","type":"image\/png"}],"twitter_card":"summary_large_image","twitter_title":"Seu consentimento","twitter_description":"A fim de estarmos em compliance com a Lei n\u00ba 13.709\/2008 (LGPD), precisamos lhe deixar saber que ao entrar em contato conosco, podemos ter contato com alguns de seus dados pessoais, como por exemplo: nome, e-mail, telefone e voz. A luz da LGPD, ter contato com estes dados \u00e9 considerado como tratamento destes dados. Sendo assim, precisamos solicitar o seu consentimento para armazenamento destes dados, em nosso Cadastro Interno de Clientes (CRM).","twitter_site":"@acpdbrasil","twitter_misc":{"Est. reading time":"2 minutes"},"schema":{"@context":"https:\/\/schema.org","@graph":[{"@type":"WebPage","@id":"https:\/\/www.acpdbrasil.com\/consentimento\/","url":"https:\/\/www.acpdbrasil.com\/consentimento\/","name":"Seu Consentimento - ACPD Brasil","isPartOf":{"@id":"https:\/\/www.acpdbrasil.com\/#website"},"primaryImageOfPage":{"@id":"https:\/\/www.acpdbrasil.com\/consentimento\/#primaryimage"},"image":{"@id":"https:\/\/www.acpdbrasil.com\/consentimento\/#primaryimage"},"thumbnailUrl":"https:\/\/www.acpdbrasil.com\/wp-content\/uploads\/2020\/08\/cropped-Main-1.png","datePublished":"2020-08-06T00:00:04+00:00","dateModified":"2024-03-06T15:40:23+00:00","description":"A fim de estarmos em compliance com a Lei n\u00ba 13.709\/2008 (LGPD), precisamos lhe deixar saber que ao entrar em contato conosco, podemos ter contato com alguns de seus dados pessoais, como por exemplo: nome, e-mail, telefone e voz. A luz da LGPD, ter contato com estes dados \u00e9 considerado como tratamento destes dados. Sendo assim, precisamos solicitar o seu consentimento para armazenamento destes dados, em nosso Cadastro Interno de Clientes (CRM).","breadcrumb":{"@id":"https:\/\/www.acpdbrasil.com\/consentimento\/#breadcrumb"},"inLanguage":"en-US","potentialAction":[{"@type":"ReadAction","target":["https:\/\/www.acpdbrasil.com\/consentimento\/"]}]},{"@type":"ImageObject","inLanguage":"en-US","@id":"https:\/\/www.acpdbrasil.com\/consentimento\/#primaryimage","url":"https:\/\/www.acpdbrasil.com\/wp-content\/uploads\/2020\/08\/cropped-Main-1.png","contentUrl":"https:\/\/www.acpdbrasil.com\/wp-content\/uploads\/2020\/08\/cropped-Main-1.png","width":944,"height":944,"caption":"Log ACPD main"},{"@type":"BreadcrumbList","@id":"https:\/\/www.acpdbrasil.com\/consentimento\/#breadcrumb","itemListElement":[{"@type":"ListItem","position":1,"name":"In\u00edcio","item":"https:\/\/www.acpdbrasil.com\/"},{"@type":"ListItem","position":2,"name":"Seu Consentimento"}]},{"@type":"WebSite","@id":"https:\/\/www.acpdbrasil.com\/#website","url":"https:\/\/www.acpdbrasil.com\/","name":"ACPD Brasil","description":"Conformidade, Prote\u00e7\u00e3o e Privacidade de Dados","publisher":{"@id":"https:\/\/www.acpdbrasil.com\/#organization"},"potentialAction":[{"@type":"SearchAction","target":{"@type":"EntryPoint","urlTemplate":"https:\/\/www.acpdbrasil.com\/?s={search_term_string}"},"query-input":{"@type":"PropertyValueSpecification","valueRequired":true,"valueName":"search_term_string"}}],"inLanguage":"en-US"},{"@type":"Organization","@id":"https:\/\/www.acpdbrasil.com\/#organization","name":"Ag\u00eancia de Conformidade e Prote\u00e7\u00e3o de Dados","url":"https:\/\/www.acpdbrasil.com\/","logo":{"@type":"ImageObject","inLanguage":"en-US","@id":"https:\/\/www.acpdbrasil.com\/#\/schema\/logo\/image\/","url":"https:\/\/www.acpdbrasil.com\/wp-content\/uploads\/2021\/04\/ACPD-OG-image_OG-image.png","contentUrl":"https:\/\/www.acpdbrasil.com\/wp-content\/uploads\/2021\/04\/ACPD-OG-image_OG-image.png","width":1201,"height":631,"caption":"Ag\u00eancia de Conformidade e Prote\u00e7\u00e3o de Dados"},"image":{"@id":"https:\/\/www.acpdbrasil.com\/#\/schema\/logo\/image\/"},"sameAs":["https:\/\/www.facebook.com\/acpdbrasil","https:\/\/x.com\/acpdbrasil","https:\/\/www.instagram.com\/acpdbrasil","http:\/\/linkedin.com\/company\/acpdbrasil","https:\/\/www.youtube.com\/channel\/UCdEnJZeex9u6Mr1_IDyOVcw\/featured?view_as=subscriber"]}]}},"_links":{"self":[{"href":"https:\/\/www.acpdbrasil.com\/en\/wp-json\/wp\/v2\/pages\/756","targetHints":{"allow":["GET"]}}],"collection":[{"href":"https:\/\/www.acpdbrasil.com\/en\/wp-json\/wp\/v2\/pages"}],"about":[{"href":"https:\/\/www.acpdbrasil.com\/en\/wp-json\/wp\/v2\/types\/page"}],"author":[{"embeddable":true,"href":"https:\/\/www.acpdbrasil.com\/en\/wp-json\/wp\/v2\/users\/1"}],"replies":[{"embeddable":true,"href":"https:\/\/www.acpdbrasil.com\/en\/wp-json\/wp\/v2\/comments?post=756"}],"version-history":[{"count":0,"href":"https:\/\/www.acpdbrasil.com\/en\/wp-json\/wp\/v2\/pages\/756\/revisions"}],"wp:featuredmedia":[{"embeddable":true,"href":"https:\/\/www.acpdbrasil.com\/en\/wp-json\/wp\/v2\/media\/7976"}],"wp:attachment":[{"href":"https:\/\/www.acpdbrasil.com\/en\/wp-json\/wp\/v2\/media?parent=756"}],"curies":[{"name":"wp","href":"https:\/\/api.w.org\/{rel}","templated":true}]}}