{"id":6926,"date":"2022-11-05T21:43:46","date_gmt":"2022-11-06T00:43:46","guid":{"rendered":"https:\/\/www.acpdbrasil.com\/?page_id=6926"},"modified":"2022-11-06T01:54:37","modified_gmt":"2022-11-06T04:54:37","slug":"projeto-metasaude","status":"publish","type":"page","link":"https:\/\/www.acpdbrasil.com\/en\/projeto-metasaude\/","title":{"rendered":"Projeto MetaSa\u00fade"},"content":{"rendered":"<div  data-label=\"About\" data-id=\"about--1\" data-export-id=\"about-9\" data-category=\"about\" class=\"about-9 content-section content-section-spacing\" id=\"about-1\" style=\"background-color: rgb(255, 255, 255);\"><div  class=\"gridContainer\"> <div  class=\"row middle-sm text-center\"><div  class=\"col-sm-5 space-bottom-xs content-column content-right-sm\" data-type=\"column\"> <h5  class=\"\"><span  style=\"color: rgb(51, 51, 51);\">PROJETO METASA\u00daDE<\/span><\/h5> <h2  class=\"\"><span  style=\"color: rgb(240, 159, 84);\">Metaverso<\/span><br > <span  style=\"font-family: &quot;Playfair Display&quot;, sans-serif; font-weight: 700; font-style: italic; color: rgb(130, 36, 227);\" href=\"#\">Aplicado \u00e0 Sa\u00fade, com foco na obesidade infantil<\/span><\/h2> <p  class=\"\">Este projeto est\u00e1 sendo apresentado para o grande publicado, pela primeira vez, no Hackathon UERJ 2022, na Trilha Sa\u00fade \u2013 Desafio 2.<\/p> <a class=\"button color8\" href=\"https:\/\/sdp.saidopapel.com.br\/hackathon-uerj\/#rd-section-l9iqlk75\" target=\"_blank\" data-cp-link=\"1\" data-icon=\"\" rel=\"noopener\">HACKATHON UERJ 2022<\/a><\/div> <div  class=\"col-sm-7 flexbox flexbox middle-xs center-xs space-bottom-xs\"><div  class=\"overlay-box flexbox middle-xs center-xs overlay-holder\"> <div  class=\"overlay-box-offset offset-background shadow-medium bg-color2 hide-xs\"><\/div> <img  decoding=\"async\" class=\"flexbox shadow-large img1\" src=\"https:\/\/www.acpdbrasil.com\/wp-content\/uploads\/2022\/11\/HACKATHON_UERJ_MetaSUS.png\" data-size=\"600x400\" title=\"HACKATHON_UERJ_MetaSUS\" alt=\"\"><\/div> <\/div><\/div> <\/div><\/div><div  data-label=\"About\" data-id=\"about--2\" data-export-id=\"about-image-text\" data-category=\"about\" class=\"about-image-text content-section content-section-spacing\" id=\"about-2\" style=\"background-color: rgb(255, 255, 255); background-image: none;\"><div  class=\"gridContainer\"> <div  class=\"row\"><div  class=\"col-sm-6 flexbox-strech center-xs middle-xs no-gutter-col\"> <div  class=\"shadow-large overlap-right-large flexbox middle-xs center-xs left-img\" data-bg=\"image\" style=\"background-image: url(&quot;https:\/\/www.acpdbrasil.com\/wp-content\/uploads\/2022\/11\/cropped-cropped-Hackathon-UERJ-2022-1.png&quot;);\"><\/div><\/div> <div  class=\"col-sm-6 space-bottom-xs col-padding-small-xs col-sm-padding-large bg-color5 white-text content-col\" data-type=\"column\"> <h2  class=\"\"><span  style=\"color: rgb(170, 7, 252);\"><span  href=\"#\" style=\"font-family: Playfair Display,sans-serif; font-weight: 700; font-style: italic;\">Time 3:\n<\/span>participantes<\/span><\/h2> <p  class=\"\"><span  style=\"color: rgb(130, 36, 227);\">\u2022 Erivelton Maia;<\/span><br ><span  style=\"color: rgb(130, 36, 227);\">\n\u2022 Ivana da Cruz;<\/span><br ><span  style=\"color: rgb(130, 36, 227);\">\n\u2022 Leonardo Farias;<\/span><br ><span  style=\"color: rgb(130, 36, 227);\">\n\u2022 Luciana Gualberto; e<\/span><br ><span  style=\"color: rgb(130, 36, 227);\">\n\u2022 P\u00e2mella Balca\u00e7ar; .<\/span><\/p><\/div> <\/div><\/div> <\/div><div  data-label=\"Features\" data-id=\"features--1\" data-export-id=\"features-16-card-bordered-colored\" data-category=\"features\" class=\"features-16-card-bordered-colored content-section content-section-spacing content-relative\" id=\"features-1\" style=\"background-color: rgb(255, 255, 255); background-image: none;\"><div  class=\"section-separator-top\">\n    <svg  xmlns=\"http:\/\/www.w3.org\/2000\/svg\" viewbox=\"0 0 283.5 27.8\" preserveaspectratio=\"none\" data-separator-name=\"wave-brush\" class=\"section-separator-top\">\n\t<path  class=\"svg-white-bg\" d=\"M283.5,9.7c0,0-7.3,4.3-14,4.6c-6.8,0.3-12.6,0-20.9-1.5c-11.3-2-33.1-10.1-44.7-5.7\ts-12.1,4.6-18,7.4c-6.6,3.2-20,9.6-36.6,9.3C131.6,23.5,99.5,7.2,86.3,8c-1.4,0.1-6.6,0.8-10.5,2c-3.8,1.2-9.4,3.8-17,4.7\tc-3.2,0.4-8.3,1.1-14.2,0.9c-1.5-0.1-6.3-0.4-12-1.6c-5.7-1.2-11-3.1-15.8-3.7C6.5,9.2,0,10.8,0,10.8V0h283.5V9.7z M260.8,11.3\tc-0.7-1-2-0.4-4.3-0.4c-2.3,0-6.1-1.2-5.8-1.1c0.3,0.1,3.1,1.5,6,1.9C259.7,12.2,261.4,12.3,260.8,11.3z M242.4,8.6\tc0,0-2.4-0.2-5.6-0.9c-3.2-0.8-10.3-2.8-15.1-3.5c-8.2-1.1-15.8,0-15.1,0.1c0.8,0.1,9.6-0.6,17.6,1.1c3.3,0.7,9.3,2.2,12.4,2.7\tC239.9,8.7,242.4,8.6,242.4,8.6z M185.2,8.5c1.7-0.7-13.3,4.7-18.5,6.1c-2.1,0.6-6.2,1.6-10,2c-3.9,0.4-8.9,0.4-8.8,0.5\tc0,0.2,5.8,0.8,11.2,0c5.4-0.8,5.2-1.1,7.6-1.6C170.5,14.7,183.5,9.2,185.2,8.5z M199.1,6.9c0.2,0-0.8-0.4-4.8,1.1\tc-4,1.5-6.7,3.5-6.9,3.7c-0.2,0.1,3.5-1.8,6.6-3C197,7.5,199,6.9,199.1,6.9z M283,6c-0.1,0.1-1.9,1.1-4.8,2.5s-6.9,2.8-6.7,2.7\tc0.2,0,3.5-0.6,7.4-2.5C282.8,6.8,283.1,5.9,283,6z M31.3,11.6c0.1-0.2-1.9-0.2-4.5-1.2s-5.4-1.6-7.8-2C15,7.6,7.3,8.5,7.7,8.6\tC8,8.7,15.9,8.3,20.2,9.3c2.2,0.5,2.4,0.5,5.7,1.6S31.2,11.9,31.3,11.6z M73,9.2c0.4-0.1,3.5-1.6,8.4-2.6c4.9-1.1,8.9-0.5,8.9-0.8\tc0-0.3-1-0.9-6.2-0.3S72.6,9.3,73,9.2z M71.6,6.7C71.8,6.8,75,5.4,77.3,5c2.3-0.3,1.9-0.5,1.9-0.6c0-0.1-1.1-0.2-2.7,0.2\tC74.8,5.1,71.4,6.6,71.6,6.7z M93.6,4.4c0.1,0.2,3.5,0.8,5.6,1.8c2.1,1,1.8,0.6,1.9,0.5c0.1-0.1-0.8-0.8-2.4-1.3\tC97.1,4.8,93.5,4.2,93.6,4.4z M65.4,11.1c-0.1,0.3,0.3,0.5,1.9-0.2s2.6-1.3,2.2-1.2s-0.9,0.4-2.5,0.8C65.3,10.9,65.5,10.8,65.4,11.1\tz M34.5,12.4c-0.2,0,2.1,0.8,3.3,0.9c1.2,0.1,2,0.1,2-0.2c0-0.3-0.1-0.5-1.6-0.4C36.6,12.8,34.7,12.4,34.5,12.4z M152.2,21.1\tc-0.1,0.1-2.4-0.3-7.5-0.3c-5,0-13.6-2.4-17.2-3.5c-3.6-1.1,10,3.9,16.5,4.1C150.5,21.6,152.3,21,152.2,21.1z\"><\/path>\n\t<path  class=\"svg-white-bg\" d=\"M269.6,18c-0.1-0.1-4.6,0.3-7.2,0c-7.3-0.7-17-3.2-16.6-2.9c0.4,0.3,13.7,3.1,17,3.3\tC267.7,18.8,269.7,18,269.6,18z\"><\/path>\n\t<path  class=\"svg-white-bg\" d=\"M227.4,9.8c-0.2-0.1-4.5-1-9.5-1.2c-5-0.2-12.7,0.6-12.3,0.5c0.3-0.1,5.9-1.8,13.3-1.2\tS227.6,9.9,227.4,9.8z\"><\/path>\n\t<path  class=\"svg-white-bg\" d=\"M204.5,13.4c-0.1-0.1,2-1,3.2-1.1c1.2-0.1,2,0,2,0.3c0,0.3-0.1,0.5-1.6,0.4\tC206.4,12.9,204.6,13.5,204.5,13.4z\"><\/path>\n\t<path  class=\"svg-white-bg\" d=\"M201,10.6c0-0.1-4.4,1.2-6.3,2.2c-1.9,0.9-6.2,3.1-6.1,3.1c0.1,0.1,4.2-1.6,6.3-2.6\tS201,10.7,201,10.6z\"><\/path>\n\t<path  class=\"svg-white-bg\" d=\"M154.5,26.7c-0.1-0.1-4.6,0.3-7.2,0c-7.3-0.7-17-3.2-16.6-2.9c0.4,0.3,13.7,3.1,17,3.3\tC152.6,27.5,154.6,26.8,154.5,26.7z\"><\/path>\n\t<path  class=\"svg-white-bg\" d=\"M41.9,19.3c0,0,1.2-0.3,2.9-0.1c1.7,0.2,5.8,0.9,8.2,0.7c4.2-0.4,7.4-2.7,7-2.6\tc-0.4,0-4.3,2.2-8.6,1.9c-1.8-0.1-5.1-0.5-6.7-0.4S41.9,19.3,41.9,19.3z\"><\/path>\n\t<path  class=\"svg-white-bg\" d=\"M75.5,12.6c0.2,0.1,2-0.8,4.3-1.1c2.3-0.2,2.1-0.3,2.1-0.5c0-0.1-1.8-0.4-3.4,0\tC76.9,11.5,75.3,12.5,75.5,12.6z\"><\/path>\n\t<path  class=\"svg-white-bg\" d=\"M15.6,13.2c0-0.1,4.3,0,6.7,0.5c2.4,0.5,5,1.9,5,2c0,0.1-2.7-0.8-5.1-1.4\tC19.9,13.7,15.7,13.3,15.6,13.2z\"><\/path>\n<\/svg>\n<\/div><div  class=\"gridContainer\"> <div  class=\"row text-center\"><div  class=\"section-title-col\" data-type=\"column\"> <h2  class=\"\"><span  style=\"color: rgb(130, 36, 227);\">Sobre o Projeto<\/span><\/h2> <p  class=\"lead\">O Projeto foi idealiazado com base no contexto epidemiol\u00f3gico da obsesidade infantil. O impacto da obseidade infantil \u00e9 imenso e afeta milhares de crian\u00e7as no Brasil, n\u00e3o podendo ser ignorada e motivo de alerta. Em crian\u00e7as de 5 a 9 anos, uma em cada tr\u00eas apresenta excesso de peso.\n<br ><br >\nOs registros do Brasil sobre o cen\u00e1rio nutricional apontam que, em 2020, das crian\u00e7as acompanhadas na Aten\u00e7\u00e3o Prim\u00e1ria \u00e0 Sa\u00fade do SUS, 15,9% dos menores de 5 anos e 31,8% das crian\u00e7as entre 5 e 9 anos tinham excesso de peso, e, dessas, 7,4% e 15,8% apresentavam obesidade, respectivamente, segundo \u00cdndice de Massa Corporal (IMC) para a idade.<\/p><\/div> <\/div> <div  class=\"row spaced-cols\" data-type=\"row\"> <div  class=\"col-xs-12 col-sm-6 col-md-6\"> <div  class=\"card no-padding bottom-border-color8\"> <img  decoding=\"async\" class=\"face\" src=\"https:\/\/www.acpdbrasil.com\/wp-content\/uploads\/2022\/11\/cropped-obesidade_infantil.jpg\" title=\"cropped-obesidade_infantil.jpg\" alt=\"\"> <div  data-type=\"column\" class=\"col-padding-small col-padding-small-xs description-container\"> <h4  class=\"font-500 color1\"><span  style=\"color: rgb(130, 36, 227);\">Objetivo:<\/span><\/h4> <p  class=\"\" style=\"text-align: justify;\">Prestar assist\u00eancia terap\u00eautica multiprofissional aos  pacientes, inicialmente, ao fazer a classifica\u00e7\u00e3o do estado nutricional nos sistemas de sa\u00fade. Por meio de uma abordagem educacional em sa\u00fade e para promo\u00e7\u00e3o do auto cuidado, em um consult\u00f3rio no Metaverso, com interface gamificada.<\/p><\/div> <div  data-type=\"column\" class=\"col-padding-small col-padding-small-xs read-more-container\"><\/div> <\/div><\/div> <div  class=\"col-xs-12 col-sm-6 col-md-6\"><div  class=\"card no-padding bottom-border-color8\"> <img  decoding=\"async\" class=\"face\" src=\"https:\/\/www.acpdbrasil.com\/wp-content\/uploads\/2022\/11\/cropped-childhood-obesiy_istock.jpg\" title=\"cropped-childhood-obesiy_istock.jpg\" alt=\"\"> <div  data-type=\"column\" class=\"col-padding-small col-padding-small-xs description-container\"> <h4  class=\"font-500 color1\"><span  style=\"color: rgb(130, 36, 227);\">Metodologia Sumarizada:<\/span><\/h4> <p  class=\"\">Experimental com abordagem tecnol\u00f3gica;&nbsp;Levantamento dos recursos para o desenvolvimento do ambiente, no Metaverso, contendo a interface gamificada e com teleconsultoria; infraestrutura web; e aquisi\u00e7\u00e3o de \u00f3culos Meta Quest 2 VR ou equivalentes.\n<\/p><\/div> <div  data-type=\"column\" class=\"col-padding-small col-padding-small-xs read-more-container\"><\/div> <\/div><\/div>  <\/div><\/div> <\/div><div  data-label=\"Cta\" data-id=\"cta--1\" data-export-id=\"cta-centered-bg-section\" data-category=\"cta\" data-section-ov=\"1\" class=\"cta-centered-bg-section content-section content-section-spacing-medium white-text\" data-parallax-depth=\"20\" id=\"cta-1\" style=\"background-color: rgb(245, 250, 253);\"><div  class=\"gridContainer\"> <div  class=\"row text-center\"><div  data-type=\"column\" class=\"\"> <h2  class=\"\">Um produto novo para resolver uma quest\u00e3o de sa\u00fade!<\/h2> <\/div> <\/div><\/div> <\/div><div  data-label=\"Overlappable\" data-id=\"overlappable--1\" data-export-id=\"overlappable-4\" data-category=\"overlappable\" class=\"overlappable-4 content-section content-section-spacing\" data-overlap=\"true\" id=\"overlappable-1\" style=\"background-color: rgb(255, 255, 255);\"><div  class=\"gridContainer\"> <div  data-type=\"row\" class=\"row spaced-cols text-center\"><div  class=\"col-xs-12 col-sm-4 col-padding\"> <i  class=\"fa icon shadow-large-black aligncenter fa-arrow-circle-o-down reverse round large color8\"><\/i> <div  data-type=\"column\" class=\"\"> <h5  class=\"\">REDU\u00c7\u00c3O DE RISCOS<\/h5> <p  class=\"\">Redu\u00e7\u00e3o dos riscos da obesidade.<\/p><\/div> <\/div> <div  class=\"col-xs-12 col-sm-4 col-padding\"> <i  class=\"fa icon shadow-large-black aligncenter fa-connectdevelop reverse round large color8\"><\/i> <div  data-type=\"column\" class=\"\"><h5  class=\"\">ALTA TECNOLOGIA<\/h5> <p  class=\"\">Disponibiliza\u00e7\u00e3o de alta tecnologia, permitindo que os usu\u00e1rios interajam virtualmente.<\/p><\/div> <\/div><div  class=\"col-xs-12 col-sm-4 col-padding\"> <i  class=\"fa icon shadow-large-black aligncenter fa-ambulance reverse round large color8\"><\/i> <div  data-type=\"column\" class=\"\"><h5  class=\"\">REDU\u00c7\u00c3O DE TRATAMENTOS<\/h5> <p  class=\"\">Redu\u00e7\u00e3o da demanda de tratamentos&nbsp; farmacol\u00f3gicos.<\/p><\/div> <\/div> <\/div> <\/div><\/div><div  data-label=\"Content\" data-id=\"content--1\" data-export-id=\"content-12\" data-category=\"content\" class=\"content-12 content-section content-section-spacing content-relative\" id=\"content-1\" style=\"background-color: rgb(255, 255, 255); background-image: none;\"><div  class=\"gridContainer\"> <div  class=\"row text-center\"><div  class=\"section-title-col\" data-type=\"column\">  <\/div> <\/div> <div  class=\"row center-xs middle-xs\"> <div  class=\"col-sm-9\" data-type=\"column\"> <img  decoding=\"async\" class=\"custom-image\" src=\"https:\/\/www.acpdbrasil.com\/wp-content\/uploads\/2022\/11\/2774872-sistemas-operacionais-icons-linux-windows-android-mac-ios-icons-gratis-vetor-1.png\" title=\"2774872-sistemas-operacionais-icons-linux-windows-android-mac-ios-icons-gra\u0301tis-vetor\" alt=\"\"><\/div> <\/div><\/div> <div  class=\"section-separator-bottom\">\n    <svg  xmlns=\"http:\/\/www.w3.org\/2000\/svg\" viewbox=\"0 0 1000 100\" preserveaspectratio=\"none\" data-separator-name=\"waves\" class=\"section-separator-top section-separator-bottom\">\n\t<path  class=\"svg-white-bg\" d=\"M421.9,6.5c22.6-2.5,51.5,0.4,75.5,5.3c23.6,4.9,70.9,23.5,100.5,35.7c75.8,32.2,133.7,44.5,192.6,49.7\tc23.6,2.1,48.7,3.5,103.4-2.5c54.7-6,106.2-25.6,106.2-25.6V0H0v30.3c0,0,72,32.6,158.4,30.5c39.2-0.7,92.8-6.7,134-22.4\tc21.2-8.1,52.2-18.2,79.7-24.2C399.3,7.9,411.6,7.5,421.9,6.5z\"><\/path>\n<\/svg>\n<\/div><\/div>","protected":false},"excerpt":{"rendered":"<p>PROJETO METASA\u00daDE Metaverso Aplicado \u00e0 Sa\u00fade, com foco na obesidade infantil Este projeto est\u00e1 sendo apresentado para o grande publicado, pela primeira vez, no Hackathon UERJ 2022, na Trilha Sa\u00fade&hellip; <br \/> <a class=\"read-more\" href=\"https:\/\/www.acpdbrasil.com\/en\/projeto-metasaude\/\">Read more<\/a><\/p>","protected":false},"author":1,"featured_media":6927,"parent":0,"menu_order":0,"comment_status":"closed","ping_status":"closed","template":"pro\/page-templates\/full-width-page.php","meta":{"footnotes":""},"class_list":["post-6926","page","type-page","status-publish","has-post-thumbnail","hentry"],"yoast_head":"<!-- This site is optimized with the Yoast SEO plugin v27.3 - https:\/\/yoast.com\/product\/yoast-seo-wordpress\/ -->\n<title>Projeto MetaSa\u00fade<\/title>\n<meta name=\"description\" content=\"Projeto MetaSa\u00fade. Metaverso aplicado \u00e0 Sa\u00fade, com foco na obesidade infantil. Hackthon UERJ: Trilha de Sa\u00fade - Desafio 2.\" \/>\n<meta name=\"robots\" content=\"index, follow, max-snippet:-1, max-image-preview:large, max-video-preview:-1\" \/>\n<link rel=\"canonical\" href=\"https:\/\/www.acpdbrasil.com\/en\/projeto-metasaude\/\" \/>\n<meta property=\"og:locale\" content=\"en_US\" \/>\n<meta property=\"og:type\" content=\"article\" \/>\n<meta property=\"og:title\" content=\"Projeto MetaSa\u00fade\" \/>\n<meta property=\"og:description\" content=\"Projeto MetaSa\u00fade. Metaverso aplicado \u00e0 Sa\u00fade, com foco na obesidade infantil. Hackthon UERJ: Trilha de Sa\u00fade - Desafio 2.\" \/>\n<meta property=\"og:url\" content=\"https:\/\/www.acpdbrasil.com\/en\/projeto-metasaude\/\" \/>\n<meta property=\"og:site_name\" content=\"ACPD Brasil\" \/>\n<meta property=\"article:publisher\" content=\"https:\/\/www.facebook.com\/acpdbrasil\" \/>\n<meta property=\"article:modified_time\" content=\"2022-11-06T04:54:37+00:00\" \/>\n<meta property=\"og:image\" content=\"https:\/\/www.acpdbrasil.com\/wp-content\/uploads\/2022\/11\/HACKATHON_UERJ_MetaSUS-1024x576.png\" \/>\n\t<meta property=\"og:image:width\" content=\"1024\" \/>\n\t<meta property=\"og:image:height\" content=\"576\" \/>\n\t<meta property=\"og:image:type\" content=\"image\/png\" \/>\n<meta name=\"twitter:card\" content=\"summary_large_image\" \/>\n<meta name=\"twitter:site\" content=\"@acpdbrasil\" \/>\n<script type=\"application\/ld+json\" class=\"yoast-schema-graph\">{\"@context\":\"https:\\\/\\\/schema.org\",\"@graph\":[{\"@type\":\"WebPage\",\"@id\":\"https:\\\/\\\/www.acpdbrasil.com\\\/projeto-metasaude\\\/\",\"url\":\"https:\\\/\\\/www.acpdbrasil.com\\\/projeto-metasaude\\\/\",\"name\":\"Projeto MetaSa\u00fade\",\"isPartOf\":{\"@id\":\"https:\\\/\\\/www.acpdbrasil.com\\\/#website\"},\"primaryImageOfPage\":{\"@id\":\"https:\\\/\\\/www.acpdbrasil.com\\\/projeto-metasaude\\\/#primaryimage\"},\"image\":{\"@id\":\"https:\\\/\\\/www.acpdbrasil.com\\\/projeto-metasaude\\\/#primaryimage\"},\"thumbnailUrl\":\"https:\\\/\\\/www.acpdbrasil.com\\\/wp-content\\\/uploads\\\/2022\\\/11\\\/HACKATHON_UERJ_MetaSUS.png\",\"datePublished\":\"2022-11-06T00:43:46+00:00\",\"dateModified\":\"2022-11-06T04:54:37+00:00\",\"description\":\"Projeto MetaSa\u00fade. Metaverso aplicado \u00e0 Sa\u00fade, com foco na obesidade infantil. Hackthon UERJ: Trilha de Sa\u00fade - Desafio 2.\",\"breadcrumb\":{\"@id\":\"https:\\\/\\\/www.acpdbrasil.com\\\/projeto-metasaude\\\/#breadcrumb\"},\"inLanguage\":\"en-US\",\"potentialAction\":[{\"@type\":\"ReadAction\",\"target\":[\"https:\\\/\\\/www.acpdbrasil.com\\\/projeto-metasaude\\\/\"]}]},{\"@type\":\"ImageObject\",\"inLanguage\":\"en-US\",\"@id\":\"https:\\\/\\\/www.acpdbrasil.com\\\/projeto-metasaude\\\/#primaryimage\",\"url\":\"https:\\\/\\\/www.acpdbrasil.com\\\/wp-content\\\/uploads\\\/2022\\\/11\\\/HACKATHON_UERJ_MetaSUS.png\",\"contentUrl\":\"https:\\\/\\\/www.acpdbrasil.com\\\/wp-content\\\/uploads\\\/2022\\\/11\\\/HACKATHON_UERJ_MetaSUS.png\",\"width\":1920,\"height\":1080},{\"@type\":\"BreadcrumbList\",\"@id\":\"https:\\\/\\\/www.acpdbrasil.com\\\/projeto-metasaude\\\/#breadcrumb\",\"itemListElement\":[{\"@type\":\"ListItem\",\"position\":1,\"name\":\"In\u00edcio\",\"item\":\"https:\\\/\\\/www.acpdbrasil.com\\\/\"},{\"@type\":\"ListItem\",\"position\":2,\"name\":\"Projeto MetaSa\u00fade\"}]},{\"@type\":\"WebSite\",\"@id\":\"https:\\\/\\\/www.acpdbrasil.com\\\/#website\",\"url\":\"https:\\\/\\\/www.acpdbrasil.com\\\/\",\"name\":\"ACPD Brasil\",\"description\":\"Conformidade, Prote\u00e7\u00e3o e Privacidade de Dados\",\"publisher\":{\"@id\":\"https:\\\/\\\/www.acpdbrasil.com\\\/#organization\"},\"potentialAction\":[{\"@type\":\"SearchAction\",\"target\":{\"@type\":\"EntryPoint\",\"urlTemplate\":\"https:\\\/\\\/www.acpdbrasil.com\\\/?s={search_term_string}\"},\"query-input\":{\"@type\":\"PropertyValueSpecification\",\"valueRequired\":true,\"valueName\":\"search_term_string\"}}],\"inLanguage\":\"en-US\"},{\"@type\":\"Organization\",\"@id\":\"https:\\\/\\\/www.acpdbrasil.com\\\/#organization\",\"name\":\"Ag\u00eancia de Conformidade e Prote\u00e7\u00e3o de Dados\",\"url\":\"https:\\\/\\\/www.acpdbrasil.com\\\/\",\"logo\":{\"@type\":\"ImageObject\",\"inLanguage\":\"en-US\",\"@id\":\"https:\\\/\\\/www.acpdbrasil.com\\\/#\\\/schema\\\/logo\\\/image\\\/\",\"url\":\"https:\\\/\\\/www.acpdbrasil.com\\\/wp-content\\\/uploads\\\/2021\\\/04\\\/ACPD-OG-image_OG-image.png\",\"contentUrl\":\"https:\\\/\\\/www.acpdbrasil.com\\\/wp-content\\\/uploads\\\/2021\\\/04\\\/ACPD-OG-image_OG-image.png\",\"width\":1201,\"height\":631,\"caption\":\"Ag\u00eancia de Conformidade e Prote\u00e7\u00e3o de Dados\"},\"image\":{\"@id\":\"https:\\\/\\\/www.acpdbrasil.com\\\/#\\\/schema\\\/logo\\\/image\\\/\"},\"sameAs\":[\"https:\\\/\\\/www.facebook.com\\\/acpdbrasil\",\"https:\\\/\\\/x.com\\\/acpdbrasil\",\"https:\\\/\\\/www.instagram.com\\\/acpdbrasil\",\"http:\\\/\\\/linkedin.com\\\/company\\\/acpdbrasil\",\"https:\\\/\\\/www.youtube.com\\\/channel\\\/UCdEnJZeex9u6Mr1_IDyOVcw\\\/featured?view_as=subscriber\"]}]}<\/script>\n<!-- \/ Yoast SEO plugin. -->","yoast_head_json":{"title":"Projeto MetaSa\u00fade","description":"Projeto MetaSa\u00fade. Metaverso aplicado \u00e0 Sa\u00fade, com foco na obesidade infantil. Hackthon UERJ: Trilha de Sa\u00fade - Desafio 2.","robots":{"index":"index","follow":"follow","max-snippet":"max-snippet:-1","max-image-preview":"max-image-preview:large","max-video-preview":"max-video-preview:-1"},"canonical":"https:\/\/www.acpdbrasil.com\/en\/projeto-metasaude\/","og_locale":"en_US","og_type":"article","og_title":"Projeto MetaSa\u00fade","og_description":"Projeto MetaSa\u00fade. Metaverso aplicado \u00e0 Sa\u00fade, com foco na obesidade infantil. Hackthon UERJ: Trilha de Sa\u00fade - Desafio 2.","og_url":"https:\/\/www.acpdbrasil.com\/en\/projeto-metasaude\/","og_site_name":"ACPD Brasil","article_publisher":"https:\/\/www.facebook.com\/acpdbrasil","article_modified_time":"2022-11-06T04:54:37+00:00","og_image":[{"width":1024,"height":576,"url":"https:\/\/www.acpdbrasil.com\/wp-content\/uploads\/2022\/11\/HACKATHON_UERJ_MetaSUS-1024x576.png","type":"image\/png"}],"twitter_card":"summary_large_image","twitter_site":"@acpdbrasil","schema":{"@context":"https:\/\/schema.org","@graph":[{"@type":"WebPage","@id":"https:\/\/www.acpdbrasil.com\/projeto-metasaude\/","url":"https:\/\/www.acpdbrasil.com\/projeto-metasaude\/","name":"Projeto MetaSa\u00fade","isPartOf":{"@id":"https:\/\/www.acpdbrasil.com\/#website"},"primaryImageOfPage":{"@id":"https:\/\/www.acpdbrasil.com\/projeto-metasaude\/#primaryimage"},"image":{"@id":"https:\/\/www.acpdbrasil.com\/projeto-metasaude\/#primaryimage"},"thumbnailUrl":"https:\/\/www.acpdbrasil.com\/wp-content\/uploads\/2022\/11\/HACKATHON_UERJ_MetaSUS.png","datePublished":"2022-11-06T00:43:46+00:00","dateModified":"2022-11-06T04:54:37+00:00","description":"Projeto MetaSa\u00fade. Metaverso aplicado \u00e0 Sa\u00fade, com foco na obesidade infantil. Hackthon UERJ: Trilha de Sa\u00fade - Desafio 2.","breadcrumb":{"@id":"https:\/\/www.acpdbrasil.com\/projeto-metasaude\/#breadcrumb"},"inLanguage":"en-US","potentialAction":[{"@type":"ReadAction","target":["https:\/\/www.acpdbrasil.com\/projeto-metasaude\/"]}]},{"@type":"ImageObject","inLanguage":"en-US","@id":"https:\/\/www.acpdbrasil.com\/projeto-metasaude\/#primaryimage","url":"https:\/\/www.acpdbrasil.com\/wp-content\/uploads\/2022\/11\/HACKATHON_UERJ_MetaSUS.png","contentUrl":"https:\/\/www.acpdbrasil.com\/wp-content\/uploads\/2022\/11\/HACKATHON_UERJ_MetaSUS.png","width":1920,"height":1080},{"@type":"BreadcrumbList","@id":"https:\/\/www.acpdbrasil.com\/projeto-metasaude\/#breadcrumb","itemListElement":[{"@type":"ListItem","position":1,"name":"In\u00edcio","item":"https:\/\/www.acpdbrasil.com\/"},{"@type":"ListItem","position":2,"name":"Projeto MetaSa\u00fade"}]},{"@type":"WebSite","@id":"https:\/\/www.acpdbrasil.com\/#website","url":"https:\/\/www.acpdbrasil.com\/","name":"ACPD Brasil","description":"Conformidade, Prote\u00e7\u00e3o e Privacidade de Dados","publisher":{"@id":"https:\/\/www.acpdbrasil.com\/#organization"},"potentialAction":[{"@type":"SearchAction","target":{"@type":"EntryPoint","urlTemplate":"https:\/\/www.acpdbrasil.com\/?s={search_term_string}"},"query-input":{"@type":"PropertyValueSpecification","valueRequired":true,"valueName":"search_term_string"}}],"inLanguage":"en-US"},{"@type":"Organization","@id":"https:\/\/www.acpdbrasil.com\/#organization","name":"Ag\u00eancia de Conformidade e Prote\u00e7\u00e3o de Dados","url":"https:\/\/www.acpdbrasil.com\/","logo":{"@type":"ImageObject","inLanguage":"en-US","@id":"https:\/\/www.acpdbrasil.com\/#\/schema\/logo\/image\/","url":"https:\/\/www.acpdbrasil.com\/wp-content\/uploads\/2021\/04\/ACPD-OG-image_OG-image.png","contentUrl":"https:\/\/www.acpdbrasil.com\/wp-content\/uploads\/2021\/04\/ACPD-OG-image_OG-image.png","width":1201,"height":631,"caption":"Ag\u00eancia de Conformidade e Prote\u00e7\u00e3o de Dados"},"image":{"@id":"https:\/\/www.acpdbrasil.com\/#\/schema\/logo\/image\/"},"sameAs":["https:\/\/www.facebook.com\/acpdbrasil","https:\/\/x.com\/acpdbrasil","https:\/\/www.instagram.com\/acpdbrasil","http:\/\/linkedin.com\/company\/acpdbrasil","https:\/\/www.youtube.com\/channel\/UCdEnJZeex9u6Mr1_IDyOVcw\/featured?view_as=subscriber"]}]}},"_links":{"self":[{"href":"https:\/\/www.acpdbrasil.com\/en\/wp-json\/wp\/v2\/pages\/6926","targetHints":{"allow":["GET"]}}],"collection":[{"href":"https:\/\/www.acpdbrasil.com\/en\/wp-json\/wp\/v2\/pages"}],"about":[{"href":"https:\/\/www.acpdbrasil.com\/en\/wp-json\/wp\/v2\/types\/page"}],"author":[{"embeddable":true,"href":"https:\/\/www.acpdbrasil.com\/en\/wp-json\/wp\/v2\/users\/1"}],"replies":[{"embeddable":true,"href":"https:\/\/www.acpdbrasil.com\/en\/wp-json\/wp\/v2\/comments?post=6926"}],"version-history":[{"count":0,"href":"https:\/\/www.acpdbrasil.com\/en\/wp-json\/wp\/v2\/pages\/6926\/revisions"}],"wp:featuredmedia":[{"embeddable":true,"href":"https:\/\/www.acpdbrasil.com\/en\/wp-json\/wp\/v2\/media\/6927"}],"wp:attachment":[{"href":"https:\/\/www.acpdbrasil.com\/en\/wp-json\/wp\/v2\/media?parent=6926"}],"curies":[{"name":"wp","href":"https:\/\/api.w.org\/{rel}","templated":true}]}}