{"id":604,"date":"2020-08-04T18:49:18","date_gmt":"2020-08-04T18:49:18","guid":{"rendered":"https:\/\/www.acpdbrasil.com\/?page_id=604"},"modified":"2024-03-05T16:20:23","modified_gmt":"2024-03-05T19:20:23","slug":"gdpr","status":"publish","type":"page","link":"https:\/\/www.acpdbrasil.com\/en\/gdpr\/","title":{"rendered":"GDPR"},"content":{"rendered":"<div  data-label=\"About\" data-id=\"about--1\" data-export-id=\"about-9\" data-category=\"about\" class=\"about-9 content-section content-section-spacing\" id=\"about-1\" style=\"background-color: rgb(255, 255, 255);\"><div  class=\"gridContainer\"> <div  class=\"row middle-sm text-center\"><div  class=\"col-sm-5 space-bottom-xs content-column content-right-sm\" data-type=\"column\"> <h5  class=\"\">GENERAL DATA PROTECTION REGULATIOIN<\/h5>  <p  class=\"\" style=\"text-align: justify;\"><span  style=\"color: rgb(36, 55, 70);\">Ap\u00f3s quatro anos de debate, a Uni\u00e3o Europeia (EU) aprovou, em 2016, o General Data Protection Regulation (GDPR), que expandiu o n\u00famero de obriga\u00e7\u00f5es de prote\u00e7\u00e3o de dados exigidas das organiza\u00e7\u00f5es e fortaleceu os direitos de todos os cidad\u00e3os da UE, e Espa\u00e7o Econ\u00f4mico Europeu (EEE), muitos dos quais j\u00e1 existiam sob a Diretiva de Prote\u00e7\u00e3o de Dados, tamb\u00e9m conhecida como Diretiva 46\/CE, aprovada em 1995.<\/span><br ><span  style=\"color: rgb(36, 55, 70);\">\r\n\r\n<br >O GDPR ou Regulamento (EU) 2016\/679 foi aprovado em 14 de abril de 2016, e entrou em vigor em 25 de maio de 2018. Revogando assim a Diretiva 95\/46\/CE que permaneceu em vigor de 1998 a maio de 2018.<\/span><br >\r\n<br ><span  style=\"color: rgb(36, 55, 70);\">O referido regulamento inclui cerca de 100 diferentes disposi\u00e7\u00f5es que orientam as organiza\u00e7\u00f5es sobre seus deveres de como coletar, gerenciar e processar dados pessoais, al\u00e9m de descreverem os principais direitos dos cidad\u00e3os da EU, neste tema.<\/span><\/p> <a class=\"button color2\" href=\"https:\/\/eur-lex.europa.eu\/eli\/reg\/2016\/679\/oj\" target=\"_blank\" data-cp-link=\"1\" data-icon=\"\" rel=\"noopener\">GDPR (Texto Integral)<\/a><\/div> <div  class=\"col-sm-7 flexbox flexbox middle-xs center-xs space-bottom-xs\"><div  class=\"overlay-box flexbox middle-xs center-xs overlay-holder\"> <div  class=\"overlay-box-offset offset-background shadow-medium bg-color2 hide-xs\"><\/div> <img decoding=\"async\"  class=\"flexbox shadow-large img1\" src=\"https:\/\/www.acpdbrasil.com\/wp-content\/uploads\/2020\/08\/cropped-GDPRmain.jpg\" data-size=\"600x400\" alt=\"\" title=\"cropped-GDPRmain.jpg\"><\/div> <\/div><\/div> <\/div><\/div><div  data-label=\"Features\" data-id=\"features--1\" data-export-id=\"features-13-card-bordered\" data-category=\"features\" class=\"features-13 content-section content-section-spacing\" id=\"features-1\" style=\"background-color: rgb(255, 255, 255); background-image: none;\"><div  class=\"gridContainer\"> <div  class=\"row text-center\"><div  class=\"section-title-col\" data-type=\"column\"> <h2  class=\"\">Principais objetivos<\/h2> <p  class=\"lead\">Pode-se dizer que o GDPR tem tr\u00eas objetivos principais, a saber:<\/p><\/div> <\/div> <div  class=\"row spaced-cols content-center-sm\" data-type=\"row\"> <div  class=\"col-sm-4\"> <div  class=\"card bordered y-move\" data-type=\"column\"> <i  class=\"fa icon fa-expeditedssl reverse round big color1\"><\/i> <h4  class=\"\">CONTROLE<\/h4> <p  class=\"\"><span  style=\"color: rgb(36, 55, 70);\">Cada cidad\u00e3o deve aceitar e consentir como os seus dados pessoais s\u00e3o usados e processados. Os titulares dos dados podem revogar seu consentimento a qualquer momento<\/span><\/p> <\/div> <\/div> <div  class=\"col-sm-4\"> <div  class=\"card bordered y-move\" data-type=\"column\"> <i  class=\"fa icon fa-handshake-o reverse round big color1\"><\/i> <h4  class=\"\">CONFIAN\u00c7A<\/h4> <p  class=\"\"><span  style=\"color: rgb(36, 55, 70);\">Este regulamento quer incentivar a confian\u00e7a do consumidor a longo prazo. Trata-se, principalmente, sobre seguran\u00e7a. Controles mais rigorosos e aplica\u00e7\u00f5es mais rigorosas, melhoram a confian\u00e7a na economia digital<\/span><\/p> <\/div> <\/div> <div  class=\"col-sm-4\"> <div  class=\"card bordered y-move\" data-type=\"column\"> <i  class=\"fa icon fa-comments-o reverse round big color1\"><\/i> <h4  class=\"\">SIMPLICIDADE<\/h4> <p  class=\"\"><span  style=\"color: rgb(36, 55, 70);\">As organiza\u00e7\u00f5es precisam de visibilidade, compreens\u00e3o e controles claros sobre os dados que processam. Espera-se  alcan\u00e7ar uma abordagem padr\u00e3o entre organiza\u00e7\u00f5es e os titulares<\/span><\/p> <\/div> <\/div><\/div> <\/div><\/div><div  data-label=\"Cta\" data-id=\"cta--1\" data-export-id=\"cta-centered-section-grid\" data-category=\"cta\" class=\"cta-centered-section-grid content-section content-section-spacing-medium bg-color1 white-text\" id=\"cta-1\"><div  class=\"gridContainer\"> <div  class=\"row text-center\"><div  class=\"col-xs-12 col-sm-10 col-sm-offset-1 col-md-8 col-md-offset-2\" data-type=\"column\"> <h2  class=\"\">Precisando se adequar ao GDPR?<\/h2> <p  class=\"\">Se sua organiza\u00e7\u00e3o faz parte do seleto grupo das que se prepara ativamente para o GDPR, isso \u00e9 fant\u00e1stico! Continue avan\u00e7ando e capacitando todos em sua organiza\u00e7\u00e3o e em todo o seu ecossistema de parceiros e fornecedores. Mas se sua organiza\u00e7\u00e3o \u00e9 uma das muitas que agora est\u00e3o come\u00e7ando a pensar sobre isso, \u00e9 hora dela come\u00e7ar a mover.\r\n<br ><br >\r\nPara muitas organiza\u00e7\u00f5es, h\u00e1 muito o que fazer no caminho da conformidade. Se alguma equipe falhar, toda a organiza\u00e7\u00e3o estar\u00e1 aberta \u00e0s responsabilidades do n\u00e3o cumprimento. A hora de come\u00e7ar provavelmente foi h\u00e1 muito tempo.<\/p> <a class=\"button color2\" href=\"https:\/\/www.acpdbrasil.com\/en\/contato\/\" target=\"_self\" data-cp-link=\"1\" data-icon=\"\" rel=\"noopener noreferrer\">CONTATO<\/a><\/div> <\/div><\/div> <\/div><div  data-label=\"Content\" data-id=\"content--1\" data-export-id=\"content-8\" data-category=\"content\" class=\"content-8 content-section content-section-spacing\" id=\"content-1\" style=\"background-color: rgb(255, 255, 255); background-image: none;\"><div  class=\"gridContainer\"> <div  class=\"row middle-sm\"><div  class=\"col-sm-6 space-bottom-xs space-top-xs\" data-type=\"column\"> <img decoding=\"async\"  class=\"shadow-large\" src=\"https:\/\/www.acpdbrasil.com\/wp-content\/uploads\/2020\/08\/cropped-GDPR-_-.jpg\" alt=\"\" title=\"cropped-GDPR-_-.jpg\"><\/div> <div  class=\"col-sm-6\" data-type=\"column\"><h2  class=\"\">Preocupa\u00e7\u00f5es Legais e de TI<\/h2> <p  class=\"\"><span  style=\"color: rgb(36, 55, 70);\">As multas para as organiza\u00e7\u00f5es que n\u00e3o cumprirem as exig\u00eancias do GDPR podem variar de 2% a 4% da receita anual global.\r\n<\/span><br ><br ><span  style=\"color: rgb(36, 55, 70);\">\r\nSem d\u00favida, o GDPR dar\u00e1 in\u00edcio a algumas preocupa\u00e7\u00f5es legais e tecnol\u00f3gicas, mas tamb\u00e9m ser\u00e1 um catalisador para toda uma nova mentalidade sobre como as organiza\u00e7\u00f5es comercializam e tratam nossas informa\u00e7\u00f5es pessoais. Do lado jur\u00eddico, sim, provavelmente haver\u00e1 muitas atualiza\u00e7\u00f5es da pol\u00edtica de privacidade, avisos a serem comunicados, formul\u00e1rios de consentimento a serem elaborados, adendos de contrato para redigir e negociar, j\u00e1 do lado da tecnologia da informa\u00e7\u00e3o, as equipes de TI ter\u00e3o que desenvolver ou adquirir mecanismos para obten\u00e7\u00e3o de consentimentos e armazenamentos de todos os bits de dados pessoais de uma maneira que possa ser fornecida rapidamente a qualquer pessoa, mediante solicita\u00e7\u00e3o ou at\u00e9 mesmo editados ou removidos.<\/span><\/p> <\/div> <\/div><\/div> <\/div><div  data-label=\"Content\" data-id=\"content--2\" data-export-id=\"content-12\" data-category=\"content\" class=\"content-12 content-section content-section-spacing\" id=\"content-2\" style=\"background-color: rgb(255, 255, 255); background-image: none;\"><div  class=\"gridContainer\"> <div  class=\"row text-center\"><div  class=\"section-title-col\" data-type=\"column\"> <h2  class=\"\"><span  style=\"color: rgb(36, 55, 70);\">Roadmap de adequa\u00e7\u00e3o<\/span><\/h2> <p  class=\"lead\"><span  style=\"color: rgb(36, 55, 70);\">O tempo \u00e9 um fator de extrema relev\u00e2ncia no que se refere \u00e0 adequa\u00e7\u00e3o aos arcabou\u00e7ous jur\u00eddico-regulat\u00f3rio e normativo-t\u00e9cnico do GDPR. Sendo assim, entendemos que mesmo diante de tempos t\u00e3o dif\u00edceis, como os impostos pela pandemia da COVID-19, conv\u00e9m que as organiza\u00e7\u00f5es comecem a se envolver com o tema, seja voltando os olhos para a pr\u00f3pria organiza\u00e7\u00e3o, capacitando seus colaboradores atrav\u00e9s de e-Learning ou mapeando riscos.\r\n<\/span><br ><br ><span  style=\"color: rgb(36, 55, 70);\">\r\nA ACPD est\u00e1 pronta para atender sua organiza\u00e7\u00e3o neste desafio e em sinergia com nosso parceiros, temos como atendermos voc\u00ea, em todas as etapas da sua adequa\u00e7\u00e3o. Entre em contato conosco!<\/span><\/p><a class=\"button color2\" href=\"https:\/\/www.acpdbrasil.com\/en\/gdpr\/contato\/\" target=\"_self\" data-cp-link=\"1\" data-icon=\"\" rel=\"noopener noreferrer\">CONTATO<\/a><\/div> <\/div> <div  class=\"row center-xs middle-xs\"> <div  class=\"col-sm-9\" data-type=\"column\"> <a data-cp-link=\"1\" href=\"https:\/\/www.acpdbrasil.com\/wp-content\/uploads\/2020\/08\/Roadmap-de-Adequac\u0327a\u0303o-2020-08-06.pdf\" class=\"\" target=\"_blank\" rel=\"noopener noreferrer\"><img decoding=\"async\"  class=\"shadow-large\" src=\"https:\/\/www.acpdbrasil.com\/wp-content\/uploads\/2020\/08\/cropped-Roadmap-de-Adequac\u0327a\u0303o-2020-08-06-5.png\" alt=\"\" title=\"cropped-Roadmap-de-Adequac\u0327a\u0303o-2020-08-06-1.png\"><\/a><\/div> <\/div><\/div> <\/div>","protected":false},"excerpt":{"rendered":"<p>GENERAL DATA PROTECTION REGULATIOIN Ap\u00f3s quatro anos de debate, a Uni\u00e3o Europeia (EU) aprovou, em 2016, o General Data Protection Regulation (GDPR), que expandiu o n\u00famero de obriga\u00e7\u00f5es de prote\u00e7\u00e3o&hellip; <br \/> <a class=\"read-more\" href=\"https:\/\/www.acpdbrasil.com\/en\/gdpr\/\">Read more<\/a><\/p>","protected":false},"author":1,"featured_media":7976,"parent":0,"menu_order":0,"comment_status":"closed","ping_status":"closed","template":"pro\/page-templates\/full-width-page.php","meta":{"footnotes":""},"class_list":["post-604","page","type-page","status-publish","has-post-thumbnail","hentry"],"yoast_head":"<!-- This site is optimized with the Yoast SEO plugin v27.3 - https:\/\/yoast.com\/product\/yoast-seo-wordpress\/ -->\n<title>GDPR - ACPD Brasil<\/title>\n<meta name=\"robots\" content=\"index, follow, max-snippet:-1, max-image-preview:large, max-video-preview:-1\" \/>\n<link rel=\"canonical\" href=\"https:\/\/www.acpdbrasil.com\/en\/gdpr\/\" \/>\n<meta property=\"og:locale\" content=\"en_US\" \/>\n<meta property=\"og:type\" content=\"article\" \/>\n<meta property=\"og:title\" content=\"GDPR - ACPD Brasil\" \/>\n<meta property=\"og:description\" content=\"GENERAL DATA PROTECTION REGULATIOIN Ap\u00f3s quatro anos de debate, a Uni\u00e3o Europeia (EU) aprovou, em 2016, o General Data Protection Regulation (GDPR), que expandiu o n\u00famero de obriga\u00e7\u00f5es de prote\u00e7\u00e3o&hellip; Read more\" \/>\n<meta property=\"og:url\" content=\"https:\/\/www.acpdbrasil.com\/en\/gdpr\/\" \/>\n<meta property=\"og:site_name\" content=\"ACPD Brasil\" \/>\n<meta property=\"article:publisher\" content=\"https:\/\/www.facebook.com\/acpdbrasil\" \/>\n<meta property=\"article:modified_time\" content=\"2024-03-05T19:20:23+00:00\" \/>\n<meta property=\"og:image\" content=\"https:\/\/www.acpdbrasil.com\/wp-content\/uploads\/2020\/08\/cropped-Main-1.png\" \/>\n\t<meta property=\"og:image:width\" content=\"944\" \/>\n\t<meta property=\"og:image:height\" content=\"944\" \/>\n\t<meta property=\"og:image:type\" content=\"image\/png\" \/>\n<meta name=\"twitter:card\" content=\"summary_large_image\" \/>\n<meta name=\"twitter:site\" content=\"@acpdbrasil\" \/>\n<meta name=\"twitter:label1\" content=\"Est. reading time\" \/>\n\t<meta name=\"twitter:data1\" content=\"4 minutes\" \/>\n<script type=\"application\/ld+json\" class=\"yoast-schema-graph\">{\"@context\":\"https:\\\/\\\/schema.org\",\"@graph\":[{\"@type\":\"WebPage\",\"@id\":\"https:\\\/\\\/www.acpdbrasil.com\\\/gdpr\\\/\",\"url\":\"https:\\\/\\\/www.acpdbrasil.com\\\/gdpr\\\/\",\"name\":\"GDPR - ACPD Brasil\",\"isPartOf\":{\"@id\":\"https:\\\/\\\/www.acpdbrasil.com\\\/#website\"},\"primaryImageOfPage\":{\"@id\":\"https:\\\/\\\/www.acpdbrasil.com\\\/gdpr\\\/#primaryimage\"},\"image\":{\"@id\":\"https:\\\/\\\/www.acpdbrasil.com\\\/gdpr\\\/#primaryimage\"},\"thumbnailUrl\":\"https:\\\/\\\/www.acpdbrasil.com\\\/wp-content\\\/uploads\\\/2020\\\/08\\\/cropped-Main-1.png\",\"datePublished\":\"2020-08-04T18:49:18+00:00\",\"dateModified\":\"2024-03-05T19:20:23+00:00\",\"breadcrumb\":{\"@id\":\"https:\\\/\\\/www.acpdbrasil.com\\\/gdpr\\\/#breadcrumb\"},\"inLanguage\":\"en-US\",\"potentialAction\":[{\"@type\":\"ReadAction\",\"target\":[\"https:\\\/\\\/www.acpdbrasil.com\\\/gdpr\\\/\"]}]},{\"@type\":\"ImageObject\",\"inLanguage\":\"en-US\",\"@id\":\"https:\\\/\\\/www.acpdbrasil.com\\\/gdpr\\\/#primaryimage\",\"url\":\"https:\\\/\\\/www.acpdbrasil.com\\\/wp-content\\\/uploads\\\/2020\\\/08\\\/cropped-Main-1.png\",\"contentUrl\":\"https:\\\/\\\/www.acpdbrasil.com\\\/wp-content\\\/uploads\\\/2020\\\/08\\\/cropped-Main-1.png\",\"width\":944,\"height\":944,\"caption\":\"Log ACPD main\"},{\"@type\":\"BreadcrumbList\",\"@id\":\"https:\\\/\\\/www.acpdbrasil.com\\\/gdpr\\\/#breadcrumb\",\"itemListElement\":[{\"@type\":\"ListItem\",\"position\":1,\"name\":\"In\u00edcio\",\"item\":\"https:\\\/\\\/www.acpdbrasil.com\\\/\"},{\"@type\":\"ListItem\",\"position\":2,\"name\":\"GDPR\"}]},{\"@type\":\"WebSite\",\"@id\":\"https:\\\/\\\/www.acpdbrasil.com\\\/#website\",\"url\":\"https:\\\/\\\/www.acpdbrasil.com\\\/\",\"name\":\"ACPD Brasil\",\"description\":\"Conformidade, Prote\u00e7\u00e3o e Privacidade de Dados\",\"publisher\":{\"@id\":\"https:\\\/\\\/www.acpdbrasil.com\\\/#organization\"},\"potentialAction\":[{\"@type\":\"SearchAction\",\"target\":{\"@type\":\"EntryPoint\",\"urlTemplate\":\"https:\\\/\\\/www.acpdbrasil.com\\\/?s={search_term_string}\"},\"query-input\":{\"@type\":\"PropertyValueSpecification\",\"valueRequired\":true,\"valueName\":\"search_term_string\"}}],\"inLanguage\":\"en-US\"},{\"@type\":\"Organization\",\"@id\":\"https:\\\/\\\/www.acpdbrasil.com\\\/#organization\",\"name\":\"Ag\u00eancia de Conformidade e Prote\u00e7\u00e3o de Dados\",\"url\":\"https:\\\/\\\/www.acpdbrasil.com\\\/\",\"logo\":{\"@type\":\"ImageObject\",\"inLanguage\":\"en-US\",\"@id\":\"https:\\\/\\\/www.acpdbrasil.com\\\/#\\\/schema\\\/logo\\\/image\\\/\",\"url\":\"https:\\\/\\\/www.acpdbrasil.com\\\/wp-content\\\/uploads\\\/2021\\\/04\\\/ACPD-OG-image_OG-image.png\",\"contentUrl\":\"https:\\\/\\\/www.acpdbrasil.com\\\/wp-content\\\/uploads\\\/2021\\\/04\\\/ACPD-OG-image_OG-image.png\",\"width\":1201,\"height\":631,\"caption\":\"Ag\u00eancia de Conformidade e Prote\u00e7\u00e3o de Dados\"},\"image\":{\"@id\":\"https:\\\/\\\/www.acpdbrasil.com\\\/#\\\/schema\\\/logo\\\/image\\\/\"},\"sameAs\":[\"https:\\\/\\\/www.facebook.com\\\/acpdbrasil\",\"https:\\\/\\\/x.com\\\/acpdbrasil\",\"https:\\\/\\\/www.instagram.com\\\/acpdbrasil\",\"http:\\\/\\\/linkedin.com\\\/company\\\/acpdbrasil\",\"https:\\\/\\\/www.youtube.com\\\/channel\\\/UCdEnJZeex9u6Mr1_IDyOVcw\\\/featured?view_as=subscriber\"]}]}<\/script>\n<!-- \/ Yoast SEO plugin. -->","yoast_head_json":{"title":"GDPR - ACPD Brasil","robots":{"index":"index","follow":"follow","max-snippet":"max-snippet:-1","max-image-preview":"max-image-preview:large","max-video-preview":"max-video-preview:-1"},"canonical":"https:\/\/www.acpdbrasil.com\/en\/gdpr\/","og_locale":"en_US","og_type":"article","og_title":"GDPR - ACPD Brasil","og_description":"GENERAL DATA PROTECTION REGULATIOIN Ap\u00f3s quatro anos de debate, a Uni\u00e3o Europeia (EU) aprovou, em 2016, o General Data Protection Regulation (GDPR), que expandiu o n\u00famero de obriga\u00e7\u00f5es de prote\u00e7\u00e3o&hellip; Read more","og_url":"https:\/\/www.acpdbrasil.com\/en\/gdpr\/","og_site_name":"ACPD Brasil","article_publisher":"https:\/\/www.facebook.com\/acpdbrasil","article_modified_time":"2024-03-05T19:20:23+00:00","og_image":[{"width":944,"height":944,"url":"https:\/\/www.acpdbrasil.com\/wp-content\/uploads\/2020\/08\/cropped-Main-1.png","type":"image\/png"}],"twitter_card":"summary_large_image","twitter_site":"@acpdbrasil","twitter_misc":{"Est. reading time":"4 minutes"},"schema":{"@context":"https:\/\/schema.org","@graph":[{"@type":"WebPage","@id":"https:\/\/www.acpdbrasil.com\/gdpr\/","url":"https:\/\/www.acpdbrasil.com\/gdpr\/","name":"GDPR - ACPD Brasil","isPartOf":{"@id":"https:\/\/www.acpdbrasil.com\/#website"},"primaryImageOfPage":{"@id":"https:\/\/www.acpdbrasil.com\/gdpr\/#primaryimage"},"image":{"@id":"https:\/\/www.acpdbrasil.com\/gdpr\/#primaryimage"},"thumbnailUrl":"https:\/\/www.acpdbrasil.com\/wp-content\/uploads\/2020\/08\/cropped-Main-1.png","datePublished":"2020-08-04T18:49:18+00:00","dateModified":"2024-03-05T19:20:23+00:00","breadcrumb":{"@id":"https:\/\/www.acpdbrasil.com\/gdpr\/#breadcrumb"},"inLanguage":"en-US","potentialAction":[{"@type":"ReadAction","target":["https:\/\/www.acpdbrasil.com\/gdpr\/"]}]},{"@type":"ImageObject","inLanguage":"en-US","@id":"https:\/\/www.acpdbrasil.com\/gdpr\/#primaryimage","url":"https:\/\/www.acpdbrasil.com\/wp-content\/uploads\/2020\/08\/cropped-Main-1.png","contentUrl":"https:\/\/www.acpdbrasil.com\/wp-content\/uploads\/2020\/08\/cropped-Main-1.png","width":944,"height":944,"caption":"Log ACPD main"},{"@type":"BreadcrumbList","@id":"https:\/\/www.acpdbrasil.com\/gdpr\/#breadcrumb","itemListElement":[{"@type":"ListItem","position":1,"name":"In\u00edcio","item":"https:\/\/www.acpdbrasil.com\/"},{"@type":"ListItem","position":2,"name":"GDPR"}]},{"@type":"WebSite","@id":"https:\/\/www.acpdbrasil.com\/#website","url":"https:\/\/www.acpdbrasil.com\/","name":"ACPD Brasil","description":"Conformidade, Prote\u00e7\u00e3o e Privacidade de Dados","publisher":{"@id":"https:\/\/www.acpdbrasil.com\/#organization"},"potentialAction":[{"@type":"SearchAction","target":{"@type":"EntryPoint","urlTemplate":"https:\/\/www.acpdbrasil.com\/?s={search_term_string}"},"query-input":{"@type":"PropertyValueSpecification","valueRequired":true,"valueName":"search_term_string"}}],"inLanguage":"en-US"},{"@type":"Organization","@id":"https:\/\/www.acpdbrasil.com\/#organization","name":"Ag\u00eancia de Conformidade e Prote\u00e7\u00e3o de Dados","url":"https:\/\/www.acpdbrasil.com\/","logo":{"@type":"ImageObject","inLanguage":"en-US","@id":"https:\/\/www.acpdbrasil.com\/#\/schema\/logo\/image\/","url":"https:\/\/www.acpdbrasil.com\/wp-content\/uploads\/2021\/04\/ACPD-OG-image_OG-image.png","contentUrl":"https:\/\/www.acpdbrasil.com\/wp-content\/uploads\/2021\/04\/ACPD-OG-image_OG-image.png","width":1201,"height":631,"caption":"Ag\u00eancia de Conformidade e Prote\u00e7\u00e3o de Dados"},"image":{"@id":"https:\/\/www.acpdbrasil.com\/#\/schema\/logo\/image\/"},"sameAs":["https:\/\/www.facebook.com\/acpdbrasil","https:\/\/x.com\/acpdbrasil","https:\/\/www.instagram.com\/acpdbrasil","http:\/\/linkedin.com\/company\/acpdbrasil","https:\/\/www.youtube.com\/channel\/UCdEnJZeex9u6Mr1_IDyOVcw\/featured?view_as=subscriber"]}]}},"_links":{"self":[{"href":"https:\/\/www.acpdbrasil.com\/en\/wp-json\/wp\/v2\/pages\/604","targetHints":{"allow":["GET"]}}],"collection":[{"href":"https:\/\/www.acpdbrasil.com\/en\/wp-json\/wp\/v2\/pages"}],"about":[{"href":"https:\/\/www.acpdbrasil.com\/en\/wp-json\/wp\/v2\/types\/page"}],"author":[{"embeddable":true,"href":"https:\/\/www.acpdbrasil.com\/en\/wp-json\/wp\/v2\/users\/1"}],"replies":[{"embeddable":true,"href":"https:\/\/www.acpdbrasil.com\/en\/wp-json\/wp\/v2\/comments?post=604"}],"version-history":[{"count":0,"href":"https:\/\/www.acpdbrasil.com\/en\/wp-json\/wp\/v2\/pages\/604\/revisions"}],"wp:featuredmedia":[{"embeddable":true,"href":"https:\/\/www.acpdbrasil.com\/en\/wp-json\/wp\/v2\/media\/7976"}],"wp:attachment":[{"href":"https:\/\/www.acpdbrasil.com\/en\/wp-json\/wp\/v2\/media?parent=604"}],"curies":[{"name":"wp","href":"https:\/\/api.w.org\/{rel}","templated":true}]}}