{"id":540,"date":"2020-08-04T00:40:52","date_gmt":"2020-08-04T00:40:52","guid":{"rendered":"https:\/\/www.acpdbrasil.com\/?page_id=540"},"modified":"2024-02-02T17:29:05","modified_gmt":"2024-02-02T20:29:05","slug":"batepapo","status":"publish","type":"page","link":"https:\/\/www.acpdbrasil.com\/en\/batepapo\/","title":{"rendered":"#batepapo"},"content":{"rendered":"<div  data-label=\"About\" data-id=\"about--1\" data-export-id=\"about-10\" data-category=\"about\" class=\"about-10 content-section content-section-spacing\" id=\"about-1\" style=\"background-color: rgb(255, 255, 255);\"><div  class=\"gridContainer\"> <div  class=\"row middle-sm text-center\"><div  class=\"col-sm-5 space-bottom-xs content-column\" data-type=\"column\"> <h5  class=\"\">P R I V A C I D A D E<\/h5> <h2  class=\"\">Sobre privacidade<\/h2> <p  class=\"\" style=\"text-align: justify;\"><span  style=\"color: rgb(36, 55, 70);\">Privacidade \u00e9 uma palavra que tem sido muito ouvida ultimamente.\r\nO que as pessoas querem dizer quando comentam que est\u00e3o preocupadas com suas privacidades?\r\n<br ><br >A resposta? Depende.\r\n<br ><br >As pessoas t\u00eam diferentes conceitos de privacidade que dependem de sua etnia, sexo, nacionalidade, experi\u00eancia de vida, al\u00e9m de outros fatores.\r\nO tipo de privacidade que estamos falando, \u00e9 a privacidade relacionada aos dados pessoais de um titular, pessoa f\u00edsica viva.\r\n<\/span><br ><span  style=\"color: rgb(36, 55, 70);\">Alguns conceitos de privacidade no mundo:&nbsp;<\/span><br ><br ><span  style=\"color: rgb(36, 55, 70);\">\u2022 Na Europa, a privacidade \u00e9 um direito humano fundamental. Isso significa que a privacidade \u00e9 um n\u00facleo para quem somos como seres humanos e, portanto, a lei a protege como um direito;<\/span><br ><span  style=\"color: rgb(36, 55, 70);\">\u2022 Nos EUA: a privacidade de dados \u00e9 frequentemente caracterizada como o direito de ser deixado em paz;<\/span><br ><span  style=\"color: rgb(36, 55, 70);\">\u2022 Parte da \u00c1sia: privacidade \u00e9 o direito de permanecer an\u00f4nimo.\r\n<br ><br ><span  style=\"font-weight: 600;\">Nos dias de hoje, a privacidade \u00e9 moldada pela tecnologia. \u00c9 definitivamente um conceito que est\u00e1 sempre evoluindo.<\/span><\/span><\/p> <\/div> <div  class=\"col-sm-7 flexbox middle-xs center-xs space-bottom-xs\"><div  class=\"overlay-box middle-xs center-xs flexbox\"> <div  class=\"overlay-box-offset offset-border shadow-medium border-color1 hide-xs\"><\/div> <img decoding=\"async\"  class=\"shadow-large\" data-size=\"485x705\" src=\"https:\/\/www.acpdbrasil.com\/wp-content\/uploads\/2020\/08\/cropped-cybersecurity-lock.jpg\" alt=\"\" title=\"cropped-cybersecurity-lock.jpg\"><\/div> <\/div><\/div> <\/div><\/div><div  data-label=\"Features\" data-id=\"features--1\" data-export-id=\"features-6\" data-category=\"features\" class=\"features-6 content-section-spacing\" id=\"features-1\" style=\"background-color: rgb(255, 255, 255); background-image: none;\"><div  class=\"gridContainer\"> <div  class=\"row text-center\"><div  class=\"section-title-col\" data-type=\"column\"> <h2  class=\"\">Por que as organiza\u00e7\u00f5es devem considerar a privacidade?<\/h2> <\/div> <\/div> <div  data-type=\"row\" class=\"row space-bottom\"> <div  class=\"col-xs-12 col-sm-4 col-padding-small-xs\"> <div  class=\"row\"> <div  class=\"col-xs-fit\"> <p  class=\"oval color2\">1<\/p><\/div> <div  class=\"col-xs left-text\" data-type=\"column\"><h4  class=\"color2\">Confian\u00e7a<\/h4> <p  class=\"\"><span  style=\"color: rgb(36, 55, 70);\">Ajuda a estabelecer confian\u00e7a com os clientes.<\/span><\/p><\/div> <\/div><\/div> <div  class=\"col-xs-12 col-sm-4 col-padding-small-xs\"><div  class=\"row\"> <div  class=\"col-xs-fit\"><p  class=\"oval color2\">2<\/p><\/div> <div  class=\"col-xs left-text\" data-type=\"column\"><h4  class=\"color2\">Resultados Financeiros<\/h4> <p  class=\"\"><span  style=\"color: rgb(36, 55, 70);\">A abordagem de privacidade de uma empresa pode afetar seus resultados financeiros.<\/span><\/p><\/div> <\/div><\/div> <div  class=\"col-xs-12 col-sm-4 col-padding-small-xs\"><div  class=\"row\"> <div  class=\"col-xs-fit\"><p  class=\"oval color2\">3<\/p><\/div> <div  class=\"col-xs left-text\" data-type=\"column\"><h4  class=\"color2\">Risco<\/h4> <p  class=\"\"><span  style=\"color: rgb(36, 55, 70);\">&nbsp;Os pr\u00f3prios funcion\u00e1rios podem representar um risco para a privacidade.<\/span><\/p><\/div> <\/div><\/div> <\/div> <div  class=\"row\"> <div  data-type=\"column\" class=\"col-xs-12 text-center\"> <\/div> <\/div><\/div> <\/div><div  data-label=\"Cta\" data-id=\"cta--1\" data-export-id=\"cta-centered-bg-section\" data-category=\"cta\" data-section-ov=\"1\" class=\"cta-centered-bg-section content-section content-section-spacing-medium white-text\" data-parallax-depth=\"20\" id=\"cta-1\" style=\"background-color: rgb(245, 250, 253);\"><div  class=\"gridContainer\"> <div  class=\"row text-center\"><div  data-type=\"column\" class=\"\"> <h4  class=\"\">REGRA DE OURO:<\/h4><h2  class=\"\"><span  style=\"font-family: &quot;Bad Script&quot;, arial, helvetica, sans-serif; color: rgb(255, 152, 0);\">Trate os dados pessoais de terceiros com o mesmo cuidado que voc\u00ea gostaria que seus pr\u00f3prios dados fossem tratados.<\/span><\/h2> <\/div> <\/div><\/div> <\/div>","protected":false},"excerpt":{"rendered":"<p>P R I V A C I D A D E Sobre privacidade Privacidade \u00e9 uma palavra que tem sido muito ouvida ultimamente. O que as pessoas querem dizer quando&hellip; <br \/> <a class=\"read-more\" href=\"https:\/\/www.acpdbrasil.com\/en\/batepapo\/\">Read more<\/a><\/p>","protected":false},"author":1,"featured_media":763,"parent":0,"menu_order":0,"comment_status":"closed","ping_status":"closed","template":"pro\/page-templates\/full-width-page.php","meta":{"footnotes":""},"class_list":["post-540","page","type-page","status-publish","has-post-thumbnail","hentry"],"yoast_head":"<!-- This site is optimized with the Yoast SEO plugin v27.3 - https:\/\/yoast.com\/product\/yoast-seo-wordpress\/ -->\n<title>#batepapo - ACPD Brasil<\/title>\n<meta name=\"robots\" content=\"index, follow, max-snippet:-1, max-image-preview:large, max-video-preview:-1\" \/>\n<link rel=\"canonical\" href=\"https:\/\/www.acpdbrasil.com\/en\/batepapo\/\" \/>\n<meta property=\"og:locale\" content=\"en_US\" \/>\n<meta property=\"og:type\" content=\"article\" \/>\n<meta property=\"og:title\" content=\"#batepapo - ACPD Brasil\" \/>\n<meta property=\"og:description\" content=\"P R I V A C I D A D E Sobre privacidade Privacidade \u00e9 uma palavra que tem sido muito ouvida ultimamente. O que as pessoas querem dizer quando&hellip; Read more\" \/>\n<meta property=\"og:url\" content=\"https:\/\/www.acpdbrasil.com\/en\/batepapo\/\" \/>\n<meta property=\"og:site_name\" content=\"ACPD Brasil\" \/>\n<meta property=\"article:publisher\" content=\"https:\/\/www.facebook.com\/acpdbrasil\" \/>\n<meta property=\"article:modified_time\" content=\"2024-02-02T20:29:05+00:00\" \/>\n<meta property=\"og:image\" content=\"https:\/\/www.acpdbrasil.com\/wp-content\/uploads\/2020\/08\/cropped-Main.png\" \/>\n\t<meta property=\"og:image:width\" content=\"512\" \/>\n\t<meta property=\"og:image:height\" content=\"512\" \/>\n\t<meta property=\"og:image:type\" content=\"image\/png\" \/>\n<meta name=\"twitter:card\" content=\"summary_large_image\" \/>\n<meta name=\"twitter:site\" content=\"@acpdbrasil\" \/>\n<meta name=\"twitter:label1\" content=\"Est. reading time\" \/>\n\t<meta name=\"twitter:data1\" content=\"1 minute\" \/>\n<script type=\"application\/ld+json\" class=\"yoast-schema-graph\">{\"@context\":\"https:\\\/\\\/schema.org\",\"@graph\":[{\"@type\":\"WebPage\",\"@id\":\"https:\\\/\\\/www.acpdbrasil.com\\\/batepapo\\\/\",\"url\":\"https:\\\/\\\/www.acpdbrasil.com\\\/batepapo\\\/\",\"name\":\"#batepapo - ACPD Brasil\",\"isPartOf\":{\"@id\":\"https:\\\/\\\/www.acpdbrasil.com\\\/#website\"},\"primaryImageOfPage\":{\"@id\":\"https:\\\/\\\/www.acpdbrasil.com\\\/batepapo\\\/#primaryimage\"},\"image\":{\"@id\":\"https:\\\/\\\/www.acpdbrasil.com\\\/batepapo\\\/#primaryimage\"},\"thumbnailUrl\":\"https:\\\/\\\/www.acpdbrasil.com\\\/wp-content\\\/uploads\\\/2020\\\/08\\\/cropped-Main.png\",\"datePublished\":\"2020-08-04T00:40:52+00:00\",\"dateModified\":\"2024-02-02T20:29:05+00:00\",\"breadcrumb\":{\"@id\":\"https:\\\/\\\/www.acpdbrasil.com\\\/batepapo\\\/#breadcrumb\"},\"inLanguage\":\"en-US\",\"potentialAction\":[{\"@type\":\"ReadAction\",\"target\":[\"https:\\\/\\\/www.acpdbrasil.com\\\/batepapo\\\/\"]}]},{\"@type\":\"ImageObject\",\"inLanguage\":\"en-US\",\"@id\":\"https:\\\/\\\/www.acpdbrasil.com\\\/batepapo\\\/#primaryimage\",\"url\":\"https:\\\/\\\/www.acpdbrasil.com\\\/wp-content\\\/uploads\\\/2020\\\/08\\\/cropped-Main.png\",\"contentUrl\":\"https:\\\/\\\/www.acpdbrasil.com\\\/wp-content\\\/uploads\\\/2020\\\/08\\\/cropped-Main.png\",\"width\":512,\"height\":512,\"caption\":\"Logo ACPD Brasil\"},{\"@type\":\"BreadcrumbList\",\"@id\":\"https:\\\/\\\/www.acpdbrasil.com\\\/batepapo\\\/#breadcrumb\",\"itemListElement\":[{\"@type\":\"ListItem\",\"position\":1,\"name\":\"In\u00edcio\",\"item\":\"https:\\\/\\\/www.acpdbrasil.com\\\/\"},{\"@type\":\"ListItem\",\"position\":2,\"name\":\"#batepapo\"}]},{\"@type\":\"WebSite\",\"@id\":\"https:\\\/\\\/www.acpdbrasil.com\\\/#website\",\"url\":\"https:\\\/\\\/www.acpdbrasil.com\\\/\",\"name\":\"ACPD Brasil\",\"description\":\"Conformidade, Prote\u00e7\u00e3o e Privacidade de Dados\",\"publisher\":{\"@id\":\"https:\\\/\\\/www.acpdbrasil.com\\\/#organization\"},\"potentialAction\":[{\"@type\":\"SearchAction\",\"target\":{\"@type\":\"EntryPoint\",\"urlTemplate\":\"https:\\\/\\\/www.acpdbrasil.com\\\/?s={search_term_string}\"},\"query-input\":{\"@type\":\"PropertyValueSpecification\",\"valueRequired\":true,\"valueName\":\"search_term_string\"}}],\"inLanguage\":\"en-US\"},{\"@type\":\"Organization\",\"@id\":\"https:\\\/\\\/www.acpdbrasil.com\\\/#organization\",\"name\":\"Ag\u00eancia de Conformidade e Prote\u00e7\u00e3o de Dados\",\"url\":\"https:\\\/\\\/www.acpdbrasil.com\\\/\",\"logo\":{\"@type\":\"ImageObject\",\"inLanguage\":\"en-US\",\"@id\":\"https:\\\/\\\/www.acpdbrasil.com\\\/#\\\/schema\\\/logo\\\/image\\\/\",\"url\":\"https:\\\/\\\/www.acpdbrasil.com\\\/wp-content\\\/uploads\\\/2021\\\/04\\\/ACPD-OG-image_OG-image.png\",\"contentUrl\":\"https:\\\/\\\/www.acpdbrasil.com\\\/wp-content\\\/uploads\\\/2021\\\/04\\\/ACPD-OG-image_OG-image.png\",\"width\":1201,\"height\":631,\"caption\":\"Ag\u00eancia de Conformidade e Prote\u00e7\u00e3o de Dados\"},\"image\":{\"@id\":\"https:\\\/\\\/www.acpdbrasil.com\\\/#\\\/schema\\\/logo\\\/image\\\/\"},\"sameAs\":[\"https:\\\/\\\/www.facebook.com\\\/acpdbrasil\",\"https:\\\/\\\/x.com\\\/acpdbrasil\",\"https:\\\/\\\/www.instagram.com\\\/acpdbrasil\",\"http:\\\/\\\/linkedin.com\\\/company\\\/acpdbrasil\",\"https:\\\/\\\/www.youtube.com\\\/channel\\\/UCdEnJZeex9u6Mr1_IDyOVcw\\\/featured?view_as=subscriber\"]}]}<\/script>\n<!-- \/ Yoast SEO plugin. -->","yoast_head_json":{"title":"#batepapo - ACPD Brasil","robots":{"index":"index","follow":"follow","max-snippet":"max-snippet:-1","max-image-preview":"max-image-preview:large","max-video-preview":"max-video-preview:-1"},"canonical":"https:\/\/www.acpdbrasil.com\/en\/batepapo\/","og_locale":"en_US","og_type":"article","og_title":"#batepapo - ACPD Brasil","og_description":"P R I V A C I D A D E Sobre privacidade Privacidade \u00e9 uma palavra que tem sido muito ouvida ultimamente. O que as pessoas querem dizer quando&hellip; Read more","og_url":"https:\/\/www.acpdbrasil.com\/en\/batepapo\/","og_site_name":"ACPD Brasil","article_publisher":"https:\/\/www.facebook.com\/acpdbrasil","article_modified_time":"2024-02-02T20:29:05+00:00","og_image":[{"width":512,"height":512,"url":"https:\/\/www.acpdbrasil.com\/wp-content\/uploads\/2020\/08\/cropped-Main.png","type":"image\/png"}],"twitter_card":"summary_large_image","twitter_site":"@acpdbrasil","twitter_misc":{"Est. reading time":"1 minute"},"schema":{"@context":"https:\/\/schema.org","@graph":[{"@type":"WebPage","@id":"https:\/\/www.acpdbrasil.com\/batepapo\/","url":"https:\/\/www.acpdbrasil.com\/batepapo\/","name":"#batepapo - ACPD Brasil","isPartOf":{"@id":"https:\/\/www.acpdbrasil.com\/#website"},"primaryImageOfPage":{"@id":"https:\/\/www.acpdbrasil.com\/batepapo\/#primaryimage"},"image":{"@id":"https:\/\/www.acpdbrasil.com\/batepapo\/#primaryimage"},"thumbnailUrl":"https:\/\/www.acpdbrasil.com\/wp-content\/uploads\/2020\/08\/cropped-Main.png","datePublished":"2020-08-04T00:40:52+00:00","dateModified":"2024-02-02T20:29:05+00:00","breadcrumb":{"@id":"https:\/\/www.acpdbrasil.com\/batepapo\/#breadcrumb"},"inLanguage":"en-US","potentialAction":[{"@type":"ReadAction","target":["https:\/\/www.acpdbrasil.com\/batepapo\/"]}]},{"@type":"ImageObject","inLanguage":"en-US","@id":"https:\/\/www.acpdbrasil.com\/batepapo\/#primaryimage","url":"https:\/\/www.acpdbrasil.com\/wp-content\/uploads\/2020\/08\/cropped-Main.png","contentUrl":"https:\/\/www.acpdbrasil.com\/wp-content\/uploads\/2020\/08\/cropped-Main.png","width":512,"height":512,"caption":"Logo ACPD Brasil"},{"@type":"BreadcrumbList","@id":"https:\/\/www.acpdbrasil.com\/batepapo\/#breadcrumb","itemListElement":[{"@type":"ListItem","position":1,"name":"In\u00edcio","item":"https:\/\/www.acpdbrasil.com\/"},{"@type":"ListItem","position":2,"name":"#batepapo"}]},{"@type":"WebSite","@id":"https:\/\/www.acpdbrasil.com\/#website","url":"https:\/\/www.acpdbrasil.com\/","name":"ACPD Brasil","description":"Conformidade, Prote\u00e7\u00e3o e Privacidade de Dados","publisher":{"@id":"https:\/\/www.acpdbrasil.com\/#organization"},"potentialAction":[{"@type":"SearchAction","target":{"@type":"EntryPoint","urlTemplate":"https:\/\/www.acpdbrasil.com\/?s={search_term_string}"},"query-input":{"@type":"PropertyValueSpecification","valueRequired":true,"valueName":"search_term_string"}}],"inLanguage":"en-US"},{"@type":"Organization","@id":"https:\/\/www.acpdbrasil.com\/#organization","name":"Ag\u00eancia de Conformidade e Prote\u00e7\u00e3o de Dados","url":"https:\/\/www.acpdbrasil.com\/","logo":{"@type":"ImageObject","inLanguage":"en-US","@id":"https:\/\/www.acpdbrasil.com\/#\/schema\/logo\/image\/","url":"https:\/\/www.acpdbrasil.com\/wp-content\/uploads\/2021\/04\/ACPD-OG-image_OG-image.png","contentUrl":"https:\/\/www.acpdbrasil.com\/wp-content\/uploads\/2021\/04\/ACPD-OG-image_OG-image.png","width":1201,"height":631,"caption":"Ag\u00eancia de Conformidade e Prote\u00e7\u00e3o de Dados"},"image":{"@id":"https:\/\/www.acpdbrasil.com\/#\/schema\/logo\/image\/"},"sameAs":["https:\/\/www.facebook.com\/acpdbrasil","https:\/\/x.com\/acpdbrasil","https:\/\/www.instagram.com\/acpdbrasil","http:\/\/linkedin.com\/company\/acpdbrasil","https:\/\/www.youtube.com\/channel\/UCdEnJZeex9u6Mr1_IDyOVcw\/featured?view_as=subscriber"]}]}},"_links":{"self":[{"href":"https:\/\/www.acpdbrasil.com\/en\/wp-json\/wp\/v2\/pages\/540","targetHints":{"allow":["GET"]}}],"collection":[{"href":"https:\/\/www.acpdbrasil.com\/en\/wp-json\/wp\/v2\/pages"}],"about":[{"href":"https:\/\/www.acpdbrasil.com\/en\/wp-json\/wp\/v2\/types\/page"}],"author":[{"embeddable":true,"href":"https:\/\/www.acpdbrasil.com\/en\/wp-json\/wp\/v2\/users\/1"}],"replies":[{"embeddable":true,"href":"https:\/\/www.acpdbrasil.com\/en\/wp-json\/wp\/v2\/comments?post=540"}],"version-history":[{"count":0,"href":"https:\/\/www.acpdbrasil.com\/en\/wp-json\/wp\/v2\/pages\/540\/revisions"}],"wp:featuredmedia":[{"embeddable":true,"href":"https:\/\/www.acpdbrasil.com\/en\/wp-json\/wp\/v2\/media\/763"}],"wp:attachment":[{"href":"https:\/\/www.acpdbrasil.com\/en\/wp-json\/wp\/v2\/media?parent=540"}],"curies":[{"name":"wp","href":"https:\/\/api.w.org\/{rel}","templated":true}]}}