{"id":524,"date":"2020-08-04T00:32:00","date_gmt":"2020-08-04T00:32:00","guid":{"rendered":"https:\/\/www.acpdbrasil.com\/?page_id=524"},"modified":"2024-03-05T16:23:22","modified_gmt":"2024-03-05T19:23:22","slug":"riskmapping","status":"publish","type":"page","link":"https:\/\/www.acpdbrasil.com\/en\/riskmapping\/","title":{"rendered":"ACPD Risk Mapping"},"content":{"rendered":"<div  data-label=\"About\" data-id=\"about--1\" data-export-id=\"about-10\" data-category=\"about\" class=\"about-10 content-section content-section-spacing\" id=\"about-1\" style=\"background-color: rgb(255, 255, 255);\"><div  class=\"gridContainer\"> <div  class=\"row middle-sm text-center\"><div  class=\"col-sm-5 space-bottom-xs content-column\" data-type=\"column\"> <h5  class=\"\"><span  style=\"color: rgb(36, 55, 70);\">ACPD RISK MAPPING<\/span><\/h5>  <p  class=\"\" style=\"text-align: justify;\"><span  style=\"color: rgb(36, 55, 70);\">A Lei Geral de Prote\u00e7\u00e3o de Dados (LGPD) veio para ficar. Contudo, interpretar os artigos desta lei e sugerir solu\u00e7\u00f5es, definitivamente n\u00e3o \u00e9 a melhor estrat\u00e9gia. T\u00e3o pouco, a simples aquisi\u00e7\u00e3o de <span  style=\"font-style: italic;\">softwares<\/span> ofertados no mercado. Apenas alterar o texto da pol\u00edtica da sua organiza\u00e7\u00e3o e inserir textos ligados \u00e0 cultura de privacidade, sem a implementa\u00e7\u00e3o de medidas b\u00e1sicas de seguran\u00e7a e privacidade da informa\u00e7\u00e3o que impe\u00e7am incidentes e vazamentos, tamb\u00e9m n\u00e3o ser\u00e1 suficiente. <span  style=\"font-weight: 600;\">Estar em <span  style=\"font-style: italic;\">compliance<\/span> com a LGPD \u00e9 muito do mais do que isso.\r\n<\/span><\/span><br ><br >\r\n<span  style=\"color: rgb(142, 157, 174); font-weight: 700;\"><span  style=\"color: rgb(149, 46, 70);\">Por onde come\u00e7ar? <\/span>\r\n<br ><br ><span  style=\"color: rgb(36, 55, 70);\">Seguramente, atrav\u00e9s de um mapeamento de riscos com base em normas t\u00e9cnicas (ABNT e ISO).\r\n<\/span><\/span><br ><br >\r\n<span  style=\"font-weight: 700; color: rgb(149, 46, 70);\">O que \u00e9 o ACPD <span  style=\"font-style: italic;\">Risk Mapping<\/span>?<\/span><br >\r\n\r\n<br ><span  style=\"color: rgb(36, 55, 70);\">\u00c9 uma ferramenta <span  style=\"font-style: italic;\">online<\/span> da ACPD, que poder\u00e1 ser utilizada por organiza\u00e7\u00f5es que buscam estar em&nbsp;<span  style=\"font-style: italic;\">compliance<\/span> com a LGPD, a fim de identificar riscos e analis\u00e1-los. Ao final da avalia\u00e7\u00e3o multissetorial da sua organiza\u00e7\u00e3o, ser\u00e1 emitido relat\u00f3rio t\u00e9cnico, assinado por um dos nossos auditores especializados na norma NBR ISO\/IEC 27701:2019. Este documento auxiliar\u00e1 a sua organiza\u00e7\u00e3o a identificar riscos associados \u00e0 prote\u00e7\u00e3o e privacidade de dados pessoais. O prop\u00f3sito da avalia\u00e7\u00e3o de riscos \u00e9 apoiar decis\u00f5es. Sendo assim, de posse desse relat\u00f3rio a organiza\u00e7\u00e3o poder\u00e1 iniciar sua&nbsp; avalia\u00e7\u00e3o de riscos, a fim de: (a)&nbsp; considerar as op\u00e7\u00f5es de tratamento de riscos; (b) realizar an\u00e1lises adicionais para melhor compreender o risco; (c) manter os controles existentes; (d) reconsiderar os objetivos; (e) n\u00e3o fazer mais nada.<\/span><br ><br ><span  style=\"color: rgb(36, 55, 70);\">\r\nO ACPD <span  style=\"font-style: italic;\">Risk Mapping<\/span> toma como crit\u00e9rio a referida norma NBR ISO\/IEC 27701:2019 e demais normas diretamente relacionadas. Sendo assim, em conjunto com a capacita\u00e7\u00e3o de seus colaborares, este produto servir\u00e1 como marco inicial da jornada da sua organiza\u00e7\u00e3o na busca por estar em <span  style=\"font-style: italic;\">compliance<\/span> com o arcabou\u00e7o jur\u00eddico-regulat\u00f3rio da LGPD, com base nas melhores pr\u00e1ticas internacionais.\r\n<\/span><br ><br ><span  style=\"color: rgb(36, 55, 70);\">\r\nNOTA: A formalidade de uma auditoria de conformidade \u00e9 requerida.<\/span><\/p> <a class=\"button color2\" href=\"https:\/\/www.acpdbrasil.com\/wp-content\/uploads\/2020\/09\/Folder-ARM_r.pdf\" target=\"_blank\" data-cp-link=\"1\" data-icon=\"\" rel=\"noopener noreferrer\">FOLDER<\/a><\/div> <div  class=\"col-sm-7 flexbox middle-xs center-xs space-bottom-xs\"><div  class=\"overlay-box middle-xs center-xs flexbox\"> <div  class=\"overlay-box-offset offset-border shadow-medium border-color1 hide-xs\"><\/div> <img decoding=\"async\"  class=\"shadow-large\" data-size=\"485x705\" src=\"https:\/\/www.acpdbrasil.com\/wp-content\/uploads\/2020\/08\/cropped-saupload_Five-Stages-of-Lead-Management-scaled-1.jpeg\" alt=\"\" title=\"cropped-saupload_Five-Stages-of-Lead-Management-scaled-1.jpeg\"><\/div> <\/div><\/div> <\/div><\/div><div  data-label=\"Cta\" data-id=\"cta--1\" data-export-id=\"cta-blue-section\" data-category=\"cta\" class=\"cta-blue-section content-section content-section-spacing-medium bg-color1 white-text\" id=\"cta-1\"><div  class=\"gridContainer\"> <div  class=\"row middle-xs\"><div  class=\"col-sm-8 space-bottom-xs\" data-type=\"column\"> <h2  class=\"\">Precisando saber por onde come\u00e7ar sua adequa\u00e7\u00e3o? Entre em contato.<\/h2> <\/div> <div  class=\"col-sm-4 end-sm\" data-type=\"column\"> <a class=\"button color2\" href=\"https:\/\/www.acpdbrasil.com\/en\/contato\/\" target=\"_self\" data-cp-link=\"1\" data-icon=\"\" rel=\"noopener noreferrer\">CONTATO<\/a><\/div> <\/div><\/div> <\/div><div  data-label=\"Content\" data-id=\"content--1\" data-export-id=\"content-2\" data-category=\"content\" class=\"content-2 content-section content-section-spacing\" id=\"content-1\" style=\"background-color: rgb(255, 255, 255); background-image: none;\"><div > <div  class=\"row middle-xs\"><div  class=\"col-sm-5 bg-image shadow-large-black\" data-bg=\"image\" style=\"background-image: url(&quot;https:\/\/www.acpdbrasil.com\/wp-content\/uploads\/2020\/08\/cropped-ACPD-Risk-Mapping-2.jpg&quot;);\"><\/div> <div  class=\"col-sm-7 full-col-left-padding full-col-right-padding\"> <div  class=\"row\"> <div  data-type=\"column\" class=\"space-bottom-small content-title-col\">   <\/div> <\/div> <div  class=\"row spaced-cols\" data-type=\"row\"> <div  class=\"col-xs-6\" data-type=\"column\"> <h5  class=\"\"><span  style=\"color: rgb(149, 46, 70);\">Por que contratar?<\/span><\/h5> <p  class=\"\" style=\"text-align: left;\"><span  style=\"color: rgb(36, 55, 70);\">Gerenciar riscos \u00e9 parte da governan\u00e7a e lideran\u00e7a, sendo&nbsp; fundamental na forma como a organiza\u00e7\u00e3o \u00e9 gerenciada em todos os n\u00edveis, considerando os contextos externo e interno da organiza\u00e7\u00e3o, incluindo o comportamento humano e os fatores culturais. Isto contribuir\u00e1 para a melhoria ou cria\u00e7\u00e3o do Sistemas de Gest\u00e3o de Privacidade da Informa\u00e7\u00e3o (SGPI), al\u00e9m de auxiliar as organiza\u00e7\u00f5es no estabelecimento de estrat\u00e9gias, no alcance de objetivos e na tomada de decis\u00f5es fundamentadas.<\/span><\/p><\/div> <div  class=\"col-xs-6\" data-type=\"column\"><h5  class=\"\"><span  style=\"color: rgb(149, 46, 70);\">Quem deve contratar?<\/span><\/h5> <p  class=\"\" style=\"text-align: left;\"><span  style=\"color: rgb(36, 55, 70);\">Todas as organiza\u00e7\u00f5es que almejam estar em <span  style=\"font-style: italic;\">compliance<\/span> com a Lei Geral de Prote\u00e7\u00e3o de Dados (LGPD) e demais arcabou\u00e7os jur\u00eddicos-regulat\u00f3rios para prote\u00e7\u00e3o e privacidade de dados pessoais, no mundo.<\/span>\r\n<br ><br ><span  style=\"font-weight: 700; color: rgb(149, 46, 70);\">Quando pode ser contratada?<\/span><br >\r\n<br ><span  style=\"color: rgb(36, 55, 70);\">O ACPD Risk Mapping poder\u00e1 ser contratado a qualquer momento.<\/span><\/p><\/div>  <div  class=\"col-xs-6\" data-type=\"column\"><h5  class=\"\"><span  style=\"color: rgb(149, 46, 70);\">Como ser\u00e1 realizado?<\/span><\/h5> <p  class=\"\"><span  style=\"color: rgb(36, 55, 70);\">Atrav\u00e9s de avalia\u00e7\u00e3o <span style=\"font-style: italic;\" >online<\/span> e uso de Tecnologia da Informa\u00e7\u00e3o e Comunica\u00e7\u00e3o (TIC): Zoom Meetings, Survey Monkey ou equivalentes.<\/span><\/p><\/div> <div  class=\"col-xs-6\" data-type=\"column\"> <h5  class=\"\"><span  style=\"color: rgb(149, 46, 70);\">Onde ser\u00e1 o evento?<\/span><\/h5> <p  class=\"\" style=\"text-align: justify;\"><span  style=\"color: rgb(36, 55, 70);\">Internet ou <span  style=\"font-style: italic;\">in company.<\/span><\/span><\/p><\/div><div  class=\"col-xs-6\" data-type=\"column\"> <h5  class=\"\"><span  style=\"color: rgb(149, 46, 70);\">Quanto custa?<\/span><\/h5> <p  class=\"\" style=\"text-align: justify;\"><span  style=\"color: rgb(36, 55, 70);\">Sob consulta.<\/span><\/p><\/div><\/div><\/div> <\/div><\/div> <\/div>","protected":false},"excerpt":{"rendered":"<p>ACPD RISK MAPPING A Lei Geral de Prote\u00e7\u00e3o de Dados (LGPD) veio para ficar. Contudo, interpretar os artigos desta lei e sugerir solu\u00e7\u00f5es, definitivamente n\u00e3o \u00e9 a melhor estrat\u00e9gia. T\u00e3o&hellip; <br \/> <a class=\"read-more\" href=\"https:\/\/www.acpdbrasil.com\/en\/riskmapping\/\">Read more<\/a><\/p>","protected":false},"author":1,"featured_media":7976,"parent":0,"menu_order":0,"comment_status":"closed","ping_status":"closed","template":"pro\/page-templates\/full-width-page.php","meta":{"footnotes":""},"class_list":["post-524","page","type-page","status-publish","has-post-thumbnail","hentry"],"yoast_head":"<!-- This site is optimized with the Yoast SEO plugin v27.3 - https:\/\/yoast.com\/product\/yoast-seo-wordpress\/ -->\n<title>ACPD Risk Mapping - ACPD Brasil<\/title>\n<meta name=\"robots\" content=\"index, follow, max-snippet:-1, max-image-preview:large, max-video-preview:-1\" \/>\n<link rel=\"canonical\" href=\"https:\/\/www.acpdbrasil.com\/en\/riskmapping\/\" \/>\n<meta property=\"og:locale\" content=\"en_US\" \/>\n<meta property=\"og:type\" content=\"article\" \/>\n<meta property=\"og:title\" content=\"ACPD Risk Mapping - ACPD Brasil\" \/>\n<meta property=\"og:description\" content=\"ACPD RISK MAPPING A Lei Geral de Prote\u00e7\u00e3o de Dados (LGPD) veio para ficar. Contudo, interpretar os artigos desta lei e sugerir solu\u00e7\u00f5es, definitivamente n\u00e3o \u00e9 a melhor estrat\u00e9gia. T\u00e3o&hellip; Read more\" \/>\n<meta property=\"og:url\" content=\"https:\/\/www.acpdbrasil.com\/en\/riskmapping\/\" \/>\n<meta property=\"og:site_name\" content=\"ACPD Brasil\" \/>\n<meta property=\"article:publisher\" content=\"https:\/\/www.facebook.com\/acpdbrasil\" \/>\n<meta property=\"article:modified_time\" content=\"2024-03-05T19:23:22+00:00\" \/>\n<meta property=\"og:image\" content=\"https:\/\/www.acpdbrasil.com\/wp-content\/uploads\/2020\/08\/cropped-Main-1.png\" \/>\n\t<meta property=\"og:image:width\" content=\"944\" \/>\n\t<meta property=\"og:image:height\" content=\"944\" \/>\n\t<meta property=\"og:image:type\" content=\"image\/png\" \/>\n<meta name=\"twitter:card\" content=\"summary_large_image\" \/>\n<meta name=\"twitter:site\" content=\"@acpdbrasil\" \/>\n<meta name=\"twitter:label1\" content=\"Est. reading time\" \/>\n\t<meta name=\"twitter:data1\" content=\"3 minutes\" \/>\n<script type=\"application\/ld+json\" class=\"yoast-schema-graph\">{\"@context\":\"https:\\\/\\\/schema.org\",\"@graph\":[{\"@type\":\"WebPage\",\"@id\":\"https:\\\/\\\/www.acpdbrasil.com\\\/riskmapping\\\/\",\"url\":\"https:\\\/\\\/www.acpdbrasil.com\\\/riskmapping\\\/\",\"name\":\"ACPD Risk Mapping - ACPD Brasil\",\"isPartOf\":{\"@id\":\"https:\\\/\\\/www.acpdbrasil.com\\\/#website\"},\"primaryImageOfPage\":{\"@id\":\"https:\\\/\\\/www.acpdbrasil.com\\\/riskmapping\\\/#primaryimage\"},\"image\":{\"@id\":\"https:\\\/\\\/www.acpdbrasil.com\\\/riskmapping\\\/#primaryimage\"},\"thumbnailUrl\":\"https:\\\/\\\/www.acpdbrasil.com\\\/wp-content\\\/uploads\\\/2020\\\/08\\\/cropped-Main-1.png\",\"datePublished\":\"2020-08-04T00:32:00+00:00\",\"dateModified\":\"2024-03-05T19:23:22+00:00\",\"breadcrumb\":{\"@id\":\"https:\\\/\\\/www.acpdbrasil.com\\\/riskmapping\\\/#breadcrumb\"},\"inLanguage\":\"en-US\",\"potentialAction\":[{\"@type\":\"ReadAction\",\"target\":[\"https:\\\/\\\/www.acpdbrasil.com\\\/riskmapping\\\/\"]}]},{\"@type\":\"ImageObject\",\"inLanguage\":\"en-US\",\"@id\":\"https:\\\/\\\/www.acpdbrasil.com\\\/riskmapping\\\/#primaryimage\",\"url\":\"https:\\\/\\\/www.acpdbrasil.com\\\/wp-content\\\/uploads\\\/2020\\\/08\\\/cropped-Main-1.png\",\"contentUrl\":\"https:\\\/\\\/www.acpdbrasil.com\\\/wp-content\\\/uploads\\\/2020\\\/08\\\/cropped-Main-1.png\",\"width\":944,\"height\":944,\"caption\":\"Log ACPD main\"},{\"@type\":\"BreadcrumbList\",\"@id\":\"https:\\\/\\\/www.acpdbrasil.com\\\/riskmapping\\\/#breadcrumb\",\"itemListElement\":[{\"@type\":\"ListItem\",\"position\":1,\"name\":\"In\u00edcio\",\"item\":\"https:\\\/\\\/www.acpdbrasil.com\\\/\"},{\"@type\":\"ListItem\",\"position\":2,\"name\":\"ACPD Risk Mapping\"}]},{\"@type\":\"WebSite\",\"@id\":\"https:\\\/\\\/www.acpdbrasil.com\\\/#website\",\"url\":\"https:\\\/\\\/www.acpdbrasil.com\\\/\",\"name\":\"ACPD Brasil\",\"description\":\"Conformidade, Prote\u00e7\u00e3o e Privacidade de Dados\",\"publisher\":{\"@id\":\"https:\\\/\\\/www.acpdbrasil.com\\\/#organization\"},\"potentialAction\":[{\"@type\":\"SearchAction\",\"target\":{\"@type\":\"EntryPoint\",\"urlTemplate\":\"https:\\\/\\\/www.acpdbrasil.com\\\/?s={search_term_string}\"},\"query-input\":{\"@type\":\"PropertyValueSpecification\",\"valueRequired\":true,\"valueName\":\"search_term_string\"}}],\"inLanguage\":\"en-US\"},{\"@type\":\"Organization\",\"@id\":\"https:\\\/\\\/www.acpdbrasil.com\\\/#organization\",\"name\":\"Ag\u00eancia de Conformidade e Prote\u00e7\u00e3o de Dados\",\"url\":\"https:\\\/\\\/www.acpdbrasil.com\\\/\",\"logo\":{\"@type\":\"ImageObject\",\"inLanguage\":\"en-US\",\"@id\":\"https:\\\/\\\/www.acpdbrasil.com\\\/#\\\/schema\\\/logo\\\/image\\\/\",\"url\":\"https:\\\/\\\/www.acpdbrasil.com\\\/wp-content\\\/uploads\\\/2021\\\/04\\\/ACPD-OG-image_OG-image.png\",\"contentUrl\":\"https:\\\/\\\/www.acpdbrasil.com\\\/wp-content\\\/uploads\\\/2021\\\/04\\\/ACPD-OG-image_OG-image.png\",\"width\":1201,\"height\":631,\"caption\":\"Ag\u00eancia de Conformidade e Prote\u00e7\u00e3o de Dados\"},\"image\":{\"@id\":\"https:\\\/\\\/www.acpdbrasil.com\\\/#\\\/schema\\\/logo\\\/image\\\/\"},\"sameAs\":[\"https:\\\/\\\/www.facebook.com\\\/acpdbrasil\",\"https:\\\/\\\/x.com\\\/acpdbrasil\",\"https:\\\/\\\/www.instagram.com\\\/acpdbrasil\",\"http:\\\/\\\/linkedin.com\\\/company\\\/acpdbrasil\",\"https:\\\/\\\/www.youtube.com\\\/channel\\\/UCdEnJZeex9u6Mr1_IDyOVcw\\\/featured?view_as=subscriber\"]}]}<\/script>\n<!-- \/ Yoast SEO plugin. -->","yoast_head_json":{"title":"ACPD Risk Mapping - ACPD Brasil","robots":{"index":"index","follow":"follow","max-snippet":"max-snippet:-1","max-image-preview":"max-image-preview:large","max-video-preview":"max-video-preview:-1"},"canonical":"https:\/\/www.acpdbrasil.com\/en\/riskmapping\/","og_locale":"en_US","og_type":"article","og_title":"ACPD Risk Mapping - ACPD Brasil","og_description":"ACPD RISK MAPPING A Lei Geral de Prote\u00e7\u00e3o de Dados (LGPD) veio para ficar. Contudo, interpretar os artigos desta lei e sugerir solu\u00e7\u00f5es, definitivamente n\u00e3o \u00e9 a melhor estrat\u00e9gia. T\u00e3o&hellip; Read more","og_url":"https:\/\/www.acpdbrasil.com\/en\/riskmapping\/","og_site_name":"ACPD Brasil","article_publisher":"https:\/\/www.facebook.com\/acpdbrasil","article_modified_time":"2024-03-05T19:23:22+00:00","og_image":[{"width":944,"height":944,"url":"https:\/\/www.acpdbrasil.com\/wp-content\/uploads\/2020\/08\/cropped-Main-1.png","type":"image\/png"}],"twitter_card":"summary_large_image","twitter_site":"@acpdbrasil","twitter_misc":{"Est. reading time":"3 minutes"},"schema":{"@context":"https:\/\/schema.org","@graph":[{"@type":"WebPage","@id":"https:\/\/www.acpdbrasil.com\/riskmapping\/","url":"https:\/\/www.acpdbrasil.com\/riskmapping\/","name":"ACPD Risk Mapping - ACPD Brasil","isPartOf":{"@id":"https:\/\/www.acpdbrasil.com\/#website"},"primaryImageOfPage":{"@id":"https:\/\/www.acpdbrasil.com\/riskmapping\/#primaryimage"},"image":{"@id":"https:\/\/www.acpdbrasil.com\/riskmapping\/#primaryimage"},"thumbnailUrl":"https:\/\/www.acpdbrasil.com\/wp-content\/uploads\/2020\/08\/cropped-Main-1.png","datePublished":"2020-08-04T00:32:00+00:00","dateModified":"2024-03-05T19:23:22+00:00","breadcrumb":{"@id":"https:\/\/www.acpdbrasil.com\/riskmapping\/#breadcrumb"},"inLanguage":"en-US","potentialAction":[{"@type":"ReadAction","target":["https:\/\/www.acpdbrasil.com\/riskmapping\/"]}]},{"@type":"ImageObject","inLanguage":"en-US","@id":"https:\/\/www.acpdbrasil.com\/riskmapping\/#primaryimage","url":"https:\/\/www.acpdbrasil.com\/wp-content\/uploads\/2020\/08\/cropped-Main-1.png","contentUrl":"https:\/\/www.acpdbrasil.com\/wp-content\/uploads\/2020\/08\/cropped-Main-1.png","width":944,"height":944,"caption":"Log ACPD main"},{"@type":"BreadcrumbList","@id":"https:\/\/www.acpdbrasil.com\/riskmapping\/#breadcrumb","itemListElement":[{"@type":"ListItem","position":1,"name":"In\u00edcio","item":"https:\/\/www.acpdbrasil.com\/"},{"@type":"ListItem","position":2,"name":"ACPD Risk Mapping"}]},{"@type":"WebSite","@id":"https:\/\/www.acpdbrasil.com\/#website","url":"https:\/\/www.acpdbrasil.com\/","name":"ACPD Brasil","description":"Conformidade, Prote\u00e7\u00e3o e Privacidade de Dados","publisher":{"@id":"https:\/\/www.acpdbrasil.com\/#organization"},"potentialAction":[{"@type":"SearchAction","target":{"@type":"EntryPoint","urlTemplate":"https:\/\/www.acpdbrasil.com\/?s={search_term_string}"},"query-input":{"@type":"PropertyValueSpecification","valueRequired":true,"valueName":"search_term_string"}}],"inLanguage":"en-US"},{"@type":"Organization","@id":"https:\/\/www.acpdbrasil.com\/#organization","name":"Ag\u00eancia de Conformidade e Prote\u00e7\u00e3o de Dados","url":"https:\/\/www.acpdbrasil.com\/","logo":{"@type":"ImageObject","inLanguage":"en-US","@id":"https:\/\/www.acpdbrasil.com\/#\/schema\/logo\/image\/","url":"https:\/\/www.acpdbrasil.com\/wp-content\/uploads\/2021\/04\/ACPD-OG-image_OG-image.png","contentUrl":"https:\/\/www.acpdbrasil.com\/wp-content\/uploads\/2021\/04\/ACPD-OG-image_OG-image.png","width":1201,"height":631,"caption":"Ag\u00eancia de Conformidade e Prote\u00e7\u00e3o de Dados"},"image":{"@id":"https:\/\/www.acpdbrasil.com\/#\/schema\/logo\/image\/"},"sameAs":["https:\/\/www.facebook.com\/acpdbrasil","https:\/\/x.com\/acpdbrasil","https:\/\/www.instagram.com\/acpdbrasil","http:\/\/linkedin.com\/company\/acpdbrasil","https:\/\/www.youtube.com\/channel\/UCdEnJZeex9u6Mr1_IDyOVcw\/featured?view_as=subscriber"]}]}},"_links":{"self":[{"href":"https:\/\/www.acpdbrasil.com\/en\/wp-json\/wp\/v2\/pages\/524","targetHints":{"allow":["GET"]}}],"collection":[{"href":"https:\/\/www.acpdbrasil.com\/en\/wp-json\/wp\/v2\/pages"}],"about":[{"href":"https:\/\/www.acpdbrasil.com\/en\/wp-json\/wp\/v2\/types\/page"}],"author":[{"embeddable":true,"href":"https:\/\/www.acpdbrasil.com\/en\/wp-json\/wp\/v2\/users\/1"}],"replies":[{"embeddable":true,"href":"https:\/\/www.acpdbrasil.com\/en\/wp-json\/wp\/v2\/comments?post=524"}],"version-history":[{"count":0,"href":"https:\/\/www.acpdbrasil.com\/en\/wp-json\/wp\/v2\/pages\/524\/revisions"}],"wp:featuredmedia":[{"embeddable":true,"href":"https:\/\/www.acpdbrasil.com\/en\/wp-json\/wp\/v2\/media\/7976"}],"wp:attachment":[{"href":"https:\/\/www.acpdbrasil.com\/en\/wp-json\/wp\/v2\/media?parent=524"}],"curies":[{"name":"wp","href":"https:\/\/api.w.org\/{rel}","templated":true}]}}