{"id":519,"date":"2020-08-04T00:30:41","date_gmt":"2020-08-04T00:30:41","guid":{"rendered":"https:\/\/www.acpdbrasil.com\/?page_id=519"},"modified":"2024-03-06T12:48:37","modified_gmt":"2024-03-06T15:48:37","slug":"webinar","status":"publish","type":"page","link":"https:\/\/www.acpdbrasil.com\/en\/webinar\/","title":{"rendered":"ACPD Talks: LGPD para Leigos"},"content":{"rendered":"<div  data-label=\"About\" data-id=\"about--1\" data-export-id=\"about-10\" data-category=\"about\" class=\"about-10 content-section content-section-spacing\" id=\"about-1\" style=\"background-color: rgb(255, 255, 255);\"><div  class=\"gridContainer\"> <div  class=\"row middle-sm text-center\"><div  class=\"col-sm-5 space-bottom-xs content-column\" data-type=\"column\"> <h5  class=\"\" style=\"text-align: left;\"><span  style=\"color: rgb(51, 51, 51);\">WEBINAR ACPD<\/span><\/h5>  <p  class=\"\" style=\"text-align: justify;\" data-lt-tmp-id=\"lt-217867\" data-gramm=\"false\"><span  style=\"font-weight: 700; color: rgb(149, 46, 70);\">O que \u00e9 o webinar ACPD Talks: LGPD parar Leigos?\r\n\r\n<\/span><br >\r\n\r\n<br ><span  style=\"color: rgb(36, 55, 70);\">Muitos conte\u00fados informativos disponibilizados na internet s\u00e3o encontrados em formato de texto, o que acaba por saturar alguns internautas. Atentos \u00e0s novas possibilidades, a ACPD decidiu, por meio de uma comunica\u00e7\u00e3o mais humanizada, promover eventos <span  style=\"font-style: italic;\">online<\/span>, ao vivo.\r\n<br ><br >Sendo assim, a ACPD criou a s\u00e9rie de eventos online, intitulada de <span  style=\"font-weight: 600;\">ACPD Talks. <span  style=\"font-weight: 400;\">Sendo que, o evento mais popular desta s\u00e9rie \u00e9 o<\/span> ACPD Talks: LGPD para Leigos,<\/span>&nbsp;que \u00e9 uma apresenta\u00e7\u00e3o, ao vivo, na qual \u00e9 apresentado um panorama sobre a prote\u00e7\u00e3o e privacidade de dados, no Brasil e no mundo. Com destaque para a Lei Geral de Prote\u00e7\u00e3o de Dados (LGPD), Lei n.\u00ba 13.709\/2018, que entrou em vigor em 18 de setembro de 2020, e as melhores pr\u00e1ticas internacionais, para que uma organiza\u00e7\u00e3o inicie o desafio de estar em <span  style=\"font-style: italic;\">compliance<\/span> com seu arcabou\u00e7o jur\u00eddico-regulat\u00f3rio desta lei.&nbsp;&nbsp;<\/span><br ><br ><span  style=\"color: rgb(36, 55, 70);\">\r\nNossos <span  style=\"font-style: italic;\">webinars<\/span> s\u00e3o ao vivo por entendermos que a nossa audi\u00eancia precisa interagir com o(s) palestrante(s) e especialista(s) sobre o tema, com perguntas durante o evento, independente de sua localiza\u00e7\u00e3o geogr\u00e1fica.<br >\r\n<\/span><br >\r\n<span  style=\"font-weight: 700; color: rgb(149, 46, 70);\">Por que assistir?\r\n<\/span>\r\n<br ><br ><span  style=\"color: rgb(36, 55, 70);\">\r\nA partir deste evento, voc\u00ea conseguir\u00e1 entender as leis, medidas provis\u00f3rias, projetos de lei, PECs, e demais instrumentos, diretamente relacionadas aos desafios de estar em <span  style=\"font-style: italic;\">compliance<\/span> com a LGPD. Al\u00e9m de ter contato com as melhores pr\u00e1ticas mundiais, que ser\u00e3o alcan\u00e7adas atrav\u00e9s da utiliza\u00e7\u00e3o de normas t\u00e9cnicas da ABNT e da ISO.\r\n<br ><br >O nosso evento proporcionar\u00e1 uma compreens\u00e3o sobre a LGPD, de uma maneira mais descomplicada, did\u00e1tica e r\u00e1pida, contando com infogr\u00e1ficos exclusivos, e esclarecimentos em tempo real.<\/span><br ><br >\r\n<span  style=\"font-weight: 700; color: rgb(149, 46, 70);\">Onde ser\u00e1 o evento?\r\n<\/span>\r\n<br ><br >\r\n<span  style=\"color: rgb(36, 55, 70);\">Internet.<\/span><span  id=\"_mce_caret\" data-mce-bogus=\"1\" data-mce-type=\"format-caret\"><span  style=\"color: rgb(36, 55, 70);\"><\/span><\/span><\/p> <a class=\"button color2\" href=\"https:\/\/www.acpdbrasil.com\/wp-content\/uploads\/2020\/09\/Folder-webinar-LGPD-na-Pra\u0301tica_r.pdf\" target=\"_blank\" data-cp-link=\"1\" data-icon=\"\" rel=\"noopener noreferrer\">FOLDER<\/a><\/div> <div  class=\"col-sm-7 flexbox middle-xs center-xs space-bottom-xs\"><div  class=\"overlay-box middle-xs center-xs flexbox\"> <div  class=\"overlay-box-offset offset-border shadow-medium border-color1 hide-xs\"><\/div> <img  decoding=\"async\" class=\"shadow-large\" data-size=\"485x705\" src=\"https:\/\/www.acpdbrasil.com\/wp-content\/uploads\/2020\/08\/cropped-Depositphotos_9887527_ds2500px-1.jpg\" alt=\"\" title=\"cropped-Depositphotos_9887527_ds2500px-1.jpg\"><\/div> <\/div><\/div> <\/div><\/div><div  data-label=\"Cta\" data-id=\"cta--1\" data-export-id=\"cta-blue-section\" data-category=\"cta\" class=\"cta-blue-section content-section content-section-spacing-medium bg-color1 white-text\" id=\"cta-1\" style=\"background-image: none; background-color: rgb(149, 46, 70);\"><div  class=\"gridContainer\"> <div  class=\"row middle-xs\"><div  class=\"col-sm-8 space-bottom-xs\" data-type=\"column\"> <h2  class=\"\">Est\u00e1 interessado? Entre em contato.<\/h2> <\/div> <div  class=\"col-sm-4 end-sm\" data-type=\"column\"> <a class=\"button color1\" href=\"https:\/\/www.acpdbrasil.com\/en\/contato\/\" target=\"_self\" data-cp-link=\"1\" data-icon=\"\" rel=\"noopener noreferrer\">CONTATO<\/a><\/div> <\/div><\/div> <\/div><div  data-label=\"Content\" data-id=\"content--1\" data-export-id=\"content-2\" data-category=\"content\" class=\"content-2 content-section content-section-spacing\" id=\"content-1\" style=\"background-color: rgb(255, 255, 255); background-image: none;\"><div > <div  class=\"row middle-xs\"><div  class=\"col-sm-5 bg-image shadow-large-black\" data-bg=\"image\" style=\"background-image: url(&quot;https:\/\/www.acpdbrasil.com\/wp-content\/uploads\/2020\/08\/cropped-Webinar-3.jpeg&quot;);\"><\/div> <div  class=\"col-sm-7 full-col-left-padding full-col-right-padding\"> <div  class=\"row\"> <div  data-type=\"column\" class=\"space-bottom-small content-title-col\">   <\/div> <\/div> <div  class=\"row spaced-cols\" data-type=\"row\"> <div  class=\"col-xs-6\" data-type=\"column\"> <h5  class=\"\"><span  style=\"color: rgb(149, 46, 70);\">Quem deve assistir?<\/span><\/h5> <p  class=\"\"><span  style=\"color: rgb(36, 55, 70);\">\u2022\tN\u00edvel Estrat\u00e9gico: Presidentes, C-Suite, Diretores e demais tomadores de decis\u00f5es corporativas;<\/span><br ><span  style=\"color: rgb(36, 55, 70);\">\r\n\u2022\tN\u00edvel T\u00e1tico: <span  style=\"font-style: italic;\">Data Protection Officers<\/span> (DPOs), Gerentes, Supervisores, Chefes de Divis\u00e3o e Coordenadores;<\/span><br ><span  style=\"color: rgb(36, 55, 70);\">\r\n\u2022\tN\u00edvel Operacional: For\u00e7a de trabalho em geral;<\/span><br ><span  style=\"color: rgb(36, 55, 70);\">\r\n\u2022\tEstudantes em geral.<\/span><\/p><\/div> <div  class=\"col-xs-6\" data-type=\"column\"><h5  class=\"\"><span  style=\"color: rgb(149, 46, 70);\">Como ser\u00e1 realizado?<\/span><\/h5> <p  class=\"\"><span  style=\"color: rgb(36, 55, 70);\">Atrav\u00e9s de inscri\u00e7\u00e3o <span  style=\"font-style: italic;\">online<\/span> e uso de Tecnologia da Informa\u00e7\u00e3o e Comunica\u00e7\u00e3o (TIC): Zoom Meetings ou equivalente.\r\n<\/span><br ><span  style=\"color: rgb(36, 55, 70);\">\r\n\r\n<br >NOTA: A partir de decis\u00e3o exclusiva da ACPD, o nosso webinar tamb\u00e9m poder\u00e1 ser transmitido a partir de plataforma de v\u00eddeo ao vivo, como por exemplo: Facebook ou YouTube.<\/span><\/p><\/div> <div  class=\"col-xs-6\" data-type=\"column\"><h5  class=\"\"><span  style=\"color: rgb(149, 46, 70);\">Quanto custa o evento?<\/span><\/h5> <p  class=\"\"><span  style=\"color: rgb(36, 55, 70);\">Evento gratuito.<\/span><\/p><\/div> <div  class=\"col-xs-6\" data-type=\"column\"><h5  class=\"\"><span  style=\"color: rgb(149, 46, 70);\">Quando ser\u00e1 o evento?<\/span><\/h5> <p  class=\"\"><span  style=\"color: rgb(36, 55, 70);\">O <span  style=\"font-style: italic;\">webinar<\/span> da ACPD ser\u00e1 promovido pelo menos uma vez por m\u00eas. Cadastre-se abaixo, para que possamos lhe enviar os convites!<\/span><\/p><\/div> <\/div><\/div> <\/div><\/div> <\/div><div  data-label=\"Subscribe\" data-id=\"subscribe--1\" data-export-id=\"subscribe-centered-section\" data-category=\"subscribe\" class=\"subscribe-centered-section content-section content-section-spacing-medium bg-color5 white-text\" id=\"subscribe-1\"><div  class=\"gridContainer\"> <div  class=\"row text-center\"><div  class=\"section-title-col\" data-type=\"column\"> <h2  class=\"\"><span  style=\"color: rgb(149, 46, 70);\">Receba nossas newsletters!<\/span><\/h2> <p  class=\"\"><span  style=\"color: rgb(36, 55, 70);\">Inscreva-se para receber nossas newsletters, com not\u00edcias sobre prote\u00e7\u00e3o e privacidade de dados, divulga\u00e7\u00e3o dos nossos eventos, marketing, e muito mais!\r\n<\/span><br ><span  style=\"color: rgb(36, 55, 70);\">\r\nContudo, precisaremos de alguns dos seus dados pessoais (nome e e-mail) e, por respeito \u00e0 sua privacidade, do seu consentimento para que possamos armazenar essas informa\u00e7\u00f5es no nosso sistema e entrarmos em contato posteriormente.<\/span><br ><span  style=\"color: rgb(36, 55, 70);\">\r\n\r\n<br >Estes dados permanecer\u00e3o em nossa base por at\u00e9 dois anos. Ao completar este per\u00edodo, eles ser\u00e3o exclu\u00eddos conforme as melhores pr\u00e1ticas internacionais, cumprindo o ciclo de vida, que inclui: cria\u00e7\u00e3o, processamento, armazenamento e exclus\u00e3o dos dados. Ressaltamos que a qualquer momento voc\u00ea poder\u00e1 solicitar que estes dados sejam exclu\u00eddos da nossa base.<\/span><br ><span  style=\"color: rgb(36, 55, 70);\">\r\n\r\n<br >Obrigado pelo seu interesse e confian\u00e7a na nossa ag\u00eancia!<\/span><\/p><\/div> <\/div> <div  class=\"row text-center\"> <div  data-content-shortcode=\"mesmerize_subscribe_form shortcode=&quot;contact-form-7 id=&amp;amp;quot;1425&amp;amp;quot; title=&amp;amp;quot;Assinatura de newsletter&amp;amp;quot;&quot;\" data-editable=\"true\"><div class=\"subscribe-form\">\n<div class=\"wpcf7 no-js\" id=\"wpcf7-f1425-o1\" lang=\"pt-BR\" dir=\"ltr\" data-wpcf7-id=\"1425\">\n<div class=\"screen-reader-response\"><p role=\"status\" aria-live=\"polite\" aria-atomic=\"true\"><\/p> <ul><\/ul><\/div>\n<form action=\"\/en\/wp-json\/wp\/v2\/pages\/519#wpcf7-f1425-o1\" method=\"post\" class=\"wpcf7-form init 10b0ba8fb80b cmatic-conn cmatic-aud-1 cmatic-mapd0-0 cmatic-v0978 cmatic-sent-0 cmatic-total-120\" aria-label=\"Formul\u00e1rios de contato\" novalidate=\"novalidate\" data-status=\"init\" data-trp-original-action=\"\/en\/wp-json\/wp\/v2\/pages\/519#wpcf7-f1425-o1\">\n<fieldset class=\"hidden-fields-container\"><input type=\"hidden\" name=\"_wpcf7\" value=\"1425\" \/><input type=\"hidden\" name=\"_wpcf7_version\" value=\"6.1.5\" \/><input type=\"hidden\" name=\"_wpcf7_locale\" value=\"pt_BR\" \/><input type=\"hidden\" name=\"_wpcf7_unit_tag\" value=\"wpcf7-f1425-o1\" \/><input type=\"hidden\" name=\"_wpcf7_container_post\" value=\"0\" \/><input type=\"hidden\" name=\"_wpcf7_posted_data_hash\" value=\"\" \/><input type=\"hidden\" name=\"_wpcf7_recaptcha_response\" value=\"\" \/>\n<\/fieldset>\n<p><label> Nome (requerido)<br \/>\n<span class=\"wpcf7-form-control-wrap\" data-name=\"your-name\"><input size=\"40\" maxlength=\"400\" class=\"wpcf7-form-control wpcf7-text wpcf7-validates-as-required\" aria-required=\"true\" aria-invalid=\"false\" value=\"\" type=\"text\" name=\"your-name\" \/><\/span> <\/label>\n<\/p>\n<p><label> Sobrenome (requerido)<br \/>\n<span class=\"wpcf7-form-control-wrap\" data-name=\"your-lastname\"><input size=\"40\" maxlength=\"400\" class=\"wpcf7-form-control wpcf7-text wpcf7-validates-as-required\" aria-required=\"true\" aria-invalid=\"false\" value=\"\" type=\"text\" name=\"your-lastname\" \/><\/span> <\/label>\n<\/p>\n<p><label> Seu melhor e-mail (requerido)<br \/>\n<span class=\"wpcf7-form-control-wrap\" data-name=\"your-email\"><input size=\"40\" maxlength=\"400\" class=\"wpcf7-form-control wpcf7-email wpcf7-validates-as-required wpcf7-text wpcf7-validates-as-email\" aria-required=\"true\" aria-invalid=\"false\" value=\"\" type=\"email\" name=\"your-email\" \/><\/span> <\/label>\n<\/p>\n<p><label> Seu telefone<br \/>\n<span class=\"wpcf7-form-control-wrap\" data-name=\"your-tel\"><input size=\"40\" maxlength=\"400\" class=\"wpcf7-form-control wpcf7-tel wpcf7-text wpcf7-validates-as-tel\" id=\"phone\" aria-invalid=\"false\" value=\"\" type=\"tel\" name=\"your-tel\" \/><\/span> <\/label>\n<\/p>\n<p><label> Eu dou consentimento para receber:<br \/>\n<\/label>\n<\/p>\n<p><span class=\"wpcf7-form-control-wrap\" data-name=\"chkbox-email\"><span class=\"wpcf7-form-control wpcf7-checkbox\"><span class=\"wpcf7-list-item first last\"><input type=\"checkbox\" name=\"chkbox-email[]\" value=\"Newsletters da ACPD Brasil (e-mails)\" \/><span class=\"wpcf7-list-item-label\">Newsletters da ACPD Brasil (e-mails)<\/span><\/span><\/span><\/span><br \/>\n<span class=\"wpcf7-form-control-wrap\" data-name=\"chkbox-msg\"><span class=\"wpcf7-form-control wpcf7-checkbox\"><span class=\"wpcf7-list-item first last\"><input type=\"checkbox\" name=\"chkbox-msg[]\" value=\"Mensagens (Zap, SMS e\/ou Telegram)\" \/><span class=\"wpcf7-list-item-label\">Mensagens (Zap, SMS e\/ou Telegram)<\/span><\/span><\/span><\/span><br \/>\n<span class=\"wpcf7-form-control-wrap\" data-name=\"chkbox-call\"><span class=\"wpcf7-form-control wpcf7-checkbox\"><span class=\"wpcf7-list-item first last\"><input type=\"checkbox\" name=\"chkbox-call[]\" value=\"Liga\u00e7\u00f5es telef\u00f4nicas\" \/><span class=\"wpcf7-list-item-label\">Liga\u00e7\u00f5es telef\u00f4nicas<\/span><\/span><\/span><\/span>\n<\/p>\n<p><label> Concedo autoriza\u00e7\u00e3o para a utiliza\u00e7\u00e3o dos meus dados pessoais, acima informados, conforme as minhas prefer\u00eancias selecionadas. <\/label><br \/>\n<span class=\"wpcf7-form-control-wrap\" data-name=\"radio-consentimento\"><span class=\"wpcf7-form-control wpcf7-radio\" id=\"radiobtn1\"><span class=\"wpcf7-list-item first\"><input type=\"radio\" name=\"radio-consentimento\" value=\"Sim.\" \/><span class=\"wpcf7-list-item-label\">Sim.<\/span><\/span><span class=\"wpcf7-list-item last\"><input type=\"radio\" name=\"radio-consentimento\" value=\"N\u00e3o.\" \/><span class=\"wpcf7-list-item-label\">N\u00e3o.<\/span><\/span><\/span><\/span>\n<\/p>\n<p><input class=\"wpcf7-form-control wpcf7-submit has-spinner\" type=\"submit\" value=\"Enviar\" \/>\n<\/p><p style=\"display: none !important;\" class=\"akismet-fields-container\" data-prefix=\"_wpcf7_ak_\"><label>&#916;<textarea name=\"_wpcf7_ak_hp_textarea\" cols=\"45\" rows=\"8\" maxlength=\"100\"><\/textarea><\/label><input type=\"hidden\" id=\"ak_js_1\" name=\"_wpcf7_ak_js\" value=\"19\"\/><script>document.getElementById( \"ak_js_1\" ).setAttribute( \"value\", ( new Date() ).getTime() );<\/script><\/p><div class=\"wpcf7-response-output\" aria-hidden=\"true\"><\/div>\n<input type=\"hidden\" name=\"trp-form-language\" value=\"en\"\/><\/form>\n<\/div>\n<\/div><\/div><\/div> <\/div><\/div>","protected":false},"excerpt":{"rendered":"<p>WEBINAR ACPD O que \u00e9 o webinar ACPD Talks: LGPD parar Leigos? Muitos conte\u00fados informativos disponibilizados na internet s\u00e3o encontrados em formato de texto, o que acaba por saturar alguns&hellip; <br \/> <a class=\"read-more\" href=\"https:\/\/www.acpdbrasil.com\/en\/webinar\/\">Read more<\/a><\/p>","protected":false},"author":1,"featured_media":7976,"parent":0,"menu_order":0,"comment_status":"closed","ping_status":"closed","template":"pro\/page-templates\/full-width-page.php","meta":{"footnotes":""},"class_list":["post-519","page","type-page","status-publish","has-post-thumbnail","hentry"],"yoast_head":"<!-- This site is optimized with the Yoast SEO plugin v27.3 - https:\/\/yoast.com\/product\/yoast-seo-wordpress\/ -->\n<title>ACPD Talks: LGPD para Leigos - ACPD Brasil<\/title>\n<meta name=\"robots\" content=\"index, follow, max-snippet:-1, max-image-preview:large, max-video-preview:-1\" \/>\n<link rel=\"canonical\" href=\"https:\/\/www.acpdbrasil.com\/en\/webinar\/\" \/>\n<meta property=\"og:locale\" content=\"en_US\" \/>\n<meta property=\"og:type\" content=\"article\" \/>\n<meta property=\"og:title\" content=\"ACPD Talks: LGPD para Leigos - ACPD Brasil\" \/>\n<meta property=\"og:description\" content=\"WEBINAR ACPD O que \u00e9 o webinar ACPD Talks: LGPD parar Leigos? Muitos conte\u00fados informativos disponibilizados na internet s\u00e3o encontrados em formato de texto, o que acaba por saturar alguns&hellip; Read more\" \/>\n<meta property=\"og:url\" content=\"https:\/\/www.acpdbrasil.com\/en\/webinar\/\" \/>\n<meta property=\"og:site_name\" content=\"ACPD Brasil\" \/>\n<meta property=\"article:publisher\" content=\"https:\/\/www.facebook.com\/acpdbrasil\" \/>\n<meta property=\"article:modified_time\" content=\"2024-03-06T15:48:37+00:00\" \/>\n<meta property=\"og:image\" content=\"https:\/\/www.acpdbrasil.com\/wp-content\/uploads\/2020\/08\/cropped-Main-1.png\" \/>\n\t<meta property=\"og:image:width\" content=\"944\" \/>\n\t<meta property=\"og:image:height\" content=\"944\" \/>\n\t<meta property=\"og:image:type\" content=\"image\/png\" \/>\n<meta name=\"twitter:card\" content=\"summary_large_image\" \/>\n<meta name=\"twitter:site\" content=\"@acpdbrasil\" \/>\n<meta name=\"twitter:label1\" content=\"Est. reading time\" \/>\n\t<meta name=\"twitter:data1\" content=\"4 minutes\" \/>\n<script type=\"application\/ld+json\" class=\"yoast-schema-graph\">{\"@context\":\"https:\\\/\\\/schema.org\",\"@graph\":[{\"@type\":\"WebPage\",\"@id\":\"https:\\\/\\\/www.acpdbrasil.com\\\/webinar\\\/\",\"url\":\"https:\\\/\\\/www.acpdbrasil.com\\\/webinar\\\/\",\"name\":\"ACPD Talks: LGPD para Leigos - ACPD Brasil\",\"isPartOf\":{\"@id\":\"https:\\\/\\\/www.acpdbrasil.com\\\/#website\"},\"primaryImageOfPage\":{\"@id\":\"https:\\\/\\\/www.acpdbrasil.com\\\/webinar\\\/#primaryimage\"},\"image\":{\"@id\":\"https:\\\/\\\/www.acpdbrasil.com\\\/webinar\\\/#primaryimage\"},\"thumbnailUrl\":\"https:\\\/\\\/www.acpdbrasil.com\\\/wp-content\\\/uploads\\\/2020\\\/08\\\/cropped-Main-1.png\",\"datePublished\":\"2020-08-04T00:30:41+00:00\",\"dateModified\":\"2024-03-06T15:48:37+00:00\",\"breadcrumb\":{\"@id\":\"https:\\\/\\\/www.acpdbrasil.com\\\/webinar\\\/#breadcrumb\"},\"inLanguage\":\"en-US\",\"potentialAction\":[{\"@type\":\"ReadAction\",\"target\":[\"https:\\\/\\\/www.acpdbrasil.com\\\/webinar\\\/\"]}]},{\"@type\":\"ImageObject\",\"inLanguage\":\"en-US\",\"@id\":\"https:\\\/\\\/www.acpdbrasil.com\\\/webinar\\\/#primaryimage\",\"url\":\"https:\\\/\\\/www.acpdbrasil.com\\\/wp-content\\\/uploads\\\/2020\\\/08\\\/cropped-Main-1.png\",\"contentUrl\":\"https:\\\/\\\/www.acpdbrasil.com\\\/wp-content\\\/uploads\\\/2020\\\/08\\\/cropped-Main-1.png\",\"width\":944,\"height\":944,\"caption\":\"Log ACPD main\"},{\"@type\":\"BreadcrumbList\",\"@id\":\"https:\\\/\\\/www.acpdbrasil.com\\\/webinar\\\/#breadcrumb\",\"itemListElement\":[{\"@type\":\"ListItem\",\"position\":1,\"name\":\"In\u00edcio\",\"item\":\"https:\\\/\\\/www.acpdbrasil.com\\\/\"},{\"@type\":\"ListItem\",\"position\":2,\"name\":\"ACPD Talks: LGPD para Leigos\"}]},{\"@type\":\"WebSite\",\"@id\":\"https:\\\/\\\/www.acpdbrasil.com\\\/#website\",\"url\":\"https:\\\/\\\/www.acpdbrasil.com\\\/\",\"name\":\"ACPD Brasil\",\"description\":\"Conformidade, Prote\u00e7\u00e3o e Privacidade de Dados\",\"publisher\":{\"@id\":\"https:\\\/\\\/www.acpdbrasil.com\\\/#organization\"},\"potentialAction\":[{\"@type\":\"SearchAction\",\"target\":{\"@type\":\"EntryPoint\",\"urlTemplate\":\"https:\\\/\\\/www.acpdbrasil.com\\\/?s={search_term_string}\"},\"query-input\":{\"@type\":\"PropertyValueSpecification\",\"valueRequired\":true,\"valueName\":\"search_term_string\"}}],\"inLanguage\":\"en-US\"},{\"@type\":\"Organization\",\"@id\":\"https:\\\/\\\/www.acpdbrasil.com\\\/#organization\",\"name\":\"Ag\u00eancia de Conformidade e Prote\u00e7\u00e3o de Dados\",\"url\":\"https:\\\/\\\/www.acpdbrasil.com\\\/\",\"logo\":{\"@type\":\"ImageObject\",\"inLanguage\":\"en-US\",\"@id\":\"https:\\\/\\\/www.acpdbrasil.com\\\/#\\\/schema\\\/logo\\\/image\\\/\",\"url\":\"https:\\\/\\\/www.acpdbrasil.com\\\/wp-content\\\/uploads\\\/2021\\\/04\\\/ACPD-OG-image_OG-image.png\",\"contentUrl\":\"https:\\\/\\\/www.acpdbrasil.com\\\/wp-content\\\/uploads\\\/2021\\\/04\\\/ACPD-OG-image_OG-image.png\",\"width\":1201,\"height\":631,\"caption\":\"Ag\u00eancia de Conformidade e Prote\u00e7\u00e3o de Dados\"},\"image\":{\"@id\":\"https:\\\/\\\/www.acpdbrasil.com\\\/#\\\/schema\\\/logo\\\/image\\\/\"},\"sameAs\":[\"https:\\\/\\\/www.facebook.com\\\/acpdbrasil\",\"https:\\\/\\\/x.com\\\/acpdbrasil\",\"https:\\\/\\\/www.instagram.com\\\/acpdbrasil\",\"http:\\\/\\\/linkedin.com\\\/company\\\/acpdbrasil\",\"https:\\\/\\\/www.youtube.com\\\/channel\\\/UCdEnJZeex9u6Mr1_IDyOVcw\\\/featured?view_as=subscriber\"]}]}<\/script>\n<!-- \/ Yoast SEO plugin. -->","yoast_head_json":{"title":"ACPD Talks: LGPD para Leigos - ACPD Brasil","robots":{"index":"index","follow":"follow","max-snippet":"max-snippet:-1","max-image-preview":"max-image-preview:large","max-video-preview":"max-video-preview:-1"},"canonical":"https:\/\/www.acpdbrasil.com\/en\/webinar\/","og_locale":"en_US","og_type":"article","og_title":"ACPD Talks: LGPD para Leigos - ACPD Brasil","og_description":"WEBINAR ACPD O que \u00e9 o webinar ACPD Talks: LGPD parar Leigos? Muitos conte\u00fados informativos disponibilizados na internet s\u00e3o encontrados em formato de texto, o que acaba por saturar alguns&hellip; Read more","og_url":"https:\/\/www.acpdbrasil.com\/en\/webinar\/","og_site_name":"ACPD Brasil","article_publisher":"https:\/\/www.facebook.com\/acpdbrasil","article_modified_time":"2024-03-06T15:48:37+00:00","og_image":[{"width":944,"height":944,"url":"https:\/\/www.acpdbrasil.com\/wp-content\/uploads\/2020\/08\/cropped-Main-1.png","type":"image\/png"}],"twitter_card":"summary_large_image","twitter_site":"@acpdbrasil","twitter_misc":{"Est. reading time":"4 minutes"},"schema":{"@context":"https:\/\/schema.org","@graph":[{"@type":"WebPage","@id":"https:\/\/www.acpdbrasil.com\/webinar\/","url":"https:\/\/www.acpdbrasil.com\/webinar\/","name":"ACPD Talks: LGPD para Leigos - ACPD Brasil","isPartOf":{"@id":"https:\/\/www.acpdbrasil.com\/#website"},"primaryImageOfPage":{"@id":"https:\/\/www.acpdbrasil.com\/webinar\/#primaryimage"},"image":{"@id":"https:\/\/www.acpdbrasil.com\/webinar\/#primaryimage"},"thumbnailUrl":"https:\/\/www.acpdbrasil.com\/wp-content\/uploads\/2020\/08\/cropped-Main-1.png","datePublished":"2020-08-04T00:30:41+00:00","dateModified":"2024-03-06T15:48:37+00:00","breadcrumb":{"@id":"https:\/\/www.acpdbrasil.com\/webinar\/#breadcrumb"},"inLanguage":"en-US","potentialAction":[{"@type":"ReadAction","target":["https:\/\/www.acpdbrasil.com\/webinar\/"]}]},{"@type":"ImageObject","inLanguage":"en-US","@id":"https:\/\/www.acpdbrasil.com\/webinar\/#primaryimage","url":"https:\/\/www.acpdbrasil.com\/wp-content\/uploads\/2020\/08\/cropped-Main-1.png","contentUrl":"https:\/\/www.acpdbrasil.com\/wp-content\/uploads\/2020\/08\/cropped-Main-1.png","width":944,"height":944,"caption":"Log ACPD main"},{"@type":"BreadcrumbList","@id":"https:\/\/www.acpdbrasil.com\/webinar\/#breadcrumb","itemListElement":[{"@type":"ListItem","position":1,"name":"In\u00edcio","item":"https:\/\/www.acpdbrasil.com\/"},{"@type":"ListItem","position":2,"name":"ACPD Talks: LGPD para Leigos"}]},{"@type":"WebSite","@id":"https:\/\/www.acpdbrasil.com\/#website","url":"https:\/\/www.acpdbrasil.com\/","name":"ACPD Brasil","description":"Conformidade, Prote\u00e7\u00e3o e Privacidade de Dados","publisher":{"@id":"https:\/\/www.acpdbrasil.com\/#organization"},"potentialAction":[{"@type":"SearchAction","target":{"@type":"EntryPoint","urlTemplate":"https:\/\/www.acpdbrasil.com\/?s={search_term_string}"},"query-input":{"@type":"PropertyValueSpecification","valueRequired":true,"valueName":"search_term_string"}}],"inLanguage":"en-US"},{"@type":"Organization","@id":"https:\/\/www.acpdbrasil.com\/#organization","name":"Ag\u00eancia de Conformidade e Prote\u00e7\u00e3o de Dados","url":"https:\/\/www.acpdbrasil.com\/","logo":{"@type":"ImageObject","inLanguage":"en-US","@id":"https:\/\/www.acpdbrasil.com\/#\/schema\/logo\/image\/","url":"https:\/\/www.acpdbrasil.com\/wp-content\/uploads\/2021\/04\/ACPD-OG-image_OG-image.png","contentUrl":"https:\/\/www.acpdbrasil.com\/wp-content\/uploads\/2021\/04\/ACPD-OG-image_OG-image.png","width":1201,"height":631,"caption":"Ag\u00eancia de Conformidade e Prote\u00e7\u00e3o de Dados"},"image":{"@id":"https:\/\/www.acpdbrasil.com\/#\/schema\/logo\/image\/"},"sameAs":["https:\/\/www.facebook.com\/acpdbrasil","https:\/\/x.com\/acpdbrasil","https:\/\/www.instagram.com\/acpdbrasil","http:\/\/linkedin.com\/company\/acpdbrasil","https:\/\/www.youtube.com\/channel\/UCdEnJZeex9u6Mr1_IDyOVcw\/featured?view_as=subscriber"]}]}},"_links":{"self":[{"href":"https:\/\/www.acpdbrasil.com\/en\/wp-json\/wp\/v2\/pages\/519","targetHints":{"allow":["GET"]}}],"collection":[{"href":"https:\/\/www.acpdbrasil.com\/en\/wp-json\/wp\/v2\/pages"}],"about":[{"href":"https:\/\/www.acpdbrasil.com\/en\/wp-json\/wp\/v2\/types\/page"}],"author":[{"embeddable":true,"href":"https:\/\/www.acpdbrasil.com\/en\/wp-json\/wp\/v2\/users\/1"}],"replies":[{"embeddable":true,"href":"https:\/\/www.acpdbrasil.com\/en\/wp-json\/wp\/v2\/comments?post=519"}],"version-history":[{"count":0,"href":"https:\/\/www.acpdbrasil.com\/en\/wp-json\/wp\/v2\/pages\/519\/revisions"}],"wp:featuredmedia":[{"embeddable":true,"href":"https:\/\/www.acpdbrasil.com\/en\/wp-json\/wp\/v2\/media\/7976"}],"wp:attachment":[{"href":"https:\/\/www.acpdbrasil.com\/en\/wp-json\/wp\/v2\/media?parent=519"}],"curies":[{"name":"wp","href":"https:\/\/api.w.org\/{rel}","templated":true}]}}