{"id":4939,"date":"2021-09-06T18:52:29","date_gmt":"2021-09-06T21:52:29","guid":{"rendered":"https:\/\/www.acpdbrasil.com\/?page_id=4939"},"modified":"2021-10-09T12:11:49","modified_gmt":"2021-10-09T15:11:49","slug":"acpd-convida","status":"publish","type":"page","link":"https:\/\/www.acpdbrasil.com\/en\/acpd-convida\/","title":{"rendered":"ACPD Convida"},"content":{"rendered":"<div  data-label=\"About\" data-id=\"about--1\" data-export-id=\"about-9\" data-category=\"about\" class=\"about-9 content-section content-section-spacing\" id=\"about-1\" style=\"background-color: rgb(255, 255, 255);\"><div  class=\"gridContainer\"> <div  class=\"row middle-sm text-center\"><div  class=\"col-sm-5 space-bottom-xs content-column content-right-sm\" data-type=\"column\"> <h5  class=\"\">ACPD CONVIDA<\/h5> <h2  class=\"\">ACPD Convida<\/h2> <p  class=\"\" style=\"text-align: left;\">O ACPD Convida \u00e9 um programa mensal, da ACPD Brasil, onde recebemos profissionais relevantes na \u00e1rea que abrange a Privacidade e a Prote\u00e7\u00e3o de Dados, no Brasil.\n<br ><br >O programa \u00e9 descontra\u00eddo, em forma de bate-papo sem almejar abodagens demasiadamente t\u00e9cnicas. Estes encontros s\u00e3o \u00f3timas oportunidades para&nbsp;debatermos temas relevantes sobre um setor que precisa ser melhor entendido pela Sociedade, de maneira geral.<br >\n<br >Nosso pr\u00f3ximo evento contaremos com a presen\u00e7a de Vanessa Zimmermann \u00e9 Advogada, Especialista e Consultora em Privaci-dade e Prote\u00e7\u00e3o de Dados e Licita\u00e7\u00f5es Publicas e P\u00f3s-graduanda em Direito Digital.<\/p> <a class=\"button color2\" href=\"https:\/\/www.acpdbrasil.com\/en\/acpd-convida-vanessa-zimmermann\/\" target=\"_self\" data-cp-link=\"1\" data-icon=\"fa-external-link-square\" rel=\"noopener\"><span  class=\"button-icon fa fa-external-link-square\"><\/span>Saiba mais<\/a><\/div> <div  class=\"col-sm-7 flexbox flexbox middle-xs center-xs space-bottom-xs\"><div  class=\"overlay-box flexbox middle-xs center-xs overlay-holder\"> <div  class=\"overlay-box-offset offset-background shadow-medium bg-color2 hide-xs\"><\/div> <img decoding=\"async\"  class=\"flexbox shadow-large img1\" src=\"https:\/\/www.acpdbrasil.com\/wp-content\/uploads\/2021\/09\/ACPD-Convida-Feeds-Divulgac\u0327a\u0303o.png\" data-size=\"600x400\" title=\"ACPD Convida Feeds Divulgac\u0327a\u0303o\" alt=\"ACPD Convida\"><\/div> <\/div><\/div> <\/div><\/div><div  data-label=\"Cta\" data-id=\"cta--1\" data-export-id=\"cta-blue-section\" data-category=\"cta\" class=\"cta-blue-section content-section content-section-spacing-medium bg-color1 white-text\" id=\"cta-1\"><div  class=\"gridContainer\"> <div  class=\"row middle-xs\"><div  class=\"col-sm-8 space-bottom-xs\" data-type=\"column\"> <h2  class=\"\">Assine nossas newsletters!<\/h2> <\/div> <div  class=\"col-sm-4 end-sm\" data-type=\"column\"> <a class=\"button color2\" href=\"https:\/\/www.acpdbrasil.com\/en\/newsletter-opt-in\/\" target=\"_blank\" data-cp-link=\"1\" data-icon=\"\" rel=\"noopener\">NEWSLETTER ACPD<\/a><\/div> <\/div><\/div> <\/div><div  data-label=\"Portfolio\" data-id=\"portfolio--1\" data-export-id=\"portfolio-3\" data-category=\"portfolio\" class=\"portfolio-3 content-section content-section-spacing\" id=\"portfolio-1\" style=\"background-color: rgb(255, 255, 255); background-image: none;\"><div  class=\"gridContainer\"> <div  class=\"row text-center\"><div  class=\"section-title-col\" data-type=\"column\"> <h2  class=\"\">Veja o que j\u00e1 rolou por aqui<\/h2> <p  class=\"lead\">Est\u00e1 procurando por algum evento que j\u00e1 aconteceu? D\u00ea uma olhada abaixo.&nbsp;<\/p><\/div> <\/div> <div  class=\"row spaced-cols space-bottom center-sm content-center-sm\" data-type=\"row\">    <div  class=\"col-xs-12 col-sm-4 text-center\"> <div  class=\"card no-padding bottom-border-color1 no-shadow\"> <div  data-hover-fx=\"portfolio-3\" class=\"contentswap-effect\"> <div  class=\"initial-image\"> <img decoding=\"async\"  data-size=\"500x333\" src=\"https:\/\/www.acpdbrasil.com\/wp-content\/uploads\/2021\/09\/1.png\"><\/div> <div  class=\"overlay bg-color5\"><\/div> <div  class=\"swap-inner col-xs-12\"> <div  class=\"row full-height-row middle-xs middle-sm\"> <div  class=\"col-xs-12 text-center content-holder\"> <a class=\"button small color2\" href=\"https:\/\/youtu.be\/_l_DwbFbfh8\" target=\"_blank\" data-cp-link=\"1\" data-icon=\"\" rel=\"noopener\">Assista Agora<\/a><\/div> <\/div><\/div> <\/div> <div  class=\"space-bottom space-top col-xs-12\" data-type=\"column\"> <h4  class=\"\">ACPD Convida: Vanessa Zimmermann<\/h4> <a class=\"button small color1\" href=\"https:\/\/www.acpdbrasil.com\/en\/acpd-convida-vanessa-zimmermann\/\" target=\"_self\" data-cp-link=\"1\" data-icon=\"\" rel=\"noopener\">Sobre este Evento<\/a><p  class=\"small italic\">Na sexta edi\u00e7\u00e3o do evento, contamos com a presen\u00e7a de Vanessa Zimmermann.&nbsp;Conversamos sobre as &#8220;furadas&#8221; nas adequa\u00e7\u00f5es \u00e0 LGPD.<br ><br >\nCaso queira saber mais sobre o convidado, clique no bot\u00e3o acima.<\/p><a class=\"button small color2\" href=\"https:\/\/youtu.be\/TFgo-37oy4k\" target=\"_blank\" data-cp-link=\"1\" data-icon=\"fa-youtube\" rel=\"noopener\"><span  class=\"button-icon fa fa-youtube\"><\/span>Assistir Agora<\/a><\/div> <\/div><\/div><div  class=\"col-xs-12 col-sm-4 text-center\"> <div  class=\"card no-padding bottom-border-color1 no-shadow\"> <div  data-hover-fx=\"portfolio-3\" class=\"contentswap-effect\"> <div  class=\"initial-image\"> <img decoding=\"async\"  data-size=\"500x333\" src=\"https:\/\/www.acpdbrasil.com\/wp-content\/uploads\/2021\/08\/Feeds-1.png\"><\/div> <div  class=\"overlay bg-color5\"><\/div> <div  class=\"swap-inner col-xs-12\"> <div  class=\"row full-height-row middle-xs middle-sm\"> <div  class=\"col-xs-12 text-center content-holder\"> <a class=\"button small color2\" href=\"https:\/\/www.youtube.com\/watch?v=VOm7OmAw4Gs\" target=\"_blank\" data-cp-link=\"1\" data-icon=\"\" rel=\"noopener\">Assista Agora<\/a><\/div> <\/div><\/div> <\/div> <div  class=\"space-bottom space-top col-xs-12\" data-type=\"column\"> <h4  class=\"\">ACPD Convida: Adriana Winkler<\/h4> <a class=\"button small color1\" href=\"https:\/\/www.acpdbrasil.com\/en\/acpdconvida-adriana-winkler\/\" target=\"_self\" data-cp-link=\"1\" data-icon=\"\" rel=\"noopener\">Sobre este Evento<\/a><p  class=\"small italic\">Na quinta edi\u00e7\u00e3o do evento, contamos com Adriana Kinler.&nbsp;Conversamos sobre a Privacidade e o Monitoramento Estatal: Origem e Desdobramentos.<br ><br >\nCaso queira saber mais sobre o convidado, clique no bot\u00e3o acima.<\/p><a class=\"button small color2\" href=\"https:\/\/youtu.be\/TFgo-37oy4k\" target=\"_blank\" data-cp-link=\"1\" data-icon=\"fa-youtube\" rel=\"noopener\"><span  class=\"button-icon fa fa-youtube\"><\/span>Assistir Agora<\/a><\/div> <\/div><\/div><div  class=\"col-xs-12 col-sm-4 text-center\"> <div  class=\"card no-padding bottom-border-color1 no-shadow\"> <div  data-hover-fx=\"portfolio-3\" class=\"contentswap-effect\"> <div  class=\"initial-image\"> <img decoding=\"async\"  data-size=\"500x333\" src=\"https:\/\/www.acpdbrasil.com\/wp-content\/uploads\/2021\/06\/2021-07-02-ACPD-Convida-Prof.-Pininga_Instagram-Feeds-Arte-01.png\"><\/div> <div  class=\"overlay bg-color5\"><\/div> <div  class=\"swap-inner col-xs-12\"> <div  class=\"row full-height-row middle-xs middle-sm\"> <div  class=\"col-xs-12 text-center content-holder\"> <a class=\"button small color2\" href=\"https:\/\/www.youtube.com\/watch?v=VOm7OmAw4Gs\" target=\"_blank\" data-cp-link=\"1\" data-icon=\"\" rel=\"noopener\">Assista Agora<\/a><\/div> <\/div><\/div> <\/div> <div  class=\"space-bottom space-top col-xs-12\" data-type=\"column\"> <h4  class=\"\">ACPD Convida: Prof. Pininga<\/h4> <a class=\"button small color1\" href=\"https:\/\/www.acpdbrasil.com\/en\/acpd-convida-jose-pininga\/\" target=\"_self\" data-cp-link=\"1\" data-icon=\"\" rel=\"noopener\">Sobre este Evento<\/a><p  class=\"small italic\">Na quarta edi\u00e7\u00e3o do evento, contamos com Professor Pininga.&nbsp;Conversamos sobre Seguran\u00e7a da Informa\u00e7\u00e3o, o Cap\u00edtulo VII da Lei Geral de Prote\u00e7\u00e3o de Dados as adequa\u00e7\u00f5es<br ><br >\nCaso queira saber mais sobre o convidado, clique no bot\u00e3o abaixo.<\/p><a class=\"button small color2\" href=\"https:\/\/www.youtube.com\/watch?v=VOm7OmAw4Gs\" target=\"_blank\" data-cp-link=\"1\" data-icon=\"fa-youtube\" rel=\"noopener\"><span  class=\"button-icon fa fa-youtube\"><\/span>Assistir Agora<\/a><\/div> <\/div><\/div><div  class=\"col-xs-12 col-sm-4 text-center\"> <div  class=\"card no-padding bottom-border-color1 no-shadow\"> <div  data-hover-fx=\"portfolio-3\" class=\"contentswap-effect\"> <div  class=\"initial-image\"> <img decoding=\"async\"  data-size=\"500x333\" src=\"https:\/\/www.acpdbrasil.com\/wp-content\/uploads\/2021\/05\/2021-05-02-ACPD-Convida-Raquel-Rinaldi_Instagram-Feeds-Arte-01.png\"><\/div> <div  class=\"overlay bg-color5\"><\/div> <div  class=\"swap-inner col-xs-12\"> <div  class=\"row full-height-row middle-xs middle-sm\"> <div  class=\"col-xs-12 text-center content-holder\"> <a class=\"button small color2\" href=\"https:\/\/youtu.be\/_U_S8jJ_mnA\" target=\"_blank\" data-cp-link=\"1\" data-icon=\"\" rel=\"noopener\">Assista Agora<\/a><\/div> <\/div><\/div> <\/div> <div  class=\"space-bottom space-top col-xs-12\" data-type=\"column\"> <h4  class=\"\">ACPD Convida: Raquel Rinaldi<\/h4> <a class=\"button small color1\" href=\"https:\/\/www.acpdbrasil.com\/en\/acpd-convida-raquelrinaldi\/\" target=\"_self\" data-cp-link=\"1\" data-icon=\"\" rel=\"noopener\">Sobre este Evento<\/a><p  class=\"small italic\">Na terceira edi\u00e7\u00e3o do evento, contamos com a Dr\u00aa Raquel Rinaldi, CEO do LGPD Experience.&nbsp;Conversamos sobre a LGPD e os desafios da Implementa\u00e7\u00e3o de um Programa de Privacidade.&nbsp;<br ><br >\nCaso queira saber mais sobre o convidado, clique no bot\u00e3o abaixo.<\/p><a class=\"button small color2\" href=\"https:\/\/youtu.be\/_U_S8jJ_mnA\" target=\"_blank\" data-cp-link=\"1\" data-icon=\"fa-youtube\" rel=\"noopener\"><span  class=\"button-icon fa fa-youtube\"><\/span>Assistir Agora<\/a><\/div> <\/div><\/div><div  class=\"col-xs-12 col-sm-4 text-center\"> <div  class=\"card no-padding bottom-border-color1 no-shadow\"> <div  data-hover-fx=\"portfolio-3\" class=\"contentswap-effect\"> <div  class=\"initial-image\"> <img decoding=\"async\"  data-size=\"500x333\" src=\"https:\/\/www.acpdbrasil.com\/wp-content\/uploads\/2021\/04\/2021-04-14-ACPD-Convida-Le\u0301o-Rosa_Instagram-Feeds-Arte-01-2.png\"><\/div> <div  class=\"overlay bg-color5\"><\/div> <div  class=\"swap-inner col-xs-12\"> <div  class=\"row full-height-row middle-xs middle-sm\"> <div  class=\"col-xs-12 text-center content-holder\"> <a class=\"button small color2\" href=\"https:\/\/www.youtube.com\/watch?v=J-oO3LKF9wI&amp;t=501s\" target=\"_blank\" data-cp-link=\"1\" data-icon=\"\" rel=\"noopener\">Assista Agora<\/a><\/div> <\/div><\/div> <\/div> <div  class=\"space-bottom space-top col-xs-12\" data-type=\"column\"> <h4  class=\"\">ACPD Convida: Leonardo Rosa<\/h4> <a class=\"button small color1\" href=\"https:\/\/www.acpdbrasil.com\/en\/acpdconvida-leonardorosa\/\" target=\"_self\" data-cp-link=\"1\" data-icon=\"\" rel=\"noopener\">Sobre este Evento<\/a><p  class=\"small italic\">No dia 5 de maio, o ACPD Convida, contou com o Procurement Manager e especialista em Supply Chain, Leonardo Rosa.&nbsp;&nbsp;<br ><br >\nCaso queira saber mais sobre o convidado, clique no bot\u00e3o abaixo.<\/p><a class=\"button small color2\" href=\"https:\/\/youtu.be\/iTTksI-OAGs\" target=\"_blank\" data-cp-link=\"1\" data-icon=\"fa-youtube\" rel=\"noopener\"><span  class=\"button-icon fa fa-youtube\"><\/span>Assistir Agora<\/a><\/div> <\/div><\/div><div  class=\"col-xs-12 col-sm-4 text-center\"> <div  class=\"card no-padding bottom-border-color1 no-shadow\"> <div  data-hover-fx=\"portfolio-3\" class=\"contentswap-effect\"> <div  class=\"initial-image\"> <img decoding=\"async\"  data-size=\"500x333\" src=\"https:\/\/www.acpdbrasil.com\/wp-content\/uploads\/2021\/03\/2021-03-27-ACPD-Convida-Claudio-Rocha_Arte-01-Feeds.png\"><\/div> <div  class=\"overlay bg-color5\"><\/div> <div  class=\"swap-inner col-xs-12\"> <div  class=\"row full-height-row middle-xs middle-sm\"> <div  class=\"col-xs-12 text-center content-holder\"> <a class=\"button small color2\" href=\"https:\/\/www.youtube.com\/watch?v=J-oO3LKF9wI&amp;t=501s\" target=\"_blank\" data-cp-link=\"1\" data-icon=\"\" rel=\"noopener\">Assista Agora<\/a><\/div> <\/div><\/div> <\/div> <div  class=\"space-bottom space-top col-xs-12\" data-type=\"column\"> <h4  class=\"\">ACPD Convida: Claudio Rocha<\/h4> <a class=\"button small color1\" href=\"https:\/\/www.acpdbrasil.com\/en\/acpdconvida-claudiorocha\/\" target=\"_self\" data-cp-link=\"1\" data-icon=\"\" rel=\"noopener\">Sobre este Evento<\/a><p  class=\"small italic\">A ACPD Brasil estreou, em 7 de abril, a s\u00e9rie de eventos ACPD Convida, com o Encarregado de Prote\u00e7\u00e3o de Dados, da Ag\u00eancia Nacional do Petr\u00f3leo, G\u00e1s Natural e Biocombust\u00edveis (ANP), Claudio Rocha.&nbsp;\n<br ><br >\nCaso queira saber mais sobre o convidado, clique no bot\u00e3o abaixo.<\/p><a class=\"button small color2\" href=\"https:\/\/youtu.be\/J-oO3LKF9wI\" target=\"_blank\" data-cp-link=\"1\" data-icon=\"fa-youtube\" rel=\"noopener\"><span  class=\"button-icon fa fa-youtube\"><\/span>Assistir Agora<\/a><\/div> <\/div><\/div><\/div> <div  class=\"row\"> <div  data-type=\"column\" class=\"col-xs-12 text-center\"> <\/div> <\/div><\/div> <\/div>","protected":false},"excerpt":{"rendered":"<p>ACPD CONVIDA ACPD Convida O ACPD Convida \u00e9 um programa mensal, da ACPD Brasil, onde recebemos profissionais relevantes na \u00e1rea que abrange a Privacidade e a Prote\u00e7\u00e3o de Dados, no&hellip; <br \/> <a class=\"read-more\" href=\"https:\/\/www.acpdbrasil.com\/en\/acpd-convida\/\">Read more<\/a><\/p>","protected":false},"author":1,"featured_media":2943,"parent":0,"menu_order":0,"comment_status":"closed","ping_status":"closed","template":"pro\/page-templates\/full-width-page.php","meta":{"footnotes":""},"class_list":["post-4939","page","type-page","status-publish","has-post-thumbnail","hentry"],"yoast_head":"<!-- This site is optimized with the Yoast SEO plugin v27.3 - https:\/\/yoast.com\/product\/yoast-seo-wordpress\/ -->\n<title>ACPD Convida - ACPD Brasil<\/title>\n<meta name=\"description\" content=\"A ACPD Brasil tem o prazer de anunciar o ACPD Convida que \u00e9 uma s\u00e9rie de eventos com convidados relevantes no mercado.\" \/>\n<meta name=\"robots\" content=\"index, follow, max-snippet:-1, max-image-preview:large, max-video-preview:-1\" \/>\n<link rel=\"canonical\" href=\"https:\/\/www.acpdbrasil.com\/en\/acpd-convida\/\" \/>\n<meta property=\"og:locale\" content=\"en_US\" \/>\n<meta property=\"og:type\" content=\"article\" \/>\n<meta property=\"og:title\" content=\"ACPD Convida - ACPD Brasil\" \/>\n<meta property=\"og:description\" content=\"A ACPD Brasil tem o prazer de anunciar o ACPD Convida que \u00e9 uma s\u00e9rie de eventos com convidados relevantes no mercado.\" \/>\n<meta property=\"og:url\" content=\"https:\/\/www.acpdbrasil.com\/en\/acpd-convida\/\" \/>\n<meta property=\"og:site_name\" content=\"ACPD Brasil\" \/>\n<meta property=\"article:publisher\" content=\"https:\/\/www.facebook.com\/acpdbrasil\" \/>\n<meta property=\"article:modified_time\" content=\"2021-10-09T15:11:49+00:00\" \/>\n<meta property=\"og:image\" content=\"https:\/\/www.acpdbrasil.com\/wp-content\/uploads\/2021\/03\/2021-03-27-ACPD-Convida-Claudio-Rocha_Arte-01-Feeds.png\" \/>\n\t<meta property=\"og:image:width\" content=\"2000\" \/>\n\t<meta property=\"og:image:height\" content=\"2000\" \/>\n\t<meta property=\"og:image:type\" content=\"image\/png\" \/>\n<meta name=\"twitter:card\" content=\"summary_large_image\" \/>\n<meta name=\"twitter:description\" content=\"A ACPD Brasil tem o prazer de anunciar o ACPD Convida que \u00e9 uma s\u00e9rie de eventos com convidados relevantes no mercado.\" \/>\n<meta name=\"twitter:image\" content=\"https:\/\/www.acpdbrasil.com\/wp-content\/uploads\/2021\/03\/2021-03-27-ACPD-Convida-Claudio-Rocha_Arte-01-Feeds.png\" \/>\n<meta name=\"twitter:site\" content=\"@acpdbrasil\" \/>\n<meta name=\"twitter:label1\" content=\"Est. reading time\" \/>\n\t<meta name=\"twitter:data1\" content=\"2 minutes\" \/>\n<script type=\"application\/ld+json\" class=\"yoast-schema-graph\">{\"@context\":\"https:\\\/\\\/schema.org\",\"@graph\":[{\"@type\":\"WebPage\",\"@id\":\"https:\\\/\\\/www.acpdbrasil.com\\\/acpd-convida\\\/\",\"url\":\"https:\\\/\\\/www.acpdbrasil.com\\\/acpd-convida\\\/\",\"name\":\"ACPD Convida - ACPD Brasil\",\"isPartOf\":{\"@id\":\"https:\\\/\\\/www.acpdbrasil.com\\\/#website\"},\"primaryImageOfPage\":{\"@id\":\"https:\\\/\\\/www.acpdbrasil.com\\\/acpd-convida\\\/#primaryimage\"},\"image\":{\"@id\":\"https:\\\/\\\/www.acpdbrasil.com\\\/acpd-convida\\\/#primaryimage\"},\"thumbnailUrl\":\"https:\\\/\\\/www.acpdbrasil.com\\\/wp-content\\\/uploads\\\/2021\\\/04\\\/2021-04-14-ACPD-Convida-Le\u0301o-Rosa_Instagram-Feeds-Arte-01-1.png\",\"datePublished\":\"2021-09-06T21:52:29+00:00\",\"dateModified\":\"2021-10-09T15:11:49+00:00\",\"description\":\"A ACPD Brasil tem o prazer de anunciar o ACPD Convida que \u00e9 uma s\u00e9rie de eventos com convidados relevantes no mercado.\",\"breadcrumb\":{\"@id\":\"https:\\\/\\\/www.acpdbrasil.com\\\/acpd-convida\\\/#breadcrumb\"},\"inLanguage\":\"en-US\",\"potentialAction\":[{\"@type\":\"ReadAction\",\"target\":[\"https:\\\/\\\/www.acpdbrasil.com\\\/acpd-convida\\\/\"]}]},{\"@type\":\"ImageObject\",\"inLanguage\":\"en-US\",\"@id\":\"https:\\\/\\\/www.acpdbrasil.com\\\/acpd-convida\\\/#primaryimage\",\"url\":\"https:\\\/\\\/www.acpdbrasil.com\\\/wp-content\\\/uploads\\\/2021\\\/04\\\/2021-04-14-ACPD-Convida-Le\u0301o-Rosa_Instagram-Feeds-Arte-01-1.png\",\"contentUrl\":\"https:\\\/\\\/www.acpdbrasil.com\\\/wp-content\\\/uploads\\\/2021\\\/04\\\/2021-04-14-ACPD-Convida-Le\u0301o-Rosa_Instagram-Feeds-Arte-01-1.png\",\"width\":2000,\"height\":2000,\"caption\":\"ACPD Convida: Leonardo Rosa\"},{\"@type\":\"BreadcrumbList\",\"@id\":\"https:\\\/\\\/www.acpdbrasil.com\\\/acpd-convida\\\/#breadcrumb\",\"itemListElement\":[{\"@type\":\"ListItem\",\"position\":1,\"name\":\"In\u00edcio\",\"item\":\"https:\\\/\\\/www.acpdbrasil.com\\\/\"},{\"@type\":\"ListItem\",\"position\":2,\"name\":\"ACPD Convida\"}]},{\"@type\":\"WebSite\",\"@id\":\"https:\\\/\\\/www.acpdbrasil.com\\\/#website\",\"url\":\"https:\\\/\\\/www.acpdbrasil.com\\\/\",\"name\":\"ACPD Brasil\",\"description\":\"Conformidade, Prote\u00e7\u00e3o e Privacidade de Dados\",\"publisher\":{\"@id\":\"https:\\\/\\\/www.acpdbrasil.com\\\/#organization\"},\"potentialAction\":[{\"@type\":\"SearchAction\",\"target\":{\"@type\":\"EntryPoint\",\"urlTemplate\":\"https:\\\/\\\/www.acpdbrasil.com\\\/?s={search_term_string}\"},\"query-input\":{\"@type\":\"PropertyValueSpecification\",\"valueRequired\":true,\"valueName\":\"search_term_string\"}}],\"inLanguage\":\"en-US\"},{\"@type\":\"Organization\",\"@id\":\"https:\\\/\\\/www.acpdbrasil.com\\\/#organization\",\"name\":\"Ag\u00eancia de Conformidade e Prote\u00e7\u00e3o de Dados\",\"url\":\"https:\\\/\\\/www.acpdbrasil.com\\\/\",\"logo\":{\"@type\":\"ImageObject\",\"inLanguage\":\"en-US\",\"@id\":\"https:\\\/\\\/www.acpdbrasil.com\\\/#\\\/schema\\\/logo\\\/image\\\/\",\"url\":\"https:\\\/\\\/www.acpdbrasil.com\\\/wp-content\\\/uploads\\\/2021\\\/04\\\/ACPD-OG-image_OG-image.png\",\"contentUrl\":\"https:\\\/\\\/www.acpdbrasil.com\\\/wp-content\\\/uploads\\\/2021\\\/04\\\/ACPD-OG-image_OG-image.png\",\"width\":1201,\"height\":631,\"caption\":\"Ag\u00eancia de Conformidade e Prote\u00e7\u00e3o de Dados\"},\"image\":{\"@id\":\"https:\\\/\\\/www.acpdbrasil.com\\\/#\\\/schema\\\/logo\\\/image\\\/\"},\"sameAs\":[\"https:\\\/\\\/www.facebook.com\\\/acpdbrasil\",\"https:\\\/\\\/x.com\\\/acpdbrasil\",\"https:\\\/\\\/www.instagram.com\\\/acpdbrasil\",\"http:\\\/\\\/linkedin.com\\\/company\\\/acpdbrasil\",\"https:\\\/\\\/www.youtube.com\\\/channel\\\/UCdEnJZeex9u6Mr1_IDyOVcw\\\/featured?view_as=subscriber\"]}]}<\/script>\n<!-- \/ Yoast SEO plugin. -->","yoast_head_json":{"title":"ACPD Convida - ACPD Brasil","description":"A ACPD Brasil tem o prazer de anunciar o ACPD Convida que \u00e9 uma s\u00e9rie de eventos com convidados relevantes no mercado.","robots":{"index":"index","follow":"follow","max-snippet":"max-snippet:-1","max-image-preview":"max-image-preview:large","max-video-preview":"max-video-preview:-1"},"canonical":"https:\/\/www.acpdbrasil.com\/en\/acpd-convida\/","og_locale":"en_US","og_type":"article","og_title":"ACPD Convida - ACPD Brasil","og_description":"A ACPD Brasil tem o prazer de anunciar o ACPD Convida que \u00e9 uma s\u00e9rie de eventos com convidados relevantes no mercado.","og_url":"https:\/\/www.acpdbrasil.com\/en\/acpd-convida\/","og_site_name":"ACPD Brasil","article_publisher":"https:\/\/www.facebook.com\/acpdbrasil","article_modified_time":"2021-10-09T15:11:49+00:00","og_image":[{"width":2000,"height":2000,"url":"https:\/\/www.acpdbrasil.com\/wp-content\/uploads\/2021\/03\/2021-03-27-ACPD-Convida-Claudio-Rocha_Arte-01-Feeds.png","type":"image\/png"}],"twitter_card":"summary_large_image","twitter_description":"A ACPD Brasil tem o prazer de anunciar o ACPD Convida que \u00e9 uma s\u00e9rie de eventos com convidados relevantes no mercado.","twitter_image":"https:\/\/www.acpdbrasil.com\/wp-content\/uploads\/2021\/03\/2021-03-27-ACPD-Convida-Claudio-Rocha_Arte-01-Feeds.png","twitter_site":"@acpdbrasil","twitter_misc":{"Est. reading time":"2 minutes"},"schema":{"@context":"https:\/\/schema.org","@graph":[{"@type":"WebPage","@id":"https:\/\/www.acpdbrasil.com\/acpd-convida\/","url":"https:\/\/www.acpdbrasil.com\/acpd-convida\/","name":"ACPD Convida - ACPD Brasil","isPartOf":{"@id":"https:\/\/www.acpdbrasil.com\/#website"},"primaryImageOfPage":{"@id":"https:\/\/www.acpdbrasil.com\/acpd-convida\/#primaryimage"},"image":{"@id":"https:\/\/www.acpdbrasil.com\/acpd-convida\/#primaryimage"},"thumbnailUrl":"https:\/\/www.acpdbrasil.com\/wp-content\/uploads\/2021\/04\/2021-04-14-ACPD-Convida-Le\u0301o-Rosa_Instagram-Feeds-Arte-01-1.png","datePublished":"2021-09-06T21:52:29+00:00","dateModified":"2021-10-09T15:11:49+00:00","description":"A ACPD Brasil tem o prazer de anunciar o ACPD Convida que \u00e9 uma s\u00e9rie de eventos com convidados relevantes no mercado.","breadcrumb":{"@id":"https:\/\/www.acpdbrasil.com\/acpd-convida\/#breadcrumb"},"inLanguage":"en-US","potentialAction":[{"@type":"ReadAction","target":["https:\/\/www.acpdbrasil.com\/acpd-convida\/"]}]},{"@type":"ImageObject","inLanguage":"en-US","@id":"https:\/\/www.acpdbrasil.com\/acpd-convida\/#primaryimage","url":"https:\/\/www.acpdbrasil.com\/wp-content\/uploads\/2021\/04\/2021-04-14-ACPD-Convida-Le\u0301o-Rosa_Instagram-Feeds-Arte-01-1.png","contentUrl":"https:\/\/www.acpdbrasil.com\/wp-content\/uploads\/2021\/04\/2021-04-14-ACPD-Convida-Le\u0301o-Rosa_Instagram-Feeds-Arte-01-1.png","width":2000,"height":2000,"caption":"ACPD Convida: Leonardo Rosa"},{"@type":"BreadcrumbList","@id":"https:\/\/www.acpdbrasil.com\/acpd-convida\/#breadcrumb","itemListElement":[{"@type":"ListItem","position":1,"name":"In\u00edcio","item":"https:\/\/www.acpdbrasil.com\/"},{"@type":"ListItem","position":2,"name":"ACPD Convida"}]},{"@type":"WebSite","@id":"https:\/\/www.acpdbrasil.com\/#website","url":"https:\/\/www.acpdbrasil.com\/","name":"ACPD Brasil","description":"Conformidade, Prote\u00e7\u00e3o e Privacidade de Dados","publisher":{"@id":"https:\/\/www.acpdbrasil.com\/#organization"},"potentialAction":[{"@type":"SearchAction","target":{"@type":"EntryPoint","urlTemplate":"https:\/\/www.acpdbrasil.com\/?s={search_term_string}"},"query-input":{"@type":"PropertyValueSpecification","valueRequired":true,"valueName":"search_term_string"}}],"inLanguage":"en-US"},{"@type":"Organization","@id":"https:\/\/www.acpdbrasil.com\/#organization","name":"Ag\u00eancia de Conformidade e Prote\u00e7\u00e3o de Dados","url":"https:\/\/www.acpdbrasil.com\/","logo":{"@type":"ImageObject","inLanguage":"en-US","@id":"https:\/\/www.acpdbrasil.com\/#\/schema\/logo\/image\/","url":"https:\/\/www.acpdbrasil.com\/wp-content\/uploads\/2021\/04\/ACPD-OG-image_OG-image.png","contentUrl":"https:\/\/www.acpdbrasil.com\/wp-content\/uploads\/2021\/04\/ACPD-OG-image_OG-image.png","width":1201,"height":631,"caption":"Ag\u00eancia de Conformidade e Prote\u00e7\u00e3o de Dados"},"image":{"@id":"https:\/\/www.acpdbrasil.com\/#\/schema\/logo\/image\/"},"sameAs":["https:\/\/www.facebook.com\/acpdbrasil","https:\/\/x.com\/acpdbrasil","https:\/\/www.instagram.com\/acpdbrasil","http:\/\/linkedin.com\/company\/acpdbrasil","https:\/\/www.youtube.com\/channel\/UCdEnJZeex9u6Mr1_IDyOVcw\/featured?view_as=subscriber"]}]}},"_links":{"self":[{"href":"https:\/\/www.acpdbrasil.com\/en\/wp-json\/wp\/v2\/pages\/4939","targetHints":{"allow":["GET"]}}],"collection":[{"href":"https:\/\/www.acpdbrasil.com\/en\/wp-json\/wp\/v2\/pages"}],"about":[{"href":"https:\/\/www.acpdbrasil.com\/en\/wp-json\/wp\/v2\/types\/page"}],"author":[{"embeddable":true,"href":"https:\/\/www.acpdbrasil.com\/en\/wp-json\/wp\/v2\/users\/1"}],"replies":[{"embeddable":true,"href":"https:\/\/www.acpdbrasil.com\/en\/wp-json\/wp\/v2\/comments?post=4939"}],"version-history":[{"count":0,"href":"https:\/\/www.acpdbrasil.com\/en\/wp-json\/wp\/v2\/pages\/4939\/revisions"}],"wp:featuredmedia":[{"embeddable":true,"href":"https:\/\/www.acpdbrasil.com\/en\/wp-json\/wp\/v2\/media\/2943"}],"wp:attachment":[{"href":"https:\/\/www.acpdbrasil.com\/en\/wp-json\/wp\/v2\/media?parent=4939"}],"curies":[{"name":"wp","href":"https:\/\/api.w.org\/{rel}","templated":true}]}}