{"id":4445,"date":"2021-08-03T17:01:21","date_gmt":"2021-08-03T20:01:21","guid":{"rendered":"https:\/\/www.acpdbrasil.com\/?page_id=4445"},"modified":"2021-08-03T17:08:35","modified_gmt":"2021-08-03T20:08:35","slug":"acpd-convida-jose-pininga","status":"publish","type":"page","link":"https:\/\/www.acpdbrasil.com\/en\/acpd-convida-jose-pininga\/","title":{"rendered":"ACPD Convida: Jos\u00e9 Pininga"},"content":{"rendered":"<div  data-label=\"About\" data-id=\"about--1\" data-export-id=\"about-9\" data-category=\"about\" class=\"about-9 content-section content-section-spacing\" id=\"about-1\" style=\"background-color: rgb(255, 255, 255);\"><div  class=\"gridContainer\"> <div  class=\"row middle-sm text-center\"><div  class=\"col-sm-5 space-bottom-xs content-column content-right-sm\" data-type=\"column\"> <h5  class=\"\">ACPD CONVIDA: 2&nbsp;jul<\/h5> <h2  class=\"\">ACPD Convida:\n<br ><span  style=\"font-family: Playfair Display,sans-serif; font-weight: 700; font-style: italic;\" href=\"#\">Prof. Pininga<\/span><\/h2> <p  class=\"\" style=\"text-align: left;\">Nesta quarta edi\u00e7\u00e3o do evento, contamos com o Prof. Pininga, Especialista em Seguran\u00e7a da Informa\u00e7\u00e3o (SI), ex Alpargatas. Vamos conversar sobre a Seguran\u00e7a da Informa\u00e7\u00e3o, o Cap\u00edtulo VII da LGPD e as adequa\u00e7\u00f5es, com destaque para:<br >\n\u2022 Medidas de Seguran\u00e7a e t\u00e9cnicas;<br >\n\u2022 Boas Pr\u00e1ticas e de Governan\u00e7a;<br >\n\u2022 Normas T\u00e9cnicas de Privacidade e Prote\u00e7\u00e3o;<br >\n\u2022 Seguran\u00e7a e demais padr\u00f5es t\u00e9cnicos;<br >\n\u2022 Agentes de Tratamento;<br >\n\u2022 Encarregado pelo Tratamento de Dados Pessoais;<br >\n\u2022 Relat\u00f3rio de Impacto \u00e0 Prote\u00e7\u00e3o de Dados Pessoais.<br >\n\n<br >Tentamos responder essas e outras perguntas na nossa live do dia 2 de julho.<br ><br >\nAt\u00e9 l\u00e1!<\/p> <a class=\"button color2\" href=\"https:\/\/www.youtube.com\/watch?v=VOm7OmAw4Gs\" target=\"_blank\" data-cp-link=\"1\" data-icon=\"fa-youtube-square\" rel=\"noopener\"><span class=\"button-icon fa fa-youtube-square\" ><\/span>Assista o evento<\/a><\/div> <div  class=\"col-sm-7 flexbox flexbox middle-xs center-xs space-bottom-xs\"><div  class=\"overlay-box flexbox middle-xs center-xs overlay-holder\"> <div  class=\"overlay-box-offset offset-background shadow-medium bg-color2 hide-xs\"><\/div> <img decoding=\"async\"  class=\"flexbox shadow-large img1\" src=\"https:\/\/www.acpdbrasil.com\/wp-content\/uploads\/2021\/06\/2021-07-02-ACPD-Convida-Prof.-Pininga_Instagram-Feeds-Arte-01.png\" data-size=\"600x400\" title=\"2021-07-02 - ACPD Convida Prof. Pininga_Instagram Feeds - Arte 01\" alt=\"2021-07-02 - ACPD Convida Prof. Pininga\"><\/div> <\/div><\/div> <\/div><\/div><div  data-label=\"Team\" data-id=\"team--2\" data-export-id=\"team-2\" data-category=\"team\" class=\"team-2 content-section content-section-spacing\" id=\"team-2\" style=\"background-color: rgb(255, 255, 255);\"><div  class=\"gridContainer\"> <div  class=\"row text-center\"><div  class=\"section-title-col\" data-type=\"column\"> <h2  class=\"\">Participantes<\/h2> <\/div> <\/div> <div  class=\"row spaced-cols content-center-sm center-sm\" data-type=\"row\"> <div  class=\"col-sm-6 col-md-3\"> <div  class=\"card y-move no-padding bordered\"> <img decoding=\"async\"  class=\"face\" src=\"https:\/\/www.acpdbrasil.com\/wp-content\/uploads\/2021\/03\/2021-03-27-ACPD-Convida-Claudio-Rocha_Paricipante-LCF.png\" title=\"2021-03-27 - ACPD Convida Claudio Rocha_Paricipante LCF\" alt=\"ACPD ConvidaL LCF\"> <div  data-type=\"column\" class=\"col-padding-small col-padding-small-xs description-container\"> <h4  class=\"font-500\">L\u00c9O FARIAS<\/h4> <p  class=\"small\" style=\"font-style: italic;\">CEO\n<br >ACPD Brasil<\/p> <div  class=\"social-icons-group\" data-type=\"group\"> <a href=\"#\" target=\"_self\" data-reiki-hidden=\"true\" rel=\"noopener\"><i  class=\"fa icon fa-facebook-square gray\"><\/i><\/a> <a href=\"#\" target=\"_self\" data-reiki-hidden=\"true\" rel=\"noopener\"><i  class=\"fa icon fa-twitter-square gray\"><\/i><\/a> <a href=\"https:\/\/www.linkedin.com\/in\/leocfarias\" target=\"_blank\" rel=\"noopener\" class=\"\"><i  class=\"fa icon fa-linkedin-square color2\"><\/i><\/a> <a href=\"#\" target=\"_self\" data-reiki-hidden=\"true\" rel=\"noopener\"><i  class=\"fa icon fa-google-plus-square gray\"><\/i><\/a><\/div> <p  class=\"\">L\u00e9o Farias \u00e9 Engenheiro Qu\u00edmico, formado na Universi- dade Federal do Rio de Janeiro (UFRJ), fundador da Ag\u00eancia de Conformidade e Prote\u00e7\u00e3o de Dados (ACPD Brasil), Auditor L\u00edder, na norma ABNT NBR ISO 9001:2015, Data Protection Officer (DPO) na Nova Uni\u00e3o, e membro dos seguintes comit\u00eas t\u00e9cnicos da ISO:<br >\n\n\u2022\tABNT\/CB-021\/CE \u2013 Seguran\u00e7a da informa\u00e7\u00e3o, seguran\u00e7a cibern\u00e9tica e prote\u00e7\u00e3o da privacidade; \n<br >\u2022\tABNT\/CB-025 \u2013 Qualidade;\n\n<br >\u2022\tABNT\/CEE-063 \u2013 Gest\u00e3o de Riscos; e \n<br >\u2022\tABNT\/CEE-130 \u2013 Gest\u00e3o da Pesquisa, Desenvolvimento \n   e Inova\u00e7\u00e3o (PD&amp;I).\n\n<br ><br >\nL\u00e9o foi certificado internacionalmente como Data Protection Officer pela University of Derby, Inglaterra.<\/p><\/div><\/div> <\/div><div  class=\"col-sm-6 col-md-3\"> <div  class=\"card y-move no-padding bordered\"> <img decoding=\"async\"  class=\"face\" src=\"https:\/\/www.acpdbrasil.com\/wp-content\/uploads\/2021\/06\/2021-07-02-ACPD-Convida-Prof.-Pininga_Participante-Convidado.png\" title=\"2021-07-02 - ACPD Convida Prof. Pininga_Participante Convidado\" alt=\"\"> <div  data-type=\"column\" class=\"col-padding-small col-padding-small-xs description-container\"> <h4  class=\"font-500\">PROF. PININGA<\/h4> <p  class=\"small\" style=\"font-style: italic;\">Especialistas em SI<br >Ex Alpargatas<\/p> <div  class=\"social-icons-group\" data-type=\"group\"> <a href=\"#\" target=\"_self\" data-reiki-hidden=\"true\" rel=\"noopener\"><i  class=\"fa icon fa-facebook-square gray\"><\/i><\/a> <a href=\"#\" target=\"_self\" data-reiki-hidden=\"true\" rel=\"noopener\"><i  class=\"fa icon fa-twitter-square gray\"><\/i><\/a> <a href=\"https:\/\/www.linkedin.com\/in\/raquel-rinaldi-835a98168\" target=\"_blank\" rel=\"noopener\" class=\"\"><i  class=\"fa icon fa-linkedin-square color2\"><\/i><\/a> <a href=\"#\" target=\"_self\" data-reiki-hidden=\"true\" rel=\"noopener\"><i  class=\"fa icon fa-google-plus-square gray\"><\/i><\/a><\/div> <p  class=\"\">O Prof. Pininga \u00e9 specialista em Seguran\u00e7a da Informa\u00e7\u00e3o na empresa Alpargatas, Professor da Faculdade Impacta de Tecnologia, do IBTA e da TIExames. Ele \u00e9 p\u00f3s graduado pela Unirio, em Seguran\u00e7a da Internet, e certificado como DPO (Data Protection Officer). O Prof. Pininga tamb\u00e9m \u00e9 Ethical Hacker, ISMP, MSCE e Palestrante.<\/p><\/div><\/div> <\/div>       <\/div> <\/div><\/div><div  data-label=\"Cta\" data-id=\"cta--1\" data-export-id=\"cta-blue-section\" data-category=\"cta\" class=\"cta-blue-section content-section content-section-spacing-medium bg-color1 white-text\" id=\"cta-1\"><div  class=\"gridContainer\"> <div  class=\"row middle-xs\"><div  class=\"col-sm-8 space-bottom-xs\" data-type=\"column\"> <h2  class=\"\">Assine nossas newsletters!<\/h2> <\/div> <div  class=\"col-sm-4 end-sm\" data-type=\"column\"> <a class=\"button color2\" href=\"https:\/\/www.acpdbrasil.com\/en\/newsletter-opt-in\/\" target=\"_blank\" data-cp-link=\"1\" data-icon=\"\" rel=\"noopener\">NEWSLETTER ACPD<\/a><\/div> <\/div><\/div> <\/div><div  data-label=\"Content\" data-id=\"content--1\" data-export-id=\"content-12\" data-category=\"content\" class=\"content-12 content-section content-section-spacing\" id=\"content-1\" style=\"background-color: rgb(255, 255, 255); background-image: none;\"><div  class=\"gridContainer\">  <div  class=\"row center-xs middle-xs\"> <div  class=\"col-sm-9\" data-type=\"column\"> <img decoding=\"async\"  class=\"custom-image\" src=\"https:\/\/www.acpdbrasil.com\/wp-content\/uploads\/2021\/06\/2021-07-02-ACPD-Convida-Prof.-Pininga_Instagram-Feeds-Arte-05.png\" title=\"2021-07-02 - ACPD Convida Prof. Pininga_Instagram Feeds - Arte 05\" alt=\"\"><img decoding=\"async\"  class=\"custom-image\" src=\"https:\/\/www.acpdbrasil.com\/wp-content\/uploads\/2021\/06\/2021-07-02-ACPD-Convida-Prof.-Pininga_Instagram-Feeds-Arte-06.png\" title=\"2021-07-02 - ACPD Convida Prof. Pininga_Instagram Feeds - Arte 06\" alt=\"\"><\/div> <\/div><\/div> <\/div><div  data-label=\"Portfolio\" data-id=\"portfolio--1\" data-export-id=\"portfolio-3\" data-category=\"portfolio\" class=\"portfolio-3 content-section content-section-spacing\" id=\"portfolio-1\" style=\"background-color: rgb(255, 255, 255); background-image: none;\"><div  class=\"gridContainer\"> <div  class=\"row text-center\"><div  class=\"section-title-col\" data-type=\"column\"> <h2  class=\"\">Veja o que j\u00e1 rolou por aqui<\/h2> <p  class=\"lead\">Est\u00e1 procurando por algum evento que j\u00e1 aconteceu? D\u00ea uma olhada abaixo.&nbsp;<\/p><\/div> <\/div> <div  class=\"row spaced-cols space-bottom center-sm content-center-sm\" data-type=\"row\">    <div  class=\"col-xs-12 col-sm-4 text-center\"> <div  class=\"card no-padding bottom-border-color1 no-shadow\"> <div  data-hover-fx=\"portfolio-3\" class=\"contentswap-effect\"> <div  class=\"initial-image\"> <img decoding=\"async\"  data-size=\"500x333\" src=\"https:\/\/www.acpdbrasil.com\/wp-content\/uploads\/2021\/05\/2021-05-02-ACPD-Convida-Raquel-Rinaldi_Instagram-Feeds-Arte-01.png\"><\/div> <div  class=\"overlay bg-color5\"><\/div> <div  class=\"swap-inner col-xs-12\"> <div  class=\"row full-height-row middle-xs middle-sm\"> <div  class=\"col-xs-12 text-center content-holder\"> <a class=\"button small color2\" href=\"https:\/\/youtu.be\/_U_S8jJ_mnA\" target=\"_blank\" data-cp-link=\"1\" data-icon=\"\" rel=\"noopener\">Assista Agora<\/a><\/div> <\/div><\/div> <\/div> <div  class=\"space-bottom space-top col-xs-12\" data-type=\"column\"> <h4  class=\"\">ACPD Convida: Raquel Rinaldi<\/h4> <a class=\"button small color1\" href=\"https:\/\/www.acpdbrasil.com\/en\/acpd-convida-raquelrinaldi\/\" target=\"_self\" data-cp-link=\"1\" data-icon=\"\" rel=\"noopener\">Sobre este Evento<\/a><p  class=\"small italic\">Na terceira edi\u00e7\u00e3o do evento, contamos com a Dr\u00aa Raquel Rinaldi, CEO do LGPD Experience.&nbsp;Conversamos sobre a LGPD e os desafios da Implementa\u00e7\u00e3o de um Programa de Privacidade.&nbsp;<br ><br >\nCaso queira saber mais sobre o convidado, clique no bot\u00e3o abaixo.<\/p><a class=\"button small color2\" href=\"https:\/\/youtu.be\/_U_S8jJ_mnA\" target=\"_blank\" data-cp-link=\"1\" data-icon=\"fa-youtube\" rel=\"noopener\"><span  class=\"button-icon fa fa-youtube\"><\/span>Assistir Agora<\/a><\/div> <\/div><\/div><div  class=\"col-xs-12 col-sm-4 text-center\"> <div  class=\"card no-padding bottom-border-color1 no-shadow\"> <div  data-hover-fx=\"portfolio-3\" class=\"contentswap-effect\"> <div  class=\"initial-image\"> <img decoding=\"async\"  data-size=\"500x333\" src=\"https:\/\/www.acpdbrasil.com\/wp-content\/uploads\/2021\/04\/2021-04-14-ACPD-Convida-Le\u0301o-Rosa_Instagram-Feeds-Arte-01-2.png\"><\/div> <div  class=\"overlay bg-color5\"><\/div> <div  class=\"swap-inner col-xs-12\"> <div  class=\"row full-height-row middle-xs middle-sm\"> <div  class=\"col-xs-12 text-center content-holder\"> <a class=\"button small color2\" href=\"https:\/\/www.youtube.com\/watch?v=J-oO3LKF9wI&amp;t=501s\" target=\"_blank\" data-cp-link=\"1\" data-icon=\"\" rel=\"noopener\">Assista Agora<\/a><\/div> <\/div><\/div> <\/div> <div  class=\"space-bottom space-top col-xs-12\" data-type=\"column\"> <h4  class=\"\">ACPD Convida: Leonardo Rosa<\/h4> <a class=\"button small color1\" href=\"https:\/\/www.acpdbrasil.com\/en\/acpdconvida-leonardorosa\/\" target=\"_self\" data-cp-link=\"1\" data-icon=\"\" rel=\"noopener\">Sobre este Evento<\/a><p  class=\"small italic\">No dia 5 de maio, o ACPD Convida, contou com o Procurement Manager e especialista em Supply Chain, Leonardo Rosa.&nbsp;&nbsp;<br ><br >\nCaso queira saber mais sobre o convidado, clique no bot\u00e3o abaixo.<\/p><a class=\"button small color2\" href=\"https:\/\/youtu.be\/iTTksI-OAGs\" target=\"_blank\" data-cp-link=\"1\" data-icon=\"fa-youtube\" rel=\"noopener\"><span  class=\"button-icon fa fa-youtube\"><\/span>Assistir Agora<\/a><\/div> <\/div><\/div><div  class=\"col-xs-12 col-sm-4 text-center\"> <div  class=\"card no-padding bottom-border-color1 no-shadow\"> <div  data-hover-fx=\"portfolio-3\" class=\"contentswap-effect\"> <div  class=\"initial-image\"> <img decoding=\"async\"  data-size=\"500x333\" src=\"https:\/\/www.acpdbrasil.com\/wp-content\/uploads\/2021\/03\/2021-03-27-ACPD-Convida-Claudio-Rocha_Arte-01-Feeds.png\"><\/div> <div  class=\"overlay bg-color5\"><\/div> <div  class=\"swap-inner col-xs-12\"> <div  class=\"row full-height-row middle-xs middle-sm\"> <div  class=\"col-xs-12 text-center content-holder\"> <a class=\"button small color2\" href=\"https:\/\/www.youtube.com\/watch?v=J-oO3LKF9wI&amp;t=501s\" target=\"_blank\" data-cp-link=\"1\" data-icon=\"\" rel=\"noopener\">Assista Agora<\/a><\/div> <\/div><\/div> <\/div> <div  class=\"space-bottom space-top col-xs-12\" data-type=\"column\"> <h4  class=\"\">ACPD Convida: Claudio Rocha<\/h4> <a class=\"button small color1\" href=\"https:\/\/www.acpdbrasil.com\/en\/acpdconvida-claudiorocha\/\" target=\"_self\" data-cp-link=\"1\" data-icon=\"\" rel=\"noopener\">Sobre este Evento<\/a><p  class=\"small italic\">A ACPD Brasil estreou, em 7 de abril, a s\u00e9rie de eventos ACPD Convida, com o Encarregado de Prote\u00e7\u00e3o de Dados, da Ag\u00eancia Nacional do Petr\u00f3leo, G\u00e1s Natural e Biocombust\u00edveis (ANP), Claudio Rocha.&nbsp;\n<br ><br >\nCaso queira saber mais sobre o convidado, clique no bot\u00e3o abaixo.<\/p><a class=\"button small color2\" href=\"https:\/\/youtu.be\/J-oO3LKF9wI\" target=\"_blank\" data-cp-link=\"1\" data-icon=\"fa-youtube\" rel=\"noopener\"><span  class=\"button-icon fa fa-youtube\"><\/span>Assistir Agora<\/a><\/div> <\/div><\/div><\/div> <div  class=\"row\"> <div  data-type=\"column\" class=\"col-xs-12 text-center\"> <\/div> <\/div><\/div> <\/div>","protected":false},"excerpt":{"rendered":"<p>ACPD CONVIDA: 2&nbsp;jul ACPD Convida: Prof. Pininga Nesta quarta edi\u00e7\u00e3o do evento, contamos com o Prof. Pininga, Especialista em Seguran\u00e7a da Informa\u00e7\u00e3o (SI), ex Alpargatas. Vamos conversar sobre a Seguran\u00e7a&hellip; <br \/> <a class=\"read-more\" href=\"https:\/\/www.acpdbrasil.com\/en\/acpd-convida-jose-pininga\/\">Read more<\/a><\/p>","protected":false},"author":1,"featured_media":2943,"parent":0,"menu_order":0,"comment_status":"closed","ping_status":"closed","template":"pro\/page-templates\/full-width-page.php","meta":{"footnotes":""},"class_list":["post-4445","page","type-page","status-publish","has-post-thumbnail","hentry"],"yoast_head":"<!-- This site is optimized with the Yoast SEO plugin v27.3 - https:\/\/yoast.com\/product\/yoast-seo-wordpress\/ -->\n<title>ACPD Convida: Jos\u00e9 Pininga - ACPD Brasil<\/title>\n<meta name=\"description\" content=\"A ACPD Brasil tem o prazer de anunciar o ACPD Convida que \u00e9 uma s\u00e9rie de eventos com convidados relevantes no mercado.\" \/>\n<meta name=\"robots\" content=\"index, follow, max-snippet:-1, max-image-preview:large, max-video-preview:-1\" \/>\n<link rel=\"canonical\" href=\"https:\/\/www.acpdbrasil.com\/en\/acpd-convida-jose-pininga\/\" \/>\n<meta property=\"og:locale\" content=\"en_US\" \/>\n<meta property=\"og:type\" content=\"article\" \/>\n<meta property=\"og:title\" content=\"ACPD Convida: Jos\u00e9 Pininga - ACPD Brasil\" \/>\n<meta property=\"og:description\" content=\"A ACPD Brasil tem o prazer de anunciar o ACPD Convida que \u00e9 uma s\u00e9rie de eventos com convidados relevantes no mercado.\" \/>\n<meta property=\"og:url\" content=\"https:\/\/www.acpdbrasil.com\/en\/acpd-convida-jose-pininga\/\" \/>\n<meta property=\"og:site_name\" content=\"ACPD Brasil\" \/>\n<meta property=\"article:publisher\" content=\"https:\/\/www.facebook.com\/acpdbrasil\" \/>\n<meta property=\"article:modified_time\" content=\"2021-08-03T20:08:35+00:00\" \/>\n<meta property=\"og:image\" content=\"https:\/\/www.acpdbrasil.com\/wp-content\/uploads\/2021\/03\/2021-03-27-ACPD-Convida-Claudio-Rocha_Arte-01-Feeds.png\" \/>\n\t<meta property=\"og:image:width\" content=\"2000\" \/>\n\t<meta property=\"og:image:height\" content=\"2000\" \/>\n\t<meta property=\"og:image:type\" content=\"image\/png\" \/>\n<meta name=\"twitter:card\" content=\"summary_large_image\" \/>\n<meta name=\"twitter:description\" content=\"A ACPD Brasil tem o prazer de anunciar o ACPD Convida que \u00e9 uma s\u00e9rie de eventos com convidados relevantes no mercado.\" \/>\n<meta name=\"twitter:image\" content=\"https:\/\/www.acpdbrasil.com\/wp-content\/uploads\/2021\/03\/2021-03-27-ACPD-Convida-Claudio-Rocha_Arte-01-Feeds.png\" \/>\n<meta name=\"twitter:site\" content=\"@acpdbrasil\" \/>\n<meta name=\"twitter:label1\" content=\"Est. reading time\" \/>\n\t<meta name=\"twitter:data1\" content=\"2 minutes\" \/>\n<script type=\"application\/ld+json\" class=\"yoast-schema-graph\">{\"@context\":\"https:\\\/\\\/schema.org\",\"@graph\":[{\"@type\":\"WebPage\",\"@id\":\"https:\\\/\\\/www.acpdbrasil.com\\\/acpd-convida-jose-pininga\\\/\",\"url\":\"https:\\\/\\\/www.acpdbrasil.com\\\/acpd-convida-jose-pininga\\\/\",\"name\":\"ACPD Convida: Jos\u00e9 Pininga - ACPD Brasil\",\"isPartOf\":{\"@id\":\"https:\\\/\\\/www.acpdbrasil.com\\\/#website\"},\"primaryImageOfPage\":{\"@id\":\"https:\\\/\\\/www.acpdbrasil.com\\\/acpd-convida-jose-pininga\\\/#primaryimage\"},\"image\":{\"@id\":\"https:\\\/\\\/www.acpdbrasil.com\\\/acpd-convida-jose-pininga\\\/#primaryimage\"},\"thumbnailUrl\":\"https:\\\/\\\/www.acpdbrasil.com\\\/wp-content\\\/uploads\\\/2021\\\/04\\\/2021-04-14-ACPD-Convida-Le\u0301o-Rosa_Instagram-Feeds-Arte-01-1.png\",\"datePublished\":\"2021-08-03T20:01:21+00:00\",\"dateModified\":\"2021-08-03T20:08:35+00:00\",\"description\":\"A ACPD Brasil tem o prazer de anunciar o ACPD Convida que \u00e9 uma s\u00e9rie de eventos com convidados relevantes no mercado.\",\"breadcrumb\":{\"@id\":\"https:\\\/\\\/www.acpdbrasil.com\\\/acpd-convida-jose-pininga\\\/#breadcrumb\"},\"inLanguage\":\"en-US\",\"potentialAction\":[{\"@type\":\"ReadAction\",\"target\":[\"https:\\\/\\\/www.acpdbrasil.com\\\/acpd-convida-jose-pininga\\\/\"]}]},{\"@type\":\"ImageObject\",\"inLanguage\":\"en-US\",\"@id\":\"https:\\\/\\\/www.acpdbrasil.com\\\/acpd-convida-jose-pininga\\\/#primaryimage\",\"url\":\"https:\\\/\\\/www.acpdbrasil.com\\\/wp-content\\\/uploads\\\/2021\\\/04\\\/2021-04-14-ACPD-Convida-Le\u0301o-Rosa_Instagram-Feeds-Arte-01-1.png\",\"contentUrl\":\"https:\\\/\\\/www.acpdbrasil.com\\\/wp-content\\\/uploads\\\/2021\\\/04\\\/2021-04-14-ACPD-Convida-Le\u0301o-Rosa_Instagram-Feeds-Arte-01-1.png\",\"width\":2000,\"height\":2000,\"caption\":\"ACPD Convida: Leonardo Rosa\"},{\"@type\":\"BreadcrumbList\",\"@id\":\"https:\\\/\\\/www.acpdbrasil.com\\\/acpd-convida-jose-pininga\\\/#breadcrumb\",\"itemListElement\":[{\"@type\":\"ListItem\",\"position\":1,\"name\":\"In\u00edcio\",\"item\":\"https:\\\/\\\/www.acpdbrasil.com\\\/\"},{\"@type\":\"ListItem\",\"position\":2,\"name\":\"ACPD Convida: Jos\u00e9 Pininga\"}]},{\"@type\":\"WebSite\",\"@id\":\"https:\\\/\\\/www.acpdbrasil.com\\\/#website\",\"url\":\"https:\\\/\\\/www.acpdbrasil.com\\\/\",\"name\":\"ACPD Brasil\",\"description\":\"Conformidade, Prote\u00e7\u00e3o e Privacidade de Dados\",\"publisher\":{\"@id\":\"https:\\\/\\\/www.acpdbrasil.com\\\/#organization\"},\"potentialAction\":[{\"@type\":\"SearchAction\",\"target\":{\"@type\":\"EntryPoint\",\"urlTemplate\":\"https:\\\/\\\/www.acpdbrasil.com\\\/?s={search_term_string}\"},\"query-input\":{\"@type\":\"PropertyValueSpecification\",\"valueRequired\":true,\"valueName\":\"search_term_string\"}}],\"inLanguage\":\"en-US\"},{\"@type\":\"Organization\",\"@id\":\"https:\\\/\\\/www.acpdbrasil.com\\\/#organization\",\"name\":\"Ag\u00eancia de Conformidade e Prote\u00e7\u00e3o de Dados\",\"url\":\"https:\\\/\\\/www.acpdbrasil.com\\\/\",\"logo\":{\"@type\":\"ImageObject\",\"inLanguage\":\"en-US\",\"@id\":\"https:\\\/\\\/www.acpdbrasil.com\\\/#\\\/schema\\\/logo\\\/image\\\/\",\"url\":\"https:\\\/\\\/www.acpdbrasil.com\\\/wp-content\\\/uploads\\\/2021\\\/04\\\/ACPD-OG-image_OG-image.png\",\"contentUrl\":\"https:\\\/\\\/www.acpdbrasil.com\\\/wp-content\\\/uploads\\\/2021\\\/04\\\/ACPD-OG-image_OG-image.png\",\"width\":1201,\"height\":631,\"caption\":\"Ag\u00eancia de Conformidade e Prote\u00e7\u00e3o de Dados\"},\"image\":{\"@id\":\"https:\\\/\\\/www.acpdbrasil.com\\\/#\\\/schema\\\/logo\\\/image\\\/\"},\"sameAs\":[\"https:\\\/\\\/www.facebook.com\\\/acpdbrasil\",\"https:\\\/\\\/x.com\\\/acpdbrasil\",\"https:\\\/\\\/www.instagram.com\\\/acpdbrasil\",\"http:\\\/\\\/linkedin.com\\\/company\\\/acpdbrasil\",\"https:\\\/\\\/www.youtube.com\\\/channel\\\/UCdEnJZeex9u6Mr1_IDyOVcw\\\/featured?view_as=subscriber\"]}]}<\/script>\n<!-- \/ Yoast SEO plugin. -->","yoast_head_json":{"title":"ACPD Convida: Jos\u00e9 Pininga - ACPD Brasil","description":"A ACPD Brasil tem o prazer de anunciar o ACPD Convida que \u00e9 uma s\u00e9rie de eventos com convidados relevantes no mercado.","robots":{"index":"index","follow":"follow","max-snippet":"max-snippet:-1","max-image-preview":"max-image-preview:large","max-video-preview":"max-video-preview:-1"},"canonical":"https:\/\/www.acpdbrasil.com\/en\/acpd-convida-jose-pininga\/","og_locale":"en_US","og_type":"article","og_title":"ACPD Convida: Jos\u00e9 Pininga - ACPD Brasil","og_description":"A ACPD Brasil tem o prazer de anunciar o ACPD Convida que \u00e9 uma s\u00e9rie de eventos com convidados relevantes no mercado.","og_url":"https:\/\/www.acpdbrasil.com\/en\/acpd-convida-jose-pininga\/","og_site_name":"ACPD Brasil","article_publisher":"https:\/\/www.facebook.com\/acpdbrasil","article_modified_time":"2021-08-03T20:08:35+00:00","og_image":[{"width":2000,"height":2000,"url":"https:\/\/www.acpdbrasil.com\/wp-content\/uploads\/2021\/03\/2021-03-27-ACPD-Convida-Claudio-Rocha_Arte-01-Feeds.png","type":"image\/png"}],"twitter_card":"summary_large_image","twitter_description":"A ACPD Brasil tem o prazer de anunciar o ACPD Convida que \u00e9 uma s\u00e9rie de eventos com convidados relevantes no mercado.","twitter_image":"https:\/\/www.acpdbrasil.com\/wp-content\/uploads\/2021\/03\/2021-03-27-ACPD-Convida-Claudio-Rocha_Arte-01-Feeds.png","twitter_site":"@acpdbrasil","twitter_misc":{"Est. reading time":"2 minutes"},"schema":{"@context":"https:\/\/schema.org","@graph":[{"@type":"WebPage","@id":"https:\/\/www.acpdbrasil.com\/acpd-convida-jose-pininga\/","url":"https:\/\/www.acpdbrasil.com\/acpd-convida-jose-pininga\/","name":"ACPD Convida: Jos\u00e9 Pininga - ACPD Brasil","isPartOf":{"@id":"https:\/\/www.acpdbrasil.com\/#website"},"primaryImageOfPage":{"@id":"https:\/\/www.acpdbrasil.com\/acpd-convida-jose-pininga\/#primaryimage"},"image":{"@id":"https:\/\/www.acpdbrasil.com\/acpd-convida-jose-pininga\/#primaryimage"},"thumbnailUrl":"https:\/\/www.acpdbrasil.com\/wp-content\/uploads\/2021\/04\/2021-04-14-ACPD-Convida-Le\u0301o-Rosa_Instagram-Feeds-Arte-01-1.png","datePublished":"2021-08-03T20:01:21+00:00","dateModified":"2021-08-03T20:08:35+00:00","description":"A ACPD Brasil tem o prazer de anunciar o ACPD Convida que \u00e9 uma s\u00e9rie de eventos com convidados relevantes no mercado.","breadcrumb":{"@id":"https:\/\/www.acpdbrasil.com\/acpd-convida-jose-pininga\/#breadcrumb"},"inLanguage":"en-US","potentialAction":[{"@type":"ReadAction","target":["https:\/\/www.acpdbrasil.com\/acpd-convida-jose-pininga\/"]}]},{"@type":"ImageObject","inLanguage":"en-US","@id":"https:\/\/www.acpdbrasil.com\/acpd-convida-jose-pininga\/#primaryimage","url":"https:\/\/www.acpdbrasil.com\/wp-content\/uploads\/2021\/04\/2021-04-14-ACPD-Convida-Le\u0301o-Rosa_Instagram-Feeds-Arte-01-1.png","contentUrl":"https:\/\/www.acpdbrasil.com\/wp-content\/uploads\/2021\/04\/2021-04-14-ACPD-Convida-Le\u0301o-Rosa_Instagram-Feeds-Arte-01-1.png","width":2000,"height":2000,"caption":"ACPD Convida: Leonardo Rosa"},{"@type":"BreadcrumbList","@id":"https:\/\/www.acpdbrasil.com\/acpd-convida-jose-pininga\/#breadcrumb","itemListElement":[{"@type":"ListItem","position":1,"name":"In\u00edcio","item":"https:\/\/www.acpdbrasil.com\/"},{"@type":"ListItem","position":2,"name":"ACPD Convida: Jos\u00e9 Pininga"}]},{"@type":"WebSite","@id":"https:\/\/www.acpdbrasil.com\/#website","url":"https:\/\/www.acpdbrasil.com\/","name":"ACPD Brasil","description":"Conformidade, Prote\u00e7\u00e3o e Privacidade de Dados","publisher":{"@id":"https:\/\/www.acpdbrasil.com\/#organization"},"potentialAction":[{"@type":"SearchAction","target":{"@type":"EntryPoint","urlTemplate":"https:\/\/www.acpdbrasil.com\/?s={search_term_string}"},"query-input":{"@type":"PropertyValueSpecification","valueRequired":true,"valueName":"search_term_string"}}],"inLanguage":"en-US"},{"@type":"Organization","@id":"https:\/\/www.acpdbrasil.com\/#organization","name":"Ag\u00eancia de Conformidade e Prote\u00e7\u00e3o de Dados","url":"https:\/\/www.acpdbrasil.com\/","logo":{"@type":"ImageObject","inLanguage":"en-US","@id":"https:\/\/www.acpdbrasil.com\/#\/schema\/logo\/image\/","url":"https:\/\/www.acpdbrasil.com\/wp-content\/uploads\/2021\/04\/ACPD-OG-image_OG-image.png","contentUrl":"https:\/\/www.acpdbrasil.com\/wp-content\/uploads\/2021\/04\/ACPD-OG-image_OG-image.png","width":1201,"height":631,"caption":"Ag\u00eancia de Conformidade e Prote\u00e7\u00e3o de Dados"},"image":{"@id":"https:\/\/www.acpdbrasil.com\/#\/schema\/logo\/image\/"},"sameAs":["https:\/\/www.facebook.com\/acpdbrasil","https:\/\/x.com\/acpdbrasil","https:\/\/www.instagram.com\/acpdbrasil","http:\/\/linkedin.com\/company\/acpdbrasil","https:\/\/www.youtube.com\/channel\/UCdEnJZeex9u6Mr1_IDyOVcw\/featured?view_as=subscriber"]}]}},"_links":{"self":[{"href":"https:\/\/www.acpdbrasil.com\/en\/wp-json\/wp\/v2\/pages\/4445","targetHints":{"allow":["GET"]}}],"collection":[{"href":"https:\/\/www.acpdbrasil.com\/en\/wp-json\/wp\/v2\/pages"}],"about":[{"href":"https:\/\/www.acpdbrasil.com\/en\/wp-json\/wp\/v2\/types\/page"}],"author":[{"embeddable":true,"href":"https:\/\/www.acpdbrasil.com\/en\/wp-json\/wp\/v2\/users\/1"}],"replies":[{"embeddable":true,"href":"https:\/\/www.acpdbrasil.com\/en\/wp-json\/wp\/v2\/comments?post=4445"}],"version-history":[{"count":0,"href":"https:\/\/www.acpdbrasil.com\/en\/wp-json\/wp\/v2\/pages\/4445\/revisions"}],"wp:featuredmedia":[{"embeddable":true,"href":"https:\/\/www.acpdbrasil.com\/en\/wp-json\/wp\/v2\/media\/2943"}],"wp:attachment":[{"href":"https:\/\/www.acpdbrasil.com\/en\/wp-json\/wp\/v2\/media?parent=4445"}],"curies":[{"name":"wp","href":"https:\/\/api.w.org\/{rel}","templated":true}]}}