{"id":4224,"date":"2021-07-24T19:56:32","date_gmt":"2021-07-24T19:56:32","guid":{"rendered":"https:\/\/www.acpdbrasil.com\/?page_id=4224"},"modified":"2024-07-10T13:17:02","modified_gmt":"2024-07-10T16:17:02","slug":"dpo-as-a-service","status":"publish","type":"page","link":"https:\/\/www.acpdbrasil.com\/en\/dpo-as-a-service\/","title":{"rendered":"DPO as a Service"},"content":{"rendered":"<div  data-label=\"Principal\" data-id=\"about--1\" data-export-id=\"about-10\" data-category=\"about\" class=\"about-10 content-section content-section-spacing\" id=\"principal\" style=\"background-color: rgb(255, 255, 255);\"><div  class=\"gridContainer\"> <div  class=\"row middle-sm text-center\"><div  class=\"col-sm-5 space-bottom-xs content-column\" data-type=\"column\"> <h5  class=\"\">ENCARREGADO PELO TRATAMENTO DE DP<\/h5> <h2  class=\"\" data-lt-tmp-id=\"lt-145913\" data-gramm=\"false\"><span  style=\"font-style: italic;\">Data Protection Officer<\/span><br > <span  style=\"font-family: Playfair Display,sans-serif; font-weight: 700; font-style: italic;\" href=\"#\">as a service<\/span><\/h2> <p  class=\"\" data-lt-tmp-id=\"lt-340141\" data-gramm=\"false\">O encarregado pelo tratamento de dados pessoais \u00e9 o indiv\u00edduo respons\u00e1vel por garantir a conformidade de uma organiza\u00e7\u00e3o, p\u00fablica ou privada, \u00e0 LGPD.\n<br ><br >Ao contr\u00e1rio de outras legisla\u00e7\u00f5es de privacidade e prote\u00e7\u00e3o de dados estrangeiras, a LGPD n\u00e3o&nbsp;determinou em que circunst\u00e2ncias uma organiza\u00e7\u00e3o deve indicar um encarregado. Assim, devesse\nassumir, como regra geral, que toda organiza\u00e7\u00e3o dever\u00e1 indicar uma pessoa para assumir esse\npapel.\n<br ><br >O artigo 41 da LGPD n\u00e3o faz distin\u00e7\u00e3o quanto a institui\u00e7\u00f5es p\u00fablicas ou privadas e por isso&nbsp;\u00e9 importante que ambas estejam cientes da sua obriga\u00e7\u00e3o de indicar um encarregado de dados.\nA esse respeito, o art. 23, III, refor\u00e7a a necessidade de um encarregado ser indicado por \u00f3rg\u00e3os e\nentidades p\u00fablicas.\n<br ><br >Fato relevante \u00e9 que a LGPD tamb\u00e9m n\u00e3o distingue se o encarregado deve ser pessoa f\u00edsica ou jur\u00eddica, e se<br >\ndeve ser um funcion\u00e1rio da organiza\u00e7\u00e3o ou um agente externo. Considerando as boas pr\u00e1ticas\ninternacionais, o encarregado poder\u00e1 ser tanto um funcion\u00e1rio da institui\u00e7\u00e3o quanto um agente\nexterno, de natureza f\u00edsica ou jur\u00eddica. Recomenda-se que o encarregado seja indicado por um\nato formal, como um contrato de presta\u00e7\u00e3o de servi\u00e7os ou um ato administrativo.\n<br ><br >A ACPD Brasil oferece o servi\u00e7o de DPO <span  style=\"font-style: italic;\">as a Service<\/span>, ou seja, sob demanda, a fim de que as organiza\u00e7\u00f5es atendam imediatamente as exig\u00eancias dos artigos 23 ou 41.<\/p> <a class=\"button color1\" href=\"mailto:contato@acpdbrasil.com\" target=\"_blank\" data-cp-link=\"1\" data-icon=\"\" rel=\"noopener\">SOLICITAR OR\u00c7AMENTO<\/a><\/div> <div  class=\"col-sm-7 flexbox middle-xs center-xs space-bottom-xs\"><div  class=\"overlay-box middle-xs center-xs flexbox\"> <div  class=\"overlay-box-offset offset-border shadow-medium border-color1 hide-xs\"><\/div> <img  decoding=\"async\" class=\"shadow-large\" data-size=\"485x705\" src=\"https:\/\/www.acpdbrasil.com\/wp-content\/uploads\/2021\/07\/cropped-business-people-scaled-1.jpg\" title=\"cropped-business-people-scaled-1.jpg\" alt=\"\"><\/div> <\/div><\/div> <\/div><\/div><div data-label=\"Cta\" data-id=\"cta--1\" data-export-id=\"cta-centered-section-grid\" data-category=\"cta\" class=\"cta-centered-section-grid content-section content-section-spacing-medium bg-color1 white-text\" id=\"cta-1\" ><div class=\"gridContainer\" > <div class=\"row text-center\" ><div class=\"col-xs-12 col-sm-10 col-sm-offset-1 col-md-8 col-md-offset-2\" data-type=\"column\" >  <p class=\"\"  data-lt-tmp-id=\"lt-364397\" data-gramm=\"false\">Voc\u00ea n\u00e3o sabe se sua organiza\u00e7\u00e3o precisa de um DPO? Ou o que um DPO realmente faz? Tem d\u00favidas se um colaborador indicado internamente seria suficiente? Entre em contato. \n<br ><br >Apresentaremos a solu\u00e7\u00e3o mais adequada de custo\/benef\u00edcio para o seu neg\u00f3cio. \u00c0s vezes, mesmo com um profissional da sua organiza\u00e7\u00e3o j\u00e1 nomeado como DPO, \u00e9 importante ter o olhar cr\u00edtico se ele realmente esta dando conta. Estamos aqui para ajudar. Se a sua organiza\u00e7\u00e3o j\u00e1 tomou nomeou um DPO e mesmo assim, ainda h\u00e1 inseguran\u00e7a, se voc\u00ea ainda n\u00e3o sabe se precisa de um DPO, ou se tem d\u00favidas quanto aos custos, entre em contato! Aguardamos.<\/p> <a class=\"button color2\" href=\"mailto:contato@acpdbrasil.com\" target=\"_self\" data-cp-link=\"1\" data-icon=\"\" rel=\"noopener\">QUERO ENTRAR EM CONTATO<\/a><\/div> <\/div><\/div> <\/div><div  data-label=\"Alinhamento de\" data-id=\"content--1\" data-export-id=\"content-2\" data-category=\"content\" class=\"content-2 content-section content-section-spacing\" id=\"alinhamento-de\" style=\"background-color: rgb(255, 255, 255); background-image: none;\"><div > <div  class=\"row middle-xs\"><div  class=\"col-sm-5 bg-image shadow-large-black\" data-bg=\"image\" style=\"background-image: url(&quot;https:\/\/www.acpdbrasil.com\/wp-content\/uploads\/2021\/07\/business-people-scaled.jpg&quot;);\"><\/div> <div  class=\"col-sm-7 full-col-left-padding full-col-right-padding\"> <div  class=\"row\"> <div  data-type=\"column\" class=\"space-bottom-small content-title-col\"> <h5  class=\"\">BOAS PR\u00c1TICAS<\/h5> <h2  class=\"\">Alinhamento de Expectativas<\/h2> <p  class=\"\" data-lt-tmp-id=\"lt-99503\" data-gramm=\"false\">\nA Lei Geral de Prote\u00e7\u00e3o de Dados, conforme j\u00e1 citado, traz a obrigatoriedade da figura do Encarregado pelo Tratamento de Dados Pessoais. Na Uni\u00e3o Europeia (UE), h\u00e1 cargo similar, conhecido como Data Protection Officer (DPO). Sendo assim, \u00e9 comum e aceit\u00e1vel a equipara\u00e7\u00e3o, sem nenhum preju\u00edzo, deixando de lado os pormenores.&nbsp;<br ><br >Por agir como um ponto de contato com os titulares de dados e a ANPD, \u00e9 importante&nbsp;que os detalhes de contato do encarregado de dados estejam facilmente acess\u00edveis. Geralmente, a identidade e as informa\u00e7\u00f5es de contato do encarregado s\u00e3o divulgadas publicamente, de forma clara e objetiva, no website da contratante.\n<br ><br >Considerando as boas pr\u00e1ticas internacionais, conv\u00e9m que o&nbsp;DPOs <span  style=\"font-style: italic;\">as Service<\/span> tenha: liberdade, recursos adequados, efici\u00eancia e compet\u00eancia.<\/p><\/div> <\/div> <div  class=\"row spaced-cols\" data-type=\"row\"> <div  class=\"col-xs-6\" data-type=\"column\"> <h5  class=\"\">LIBERDADE<\/h5> <p  class=\"\" data-lt-tmp-id=\"lt-135139\" data-gramm=\"false\">Considera-se importante que os DPOs <span  style=\"font-style: italic;\">as Service<\/span> tenham liberdade na realiza\u00e7\u00e3o de suas atribui\u00e7\u00f5es. Sendo assim, conv\u00e9m que eles tenham independ\u00eancia&nbsp;para\ndeterminar a\naplica\u00e7\u00e3o de\nrecursos e as\na\u00e7\u00f5es necess\u00e1rias, al\u00e9m de amplo&nbsp;acesso \u00e0\nestrutura\norganizacional e apoio&nbsp;da alta\nadministra\u00e7\u00e3o (n\u00edvel estrat\u00e9gico).<\/p><\/div> <div  class=\"col-xs-6\" data-type=\"column\"><h5  class=\"\">RECURSOS ADEQUADOS<\/h5> <p  class=\"\" data-lt-tmp-id=\"lt-27719\" data-gramm=\"false\">Conv\u00e9m que os DPOs as a Service oferecidos pela ACPD Brasil tenham recursos adequados para realizar suas atividades, o que pode incluir\nrecursos humanos (equipe de privacidade e prote\u00e7\u00e3o de dados). Conv\u00e9m, que outros recursos tamb\u00e9m sejam considerados: financeiros, tecnol\u00f3gicos, temporais e de infraestrutura.<\/p><\/div> <div  class=\"col-xs-6\" data-type=\"column\"><h5  class=\"\">EFICI\u00caNCIA<\/h5> <p  class=\"\">A ACPD Brasil, ap\u00f3s an\u00e1lise, \u00e9 capaz de identificar os requisitos de efici\u00eancia levando em conta a criticidade do neg\u00f3cio. Ou seja, \u00e9 importante os nossos&nbsp; DPOs <span  style=\"font-style: italic;\">as Service<\/span> s\u00e3o capazes de realizar suas atribui\u00e7\u00f5es com efici\u00eancia. \u00c9 recomend\u00e1vel que ajustes e monitoramento dos sistemas de gest\u00e3o sejam aplicados para garantir e, quando necess\u00e1rio,\nmelhorar a disponibilidade e efici\u00eancia dos sistemas.<\/p><\/div> <div  class=\"col-xs-6\" data-type=\"column\"><h5  class=\"\">COMPET\u00caNCIA<\/h5> <p  class=\"\" data-lt-tmp-id=\"lt-398934\" data-gramm=\"false\">A ACPD Brasil oferece DPOs <span  style=\"font-style: italic;\">as Service<\/span> com qualifica\u00e7\u00f5es profissionais que garantem \u00e0 contratante seguran\u00e7a em suas decis\u00f5es, j\u00e1 que se trata de especialistas com conhecimento multidisciplinar, englobando legisla\u00e7\u00e3o, regulamenta\u00e7\u00e3o e pr\u00e1tica de privacidade e prote\u00e7\u00e3o de dados. Tudo isso,&nbsp;em um n\u00edvel que\natenda \u00e0s necessidades da opera\u00e7\u00e3o da organiza\u00e7\u00e3o.<\/p><\/div> <\/div><\/div> <\/div><\/div> <\/div><div data-label=\"Cta\" data-id=\"cta--2\" data-export-id=\"cta-centered-section-grid\" data-category=\"cta\" class=\"cta-centered-section-grid content-section content-section-spacing-medium bg-color1 white-text\" id=\"cta-2\" ><div class=\"gridContainer\" > <div class=\"row text-center\" ><div class=\"col-xs-12 col-sm-10 col-sm-offset-1 col-md-8 col-md-offset-2\" data-type=\"column\" > <h2 class=\"\"  data-lt-tmp-id=\"lt-840324\" data-gramm=\"false\"><span style=\"font-style: italic;\" >Ao contratar um DPO as a Service da ACPD Brasil, ele ser\u00e1 seu elo de confian\u00e7a, e ser\u00e1 um importante ator nas oportunidades de melhoria de processos e fluxo que tratem dados pessoais.<\/span><\/h2>  <\/div> <\/div><\/div> <\/div><div  data-label=\"Atividades\" data-id=\"overlappable--1\" data-export-id=\"overlappable-2\" data-category=\"overlappable\" class=\"overlappable-2 content-section content-section-spacing\" data-overlap=\"true\" id=\"atividades\" style=\"background-color: rgb(255, 255, 255);\"><div  class=\"gridContainer\"> <div  class=\"row middle-sm shadow-medium bg-color-white\"><div  class=\"col-xs-12 col-sm-4 top-sm col-padding col-padding-xs\" data-type=\"column\"> <h3  class=\"\">Atribui\u00e7\u00f5es<\/h3><h3  class=\"font-300\">O Art. 41&nbsp;\u00a7 2&nbsp;estabelece as atividades do encarregado. Contudo essa lista n\u00e3o \u00e9 exaustiva. Sendo assim,&nbsp; consistem em:<\/h3>  <\/div> <div  class=\"col-xs-12 col-sm-8\"><div  data-type=\"row\" class=\"row\"> <div  class=\"col-xs-12 col-sm-6 col-padding col-padding-small-xs\"><i  class=\"fa icon fa-group bordered round color1\"><\/i> <h5  class=\"\">INTERA\u00c7\u00c3O COM TITULARES<\/h5> <p  class=\"\">Intera\u00e7\u00e3o com os titulares de dados pessoais, incluindo esclarecimentos, e provid\u00eancias necess\u00e1rias em raz\u00e3o desses contatos e reclama\u00e7\u00f5es.<\/p><\/div> <div  class=\"col-xs-12 col-sm-6 col-padding col-padding-small-xs\"><i  class=\"fa icon fa-bank bordered round color1\"><\/i> <h5  class=\"\">INTERA\u00c7\u00c3O COM A ANPD<\/h5> <p  class=\"\">Intera\u00e7\u00e3o com a ANPD, incluindo servir como ponto de contato para o recebimento das comunica\u00e7\u00f5es desta Autoridade, e ser o respons\u00e1vel por adotar as provid\u00eancias.<\/p><\/div> <div  class=\"col-xs-12 col-sm-6 col-padding col-padding-small-xs\"><i  class=\"fa icon fa-commenting bordered round color1\"><\/i> <h5  class=\"\">ORIENTA\u00c7\u00d5ES<\/h5> <p  class=\"\">Orientar os colaboradores da organiza\u00e7\u00e3o contratante, a respeito das boas pr\u00e1ticas associadas \u00e0 privacidade e prote\u00e7\u00e3o de dados pessoais.<\/p><\/div> <div  class=\"col-xs-12 col-sm-6 col-padding col-padding-small-xs\"> <i  class=\"fa icon bordered round fa-forumbee color1\"><\/i> <h5  class=\"\">ASSESSORIA<\/h5> <p  class=\"\">Assessorar os respons\u00e1veis pelo tratamento de dados pessoais, atrav\u00e9s de relat\u00f3rios de impacto \u00e0 prote\u00e7\u00e3o de dados pessoais, atrav\u00e9s de recomenda\u00e7\u00f5es, opini\u00f5es e pareceres.<\/p><\/div> <\/div><\/div> <\/div><\/div> <\/div>","protected":false},"excerpt":{"rendered":"<p>ENCARREGADO PELO TRATAMENTO DE DP Data Protection Officer as a service O encarregado pelo tratamento de dados pessoais \u00e9 o indiv\u00edduo respons\u00e1vel por garantir a conformidade de uma organiza\u00e7\u00e3o, p\u00fablica&hellip; <br \/> <a class=\"read-more\" href=\"https:\/\/www.acpdbrasil.com\/en\/dpo-as-a-service\/\">Read more<\/a><\/p>","protected":false},"author":1,"featured_media":7976,"parent":0,"menu_order":0,"comment_status":"closed","ping_status":"closed","template":"pro\/page-templates\/full-width-page.php","meta":{"footnotes":""},"class_list":["post-4224","page","type-page","status-publish","has-post-thumbnail","hentry"],"yoast_head":"<!-- This site is optimized with the Yoast SEO plugin v27.5 - https:\/\/yoast.com\/product\/yoast-seo-wordpress\/ -->\n<title>DPO as a Service - ACPD Brasil<\/title>\n<meta name=\"robots\" content=\"index, follow, max-snippet:-1, max-image-preview:large, max-video-preview:-1\" \/>\n<link rel=\"canonical\" href=\"https:\/\/www.acpdbrasil.com\/en\/dpo-as-a-service\/\" \/>\n<meta property=\"og:locale\" content=\"en_US\" \/>\n<meta property=\"og:type\" content=\"article\" \/>\n<meta property=\"og:title\" content=\"DPO as a Service\" \/>\n<meta property=\"og:description\" content=\"ENCARREGADO PELO TRATAMENTO DE DP Data Protection Officer as a service O encarregado pelo tratamento de dados pessoais \u00e9 o indiv\u00edduo respons\u00e1vel por garantir a conformidade de uma organiza\u00e7\u00e3o, p\u00fablica&hellip; Read more\" \/>\n<meta property=\"og:url\" content=\"https:\/\/www.acpdbrasil.com\/en\/dpo-as-a-service\/\" \/>\n<meta property=\"og:site_name\" content=\"ACPD Brasil\" \/>\n<meta property=\"article:publisher\" content=\"https:\/\/www.facebook.com\/acpdbrasil\" \/>\n<meta property=\"article:modified_time\" content=\"2024-07-10T16:17:02+00:00\" \/>\n<meta property=\"og:image\" content=\"https:\/\/www.acpdbrasil.com\/wp-content\/uploads\/2020\/08\/cropped-Main-1.png\" \/>\n\t<meta property=\"og:image:width\" content=\"944\" \/>\n\t<meta property=\"og:image:height\" content=\"944\" \/>\n\t<meta property=\"og:image:type\" content=\"image\/png\" \/>\n<meta name=\"twitter:card\" content=\"summary_large_image\" \/>\n<meta name=\"twitter:title\" content=\"DPO as a Service\" \/>\n<meta name=\"twitter:site\" content=\"@acpdbrasil\" \/>\n<meta name=\"twitter:label1\" content=\"Est. reading time\" \/>\n\t<meta name=\"twitter:data1\" content=\"5 minutes\" \/>\n<script type=\"application\/ld+json\" class=\"yoast-schema-graph\">{\"@context\":\"https:\\\/\\\/schema.org\",\"@graph\":[{\"@type\":\"WebPage\",\"@id\":\"https:\\\/\\\/www.acpdbrasil.com\\\/dpo-as-a-service\\\/\",\"url\":\"https:\\\/\\\/www.acpdbrasil.com\\\/dpo-as-a-service\\\/\",\"name\":\"DPO as a Service - ACPD Brasil\",\"isPartOf\":{\"@id\":\"https:\\\/\\\/www.acpdbrasil.com\\\/#website\"},\"primaryImageOfPage\":{\"@id\":\"https:\\\/\\\/www.acpdbrasil.com\\\/dpo-as-a-service\\\/#primaryimage\"},\"image\":{\"@id\":\"https:\\\/\\\/www.acpdbrasil.com\\\/dpo-as-a-service\\\/#primaryimage\"},\"thumbnailUrl\":\"https:\\\/\\\/www.acpdbrasil.com\\\/wp-content\\\/uploads\\\/2020\\\/08\\\/cropped-Main-1.png\",\"datePublished\":\"2021-07-24T19:56:32+00:00\",\"dateModified\":\"2024-07-10T16:17:02+00:00\",\"breadcrumb\":{\"@id\":\"https:\\\/\\\/www.acpdbrasil.com\\\/dpo-as-a-service\\\/#breadcrumb\"},\"inLanguage\":\"en-US\",\"potentialAction\":[{\"@type\":\"ReadAction\",\"target\":[\"https:\\\/\\\/www.acpdbrasil.com\\\/dpo-as-a-service\\\/\"]}]},{\"@type\":\"ImageObject\",\"inLanguage\":\"en-US\",\"@id\":\"https:\\\/\\\/www.acpdbrasil.com\\\/dpo-as-a-service\\\/#primaryimage\",\"url\":\"https:\\\/\\\/www.acpdbrasil.com\\\/wp-content\\\/uploads\\\/2020\\\/08\\\/cropped-Main-1.png\",\"contentUrl\":\"https:\\\/\\\/www.acpdbrasil.com\\\/wp-content\\\/uploads\\\/2020\\\/08\\\/cropped-Main-1.png\",\"width\":944,\"height\":944,\"caption\":\"Log ACPD main\"},{\"@type\":\"BreadcrumbList\",\"@id\":\"https:\\\/\\\/www.acpdbrasil.com\\\/dpo-as-a-service\\\/#breadcrumb\",\"itemListElement\":[{\"@type\":\"ListItem\",\"position\":1,\"name\":\"In\u00edcio\",\"item\":\"https:\\\/\\\/www.acpdbrasil.com\\\/\"},{\"@type\":\"ListItem\",\"position\":2,\"name\":\"DPO as a Service\"}]},{\"@type\":\"WebSite\",\"@id\":\"https:\\\/\\\/www.acpdbrasil.com\\\/#website\",\"url\":\"https:\\\/\\\/www.acpdbrasil.com\\\/\",\"name\":\"ACPD Brasil\",\"description\":\"Conformidade, Prote\u00e7\u00e3o e Privacidade de Dados\",\"publisher\":{\"@id\":\"https:\\\/\\\/www.acpdbrasil.com\\\/#organization\"},\"potentialAction\":[{\"@type\":\"SearchAction\",\"target\":{\"@type\":\"EntryPoint\",\"urlTemplate\":\"https:\\\/\\\/www.acpdbrasil.com\\\/?s={search_term_string}\"},\"query-input\":{\"@type\":\"PropertyValueSpecification\",\"valueRequired\":true,\"valueName\":\"search_term_string\"}}],\"inLanguage\":\"en-US\"},{\"@type\":\"Organization\",\"@id\":\"https:\\\/\\\/www.acpdbrasil.com\\\/#organization\",\"name\":\"Ag\u00eancia de Conformidade e Prote\u00e7\u00e3o de Dados\",\"url\":\"https:\\\/\\\/www.acpdbrasil.com\\\/\",\"logo\":{\"@type\":\"ImageObject\",\"inLanguage\":\"en-US\",\"@id\":\"https:\\\/\\\/www.acpdbrasil.com\\\/#\\\/schema\\\/logo\\\/image\\\/\",\"url\":\"https:\\\/\\\/www.acpdbrasil.com\\\/wp-content\\\/uploads\\\/2021\\\/04\\\/ACPD-OG-image_OG-image.png\",\"contentUrl\":\"https:\\\/\\\/www.acpdbrasil.com\\\/wp-content\\\/uploads\\\/2021\\\/04\\\/ACPD-OG-image_OG-image.png\",\"width\":1201,\"height\":631,\"caption\":\"Ag\u00eancia de Conformidade e Prote\u00e7\u00e3o de Dados\"},\"image\":{\"@id\":\"https:\\\/\\\/www.acpdbrasil.com\\\/#\\\/schema\\\/logo\\\/image\\\/\"},\"sameAs\":[\"https:\\\/\\\/www.facebook.com\\\/acpdbrasil\",\"https:\\\/\\\/x.com\\\/acpdbrasil\",\"https:\\\/\\\/www.instagram.com\\\/acpdbrasil\",\"http:\\\/\\\/linkedin.com\\\/company\\\/acpdbrasil\",\"https:\\\/\\\/www.youtube.com\\\/channel\\\/UCdEnJZeex9u6Mr1_IDyOVcw\\\/featured?view_as=subscriber\"]}]}<\/script>\n<!-- \/ Yoast SEO plugin. -->","yoast_head_json":{"title":"DPO as a Service - ACPD Brasil","robots":{"index":"index","follow":"follow","max-snippet":"max-snippet:-1","max-image-preview":"max-image-preview:large","max-video-preview":"max-video-preview:-1"},"canonical":"https:\/\/www.acpdbrasil.com\/en\/dpo-as-a-service\/","og_locale":"en_US","og_type":"article","og_title":"DPO as a Service","og_description":"ENCARREGADO PELO TRATAMENTO DE DP Data Protection Officer as a service O encarregado pelo tratamento de dados pessoais \u00e9 o indiv\u00edduo respons\u00e1vel por garantir a conformidade de uma organiza\u00e7\u00e3o, p\u00fablica&hellip; Read more","og_url":"https:\/\/www.acpdbrasil.com\/en\/dpo-as-a-service\/","og_site_name":"ACPD Brasil","article_publisher":"https:\/\/www.facebook.com\/acpdbrasil","article_modified_time":"2024-07-10T16:17:02+00:00","og_image":[{"width":944,"height":944,"url":"https:\/\/www.acpdbrasil.com\/wp-content\/uploads\/2020\/08\/cropped-Main-1.png","type":"image\/png"}],"twitter_card":"summary_large_image","twitter_title":"DPO as a Service","twitter_site":"@acpdbrasil","twitter_misc":{"Est. reading time":"5 minutes"},"schema":{"@context":"https:\/\/schema.org","@graph":[{"@type":"WebPage","@id":"https:\/\/www.acpdbrasil.com\/dpo-as-a-service\/","url":"https:\/\/www.acpdbrasil.com\/dpo-as-a-service\/","name":"DPO as a Service - ACPD Brasil","isPartOf":{"@id":"https:\/\/www.acpdbrasil.com\/#website"},"primaryImageOfPage":{"@id":"https:\/\/www.acpdbrasil.com\/dpo-as-a-service\/#primaryimage"},"image":{"@id":"https:\/\/www.acpdbrasil.com\/dpo-as-a-service\/#primaryimage"},"thumbnailUrl":"https:\/\/www.acpdbrasil.com\/wp-content\/uploads\/2020\/08\/cropped-Main-1.png","datePublished":"2021-07-24T19:56:32+00:00","dateModified":"2024-07-10T16:17:02+00:00","breadcrumb":{"@id":"https:\/\/www.acpdbrasil.com\/dpo-as-a-service\/#breadcrumb"},"inLanguage":"en-US","potentialAction":[{"@type":"ReadAction","target":["https:\/\/www.acpdbrasil.com\/dpo-as-a-service\/"]}]},{"@type":"ImageObject","inLanguage":"en-US","@id":"https:\/\/www.acpdbrasil.com\/dpo-as-a-service\/#primaryimage","url":"https:\/\/www.acpdbrasil.com\/wp-content\/uploads\/2020\/08\/cropped-Main-1.png","contentUrl":"https:\/\/www.acpdbrasil.com\/wp-content\/uploads\/2020\/08\/cropped-Main-1.png","width":944,"height":944,"caption":"Log ACPD main"},{"@type":"BreadcrumbList","@id":"https:\/\/www.acpdbrasil.com\/dpo-as-a-service\/#breadcrumb","itemListElement":[{"@type":"ListItem","position":1,"name":"In\u00edcio","item":"https:\/\/www.acpdbrasil.com\/"},{"@type":"ListItem","position":2,"name":"DPO as a Service"}]},{"@type":"WebSite","@id":"https:\/\/www.acpdbrasil.com\/#website","url":"https:\/\/www.acpdbrasil.com\/","name":"ACPD Brasil","description":"Conformidade, Prote\u00e7\u00e3o e Privacidade de Dados","publisher":{"@id":"https:\/\/www.acpdbrasil.com\/#organization"},"potentialAction":[{"@type":"SearchAction","target":{"@type":"EntryPoint","urlTemplate":"https:\/\/www.acpdbrasil.com\/?s={search_term_string}"},"query-input":{"@type":"PropertyValueSpecification","valueRequired":true,"valueName":"search_term_string"}}],"inLanguage":"en-US"},{"@type":"Organization","@id":"https:\/\/www.acpdbrasil.com\/#organization","name":"Ag\u00eancia de Conformidade e Prote\u00e7\u00e3o de Dados","url":"https:\/\/www.acpdbrasil.com\/","logo":{"@type":"ImageObject","inLanguage":"en-US","@id":"https:\/\/www.acpdbrasil.com\/#\/schema\/logo\/image\/","url":"https:\/\/www.acpdbrasil.com\/wp-content\/uploads\/2021\/04\/ACPD-OG-image_OG-image.png","contentUrl":"https:\/\/www.acpdbrasil.com\/wp-content\/uploads\/2021\/04\/ACPD-OG-image_OG-image.png","width":1201,"height":631,"caption":"Ag\u00eancia de Conformidade e Prote\u00e7\u00e3o de Dados"},"image":{"@id":"https:\/\/www.acpdbrasil.com\/#\/schema\/logo\/image\/"},"sameAs":["https:\/\/www.facebook.com\/acpdbrasil","https:\/\/x.com\/acpdbrasil","https:\/\/www.instagram.com\/acpdbrasil","http:\/\/linkedin.com\/company\/acpdbrasil","https:\/\/www.youtube.com\/channel\/UCdEnJZeex9u6Mr1_IDyOVcw\/featured?view_as=subscriber"]}]}},"_links":{"self":[{"href":"https:\/\/www.acpdbrasil.com\/en\/wp-json\/wp\/v2\/pages\/4224","targetHints":{"allow":["GET"]}}],"collection":[{"href":"https:\/\/www.acpdbrasil.com\/en\/wp-json\/wp\/v2\/pages"}],"about":[{"href":"https:\/\/www.acpdbrasil.com\/en\/wp-json\/wp\/v2\/types\/page"}],"author":[{"embeddable":true,"href":"https:\/\/www.acpdbrasil.com\/en\/wp-json\/wp\/v2\/users\/1"}],"replies":[{"embeddable":true,"href":"https:\/\/www.acpdbrasil.com\/en\/wp-json\/wp\/v2\/comments?post=4224"}],"version-history":[{"count":0,"href":"https:\/\/www.acpdbrasil.com\/en\/wp-json\/wp\/v2\/pages\/4224\/revisions"}],"wp:featuredmedia":[{"embeddable":true,"href":"https:\/\/www.acpdbrasil.com\/en\/wp-json\/wp\/v2\/media\/7976"}],"wp:attachment":[{"href":"https:\/\/www.acpdbrasil.com\/en\/wp-json\/wp\/v2\/media?parent=4224"}],"curies":[{"name":"wp","href":"https:\/\/api.w.org\/{rel}","templated":true}]}}