{"id":4026,"date":"2021-07-16T23:22:21","date_gmt":"2021-07-16T23:22:21","guid":{"rendered":"https:\/\/www.acpdbrasil.com\/?page_id=4026"},"modified":"2024-03-06T12:55:32","modified_gmt":"2024-03-06T15:55:32","slug":"inteligencia-artificial","status":"publish","type":"page","link":"https:\/\/www.acpdbrasil.com\/en\/inteligencia-artificial\/","title":{"rendered":"Intelig\u00eancia Artificial"},"content":{"rendered":"<div  data-label=\"About\" data-id=\"about--1\" data-export-id=\"about-4\" data-category=\"about\" class=\"about-4 content-section content-section-spacing\" id=\"about-1\" style=\"background-color: rgb(255, 255, 255);\"><div  class=\"gridContainer\"> <div  class=\"row middle-sm text-center\"><div  class=\"col-sm-5 space-bottom-xs\" data-type=\"column\"> <h5  class=\"\">INTELIG\u00caNCIA ARTIFICIAL<\/h5> <h2  class=\"\">A relev\u00e2ncia para o Brasil<\/h2> <p  class=\"\" data-lt-tmp-id=\"lt-763465\" data-gramm=\"false\">A relev\u00e2ncia da intelig\u00eancia artificial no para a inova\u00e7\u00e3o, o aumento da competitividade, o crescimento econ\u00f4mico sustent\u00e1vel&nbsp;e inclusivo e a promo\u00e7\u00e3o do desenvolvimento humano e social.\r\n<br ><br >Contudo, precisamos estar atentos ao fato de que h\u00e1&nbsp;elevados \u00edndices de erros e comportamentos discriminat\u00f3rios induzidos pelo uso desta mesma intelig\u00eancia artificial, o que se torna um fator preocupante. \r\n<br ><br >O Brasil \u00e9 um dos 42 signat\u00e1rios de diretrizes para o uso respons\u00e1vel&nbsp;de tecnologias lan\u00e7adas pela Organiza\u00e7\u00e3o para a Coopera\u00e7\u00e3o e Desenvolvimento&nbsp;Econ\u00f4mico (OCDE).<\/p> <\/div> <div  class=\"col-sm-7 flexbox center-xs middle-xs image-group-2-img\"> <img decoding=\"async\"  class=\"img-1 shadow-large\" data-size=\"250x200\" src=\"https:\/\/www.acpdbrasil.com\/wp-content\/uploads\/2021\/07\/cropped-Intelige\u0302ncia-Artificial-01.jpg\" title=\"cropped-Intelige\u0302ncia-Artificial-01.jpg\" alt=\"\"> <img decoding=\"async\"  class=\"img-2 shadow-large\" data-size=\"220x170\" src=\"https:\/\/www.acpdbrasil.com\/wp-content\/uploads\/2021\/07\/cropped-Intelige\u0302ncia-Artificial-02.jpg\" title=\"cropped-Intelige\u0302ncia-Artificial-02.jpg\" alt=\"\"><\/div> <\/div><\/div> <\/div><div  data-label=\"Features\" data-id=\"features--1\" data-export-id=\"features-13-card-bordered\" data-category=\"features\" class=\"features-13 content-section content-section-spacing\" id=\"features-1\" style=\"background-color: rgb(255, 255, 255); background-image: none;\"><div  class=\"gridContainer\"> <div  class=\"row text-center\"><div  class=\"section-title-col\" data-type=\"column\"> <h2  class=\"\">Propostas Legislativas<\/h2> <p  class=\"lead\" data-lt-tmp-id=\"lt-676859\" data-gramm=\"false\">Acompanhe as principais propostas legislativas e demais instrumentos, no Brasil, sobre Intelig\u00eancia Artificial.<\/p><\/div> <\/div> <div  class=\"row spaced-cols content-center-sm\" data-type=\"row\"> <div  class=\"col-sm-4\"> <div  class=\"card bordered y-move\" data-type=\"column\"> <i  class=\"fa icon fa-bank reverse round big color1\"><\/i> <h4  class=\"\">PROJETO DE LEI N\u00ba 21\/2020<\/h4> <p  class=\"\" data-lt-tmp-id=\"lt-373185\" data-gramm=\"false\">O Projeto de Lei 21\/20 cria o marco legal do desenvolvimento e uso da Intelig\u00eancia Artificial (IA) pelo poder p\u00fablico, por empresas, entidades diversas e pessoas f\u00edsicas.<\/p> <a class=\"button y-move small color2\" href=\"https:\/\/www.camara.leg.br\/proposicoesWeb\/prop_mostrarintegra?codteor=1853928\" target=\"_blank\" data-cp-link=\"1\" data-icon=\"fa-external-link-square\" rel=\"noopener\"><span  class=\"button-icon fa fa-external-link-square\"><\/span>TEXTO ORIGINAL<\/a><\/div> <\/div> <div  class=\"col-sm-4\"> <div  class=\"card bordered y-move\" data-type=\"column\"> <i  class=\"fa icon fa-bank reverse round big color1\"><\/i> <h4  class=\"\">PROJETO DE LEI N\u00ba 872\/2021<\/h4> <p  class=\"\" data-lt-tmp-id=\"lt-264547\" data-gramm=\"false\">Disp\u00f5e sobre os marcos \u00e9ticos e as diretrizes que fundamentam o desenvolvimento e o uso da Intelig\u00eancia Artificial no Brasil.<\/p> <a class=\"button y-move small color2\" href=\"https:\/\/legis.senado.leg.br\/sdleg-getter\/documento?dm=8940096&amp;ts=1626457977567&amp;disposition=inline\" target=\"_blank\" data-cp-link=\"1\" data-icon=\"fa-external-link-square\" rel=\"noopener\"><span  class=\"button-icon fa fa-external-link-square\"><\/span>TEXTO INICIAL<\/a><\/div> <\/div> <div  class=\"col-sm-4\"> <div  class=\"card bordered y-move\" data-type=\"column\"> <i  class=\"fa icon fa-bank reverse round big color1\"><\/i> <h4  class=\"\">PROJETO DE LEI N\u00ba 5051\/2019<\/h4> <p  class=\"\" data-lt-tmp-id=\"lt-121912\" data-gramm=\"false\">Estabelece os princ\u00edpios para o uso da Intelig\u00eancia Artificial no Brasil.<\/p> <a class=\"button y-move small color2\" href=\"https:\/\/legis.senado.leg.br\/sdleg-getter\/documento?dm=8009064&amp;ts=1624912281642&amp;disposition=inline\" target=\"_blank\" data-cp-link=\"1\" data-icon=\"fa-external-link-square\" rel=\"noopener\"><span  class=\"button-icon fa fa-external-link-square\"><\/span>TEXTO INICIAL<\/a><\/div> <\/div><\/div> <\/div><\/div><div  data-label=\"Subscribe\" data-id=\"subscribe--2\" data-export-id=\"subscribe-centered-section\" data-category=\"subscribe\" class=\"subscribe-centered-section content-section content-section-spacing-medium bg-color5 white-text\" id=\"subscribe-2\"><div  class=\"gridContainer\"> <div  class=\"row text-center\"><div  class=\"section-title-col\" data-type=\"column\"> <h2  class=\"\"><b >Join us.<\/b> We\u2019ll only send cool stuff<\/h2> <p  class=\"\">Lorem ipsum dolor sit amet, consectetur adipisicing elit, sed do eiusmod tempor incididunt ut labore et dolore magna aliqua. Ut enim ad minim veniam, quis nostrud exercitation.<\/p><\/div> <\/div> <div  class=\"row text-center\"> <div  data-content-shortcode=\"mesmerize_subscribe_form shortcode=&quot;aiovg_videos category=&amp;amp;quot;412&amp;amp;quot;&quot;\" data-editable=\"true\"><div class=\"subscribe-form\">\r\n<div id=\"aiovg-69e9da8899af91\" class=\"aiovg aiovg-videos aiovg-videos-template-classic\">\r\n            <div class=\"aiovg-count\">\r\n            2 videos found        <\/div>\r\n        \r\n    <!-- Videos -->\r\n    <div class=\"aiovg-section-videos aiovg-grid aiovg-row\">   \r\n                    \r\n            <div class=\"aiovg-item-video aiovg-item-video-4039 aiovg-col aiovg-col-3 aiovg-col-xs-2\" data-id=\"4039\">\r\n                \n<div class=\"aiovg-thumbnail aiovg-thumbnail-style-image-top\">\n    <a href=\"https:\/\/www.acpdbrasil.com\/en\/aiovg_videos\/a-historia-da-inteligencia-artificial\/\" class=\"aiovg-responsive-container\" style=\"padding-bottom: 56.25%;\"><img decoding=\"async\" src=\"https:\/\/img.youtube.com\/vi\/Lhu8bdmkMCM\/mqdefault.jpg\" alt=\"A hist\u00f3ria da Intelig\u00eancia Artificial\" class=\"aiovg-responsive-element\"\/><div class=\"aiovg-duration\">15:58<\/div><svg xmlns=\"http:\/\/www.w3.org\/2000\/svg\" fill=\"white\" width=\"40\" height=\"40\" viewbox=\"0 0 24 24\" class=\"aiovg-svg-icon-play aiovg-flex-shrink-0\">\n            <path fill-rule=\"evenodd\" d=\"M2.25 12c0-5.385 4.365-9.75 9.75-9.75s9.75 4.365 9.75 9.75-4.365 9.75-9.75 9.75S2.25 17.385 2.25 12Zm14.024-.983a1.125 1.125 0 0 1 0 1.966l-5.603 3.113A1.125 1.125 0 0 1 9 15.113V8.887c0-.857.921-1.4 1.671-.983l5.603 3.113Z\" clip-rule=\"evenodd\" \/>\n        <\/svg><\/a> \n    <div class=\"aiovg-caption\">\n                    <div class=\"aiovg-title\">\n                <a href=\"https:\/\/www.acpdbrasil.com\/en\/aiovg_videos\/a-historia-da-inteligencia-artificial\/\" class=\"aiovg-link-title\">A hist\u00f3ria da Intelig\u00eancia Artificial<\/a>            <\/div>\n        \n        \n        <div class=\"aiovg-meta aiovg-flex aiovg-flex-wrap aiovg-gap-1 aiovg-items-center aiovg-text-small\"><div class=\"aiovg-views aiovg-flex aiovg-gap-1 aiovg-items-center\"><svg xmlns=\"http:\/\/www.w3.org\/2000\/svg\" fill=\"none\" width=\"16\" height=\"16\" viewbox=\"0 0 24 24\" stroke-width=\"1.5\" stroke=\"currentColor\" class=\"aiovg-flex-shrink-0\">\n                <path stroke-linecap=\"round\" stroke-linejoin=\"round\" d=\"M2.036 12.322a1.012 1.012 0 0 1 0-.639C3.423 7.51 7.36 4.5 12 4.5c4.638 0 8.573 3.007 9.963 7.178.07.207.07.431 0 .639C20.577 16.49 16.64 19.5 12 19.5c-4.638 0-8.573-3.007-9.963-7.178Z\" \/>\n                <path stroke-linecap=\"round\" stroke-linejoin=\"round\" d=\"M15 12a3 3 0 1 1-6 0 3 3 0 0 1 6 0Z\" \/>\n            <\/svg><span class=\"aiovg-views-count\">42<\/span><span class=\"aiovg-views-label\">views<\/span><\/div><\/div>       \n        \n        <div class=\"aiovg-category aiovg-flex aiovg-flex-wrap aiovg-gap-1 aiovg-items-center aiovg-text-small\"><svg xmlns=\"http:\/\/www.w3.org\/2000\/svg\" fill=\"none\" width=\"16\" height=\"16\" viewbox=\"0 0 24 24\" stroke-width=\"1.5\" stroke=\"currentColor\" class=\"aiovg-flex-shrink-0\">\n                    <path stroke-linecap=\"round\" stroke-linejoin=\"round\" d=\"M3.75 9.776c.112-.017.227-.026.344-.026h15.812c.117 0 .232.009.344.026m-16.5 0a2.25 2.25 0 0 0-1.883 2.542l.857 6a2.25 2.25 0 0 0 2.227 1.932H19.05a2.25 2.25 0 0 0 2.227-1.932l.857-6a2.25 2.25 0 0 0-1.883-2.542m-16.5 0V6A2.25 2.25 0 0 1 6 3.75h3.879a1.5 1.5 0 0 1 1.06.44l2.122 2.12a1.5 1.5 0 0 0 1.06.44H18A2.25 2.25 0 0 1 20.25 9v.776\" \/>\n                <\/svg><div class=\"aiovg-item-category\"><a href=\"https:\/\/www.acpdbrasil.com\/en\/video-category\/inteligencia-artificial\/\" class=\"aiovg-link-category\">Intelig\u00eancia Artificial<\/a><\/div><\/div>\n               \n\n         \n        \n            <\/div>    \n<\/div>            \r\n            <\/div>                \r\n                        \r\n            <div class=\"aiovg-item-video aiovg-item-video-4036 aiovg-col aiovg-col-3 aiovg-col-xs-2\" data-id=\"4036\">\r\n                \n<div class=\"aiovg-thumbnail aiovg-thumbnail-style-image-top\">\n    <a href=\"https:\/\/www.acpdbrasil.com\/en\/aiovg_videos\/como-os-algoritmos-espalham-racismo-e-desigualdade\/\" class=\"aiovg-responsive-container\" style=\"padding-bottom: 56.25%;\"><img decoding=\"async\" src=\"https:\/\/img.youtube.com\/vi\/3AoJms5eZ9E\/mqdefault.jpg\" alt=\"Como os algoritmos espalham racismo e desigualdade\" class=\"aiovg-responsive-element\"\/><div class=\"aiovg-duration\">08:46<\/div><svg xmlns=\"http:\/\/www.w3.org\/2000\/svg\" fill=\"white\" width=\"40\" height=\"40\" viewbox=\"0 0 24 24\" class=\"aiovg-svg-icon-play aiovg-flex-shrink-0\">\n            <path fill-rule=\"evenodd\" d=\"M2.25 12c0-5.385 4.365-9.75 9.75-9.75s9.75 4.365 9.75 9.75-4.365 9.75-9.75 9.75S2.25 17.385 2.25 12Zm14.024-.983a1.125 1.125 0 0 1 0 1.966l-5.603 3.113A1.125 1.125 0 0 1 9 15.113V8.887c0-.857.921-1.4 1.671-.983l5.603 3.113Z\" clip-rule=\"evenodd\" \/>\n        <\/svg><\/a> \n    <div class=\"aiovg-caption\">\n                    <div class=\"aiovg-title\">\n                <a href=\"https:\/\/www.acpdbrasil.com\/en\/aiovg_videos\/como-os-algoritmos-espalham-racismo-e-desigualdade\/\" class=\"aiovg-link-title\">Como os algoritmos espalham racismo e desigualdade<\/a>            <\/div>\n        \n        \n        <div class=\"aiovg-meta aiovg-flex aiovg-flex-wrap aiovg-gap-1 aiovg-items-center aiovg-text-small\"><div class=\"aiovg-views aiovg-flex aiovg-gap-1 aiovg-items-center\"><svg xmlns=\"http:\/\/www.w3.org\/2000\/svg\" fill=\"none\" width=\"16\" height=\"16\" viewbox=\"0 0 24 24\" stroke-width=\"1.5\" stroke=\"currentColor\" class=\"aiovg-flex-shrink-0\">\n                <path stroke-linecap=\"round\" stroke-linejoin=\"round\" d=\"M2.036 12.322a1.012 1.012 0 0 1 0-.639C3.423 7.51 7.36 4.5 12 4.5c4.638 0 8.573 3.007 9.963 7.178.07.207.07.431 0 .639C20.577 16.49 16.64 19.5 12 19.5c-4.638 0-8.573-3.007-9.963-7.178Z\" \/>\n                <path stroke-linecap=\"round\" stroke-linejoin=\"round\" d=\"M15 12a3 3 0 1 1-6 0 3 3 0 0 1 6 0Z\" \/>\n            <\/svg><span class=\"aiovg-views-count\">6<\/span><span class=\"aiovg-views-label\">views<\/span><\/div><\/div>       \n        \n        <div class=\"aiovg-category aiovg-flex aiovg-flex-wrap aiovg-gap-1 aiovg-items-center aiovg-text-small\"><svg xmlns=\"http:\/\/www.w3.org\/2000\/svg\" fill=\"none\" width=\"16\" height=\"16\" viewbox=\"0 0 24 24\" stroke-width=\"1.5\" stroke=\"currentColor\" class=\"aiovg-flex-shrink-0\">\n                    <path stroke-linecap=\"round\" stroke-linejoin=\"round\" d=\"M3.75 9.776c.112-.017.227-.026.344-.026h15.812c.117 0 .232.009.344.026m-16.5 0a2.25 2.25 0 0 0-1.883 2.542l.857 6a2.25 2.25 0 0 0 2.227 1.932H19.05a2.25 2.25 0 0 0 2.227-1.932l.857-6a2.25 2.25 0 0 0-1.883-2.542m-16.5 0V6A2.25 2.25 0 0 1 6 3.75h3.879a1.5 1.5 0 0 1 1.06.44l2.122 2.12a1.5 1.5 0 0 0 1.06.44H18A2.25 2.25 0 0 1 20.25 9v.776\" \/>\n                <\/svg><div class=\"aiovg-item-category\"><a href=\"https:\/\/www.acpdbrasil.com\/en\/video-category\/inteligencia-artificial\/\" class=\"aiovg-link-category\">Intelig\u00eancia Artificial<\/a><\/div><\/div>\n        <div class=\"aiovg-tag aiovg-flex aiovg-flex-wrap aiovg-gap-1 aiovg-items-center aiovg-text-small\"><svg xmlns=\"http:\/\/www.w3.org\/2000\/svg\" fill=\"none\" width=\"16\" height=\"16\" viewbox=\"0 0 24 24\" stroke-width=\"1.5\" stroke=\"currentColor\" class=\"aiovg-flex-shrink-0\">\n                    <path stroke-linecap=\"round\" stroke-linejoin=\"round\" d=\"M9.568 3H5.25A2.25 2.25 0 0 0 3 5.25v4.318c0 .597.237 1.17.659 1.591l9.581 9.581c.699.699 1.78.872 2.607.33a18.095 18.095 0 0 0 5.223-5.223c.542-.827.369-1.908-.33-2.607L11.16 3.66A2.25 2.25 0 0 0 9.568 3Z\" \/>\n                    <path stroke-linecap=\"round\" stroke-linejoin=\"round\" d=\"M6 6h.008v.008H6V6Z\" \/>\n                <\/svg><div class=\"aiovg-item-tag\"><a href=\"https:\/\/www.acpdbrasil.com\/en\/video-tag\/algoritimos\/\" class=\"aiovg-link-tag\">Algor\u00edtimos<\/a><span class=\"aiovg-separator\">,<\/span><\/div><div class=\"aiovg-item-tag\"><a href=\"https:\/\/www.acpdbrasil.com\/en\/video-tag\/desiguladade\/\" class=\"aiovg-link-tag\">desiguladade<\/a><span class=\"aiovg-separator\">,<\/span><\/div><div class=\"aiovg-item-tag\"><a href=\"https:\/\/www.acpdbrasil.com\/en\/video-tag\/racismo\/\" class=\"aiovg-link-tag\">racismo<\/a><\/div><\/div>       \n\n         \n        \n            <\/div>    \n<\/div>            \r\n            <\/div>                \r\n                <\/div>\r\n    \r\n    <\/div><\/div><\/div><\/div> <\/div><\/div>","protected":false},"excerpt":{"rendered":"<p>INTELIG\u00caNCIA ARTIFICIAL A relev\u00e2ncia para o Brasil A relev\u00e2ncia da intelig\u00eancia artificial no para a inova\u00e7\u00e3o, o aumento da competitividade, o crescimento econ\u00f4mico sustent\u00e1vel&nbsp;e inclusivo e a promo\u00e7\u00e3o do desenvolvimento&hellip; <br \/> <a class=\"read-more\" href=\"https:\/\/www.acpdbrasil.com\/en\/aiovg_videos\/como-os-algoritmos-espalham-racismo-e-desigualdade\/\">Read more<\/a><\/p>","protected":false},"author":1,"featured_media":7976,"parent":0,"menu_order":0,"comment_status":"closed","ping_status":"closed","template":"pro\/page-templates\/full-width-page.php","meta":{"footnotes":""},"class_list":["post-4026","page","type-page","status-publish","has-post-thumbnail","hentry"],"yoast_head":"<!-- This site is optimized with the Yoast SEO plugin v27.3 - https:\/\/yoast.com\/product\/yoast-seo-wordpress\/ -->\n<title>Intelig\u00eancia Artificial - ACPD Brasil<\/title>\n<meta name=\"robots\" content=\"index, follow, max-snippet:-1, max-image-preview:large, max-video-preview:-1\" \/>\n<link rel=\"canonical\" href=\"https:\/\/www.acpdbrasil.com\/en\/inteligencia-artificial\/\" \/>\n<meta property=\"og:locale\" content=\"en_US\" \/>\n<meta property=\"og:type\" content=\"article\" \/>\n<meta property=\"og:title\" content=\"Intelig\u00eancia Artificial\" \/>\n<meta property=\"og:description\" content=\"INTELIG\u00caNCIA ARTIFICIAL A relev\u00e2ncia para o Brasil A relev\u00e2ncia da intelig\u00eancia artificial no para a inova\u00e7\u00e3o, o aumento da competitividade, o crescimento econ\u00f4mico sustent\u00e1vel&nbsp;e inclusivo e a promo\u00e7\u00e3o do desenvolvimento&hellip; Read more\" \/>\n<meta property=\"og:url\" content=\"https:\/\/www.acpdbrasil.com\/en\/inteligencia-artificial\/\" \/>\n<meta property=\"og:site_name\" content=\"ACPD Brasil\" \/>\n<meta property=\"article:publisher\" content=\"https:\/\/www.facebook.com\/acpdbrasil\" \/>\n<meta property=\"article:modified_time\" content=\"2024-03-06T15:55:32+00:00\" \/>\n<meta property=\"og:image\" content=\"https:\/\/www.acpdbrasil.com\/wp-content\/uploads\/2020\/08\/cropped-Main-1.png\" \/>\n\t<meta property=\"og:image:width\" content=\"944\" \/>\n\t<meta property=\"og:image:height\" content=\"944\" \/>\n\t<meta property=\"og:image:type\" content=\"image\/png\" \/>\n<meta name=\"twitter:card\" content=\"summary_large_image\" \/>\n<meta name=\"twitter:title\" content=\"Intelig\u00eancia Artificial\" \/>\n<meta name=\"twitter:site\" content=\"@acpdbrasil\" \/>\n<meta name=\"twitter:label1\" content=\"Est. reading time\" \/>\n\t<meta name=\"twitter:data1\" content=\"2 minutes\" \/>\n<script type=\"application\/ld+json\" class=\"yoast-schema-graph\">{\"@context\":\"https:\\\/\\\/schema.org\",\"@graph\":[{\"@type\":\"WebPage\",\"@id\":\"https:\\\/\\\/www.acpdbrasil.com\\\/inteligencia-artificial\\\/\",\"url\":\"https:\\\/\\\/www.acpdbrasil.com\\\/inteligencia-artificial\\\/\",\"name\":\"Intelig\u00eancia Artificial - ACPD Brasil\",\"isPartOf\":{\"@id\":\"https:\\\/\\\/www.acpdbrasil.com\\\/#website\"},\"primaryImageOfPage\":{\"@id\":\"https:\\\/\\\/www.acpdbrasil.com\\\/inteligencia-artificial\\\/#primaryimage\"},\"image\":{\"@id\":\"https:\\\/\\\/www.acpdbrasil.com\\\/inteligencia-artificial\\\/#primaryimage\"},\"thumbnailUrl\":\"https:\\\/\\\/www.acpdbrasil.com\\\/wp-content\\\/uploads\\\/2020\\\/08\\\/cropped-Main-1.png\",\"datePublished\":\"2021-07-16T23:22:21+00:00\",\"dateModified\":\"2024-03-06T15:55:32+00:00\",\"breadcrumb\":{\"@id\":\"https:\\\/\\\/www.acpdbrasil.com\\\/inteligencia-artificial\\\/#breadcrumb\"},\"inLanguage\":\"en-US\",\"potentialAction\":[{\"@type\":\"ReadAction\",\"target\":[\"https:\\\/\\\/www.acpdbrasil.com\\\/inteligencia-artificial\\\/\"]}]},{\"@type\":\"ImageObject\",\"inLanguage\":\"en-US\",\"@id\":\"https:\\\/\\\/www.acpdbrasil.com\\\/inteligencia-artificial\\\/#primaryimage\",\"url\":\"https:\\\/\\\/www.acpdbrasil.com\\\/wp-content\\\/uploads\\\/2020\\\/08\\\/cropped-Main-1.png\",\"contentUrl\":\"https:\\\/\\\/www.acpdbrasil.com\\\/wp-content\\\/uploads\\\/2020\\\/08\\\/cropped-Main-1.png\",\"width\":944,\"height\":944,\"caption\":\"Log ACPD main\"},{\"@type\":\"BreadcrumbList\",\"@id\":\"https:\\\/\\\/www.acpdbrasil.com\\\/inteligencia-artificial\\\/#breadcrumb\",\"itemListElement\":[{\"@type\":\"ListItem\",\"position\":1,\"name\":\"In\u00edcio\",\"item\":\"https:\\\/\\\/www.acpdbrasil.com\\\/\"},{\"@type\":\"ListItem\",\"position\":2,\"name\":\"Intelig\u00eancia Artificial\"}]},{\"@type\":\"WebSite\",\"@id\":\"https:\\\/\\\/www.acpdbrasil.com\\\/#website\",\"url\":\"https:\\\/\\\/www.acpdbrasil.com\\\/\",\"name\":\"ACPD Brasil\",\"description\":\"Conformidade, Prote\u00e7\u00e3o e Privacidade de Dados\",\"publisher\":{\"@id\":\"https:\\\/\\\/www.acpdbrasil.com\\\/#organization\"},\"potentialAction\":[{\"@type\":\"SearchAction\",\"target\":{\"@type\":\"EntryPoint\",\"urlTemplate\":\"https:\\\/\\\/www.acpdbrasil.com\\\/?s={search_term_string}\"},\"query-input\":{\"@type\":\"PropertyValueSpecification\",\"valueRequired\":true,\"valueName\":\"search_term_string\"}}],\"inLanguage\":\"en-US\"},{\"@type\":\"Organization\",\"@id\":\"https:\\\/\\\/www.acpdbrasil.com\\\/#organization\",\"name\":\"Ag\u00eancia de Conformidade e Prote\u00e7\u00e3o de Dados\",\"url\":\"https:\\\/\\\/www.acpdbrasil.com\\\/\",\"logo\":{\"@type\":\"ImageObject\",\"inLanguage\":\"en-US\",\"@id\":\"https:\\\/\\\/www.acpdbrasil.com\\\/#\\\/schema\\\/logo\\\/image\\\/\",\"url\":\"https:\\\/\\\/www.acpdbrasil.com\\\/wp-content\\\/uploads\\\/2021\\\/04\\\/ACPD-OG-image_OG-image.png\",\"contentUrl\":\"https:\\\/\\\/www.acpdbrasil.com\\\/wp-content\\\/uploads\\\/2021\\\/04\\\/ACPD-OG-image_OG-image.png\",\"width\":1201,\"height\":631,\"caption\":\"Ag\u00eancia de Conformidade e Prote\u00e7\u00e3o de Dados\"},\"image\":{\"@id\":\"https:\\\/\\\/www.acpdbrasil.com\\\/#\\\/schema\\\/logo\\\/image\\\/\"},\"sameAs\":[\"https:\\\/\\\/www.facebook.com\\\/acpdbrasil\",\"https:\\\/\\\/x.com\\\/acpdbrasil\",\"https:\\\/\\\/www.instagram.com\\\/acpdbrasil\",\"http:\\\/\\\/linkedin.com\\\/company\\\/acpdbrasil\",\"https:\\\/\\\/www.youtube.com\\\/channel\\\/UCdEnJZeex9u6Mr1_IDyOVcw\\\/featured?view_as=subscriber\"]}]}<\/script>\n<!-- \/ Yoast SEO plugin. -->","yoast_head_json":{"title":"Intelig\u00eancia Artificial - ACPD Brasil","robots":{"index":"index","follow":"follow","max-snippet":"max-snippet:-1","max-image-preview":"max-image-preview:large","max-video-preview":"max-video-preview:-1"},"canonical":"https:\/\/www.acpdbrasil.com\/en\/inteligencia-artificial\/","og_locale":"en_US","og_type":"article","og_title":"Intelig\u00eancia Artificial","og_description":"INTELIG\u00caNCIA ARTIFICIAL A relev\u00e2ncia para o Brasil A relev\u00e2ncia da intelig\u00eancia artificial no para a inova\u00e7\u00e3o, o aumento da competitividade, o crescimento econ\u00f4mico sustent\u00e1vel&nbsp;e inclusivo e a promo\u00e7\u00e3o do desenvolvimento&hellip; Read more","og_url":"https:\/\/www.acpdbrasil.com\/en\/inteligencia-artificial\/","og_site_name":"ACPD Brasil","article_publisher":"https:\/\/www.facebook.com\/acpdbrasil","article_modified_time":"2024-03-06T15:55:32+00:00","og_image":[{"width":944,"height":944,"url":"https:\/\/www.acpdbrasil.com\/wp-content\/uploads\/2020\/08\/cropped-Main-1.png","type":"image\/png"}],"twitter_card":"summary_large_image","twitter_title":"Intelig\u00eancia Artificial","twitter_site":"@acpdbrasil","twitter_misc":{"Est. reading time":"2 minutes"},"schema":{"@context":"https:\/\/schema.org","@graph":[{"@type":"WebPage","@id":"https:\/\/www.acpdbrasil.com\/inteligencia-artificial\/","url":"https:\/\/www.acpdbrasil.com\/inteligencia-artificial\/","name":"Intelig\u00eancia Artificial - ACPD Brasil","isPartOf":{"@id":"https:\/\/www.acpdbrasil.com\/#website"},"primaryImageOfPage":{"@id":"https:\/\/www.acpdbrasil.com\/inteligencia-artificial\/#primaryimage"},"image":{"@id":"https:\/\/www.acpdbrasil.com\/inteligencia-artificial\/#primaryimage"},"thumbnailUrl":"https:\/\/www.acpdbrasil.com\/wp-content\/uploads\/2020\/08\/cropped-Main-1.png","datePublished":"2021-07-16T23:22:21+00:00","dateModified":"2024-03-06T15:55:32+00:00","breadcrumb":{"@id":"https:\/\/www.acpdbrasil.com\/inteligencia-artificial\/#breadcrumb"},"inLanguage":"en-US","potentialAction":[{"@type":"ReadAction","target":["https:\/\/www.acpdbrasil.com\/inteligencia-artificial\/"]}]},{"@type":"ImageObject","inLanguage":"en-US","@id":"https:\/\/www.acpdbrasil.com\/inteligencia-artificial\/#primaryimage","url":"https:\/\/www.acpdbrasil.com\/wp-content\/uploads\/2020\/08\/cropped-Main-1.png","contentUrl":"https:\/\/www.acpdbrasil.com\/wp-content\/uploads\/2020\/08\/cropped-Main-1.png","width":944,"height":944,"caption":"Log ACPD main"},{"@type":"BreadcrumbList","@id":"https:\/\/www.acpdbrasil.com\/inteligencia-artificial\/#breadcrumb","itemListElement":[{"@type":"ListItem","position":1,"name":"In\u00edcio","item":"https:\/\/www.acpdbrasil.com\/"},{"@type":"ListItem","position":2,"name":"Intelig\u00eancia Artificial"}]},{"@type":"WebSite","@id":"https:\/\/www.acpdbrasil.com\/#website","url":"https:\/\/www.acpdbrasil.com\/","name":"ACPD Brasil","description":"Conformidade, Prote\u00e7\u00e3o e Privacidade de Dados","publisher":{"@id":"https:\/\/www.acpdbrasil.com\/#organization"},"potentialAction":[{"@type":"SearchAction","target":{"@type":"EntryPoint","urlTemplate":"https:\/\/www.acpdbrasil.com\/?s={search_term_string}"},"query-input":{"@type":"PropertyValueSpecification","valueRequired":true,"valueName":"search_term_string"}}],"inLanguage":"en-US"},{"@type":"Organization","@id":"https:\/\/www.acpdbrasil.com\/#organization","name":"Ag\u00eancia de Conformidade e Prote\u00e7\u00e3o de Dados","url":"https:\/\/www.acpdbrasil.com\/","logo":{"@type":"ImageObject","inLanguage":"en-US","@id":"https:\/\/www.acpdbrasil.com\/#\/schema\/logo\/image\/","url":"https:\/\/www.acpdbrasil.com\/wp-content\/uploads\/2021\/04\/ACPD-OG-image_OG-image.png","contentUrl":"https:\/\/www.acpdbrasil.com\/wp-content\/uploads\/2021\/04\/ACPD-OG-image_OG-image.png","width":1201,"height":631,"caption":"Ag\u00eancia de Conformidade e Prote\u00e7\u00e3o de Dados"},"image":{"@id":"https:\/\/www.acpdbrasil.com\/#\/schema\/logo\/image\/"},"sameAs":["https:\/\/www.facebook.com\/acpdbrasil","https:\/\/x.com\/acpdbrasil","https:\/\/www.instagram.com\/acpdbrasil","http:\/\/linkedin.com\/company\/acpdbrasil","https:\/\/www.youtube.com\/channel\/UCdEnJZeex9u6Mr1_IDyOVcw\/featured?view_as=subscriber"]}]}},"_links":{"self":[{"href":"https:\/\/www.acpdbrasil.com\/en\/wp-json\/wp\/v2\/pages\/4026","targetHints":{"allow":["GET"]}}],"collection":[{"href":"https:\/\/www.acpdbrasil.com\/en\/wp-json\/wp\/v2\/pages"}],"about":[{"href":"https:\/\/www.acpdbrasil.com\/en\/wp-json\/wp\/v2\/types\/page"}],"author":[{"embeddable":true,"href":"https:\/\/www.acpdbrasil.com\/en\/wp-json\/wp\/v2\/users\/1"}],"replies":[{"embeddable":true,"href":"https:\/\/www.acpdbrasil.com\/en\/wp-json\/wp\/v2\/comments?post=4026"}],"version-history":[{"count":0,"href":"https:\/\/www.acpdbrasil.com\/en\/wp-json\/wp\/v2\/pages\/4026\/revisions"}],"wp:featuredmedia":[{"embeddable":true,"href":"https:\/\/www.acpdbrasil.com\/en\/wp-json\/wp\/v2\/media\/7976"}],"wp:attachment":[{"href":"https:\/\/www.acpdbrasil.com\/en\/wp-json\/wp\/v2\/media?parent=4026"}],"curies":[{"name":"wp","href":"https:\/\/api.w.org\/{rel}","templated":true}]}}