{"id":3797,"date":"2021-06-15T03:41:22","date_gmt":"2021-06-15T03:41:22","guid":{"rendered":"https:\/\/www.acpdbrasil.com\/?page_id=3797"},"modified":"2021-08-20T11:40:34","modified_gmt":"2021-08-20T14:40:34","slug":"uerj","status":"publish","type":"page","link":"https:\/\/www.acpdbrasil.com\/en\/uerj\/","title":{"rendered":"UERJ"},"content":{"rendered":"<div  data-label=\"Overlappable\" data-id=\"overlappable--1\" data-export-id=\"overlappable-3\" data-category=\"overlappable\" class=\"overlappable-3 content-section content-section-spacing\" data-overlap=\"true\" id=\"overlappable-1\" style=\"background-color: rgb(255, 255, 255);\"><div  class=\"gridContainer\"> <div  class=\"row bg-color-white shadow-medium\"><div  class=\"col-xs-12 col-sm-6 image-col first-image-col\" data-bg=\"image\" style=\"background-image: url(&quot;https:\/\/www.acpdbrasil.com\/wp-content\/uploads\/2021\/01\/cropped-20210115.jpg&quot;);\"><\/div> <div  class=\"col-xs-12 col-sm-6 content-col col-padding col-padding-xs\"> <div  class=\"col-padding\" data-type=\"column\"> <h4  class=\"\">PS-UERJ2020 \u2013 Prote\u00e7\u00e3o e Seguran\u00e7a<\/h4> <p  class=\"\">Em dezembro de 2020, a Ag\u00eancia de Conformidade de Prote\u00e7\u00e3o de Dados (ACPD Brasil) e a Universidade do Estado do Rio de Janeiro (UERJ) firmaram acordo de parceria.<br >\n<br >A Coordena\u00e7\u00e3o dos trabalhos est\u00e1 sendo realizada pelo Comit\u00ea\u2000 Gestor da UERJ e a ACPD Brasil, representada pelo nosso CEO, L\u00e9o&nbsp;Farias. O Comit\u00ea Gestor da UERJ \u00e9 composto pela PGUERJ, INOVUERJ, PRl, PR2, PR3, PR4,\nDINFO, HUPE e Reitoria, conforme Portaria do Reitor e tem a fun\u00e7\u00e3o de indicar e formar o Grupo de Trabalho\nrespons\u00e1vel pela execu\u00e7\u00e3o dos trabalhos do presente Acordo.<\/p> <\/div> <\/div><\/div> <div  class=\"row bg-color-white shadow-medium\"><div  class=\"col-xs-12 col-sm-6 content-col col-padding col-padding-xs\"> <div  class=\"col-padding\" data-type=\"column\"><h4  class=\"\">LEI GERAL DE PROTE\u00c7\u00c3O DE DADOS<\/h4> <p  class=\"\">O objeto do presente acordo \u00e9 a realiza\u00e7\u00e3o do projeto PS-UERJ2020 \u2013 Prote\u00e7\u00e3o e Seguran\u00e7a-UERJ-2020 que trata da Adequa\u00e7\u00e3o da UERJ \u00e0 Lei Geral de Prote\u00e7\u00e3o de Dados (LGPD), Lei n\u00ba 13.709\/2018, com base nas boas pr\u00e1ticas nacionais e internacionais previstas nas normas vigentes e a Capacita\u00e7\u00e3o de Profissionais no Tema Seguran\u00e7a e Privacidade de dado Pessoais conforme especificado no Plano de Trabalho, que \u00e9 parte integrante deste Acordo.<\/p> <a class=\"button color2\" href=\"https:\/\/www.acpdbrasil.com\/en\/uerj\/www.uerj.br\/\" target=\"_blank\" data-cp-link=\"1\" data-icon=\"fa-bank\" rel=\"noopener\"><span  class=\"button-icon fa fa-bank\"><\/span>UERJ (Site Oficial)<\/a><\/div> <\/div> <div  class=\"col-xs-12 col-sm-6 image-col second-image-col first-xs last-sm\" data-bg=\"image\" style=\"background-image: url(&quot;https:\/\/www.acpdbrasil.com\/wp-content\/uploads\/2021\/06\/cropped-UERJ-logo-1200x694-1.png&quot;);\"><\/div> <\/div><\/div> <\/div>","protected":false},"excerpt":{"rendered":"<p>PS-UERJ2020 \u2013 Prote\u00e7\u00e3o e Seguran\u00e7a Em dezembro de 2020, a Ag\u00eancia de Conformidade de Prote\u00e7\u00e3o de Dados (ACPD Brasil) e a Universidade do Estado do Rio de Janeiro (UERJ) firmaram&hellip; <br \/> <a class=\"read-more\" href=\"https:\/\/www.acpdbrasil.com\/en\/uerj\/\">Read more<\/a><\/p>","protected":false},"author":1,"featured_media":2505,"parent":0,"menu_order":0,"comment_status":"closed","ping_status":"closed","template":"pro\/page-templates\/full-width-page.php","meta":{"footnotes":""},"class_list":["post-3797","page","type-page","status-publish","has-post-thumbnail","hentry"],"yoast_head":"<!-- This site is optimized with the Yoast SEO plugin v27.3 - https:\/\/yoast.com\/product\/yoast-seo-wordpress\/ -->\n<title>UERJ - ACPD Brasil<\/title>\n<meta name=\"description\" content=\"Em dezembro de 2020, a Ag\u00eancia de Conformidade de Prote\u00e7\u00e3o de Dados (ACPD Brasil) e a Universidade do Estado do Rio de Janeiro (UERJ) firmaram acordo de parceria. O objeto do presente acordo \u00e9 a realiza\u00e7\u00e3o do projeto PS-UERJ2020 - Prote\u00e7\u00e3o e Seguran\u00e7a-UERJ-2020 que trata da Adequa\u00e7\u00e3o da UERJ \u00e0 Lei Geral de Prote\u00e7\u00e3o de Dados (LGPD), Lei n\u00ba 13.709\/2018, com base nas boas pr\u00e1ticas nacionais e internacionais previstas nas normas vigentes e a Capacita\u00e7\u00e3o de Profissionais no Tema Seguran\u00e7a e Privacidade de dado Pessoais conforme especificado no Plano de Trabalho, que \u00e9 parte integrante deste Acordo.\" \/>\n<meta name=\"robots\" content=\"index, follow, max-snippet:-1, max-image-preview:large, max-video-preview:-1\" \/>\n<link rel=\"canonical\" href=\"https:\/\/www.acpdbrasil.com\/en\/uerj\/\" \/>\n<meta property=\"og:locale\" content=\"en_US\" \/>\n<meta property=\"og:type\" content=\"article\" \/>\n<meta property=\"og:title\" content=\"UERJ - ACPD Brasil\" \/>\n<meta property=\"og:description\" content=\"Em dezembro de 2020, a Ag\u00eancia de Conformidade de Prote\u00e7\u00e3o de Dados (ACPD Brasil) e a Universidade do Estado do Rio de Janeiro (UERJ) firmaram acordo de parceria. O objeto do presente acordo \u00e9 a realiza\u00e7\u00e3o do projeto PS-UERJ2020 - Prote\u00e7\u00e3o e Seguran\u00e7a-UERJ-2020 que trata da Adequa\u00e7\u00e3o da UERJ \u00e0 Lei Geral de Prote\u00e7\u00e3o de Dados (LGPD), Lei n\u00ba 13.709\/2018, com base nas boas pr\u00e1ticas nacionais e internacionais previstas nas normas vigentes e a Capacita\u00e7\u00e3o de Profissionais no Tema Seguran\u00e7a e Privacidade de dado Pessoais conforme especificado no Plano de Trabalho, que \u00e9 parte integrante deste Acordo.\" \/>\n<meta property=\"og:url\" content=\"https:\/\/www.acpdbrasil.com\/en\/uerj\/\" \/>\n<meta property=\"og:site_name\" content=\"ACPD Brasil\" \/>\n<meta property=\"article:publisher\" content=\"https:\/\/www.facebook.com\/acpdbrasil\" \/>\n<meta property=\"article:modified_time\" content=\"2021-08-20T14:40:34+00:00\" \/>\n<meta property=\"og:image\" content=\"https:\/\/www.acpdbrasil.com\/wp-content\/uploads\/2021\/01\/20210115.jpg\" \/>\n\t<meta property=\"og:image:width\" content=\"2000\" \/>\n\t<meta property=\"og:image:height\" content=\"2000\" \/>\n\t<meta property=\"og:image:type\" content=\"image\/jpeg\" \/>\n<meta name=\"twitter:card\" content=\"summary_large_image\" \/>\n<meta name=\"twitter:site\" content=\"@acpdbrasil\" \/>\n<script type=\"application\/ld+json\" class=\"yoast-schema-graph\">{\"@context\":\"https:\\\/\\\/schema.org\",\"@graph\":[{\"@type\":\"WebPage\",\"@id\":\"https:\\\/\\\/www.acpdbrasil.com\\\/uerj\\\/\",\"url\":\"https:\\\/\\\/www.acpdbrasil.com\\\/uerj\\\/\",\"name\":\"UERJ - ACPD Brasil\",\"isPartOf\":{\"@id\":\"https:\\\/\\\/www.acpdbrasil.com\\\/#website\"},\"primaryImageOfPage\":{\"@id\":\"https:\\\/\\\/www.acpdbrasil.com\\\/uerj\\\/#primaryimage\"},\"image\":{\"@id\":\"https:\\\/\\\/www.acpdbrasil.com\\\/uerj\\\/#primaryimage\"},\"thumbnailUrl\":\"https:\\\/\\\/www.acpdbrasil.com\\\/wp-content\\\/uploads\\\/2021\\\/01\\\/20210115.jpg\",\"datePublished\":\"2021-06-15T03:41:22+00:00\",\"dateModified\":\"2021-08-20T14:40:34+00:00\",\"description\":\"Em dezembro de 2020, a Ag\u00eancia de Conformidade de Prote\u00e7\u00e3o de Dados (ACPD Brasil) e a Universidade do Estado do Rio de Janeiro (UERJ) firmaram acordo de parceria. O objeto do presente acordo \u00e9 a realiza\u00e7\u00e3o do projeto PS-UERJ2020 - Prote\u00e7\u00e3o e Seguran\u00e7a-UERJ-2020 que trata da Adequa\u00e7\u00e3o da UERJ \u00e0 Lei Geral de Prote\u00e7\u00e3o de Dados (LGPD), Lei n\u00ba 13.709\\\/2018, com base nas boas pr\u00e1ticas nacionais e internacionais previstas nas normas vigentes e a Capacita\u00e7\u00e3o de Profissionais no Tema Seguran\u00e7a e Privacidade de dado Pessoais conforme especificado no Plano de Trabalho, que \u00e9 parte integrante deste Acordo.\",\"breadcrumb\":{\"@id\":\"https:\\\/\\\/www.acpdbrasil.com\\\/uerj\\\/#breadcrumb\"},\"inLanguage\":\"en-US\",\"potentialAction\":[{\"@type\":\"ReadAction\",\"target\":[\"https:\\\/\\\/www.acpdbrasil.com\\\/uerj\\\/\"]}]},{\"@type\":\"ImageObject\",\"inLanguage\":\"en-US\",\"@id\":\"https:\\\/\\\/www.acpdbrasil.com\\\/uerj\\\/#primaryimage\",\"url\":\"https:\\\/\\\/www.acpdbrasil.com\\\/wp-content\\\/uploads\\\/2021\\\/01\\\/20210115.jpg\",\"contentUrl\":\"https:\\\/\\\/www.acpdbrasil.com\\\/wp-content\\\/uploads\\\/2021\\\/01\\\/20210115.jpg\",\"width\":2000,\"height\":2000,\"caption\":\"Parceria UERJ\"},{\"@type\":\"BreadcrumbList\",\"@id\":\"https:\\\/\\\/www.acpdbrasil.com\\\/uerj\\\/#breadcrumb\",\"itemListElement\":[{\"@type\":\"ListItem\",\"position\":1,\"name\":\"In\u00edcio\",\"item\":\"https:\\\/\\\/www.acpdbrasil.com\\\/\"},{\"@type\":\"ListItem\",\"position\":2,\"name\":\"UERJ\"}]},{\"@type\":\"WebSite\",\"@id\":\"https:\\\/\\\/www.acpdbrasil.com\\\/#website\",\"url\":\"https:\\\/\\\/www.acpdbrasil.com\\\/\",\"name\":\"ACPD Brasil\",\"description\":\"Conformidade, Prote\u00e7\u00e3o e Privacidade de Dados\",\"publisher\":{\"@id\":\"https:\\\/\\\/www.acpdbrasil.com\\\/#organization\"},\"potentialAction\":[{\"@type\":\"SearchAction\",\"target\":{\"@type\":\"EntryPoint\",\"urlTemplate\":\"https:\\\/\\\/www.acpdbrasil.com\\\/?s={search_term_string}\"},\"query-input\":{\"@type\":\"PropertyValueSpecification\",\"valueRequired\":true,\"valueName\":\"search_term_string\"}}],\"inLanguage\":\"en-US\"},{\"@type\":\"Organization\",\"@id\":\"https:\\\/\\\/www.acpdbrasil.com\\\/#organization\",\"name\":\"Ag\u00eancia de Conformidade e Prote\u00e7\u00e3o de Dados\",\"url\":\"https:\\\/\\\/www.acpdbrasil.com\\\/\",\"logo\":{\"@type\":\"ImageObject\",\"inLanguage\":\"en-US\",\"@id\":\"https:\\\/\\\/www.acpdbrasil.com\\\/#\\\/schema\\\/logo\\\/image\\\/\",\"url\":\"https:\\\/\\\/www.acpdbrasil.com\\\/wp-content\\\/uploads\\\/2021\\\/04\\\/ACPD-OG-image_OG-image.png\",\"contentUrl\":\"https:\\\/\\\/www.acpdbrasil.com\\\/wp-content\\\/uploads\\\/2021\\\/04\\\/ACPD-OG-image_OG-image.png\",\"width\":1201,\"height\":631,\"caption\":\"Ag\u00eancia de Conformidade e Prote\u00e7\u00e3o de Dados\"},\"image\":{\"@id\":\"https:\\\/\\\/www.acpdbrasil.com\\\/#\\\/schema\\\/logo\\\/image\\\/\"},\"sameAs\":[\"https:\\\/\\\/www.facebook.com\\\/acpdbrasil\",\"https:\\\/\\\/x.com\\\/acpdbrasil\",\"https:\\\/\\\/www.instagram.com\\\/acpdbrasil\",\"http:\\\/\\\/linkedin.com\\\/company\\\/acpdbrasil\",\"https:\\\/\\\/www.youtube.com\\\/channel\\\/UCdEnJZeex9u6Mr1_IDyOVcw\\\/featured?view_as=subscriber\"]}]}<\/script>\n<!-- \/ Yoast SEO plugin. -->","yoast_head_json":{"title":"UERJ - ACPD Brasil","description":"Em dezembro de 2020, a Ag\u00eancia de Conformidade de Prote\u00e7\u00e3o de Dados (ACPD Brasil) e a Universidade do Estado do Rio de Janeiro (UERJ) firmaram acordo de parceria. O objeto do presente acordo \u00e9 a realiza\u00e7\u00e3o do projeto PS-UERJ2020 - Prote\u00e7\u00e3o e Seguran\u00e7a-UERJ-2020 que trata da Adequa\u00e7\u00e3o da UERJ \u00e0 Lei Geral de Prote\u00e7\u00e3o de Dados (LGPD), Lei n\u00ba 13.709\/2018, com base nas boas pr\u00e1ticas nacionais e internacionais previstas nas normas vigentes e a Capacita\u00e7\u00e3o de Profissionais no Tema Seguran\u00e7a e Privacidade de dado Pessoais conforme especificado no Plano de Trabalho, que \u00e9 parte integrante deste Acordo.","robots":{"index":"index","follow":"follow","max-snippet":"max-snippet:-1","max-image-preview":"max-image-preview:large","max-video-preview":"max-video-preview:-1"},"canonical":"https:\/\/www.acpdbrasil.com\/en\/uerj\/","og_locale":"en_US","og_type":"article","og_title":"UERJ - ACPD Brasil","og_description":"Em dezembro de 2020, a Ag\u00eancia de Conformidade de Prote\u00e7\u00e3o de Dados (ACPD Brasil) e a Universidade do Estado do Rio de Janeiro (UERJ) firmaram acordo de parceria. O objeto do presente acordo \u00e9 a realiza\u00e7\u00e3o do projeto PS-UERJ2020 - Prote\u00e7\u00e3o e Seguran\u00e7a-UERJ-2020 que trata da Adequa\u00e7\u00e3o da UERJ \u00e0 Lei Geral de Prote\u00e7\u00e3o de Dados (LGPD), Lei n\u00ba 13.709\/2018, com base nas boas pr\u00e1ticas nacionais e internacionais previstas nas normas vigentes e a Capacita\u00e7\u00e3o de Profissionais no Tema Seguran\u00e7a e Privacidade de dado Pessoais conforme especificado no Plano de Trabalho, que \u00e9 parte integrante deste Acordo.","og_url":"https:\/\/www.acpdbrasil.com\/en\/uerj\/","og_site_name":"ACPD Brasil","article_publisher":"https:\/\/www.facebook.com\/acpdbrasil","article_modified_time":"2021-08-20T14:40:34+00:00","og_image":[{"width":2000,"height":2000,"url":"https:\/\/www.acpdbrasil.com\/wp-content\/uploads\/2021\/01\/20210115.jpg","type":"image\/jpeg"}],"twitter_card":"summary_large_image","twitter_site":"@acpdbrasil","schema":{"@context":"https:\/\/schema.org","@graph":[{"@type":"WebPage","@id":"https:\/\/www.acpdbrasil.com\/uerj\/","url":"https:\/\/www.acpdbrasil.com\/uerj\/","name":"UERJ - ACPD Brasil","isPartOf":{"@id":"https:\/\/www.acpdbrasil.com\/#website"},"primaryImageOfPage":{"@id":"https:\/\/www.acpdbrasil.com\/uerj\/#primaryimage"},"image":{"@id":"https:\/\/www.acpdbrasil.com\/uerj\/#primaryimage"},"thumbnailUrl":"https:\/\/www.acpdbrasil.com\/wp-content\/uploads\/2021\/01\/20210115.jpg","datePublished":"2021-06-15T03:41:22+00:00","dateModified":"2021-08-20T14:40:34+00:00","description":"Em dezembro de 2020, a Ag\u00eancia de Conformidade de Prote\u00e7\u00e3o de Dados (ACPD Brasil) e a Universidade do Estado do Rio de Janeiro (UERJ) firmaram acordo de parceria. O objeto do presente acordo \u00e9 a realiza\u00e7\u00e3o do projeto PS-UERJ2020 - Prote\u00e7\u00e3o e Seguran\u00e7a-UERJ-2020 que trata da Adequa\u00e7\u00e3o da UERJ \u00e0 Lei Geral de Prote\u00e7\u00e3o de Dados (LGPD), Lei n\u00ba 13.709\/2018, com base nas boas pr\u00e1ticas nacionais e internacionais previstas nas normas vigentes e a Capacita\u00e7\u00e3o de Profissionais no Tema Seguran\u00e7a e Privacidade de dado Pessoais conforme especificado no Plano de Trabalho, que \u00e9 parte integrante deste Acordo.","breadcrumb":{"@id":"https:\/\/www.acpdbrasil.com\/uerj\/#breadcrumb"},"inLanguage":"en-US","potentialAction":[{"@type":"ReadAction","target":["https:\/\/www.acpdbrasil.com\/uerj\/"]}]},{"@type":"ImageObject","inLanguage":"en-US","@id":"https:\/\/www.acpdbrasil.com\/uerj\/#primaryimage","url":"https:\/\/www.acpdbrasil.com\/wp-content\/uploads\/2021\/01\/20210115.jpg","contentUrl":"https:\/\/www.acpdbrasil.com\/wp-content\/uploads\/2021\/01\/20210115.jpg","width":2000,"height":2000,"caption":"Parceria UERJ"},{"@type":"BreadcrumbList","@id":"https:\/\/www.acpdbrasil.com\/uerj\/#breadcrumb","itemListElement":[{"@type":"ListItem","position":1,"name":"In\u00edcio","item":"https:\/\/www.acpdbrasil.com\/"},{"@type":"ListItem","position":2,"name":"UERJ"}]},{"@type":"WebSite","@id":"https:\/\/www.acpdbrasil.com\/#website","url":"https:\/\/www.acpdbrasil.com\/","name":"ACPD Brasil","description":"Conformidade, Prote\u00e7\u00e3o e Privacidade de Dados","publisher":{"@id":"https:\/\/www.acpdbrasil.com\/#organization"},"potentialAction":[{"@type":"SearchAction","target":{"@type":"EntryPoint","urlTemplate":"https:\/\/www.acpdbrasil.com\/?s={search_term_string}"},"query-input":{"@type":"PropertyValueSpecification","valueRequired":true,"valueName":"search_term_string"}}],"inLanguage":"en-US"},{"@type":"Organization","@id":"https:\/\/www.acpdbrasil.com\/#organization","name":"Ag\u00eancia de Conformidade e Prote\u00e7\u00e3o de Dados","url":"https:\/\/www.acpdbrasil.com\/","logo":{"@type":"ImageObject","inLanguage":"en-US","@id":"https:\/\/www.acpdbrasil.com\/#\/schema\/logo\/image\/","url":"https:\/\/www.acpdbrasil.com\/wp-content\/uploads\/2021\/04\/ACPD-OG-image_OG-image.png","contentUrl":"https:\/\/www.acpdbrasil.com\/wp-content\/uploads\/2021\/04\/ACPD-OG-image_OG-image.png","width":1201,"height":631,"caption":"Ag\u00eancia de Conformidade e Prote\u00e7\u00e3o de Dados"},"image":{"@id":"https:\/\/www.acpdbrasil.com\/#\/schema\/logo\/image\/"},"sameAs":["https:\/\/www.facebook.com\/acpdbrasil","https:\/\/x.com\/acpdbrasil","https:\/\/www.instagram.com\/acpdbrasil","http:\/\/linkedin.com\/company\/acpdbrasil","https:\/\/www.youtube.com\/channel\/UCdEnJZeex9u6Mr1_IDyOVcw\/featured?view_as=subscriber"]}]}},"_links":{"self":[{"href":"https:\/\/www.acpdbrasil.com\/en\/wp-json\/wp\/v2\/pages\/3797","targetHints":{"allow":["GET"]}}],"collection":[{"href":"https:\/\/www.acpdbrasil.com\/en\/wp-json\/wp\/v2\/pages"}],"about":[{"href":"https:\/\/www.acpdbrasil.com\/en\/wp-json\/wp\/v2\/types\/page"}],"author":[{"embeddable":true,"href":"https:\/\/www.acpdbrasil.com\/en\/wp-json\/wp\/v2\/users\/1"}],"replies":[{"embeddable":true,"href":"https:\/\/www.acpdbrasil.com\/en\/wp-json\/wp\/v2\/comments?post=3797"}],"version-history":[{"count":0,"href":"https:\/\/www.acpdbrasil.com\/en\/wp-json\/wp\/v2\/pages\/3797\/revisions"}],"wp:featuredmedia":[{"embeddable":true,"href":"https:\/\/www.acpdbrasil.com\/en\/wp-json\/wp\/v2\/media\/2505"}],"wp:attachment":[{"href":"https:\/\/www.acpdbrasil.com\/en\/wp-json\/wp\/v2\/media?parent=3797"}],"curies":[{"name":"wp","href":"https:\/\/api.w.org\/{rel}","templated":true}]}}