{"id":3082,"date":"2021-04-27T01:14:09","date_gmt":"2021-04-27T01:14:09","guid":{"rendered":"https:\/\/www.acpdbrasil.com\/video-category\/"},"modified":"2024-03-05T18:47:24","modified_gmt":"2024-03-05T21:47:24","slug":"video-category","status":"publish","type":"page","link":"https:\/\/www.acpdbrasil.com\/en\/video-category\/","title":{"rendered":"Video Category"},"content":{"rendered":"<p class=\"aiovg-breadcrumbs\"><span><a href=\"https:\/\/www.acpdbrasil.com\/en\">Home<\/a><\/span> \u00bb <span>Video Category<\/span><\/p>\r\n<div id=\"aiovg-69e9d8b91e1db1\" class=\"aiovg aiovg-categories aiovg-categories-template-grid\">\r\n        \r\n    <div class=\"aiovg-section-categories aiovg-grid aiovg-row\">\r\n                    \r\n            <div class=\"aiovg-item-category aiovg-item-category-412 aiovg-col aiovg-col-3 aiovg-col-xs-2\" data-id=\"412\">\t\t\r\n                \n<div class=\"aiovg-thumbnail\">\n    <a href=\"https:\/\/www.acpdbrasil.com\/en\/video-category\/inteligencia-artificial\/\" class=\"aiovg-responsive-container\" style=\"padding-bottom: 56.25%;\"><img decoding=\"async\" src=\"https:\/\/www.acpdbrasil.com\/wp-content\/plugins\/all-in-one-video-gallery\/public\/assets\/images\/placeholder-image.png\" alt=\"Intelig\u00eancia Artificial\" class=\"aiovg-responsive-element\"\/><\/a>    \n    <div class=\"aiovg-caption\">\n        <div class=\"aiovg-title\">\n            <a href=\"https:\/\/www.acpdbrasil.com\/en\/video-category\/inteligencia-artificial\/\" class=\"aiovg-link-title\">\n                Intelig\u00eancia Artificial            <\/a>\n        <\/div>        \n\n                    <div class=\"aiovg-count aiovg-flex aiovg-gap-1 aiovg-items-center aiovg-text-muted aiovg-text-small\">\n                <svg xmlns=\"http:\/\/www.w3.org\/2000\/svg\" fill=\"none\" width=\"16\" height=\"16\" viewbox=\"0 0 24 24\" stroke-width=\"1.5\" stroke=\"currentColor\" class=\"aiovg-flex-shrink-0\">\n                    <path stroke-linecap=\"round\" stroke-linejoin=\"round\" d=\"M21 12a9 9 0 1 1-18 0 9 9 0 0 1 18 0Z\" \/>\n                    <path stroke-linecap=\"round\" stroke-linejoin=\"round\" d=\"M15.91 11.672a.375.375 0 0 1 0 .656l-5.603 3.113a.375.375 0 0 1-.557-.328V8.887c0-.286.307-.466.557-.327l5.603 3.112Z\" \/>\n                <\/svg>\n                2 videos            <\/div>\n         \n        \n            <\/div>            \t\t\t\n<\/div>\t\t\r\n            <\/div> \r\n                    \r\n            <div class=\"aiovg-item-category aiovg-item-category-411 aiovg-col aiovg-col-3 aiovg-col-xs-2\" data-id=\"411\">\t\t\r\n                \n<div class=\"aiovg-thumbnail\">\n    <a href=\"https:\/\/www.acpdbrasil.com\/en\/video-category\/privacidade-protecao\/\" class=\"aiovg-responsive-container\" style=\"padding-bottom: 56.25%;\"><img decoding=\"async\" src=\"https:\/\/www.acpdbrasil.com\/wp-content\/plugins\/all-in-one-video-gallery\/public\/assets\/images\/placeholder-image.png\" alt=\"Privacidade e Prote\u00e7\u00e3o de Dados\" class=\"aiovg-responsive-element\"\/><\/a>    \n    <div class=\"aiovg-caption\">\n        <div class=\"aiovg-title\">\n            <a href=\"https:\/\/www.acpdbrasil.com\/en\/video-category\/privacidade-protecao\/\" class=\"aiovg-link-title\">\n                Privacidade e Prote\u00e7\u00e3o de Dados            <\/a>\n        <\/div>        \n\n                    <div class=\"aiovg-count aiovg-flex aiovg-gap-1 aiovg-items-center aiovg-text-muted aiovg-text-small\">\n                <svg xmlns=\"http:\/\/www.w3.org\/2000\/svg\" fill=\"none\" width=\"16\" height=\"16\" viewbox=\"0 0 24 24\" stroke-width=\"1.5\" stroke=\"currentColor\" class=\"aiovg-flex-shrink-0\">\n                    <path stroke-linecap=\"round\" stroke-linejoin=\"round\" d=\"M21 12a9 9 0 1 1-18 0 9 9 0 0 1 18 0Z\" \/>\n                    <path stroke-linecap=\"round\" stroke-linejoin=\"round\" d=\"M15.91 11.672a.375.375 0 0 1 0 .656l-5.603 3.113a.375.375 0 0 1-.557-.328V8.887c0-.286.307-.466.557-.327l5.603 3.112Z\" \/>\n                <\/svg>\n                12 videos            <\/div>\n         \n        \n            <\/div>            \t\t\t\n<\/div>\t\t\r\n            <\/div> \r\n            <\/div>\r\n\r\n    <\/div>","protected":false},"excerpt":{"rendered":"","protected":false},"author":1,"featured_media":7976,"parent":0,"menu_order":0,"comment_status":"closed","ping_status":"closed","template":"","meta":{"footnotes":""},"class_list":["post-3082","page","type-page","status-publish","has-post-thumbnail","hentry"],"yoast_head":"<!-- This site is optimized with the Yoast SEO plugin v27.3 - https:\/\/yoast.com\/product\/yoast-seo-wordpress\/ -->\n<title>Video Category - ACPD Brasil<\/title>\n<meta name=\"robots\" content=\"index, follow, max-snippet:-1, max-image-preview:large, max-video-preview:-1\" \/>\n<link rel=\"canonical\" href=\"https:\/\/www.acpdbrasil.com\/en\/video-category\/\" \/>\n<meta property=\"og:locale\" content=\"en_US\" \/>\n<meta property=\"og:type\" content=\"article\" \/>\n<meta property=\"og:title\" content=\"Video Category - ACPD Brasil\" \/>\n<meta property=\"og:url\" content=\"https:\/\/www.acpdbrasil.com\/en\/video-category\/\" \/>\n<meta property=\"og:site_name\" content=\"ACPD Brasil\" \/>\n<meta property=\"article:publisher\" content=\"https:\/\/www.facebook.com\/acpdbrasil\" \/>\n<meta property=\"article:modified_time\" content=\"2024-03-05T21:47:24+00:00\" \/>\n<meta property=\"og:image\" content=\"https:\/\/www.acpdbrasil.com\/wp-content\/uploads\/2020\/08\/cropped-Main-1.png\" \/>\n\t<meta property=\"og:image:width\" content=\"944\" \/>\n\t<meta property=\"og:image:height\" content=\"944\" \/>\n\t<meta property=\"og:image:type\" content=\"image\/png\" \/>\n<meta name=\"twitter:card\" content=\"summary_large_image\" \/>\n<meta name=\"twitter:site\" content=\"@acpdbrasil\" \/>\n<meta name=\"twitter:label1\" content=\"Est. reading time\" \/>\n\t<meta name=\"twitter:data1\" content=\"1 minute\" \/>\n<script type=\"application\/ld+json\" class=\"yoast-schema-graph\">{\"@context\":\"https:\\\/\\\/schema.org\",\"@graph\":[{\"@type\":\"WebPage\",\"@id\":\"https:\\\/\\\/www.acpdbrasil.com\\\/video-category\\\/\",\"url\":\"https:\\\/\\\/www.acpdbrasil.com\\\/video-category\\\/\",\"name\":\"Video Category - ACPD Brasil\",\"isPartOf\":{\"@id\":\"https:\\\/\\\/www.acpdbrasil.com\\\/#website\"},\"primaryImageOfPage\":{\"@id\":\"https:\\\/\\\/www.acpdbrasil.com\\\/video-category\\\/#primaryimage\"},\"image\":{\"@id\":\"https:\\\/\\\/www.acpdbrasil.com\\\/video-category\\\/#primaryimage\"},\"thumbnailUrl\":\"https:\\\/\\\/www.acpdbrasil.com\\\/wp-content\\\/uploads\\\/2020\\\/08\\\/cropped-Main-1.png\",\"datePublished\":\"2021-04-27T01:14:09+00:00\",\"dateModified\":\"2024-03-05T21:47:24+00:00\",\"breadcrumb\":{\"@id\":\"https:\\\/\\\/www.acpdbrasil.com\\\/video-category\\\/#breadcrumb\"},\"inLanguage\":\"en-US\",\"potentialAction\":[{\"@type\":\"ReadAction\",\"target\":[\"https:\\\/\\\/www.acpdbrasil.com\\\/video-category\\\/\"]}]},{\"@type\":\"ImageObject\",\"inLanguage\":\"en-US\",\"@id\":\"https:\\\/\\\/www.acpdbrasil.com\\\/video-category\\\/#primaryimage\",\"url\":\"https:\\\/\\\/www.acpdbrasil.com\\\/wp-content\\\/uploads\\\/2020\\\/08\\\/cropped-Main-1.png\",\"contentUrl\":\"https:\\\/\\\/www.acpdbrasil.com\\\/wp-content\\\/uploads\\\/2020\\\/08\\\/cropped-Main-1.png\",\"width\":944,\"height\":944,\"caption\":\"Log ACPD main\"},{\"@type\":\"BreadcrumbList\",\"@id\":\"https:\\\/\\\/www.acpdbrasil.com\\\/video-category\\\/#breadcrumb\",\"itemListElement\":[{\"@type\":\"ListItem\",\"position\":1,\"name\":\"In\u00edcio\",\"item\":\"https:\\\/\\\/www.acpdbrasil.com\\\/\"},{\"@type\":\"ListItem\",\"position\":2,\"name\":\"Video Category\"}]},{\"@type\":\"WebSite\",\"@id\":\"https:\\\/\\\/www.acpdbrasil.com\\\/#website\",\"url\":\"https:\\\/\\\/www.acpdbrasil.com\\\/\",\"name\":\"ACPD Brasil\",\"description\":\"Conformidade, Prote\u00e7\u00e3o e Privacidade de Dados\",\"publisher\":{\"@id\":\"https:\\\/\\\/www.acpdbrasil.com\\\/#organization\"},\"potentialAction\":[{\"@type\":\"SearchAction\",\"target\":{\"@type\":\"EntryPoint\",\"urlTemplate\":\"https:\\\/\\\/www.acpdbrasil.com\\\/?s={search_term_string}\"},\"query-input\":{\"@type\":\"PropertyValueSpecification\",\"valueRequired\":true,\"valueName\":\"search_term_string\"}}],\"inLanguage\":\"en-US\"},{\"@type\":\"Organization\",\"@id\":\"https:\\\/\\\/www.acpdbrasil.com\\\/#organization\",\"name\":\"Ag\u00eancia de Conformidade e Prote\u00e7\u00e3o de Dados\",\"url\":\"https:\\\/\\\/www.acpdbrasil.com\\\/\",\"logo\":{\"@type\":\"ImageObject\",\"inLanguage\":\"en-US\",\"@id\":\"https:\\\/\\\/www.acpdbrasil.com\\\/#\\\/schema\\\/logo\\\/image\\\/\",\"url\":\"https:\\\/\\\/www.acpdbrasil.com\\\/wp-content\\\/uploads\\\/2021\\\/04\\\/ACPD-OG-image_OG-image.png\",\"contentUrl\":\"https:\\\/\\\/www.acpdbrasil.com\\\/wp-content\\\/uploads\\\/2021\\\/04\\\/ACPD-OG-image_OG-image.png\",\"width\":1201,\"height\":631,\"caption\":\"Ag\u00eancia de Conformidade e Prote\u00e7\u00e3o de Dados\"},\"image\":{\"@id\":\"https:\\\/\\\/www.acpdbrasil.com\\\/#\\\/schema\\\/logo\\\/image\\\/\"},\"sameAs\":[\"https:\\\/\\\/www.facebook.com\\\/acpdbrasil\",\"https:\\\/\\\/x.com\\\/acpdbrasil\",\"https:\\\/\\\/www.instagram.com\\\/acpdbrasil\",\"http:\\\/\\\/linkedin.com\\\/company\\\/acpdbrasil\",\"https:\\\/\\\/www.youtube.com\\\/channel\\\/UCdEnJZeex9u6Mr1_IDyOVcw\\\/featured?view_as=subscriber\"]}]}<\/script>\n<!-- \/ Yoast SEO plugin. -->","yoast_head_json":{"title":"Video Category - ACPD Brasil","robots":{"index":"index","follow":"follow","max-snippet":"max-snippet:-1","max-image-preview":"max-image-preview:large","max-video-preview":"max-video-preview:-1"},"canonical":"https:\/\/www.acpdbrasil.com\/en\/video-category\/","og_locale":"en_US","og_type":"article","og_title":"Video Category - ACPD Brasil","og_url":"https:\/\/www.acpdbrasil.com\/en\/video-category\/","og_site_name":"ACPD Brasil","article_publisher":"https:\/\/www.facebook.com\/acpdbrasil","article_modified_time":"2024-03-05T21:47:24+00:00","og_image":[{"width":944,"height":944,"url":"https:\/\/www.acpdbrasil.com\/wp-content\/uploads\/2020\/08\/cropped-Main-1.png","type":"image\/png"}],"twitter_card":"summary_large_image","twitter_site":"@acpdbrasil","twitter_misc":{"Est. reading time":"1 minute"},"schema":{"@context":"https:\/\/schema.org","@graph":[{"@type":"WebPage","@id":"https:\/\/www.acpdbrasil.com\/video-category\/","url":"https:\/\/www.acpdbrasil.com\/video-category\/","name":"Video Category - ACPD Brasil","isPartOf":{"@id":"https:\/\/www.acpdbrasil.com\/#website"},"primaryImageOfPage":{"@id":"https:\/\/www.acpdbrasil.com\/video-category\/#primaryimage"},"image":{"@id":"https:\/\/www.acpdbrasil.com\/video-category\/#primaryimage"},"thumbnailUrl":"https:\/\/www.acpdbrasil.com\/wp-content\/uploads\/2020\/08\/cropped-Main-1.png","datePublished":"2021-04-27T01:14:09+00:00","dateModified":"2024-03-05T21:47:24+00:00","breadcrumb":{"@id":"https:\/\/www.acpdbrasil.com\/video-category\/#breadcrumb"},"inLanguage":"en-US","potentialAction":[{"@type":"ReadAction","target":["https:\/\/www.acpdbrasil.com\/video-category\/"]}]},{"@type":"ImageObject","inLanguage":"en-US","@id":"https:\/\/www.acpdbrasil.com\/video-category\/#primaryimage","url":"https:\/\/www.acpdbrasil.com\/wp-content\/uploads\/2020\/08\/cropped-Main-1.png","contentUrl":"https:\/\/www.acpdbrasil.com\/wp-content\/uploads\/2020\/08\/cropped-Main-1.png","width":944,"height":944,"caption":"Log ACPD main"},{"@type":"BreadcrumbList","@id":"https:\/\/www.acpdbrasil.com\/video-category\/#breadcrumb","itemListElement":[{"@type":"ListItem","position":1,"name":"In\u00edcio","item":"https:\/\/www.acpdbrasil.com\/"},{"@type":"ListItem","position":2,"name":"Video Category"}]},{"@type":"WebSite","@id":"https:\/\/www.acpdbrasil.com\/#website","url":"https:\/\/www.acpdbrasil.com\/","name":"ACPD Brasil","description":"Conformidade, Prote\u00e7\u00e3o e Privacidade de Dados","publisher":{"@id":"https:\/\/www.acpdbrasil.com\/#organization"},"potentialAction":[{"@type":"SearchAction","target":{"@type":"EntryPoint","urlTemplate":"https:\/\/www.acpdbrasil.com\/?s={search_term_string}"},"query-input":{"@type":"PropertyValueSpecification","valueRequired":true,"valueName":"search_term_string"}}],"inLanguage":"en-US"},{"@type":"Organization","@id":"https:\/\/www.acpdbrasil.com\/#organization","name":"Ag\u00eancia de Conformidade e Prote\u00e7\u00e3o de Dados","url":"https:\/\/www.acpdbrasil.com\/","logo":{"@type":"ImageObject","inLanguage":"en-US","@id":"https:\/\/www.acpdbrasil.com\/#\/schema\/logo\/image\/","url":"https:\/\/www.acpdbrasil.com\/wp-content\/uploads\/2021\/04\/ACPD-OG-image_OG-image.png","contentUrl":"https:\/\/www.acpdbrasil.com\/wp-content\/uploads\/2021\/04\/ACPD-OG-image_OG-image.png","width":1201,"height":631,"caption":"Ag\u00eancia de Conformidade e Prote\u00e7\u00e3o de Dados"},"image":{"@id":"https:\/\/www.acpdbrasil.com\/#\/schema\/logo\/image\/"},"sameAs":["https:\/\/www.facebook.com\/acpdbrasil","https:\/\/x.com\/acpdbrasil","https:\/\/www.instagram.com\/acpdbrasil","http:\/\/linkedin.com\/company\/acpdbrasil","https:\/\/www.youtube.com\/channel\/UCdEnJZeex9u6Mr1_IDyOVcw\/featured?view_as=subscriber"]}]}},"_links":{"self":[{"href":"https:\/\/www.acpdbrasil.com\/en\/wp-json\/wp\/v2\/pages\/3082","targetHints":{"allow":["GET"]}}],"collection":[{"href":"https:\/\/www.acpdbrasil.com\/en\/wp-json\/wp\/v2\/pages"}],"about":[{"href":"https:\/\/www.acpdbrasil.com\/en\/wp-json\/wp\/v2\/types\/page"}],"author":[{"embeddable":true,"href":"https:\/\/www.acpdbrasil.com\/en\/wp-json\/wp\/v2\/users\/1"}],"replies":[{"embeddable":true,"href":"https:\/\/www.acpdbrasil.com\/en\/wp-json\/wp\/v2\/comments?post=3082"}],"version-history":[{"count":0,"href":"https:\/\/www.acpdbrasil.com\/en\/wp-json\/wp\/v2\/pages\/3082\/revisions"}],"wp:featuredmedia":[{"embeddable":true,"href":"https:\/\/www.acpdbrasil.com\/en\/wp-json\/wp\/v2\/media\/7976"}],"wp:attachment":[{"href":"https:\/\/www.acpdbrasil.com\/en\/wp-json\/wp\/v2\/media?parent=3082"}],"curies":[{"name":"wp","href":"https:\/\/api.w.org\/{rel}","templated":true}]}}