{"id":2999,"date":"2021-04-23T14:13:15","date_gmt":"2021-04-23T14:13:15","guid":{"rendered":"https:\/\/www.acpdbrasil.com\/?page_id=2999"},"modified":"2021-05-04T21:52:54","modified_gmt":"2021-05-04T21:52:54","slug":"eventos-oficiais","status":"publish","type":"page","link":"https:\/\/www.acpdbrasil.com\/en\/eventos-oficiais\/","title":{"rendered":"Eventos Oficiais ACPD"},"content":{"rendered":"<div  data-label=\"Overlappable\" data-id=\"overlappable--1\" data-export-id=\"overlappable-3\" data-category=\"overlappable\" class=\"overlappable-3 content-section content-section-spacing\" data-overlap=\"true\" id=\"overlappable-1\" style=\"background-color: rgb(255, 255, 255);\"><div  class=\"gridContainer\"> <div  class=\"row bg-color-white shadow-medium\"><div  class=\"col-xs-12 col-sm-6 image-col first-image-col\" data-bg=\"image\" style=\"background-image: url(&quot;https:\/\/www.acpdbrasil.com\/wp-content\/uploads\/2021\/04\/cropped-2021-04-14-ACPD-Convida-Le\u0301o-Rosa_Sympla-Arte-evento.png&quot;);\"><\/div> <div  class=\"col-xs-12 col-sm-6 content-col col-padding col-padding-xs\"> <div  class=\"col-padding\" data-type=\"column\"> <h4  class=\"\">ACPD Convida<\/h4> <p  class=\"\">O ACPD Convida que estreou, em 7 de abril, com o Encarregado de Prote\u00e7\u00e3o de Dados, da Ag\u00eancia Nacional do Petr\u00f3leo, G\u00e1s Natural e Biocombust\u00edveis (ANP), Claudio Rocha, como convidado. A s\u00e9rie de eventos \u00e9 marcada por bate-papos com convidados.<\/p> <a class=\"button color4\" href=\"https:\/\/www.acpdbrasil.com\/en\/acpdconvida\/\" target=\"_self\" data-cp-link=\"1\" data-icon=\"\" rel=\"noopener\">ACPD Convida<\/a><\/div> <\/div><\/div> <div  class=\"row bg-color-white shadow-medium\"><div  class=\"col-xs-12 col-sm-6 content-col col-padding col-padding-xs\"> <div  class=\"col-padding\" data-type=\"column\"><h4  class=\"\">ACPD Talks<\/h4> <p  class=\"\">Estreamos essa s\u00e9rie de eventos, no ano passado. Eles s\u00e3o webinars, com apresenta\u00e7\u00f5es, para compartilhar conhecimento com o mercado, de maneira mais estruturada. J\u00e1 tivemos por aqui algumas edi\u00e7\u00f5es.<\/p> <a class=\"button color4\" href=\"https:\/\/www.acpdbrasil.com\/en\/webinar\/\" target=\"_self\" data-cp-link=\"1\" data-icon=\"\" rel=\"noopener\">ACPD Talks<\/a><\/div> <\/div> <div  class=\"col-xs-12 col-sm-6 image-col second-image-col first-xs last-sm\" data-bg=\"image\" style=\"background-image: url(&quot;https:\/\/www.acpdbrasil.com\/wp-content\/uploads\/2020\/09\/cropped-2020-09-23-ACPD-Talks-LGPD-para-leigos-site_Arte-07-Site.png&quot;);\"><\/div> <\/div><\/div> <\/div><div  data-label=\"Features\" data-id=\"features--1\" data-export-id=\"features-13-card-bordered\" data-category=\"features\" class=\"features-13 content-section content-section-spacing\" id=\"features-1\" style=\"background-color: rgb(255, 255, 255); background-image: none;\"><div  class=\"gridContainer\"> <div  class=\"row text-center\"><div  class=\"section-title-col\" data-type=\"column\"> <h2  class=\"\">Como n\u00e3o perder os nossos eventos?<\/h2> <p  class=\"lead\">Caso n\u00e3o queira perder nossos eventos, cadastre-se para receber nossas <span  style=\"font-style: italic;\">newsletters<\/span>, ou fa\u00e7a parte do nosso grupo de Telegram. Pode deixar que l\u00e1 ser\u00e1 apenas para avisar os eventos que seremos anfitri\u00f5es ou que estaremos presentes como convidados. ?<\/p><\/div> <\/div> <div  class=\"row spaced-cols content-center-sm center-sm\" data-type=\"row\"> <div  class=\"col-sm-4\"> <div  class=\"card bordered y-move\" data-type=\"column\"> <i  class=\"fa icon fa-newspaper-o reverse round big color1\"><\/i> <h4  class=\"\">NEWSLETTERS<\/h4>  <a class=\"button y-move small color2\" href=\"https:\/\/www.acpdbrasil.com\/en\/newsletter-opt-in\/\" target=\"_self\" data-cp-link=\"1\" data-icon=\"\" rel=\"noopener\">ASSINE J\u00c1<\/a><\/div> <\/div>  <div  class=\"col-sm-4\"> <div  class=\"card bordered y-move\" data-type=\"column\"> <i  class=\"fa icon fa-telegram reverse round big color1\"><\/i> <h4  class=\"\">GRUPO TELEGRAM<\/h4>  <a class=\"button y-move small color2\" href=\"https:\/\/t.me\/joinchat\/SDNYRGF89I0xMzA5\" target=\"_self\" data-cp-link=\"1\" data-icon=\"\" rel=\"noopener\">ENTRE NO GRUPO<\/a><\/div> <\/div><\/div> <\/div><\/div><div  data-label=\"Portfolio\" data-id=\"portfolio--1\" data-export-id=\"portfolio-3\" data-category=\"portfolio\" class=\"portfolio-3 content-section content-section-spacing\" id=\"portfolio-1\" style=\"background-color: rgb(255, 255, 255); background-image: none;\"><div  class=\"gridContainer\"> <div  class=\"row text-center\"><div  class=\"section-title-col\" data-type=\"column\"> <h2  class=\"\">Eventos com a presen\u00e7a da ACPD<\/h2> <p  class=\"lead\">Confira abaixo, alguns eventos que a ACPD participou em conjunto com outros atores do mercado.<\/p><\/div> <\/div> <div  class=\"row spaced-cols space-bottom\" data-type=\"row\"> <div  class=\"col-xs-12 col-sm-4 text-center\"><div  class=\"card no-padding bottom-border-color1 no-shadow\"> <div  data-hover-fx=\"portfolio-3\" class=\"contentswap-effect\"><div  class=\"initial-image\"> <img decoding=\"async\"  data-size=\"500x333\" src=\"https:\/\/www.acpdbrasil.com\/wp-content\/uploads\/2021\/05\/WhatsApp-Image-2021-05-04-at-14.18.30.jpeg\"><\/div> <div  class=\"overlay bg-color6\"><\/div> <div  class=\"swap-inner col-xs-12\"> <div  class=\"row full-height-row middle-xs middle-sm\"> <div  class=\"col-xs-12 text-center content-holder\"> <a class=\"button small color2\" href=\"\/en\/Workshop gratuito com a Prof\u00aa Raquel Rinaldi, nosso CEO L\u00e9o Farias, e v\u00e1rios outros nomes relevantes no mercado.\/\" target=\"_blank\" data-cp-link=\"1\" data-icon=\"\" rel=\"noopener\">Garantir Vaga!<\/a><\/div> <\/div><\/div> <\/div> <div  class=\"space-bottom space-top col-xs-12\" data-type=\"column\"> <h4  class=\"\">LGPD Experience<\/h4> <p  class=\"\">Workshop gratuito com a Prof\u00aa Raquel Rinaldi, nosso CEO L\u00e9o Farias, e v\u00e1rios outros nomes relevantes no mercado.<\/p><\/div> <\/div><\/div><div  class=\"col-xs-12 col-sm-4 text-center\"><div  class=\"card no-padding bottom-border-color1 no-shadow\"> <div  data-hover-fx=\"portfolio-3\" class=\"contentswap-effect\"><div  class=\"initial-image\"> <img decoding=\"async\"  data-size=\"500x333\" src=\"https:\/\/www.acpdbrasil.com\/wp-content\/uploads\/2021\/04\/Como-as-normas-te%CC%81cnicas-podem-te-ajudar-com-a-LGPD.jpeg\"><\/div> <div  class=\"overlay bg-color6\"><\/div> <div  class=\"swap-inner col-xs-12\"> <div  class=\"row full-height-row middle-xs middle-sm\"> <div  class=\"col-xs-12 text-center content-holder\"> <a class=\"button small color2\" href=\"https:\/\/youtu.be\/BKVZDBfELE4\" target=\"_blank\" data-cp-link=\"1\" data-icon=\"\" rel=\"noopener\">Assistir Evento<\/a><\/div> <\/div><\/div> <\/div> <div  class=\"space-bottom space-top col-xs-12\" data-type=\"column\"> <h4  class=\"\">Professora Raquel Rinaldi<\/h4> <p  class=\"\">Como as normas t\u00e9cnicas podem te ajudar com a LGPD?<\/p><\/div> <\/div><\/div><div  class=\"col-xs-12 col-sm-4 text-center\"> <div  class=\"card no-padding bottom-border-color1 no-shadow\"> <div  data-hover-fx=\"portfolio-3\" class=\"contentswap-effect\"> <div  class=\"initial-image\"> <img decoding=\"async\"  data-size=\"500x333\" src=\"https:\/\/www.acpdbrasil.com\/wp-content\/uploads\/2020\/10\/WhatsApp-Image-2020-10-07-at-18.25.22-3.jpeg\"><\/div> <div  class=\"overlay bg-color6\"><\/div> <div  class=\"swap-inner col-xs-12\"> <div  class=\"row full-height-row middle-xs middle-sm\"> <div  class=\"col-xs-12 text-center content-holder\"> <a class=\"button small color2\" href=\"https:\/\/youtu.be\/DO9VhywQJeo\" target=\"_blank\" data-cp-link=\"1\" data-icon=\"\" rel=\"noopener\">Assistir Evento<\/a><\/div> <\/div><\/div> <\/div> <div  class=\"space-bottom space-top col-xs-12\" data-type=\"column\"> <h4  class=\"\">Galvanize<\/h4> <p  class=\"\">LGPD &amp; ISO \u2013 Mapeamento e Gest\u00e3o de Riscos<\/p><\/div> <\/div><\/div> <div  class=\"col-xs-12 col-sm-4 text-center\"><div  class=\"card no-padding bottom-border-color1 no-shadow\"> <div  data-hover-fx=\"portfolio-3\" class=\"contentswap-effect\"><div  class=\"initial-image\"> <img decoding=\"async\"  data-size=\"500x333\" src=\"https:\/\/www.acpdbrasil.com\/wp-content\/uploads\/2021\/04\/Webina\u0301rio-OAB-RJ-12a-Subsec\u0327a\u0303o.png\"><\/div> <div  class=\"overlay bg-color6\"><\/div> <div  class=\"swap-inner col-xs-12\"> <div  class=\"row full-height-row middle-xs middle-sm\"> <div  class=\"col-xs-12 text-center content-holder\"> <a class=\"button small color2\" href=\"#\" target=\"_self\" data-cp-link=\"1\" data-icon=\"\" rel=\"noopener\">N\u00e3o Dispon\u00edvel<\/a><\/div> <\/div><\/div> <\/div> <div  class=\"space-bottom space-top col-xs-12\" data-type=\"column\"> <h4  class=\"\">OAB RJ 12\u00aa Subsec\u0327a\u0303o<\/h4> <p  class=\"\">Como as normas ABNT\/ISO pode ajudar na adequa\u00e7\u00e3o \u00e0 LGPD?<\/p><\/div> <\/div><\/div>  <\/div> <div  class=\"row\"> <div  data-type=\"column\" class=\"col-xs-12 text-center\"> <\/div> <\/div><\/div> <\/div>","protected":false},"excerpt":{"rendered":"<p>ACPD Convida O ACPD Convida que estreou, em 7 de abril, com o Encarregado de Prote\u00e7\u00e3o de Dados, da Ag\u00eancia Nacional do Petr\u00f3leo, G\u00e1s Natural e Biocombust\u00edveis (ANP), Claudio Rocha,&hellip; <br \/> <a class=\"read-more\" href=\"https:\/\/www.acpdbrasil.com\/en\/eventos-oficiais\/\">Read more<\/a><\/p>","protected":false},"author":1,"featured_media":1527,"parent":0,"menu_order":0,"comment_status":"closed","ping_status":"closed","template":"pro\/page-templates\/full-width-page.php","meta":{"footnotes":""},"class_list":["post-2999","page","type-page","status-publish","has-post-thumbnail","hentry"],"yoast_head":"<!-- This site is optimized with the Yoast SEO plugin v27.3 - https:\/\/yoast.com\/product\/yoast-seo-wordpress\/ -->\n<title>Eventos Oficiais ACPD - ACPD Brasil Eventos Oficiais ACPD<\/title>\n<meta name=\"description\" content=\"ACPD Brasil curte eventos que levem para o mercado informa\u00e7\u00f5es relevantes sobre conformidade, privacidade e prote\u00e7\u00e3o de dados. Atualmente, temos duas s\u00e9ries eventos para cumprir esse papel, o ACPD Talks, que estreamos no ano passado. Os eventos s\u00e3o webinars para compartilhar conhecimento com o mercado. J\u00e1 tivemos por aqui algumas edi\u00e7\u00f5es; a segunda s\u00e9rie de eventos \u00e9 o ACPD Convida que estreou, em 7 de abril, com o Encarregado de Prote\u00e7\u00e3o de Dados, da Ag\u00eancia Nacional do Petr\u00f3leo, G\u00e1s Natural e Biocombust\u00edveis (ANP), Claudio Rocha, como convidado.\" \/>\n<meta name=\"robots\" content=\"index, follow, max-snippet:-1, max-image-preview:large, max-video-preview:-1\" \/>\n<link rel=\"canonical\" href=\"https:\/\/www.acpdbrasil.com\/en\/eventos-oficiais\/\" \/>\n<meta property=\"og:locale\" content=\"en_US\" \/>\n<meta property=\"og:type\" content=\"article\" \/>\n<meta property=\"og:title\" content=\"Eventos Oficiais ACPD\" \/>\n<meta property=\"og:description\" content=\"ACPD Brasil curte eventos que levem para o mercado informa\u00e7\u00f5es relevantes sobre conformidade, privacidade e prote\u00e7\u00e3o de dados. Atualmente, temos duas s\u00e9ries eventos para cumprir esse papel, o ACPD Talks, que estreamos no ano passado. Os eventos s\u00e3o webinars para compartilhar conhecimento com o mercado. J\u00e1 tivemos por aqui algumas edi\u00e7\u00f5es; a segunda s\u00e9rie de eventos \u00e9 o ACPD Convida que estreou, em 7 de abril, com o Encarregado de Prote\u00e7\u00e3o de Dados, da Ag\u00eancia Nacional do Petr\u00f3leo, G\u00e1s Natural e Biocombust\u00edveis (ANP), Claudio Rocha, como convidado.\" \/>\n<meta property=\"og:url\" content=\"https:\/\/www.acpdbrasil.com\/en\/eventos-oficiais\/\" \/>\n<meta property=\"og:site_name\" content=\"ACPD Brasil\" \/>\n<meta property=\"article:publisher\" content=\"https:\/\/www.facebook.com\/acpdbrasil\" \/>\n<meta property=\"article:modified_time\" content=\"2021-05-04T21:52:54+00:00\" \/>\n<meta property=\"og:image\" content=\"https:\/\/www.acpdbrasil.com\/wp-content\/uploads\/2020\/09\/2020-09-23-ACPD-Talks-LGPD-para-leigos-site_Arte-07-Site.png\" \/>\n\t<meta property=\"og:image:width\" content=\"1600\" \/>\n\t<meta property=\"og:image:height\" content=\"838\" \/>\n\t<meta property=\"og:image:type\" content=\"image\/png\" \/>\n<meta name=\"twitter:card\" content=\"summary_large_image\" \/>\n<meta name=\"twitter:title\" content=\"Eventos Oficiais ACPD\" \/>\n<meta name=\"twitter:description\" content=\"ACPD Brasil curte eventos que levem para o mercado informa\u00e7\u00f5es relevantes sobre conformidade, privacidade e prote\u00e7\u00e3o de dados. Atualmente, temos duas s\u00e9ries eventos para cumprir esse papel, o ACPD Talks, que estreamos no ano passado. Os eventos s\u00e3o webinars para compartilhar conhecimento com o mercado. J\u00e1 tivemos por aqui algumas edi\u00e7\u00f5es; a segunda s\u00e9rie de eventos \u00e9 o ACPD Convida que estreou, em 7 de abril, com o Encarregado de Prote\u00e7\u00e3o de Dados, da Ag\u00eancia Nacional do Petr\u00f3leo, G\u00e1s Natural e Biocombust\u00edveis (ANP), Claudio Rocha, como convidado.\" \/>\n<meta name=\"twitter:image\" content=\"https:\/\/www.acpdbrasil.com\/wp-content\/uploads\/2020\/09\/2020-09-23-ACPD-Talks-LGPD-para-leigos-site_Arte-07-Site.png\" \/>\n<meta name=\"twitter:site\" content=\"@acpdbrasil\" \/>\n<meta name=\"twitter:label1\" content=\"Est. reading time\" \/>\n\t<meta name=\"twitter:data1\" content=\"1 minute\" \/>\n<script type=\"application\/ld+json\" class=\"yoast-schema-graph\">{\"@context\":\"https:\\\/\\\/schema.org\",\"@graph\":[{\"@type\":\"WebPage\",\"@id\":\"https:\\\/\\\/www.acpdbrasil.com\\\/eventos-oficiais\\\/\",\"url\":\"https:\\\/\\\/www.acpdbrasil.com\\\/eventos-oficiais\\\/\",\"name\":\"Eventos Oficiais ACPD - ACPD Brasil Eventos Oficiais ACPD\",\"isPartOf\":{\"@id\":\"https:\\\/\\\/www.acpdbrasil.com\\\/#website\"},\"primaryImageOfPage\":{\"@id\":\"https:\\\/\\\/www.acpdbrasil.com\\\/eventos-oficiais\\\/#primaryimage\"},\"image\":{\"@id\":\"https:\\\/\\\/www.acpdbrasil.com\\\/eventos-oficiais\\\/#primaryimage\"},\"thumbnailUrl\":\"https:\\\/\\\/www.acpdbrasil.com\\\/wp-content\\\/uploads\\\/2020\\\/09\\\/2020-09-23-ACPD-Talks-LGPD-para-leigos-site_Arte-07-Site.png\",\"datePublished\":\"2021-04-23T14:13:15+00:00\",\"dateModified\":\"2021-05-04T21:52:54+00:00\",\"description\":\"ACPD Brasil curte eventos que levem para o mercado informa\u00e7\u00f5es relevantes sobre conformidade, privacidade e prote\u00e7\u00e3o de dados. Atualmente, temos duas s\u00e9ries eventos para cumprir esse papel, o ACPD Talks, que estreamos no ano passado. Os eventos s\u00e3o webinars para compartilhar conhecimento com o mercado. J\u00e1 tivemos por aqui algumas edi\u00e7\u00f5es; a segunda s\u00e9rie de eventos \u00e9 o ACPD Convida que estreou, em 7 de abril, com o Encarregado de Prote\u00e7\u00e3o de Dados, da Ag\u00eancia Nacional do Petr\u00f3leo, G\u00e1s Natural e Biocombust\u00edveis (ANP), Claudio Rocha, como convidado.\",\"breadcrumb\":{\"@id\":\"https:\\\/\\\/www.acpdbrasil.com\\\/eventos-oficiais\\\/#breadcrumb\"},\"inLanguage\":\"en-US\",\"potentialAction\":[{\"@type\":\"ReadAction\",\"target\":[\"https:\\\/\\\/www.acpdbrasil.com\\\/eventos-oficiais\\\/\"]}]},{\"@type\":\"ImageObject\",\"inLanguage\":\"en-US\",\"@id\":\"https:\\\/\\\/www.acpdbrasil.com\\\/eventos-oficiais\\\/#primaryimage\",\"url\":\"https:\\\/\\\/www.acpdbrasil.com\\\/wp-content\\\/uploads\\\/2020\\\/09\\\/2020-09-23-ACPD-Talks-LGPD-para-leigos-site_Arte-07-Site.png\",\"contentUrl\":\"https:\\\/\\\/www.acpdbrasil.com\\\/wp-content\\\/uploads\\\/2020\\\/09\\\/2020-09-23-ACPD-Talks-LGPD-para-leigos-site_Arte-07-Site.png\",\"width\":1600,\"height\":838,\"caption\":\"ACPD Talks\"},{\"@type\":\"BreadcrumbList\",\"@id\":\"https:\\\/\\\/www.acpdbrasil.com\\\/eventos-oficiais\\\/#breadcrumb\",\"itemListElement\":[{\"@type\":\"ListItem\",\"position\":1,\"name\":\"In\u00edcio\",\"item\":\"https:\\\/\\\/www.acpdbrasil.com\\\/\"},{\"@type\":\"ListItem\",\"position\":2,\"name\":\"Eventos Oficiais ACPD\"}]},{\"@type\":\"WebSite\",\"@id\":\"https:\\\/\\\/www.acpdbrasil.com\\\/#website\",\"url\":\"https:\\\/\\\/www.acpdbrasil.com\\\/\",\"name\":\"ACPD Brasil\",\"description\":\"Conformidade, Prote\u00e7\u00e3o e Privacidade de Dados\",\"publisher\":{\"@id\":\"https:\\\/\\\/www.acpdbrasil.com\\\/#organization\"},\"potentialAction\":[{\"@type\":\"SearchAction\",\"target\":{\"@type\":\"EntryPoint\",\"urlTemplate\":\"https:\\\/\\\/www.acpdbrasil.com\\\/?s={search_term_string}\"},\"query-input\":{\"@type\":\"PropertyValueSpecification\",\"valueRequired\":true,\"valueName\":\"search_term_string\"}}],\"inLanguage\":\"en-US\"},{\"@type\":\"Organization\",\"@id\":\"https:\\\/\\\/www.acpdbrasil.com\\\/#organization\",\"name\":\"Ag\u00eancia de Conformidade e Prote\u00e7\u00e3o de Dados\",\"url\":\"https:\\\/\\\/www.acpdbrasil.com\\\/\",\"logo\":{\"@type\":\"ImageObject\",\"inLanguage\":\"en-US\",\"@id\":\"https:\\\/\\\/www.acpdbrasil.com\\\/#\\\/schema\\\/logo\\\/image\\\/\",\"url\":\"https:\\\/\\\/www.acpdbrasil.com\\\/wp-content\\\/uploads\\\/2021\\\/04\\\/ACPD-OG-image_OG-image.png\",\"contentUrl\":\"https:\\\/\\\/www.acpdbrasil.com\\\/wp-content\\\/uploads\\\/2021\\\/04\\\/ACPD-OG-image_OG-image.png\",\"width\":1201,\"height\":631,\"caption\":\"Ag\u00eancia de Conformidade e Prote\u00e7\u00e3o de Dados\"},\"image\":{\"@id\":\"https:\\\/\\\/www.acpdbrasil.com\\\/#\\\/schema\\\/logo\\\/image\\\/\"},\"sameAs\":[\"https:\\\/\\\/www.facebook.com\\\/acpdbrasil\",\"https:\\\/\\\/x.com\\\/acpdbrasil\",\"https:\\\/\\\/www.instagram.com\\\/acpdbrasil\",\"http:\\\/\\\/linkedin.com\\\/company\\\/acpdbrasil\",\"https:\\\/\\\/www.youtube.com\\\/channel\\\/UCdEnJZeex9u6Mr1_IDyOVcw\\\/featured?view_as=subscriber\"]}]}<\/script>\n<!-- \/ Yoast SEO plugin. -->","yoast_head_json":{"title":"Eventos Oficiais ACPD - ACPD Brasil Eventos Oficiais ACPD","description":"ACPD Brasil curte eventos que levem para o mercado informa\u00e7\u00f5es relevantes sobre conformidade, privacidade e prote\u00e7\u00e3o de dados. Atualmente, temos duas s\u00e9ries eventos para cumprir esse papel, o ACPD Talks, que estreamos no ano passado. Os eventos s\u00e3o webinars para compartilhar conhecimento com o mercado. J\u00e1 tivemos por aqui algumas edi\u00e7\u00f5es; a segunda s\u00e9rie de eventos \u00e9 o ACPD Convida que estreou, em 7 de abril, com o Encarregado de Prote\u00e7\u00e3o de Dados, da Ag\u00eancia Nacional do Petr\u00f3leo, G\u00e1s Natural e Biocombust\u00edveis (ANP), Claudio Rocha, como convidado.","robots":{"index":"index","follow":"follow","max-snippet":"max-snippet:-1","max-image-preview":"max-image-preview:large","max-video-preview":"max-video-preview:-1"},"canonical":"https:\/\/www.acpdbrasil.com\/en\/eventos-oficiais\/","og_locale":"en_US","og_type":"article","og_title":"Eventos Oficiais ACPD","og_description":"ACPD Brasil curte eventos que levem para o mercado informa\u00e7\u00f5es relevantes sobre conformidade, privacidade e prote\u00e7\u00e3o de dados. Atualmente, temos duas s\u00e9ries eventos para cumprir esse papel, o ACPD Talks, que estreamos no ano passado. Os eventos s\u00e3o webinars para compartilhar conhecimento com o mercado. J\u00e1 tivemos por aqui algumas edi\u00e7\u00f5es; a segunda s\u00e9rie de eventos \u00e9 o ACPD Convida que estreou, em 7 de abril, com o Encarregado de Prote\u00e7\u00e3o de Dados, da Ag\u00eancia Nacional do Petr\u00f3leo, G\u00e1s Natural e Biocombust\u00edveis (ANP), Claudio Rocha, como convidado.","og_url":"https:\/\/www.acpdbrasil.com\/en\/eventos-oficiais\/","og_site_name":"ACPD Brasil","article_publisher":"https:\/\/www.facebook.com\/acpdbrasil","article_modified_time":"2021-05-04T21:52:54+00:00","og_image":[{"width":1600,"height":838,"url":"https:\/\/www.acpdbrasil.com\/wp-content\/uploads\/2020\/09\/2020-09-23-ACPD-Talks-LGPD-para-leigos-site_Arte-07-Site.png","type":"image\/png"}],"twitter_card":"summary_large_image","twitter_title":"Eventos Oficiais ACPD","twitter_description":"ACPD Brasil curte eventos que levem para o mercado informa\u00e7\u00f5es relevantes sobre conformidade, privacidade e prote\u00e7\u00e3o de dados. Atualmente, temos duas s\u00e9ries eventos para cumprir esse papel, o ACPD Talks, que estreamos no ano passado. Os eventos s\u00e3o webinars para compartilhar conhecimento com o mercado. J\u00e1 tivemos por aqui algumas edi\u00e7\u00f5es; a segunda s\u00e9rie de eventos \u00e9 o ACPD Convida que estreou, em 7 de abril, com o Encarregado de Prote\u00e7\u00e3o de Dados, da Ag\u00eancia Nacional do Petr\u00f3leo, G\u00e1s Natural e Biocombust\u00edveis (ANP), Claudio Rocha, como convidado.","twitter_image":"https:\/\/www.acpdbrasil.com\/wp-content\/uploads\/2020\/09\/2020-09-23-ACPD-Talks-LGPD-para-leigos-site_Arte-07-Site.png","twitter_site":"@acpdbrasil","twitter_misc":{"Est. reading time":"1 minute"},"schema":{"@context":"https:\/\/schema.org","@graph":[{"@type":"WebPage","@id":"https:\/\/www.acpdbrasil.com\/eventos-oficiais\/","url":"https:\/\/www.acpdbrasil.com\/eventos-oficiais\/","name":"Eventos Oficiais ACPD - ACPD Brasil Eventos Oficiais ACPD","isPartOf":{"@id":"https:\/\/www.acpdbrasil.com\/#website"},"primaryImageOfPage":{"@id":"https:\/\/www.acpdbrasil.com\/eventos-oficiais\/#primaryimage"},"image":{"@id":"https:\/\/www.acpdbrasil.com\/eventos-oficiais\/#primaryimage"},"thumbnailUrl":"https:\/\/www.acpdbrasil.com\/wp-content\/uploads\/2020\/09\/2020-09-23-ACPD-Talks-LGPD-para-leigos-site_Arte-07-Site.png","datePublished":"2021-04-23T14:13:15+00:00","dateModified":"2021-05-04T21:52:54+00:00","description":"ACPD Brasil curte eventos que levem para o mercado informa\u00e7\u00f5es relevantes sobre conformidade, privacidade e prote\u00e7\u00e3o de dados. Atualmente, temos duas s\u00e9ries eventos para cumprir esse papel, o ACPD Talks, que estreamos no ano passado. Os eventos s\u00e3o webinars para compartilhar conhecimento com o mercado. J\u00e1 tivemos por aqui algumas edi\u00e7\u00f5es; a segunda s\u00e9rie de eventos \u00e9 o ACPD Convida que estreou, em 7 de abril, com o Encarregado de Prote\u00e7\u00e3o de Dados, da Ag\u00eancia Nacional do Petr\u00f3leo, G\u00e1s Natural e Biocombust\u00edveis (ANP), Claudio Rocha, como convidado.","breadcrumb":{"@id":"https:\/\/www.acpdbrasil.com\/eventos-oficiais\/#breadcrumb"},"inLanguage":"en-US","potentialAction":[{"@type":"ReadAction","target":["https:\/\/www.acpdbrasil.com\/eventos-oficiais\/"]}]},{"@type":"ImageObject","inLanguage":"en-US","@id":"https:\/\/www.acpdbrasil.com\/eventos-oficiais\/#primaryimage","url":"https:\/\/www.acpdbrasil.com\/wp-content\/uploads\/2020\/09\/2020-09-23-ACPD-Talks-LGPD-para-leigos-site_Arte-07-Site.png","contentUrl":"https:\/\/www.acpdbrasil.com\/wp-content\/uploads\/2020\/09\/2020-09-23-ACPD-Talks-LGPD-para-leigos-site_Arte-07-Site.png","width":1600,"height":838,"caption":"ACPD Talks"},{"@type":"BreadcrumbList","@id":"https:\/\/www.acpdbrasil.com\/eventos-oficiais\/#breadcrumb","itemListElement":[{"@type":"ListItem","position":1,"name":"In\u00edcio","item":"https:\/\/www.acpdbrasil.com\/"},{"@type":"ListItem","position":2,"name":"Eventos Oficiais ACPD"}]},{"@type":"WebSite","@id":"https:\/\/www.acpdbrasil.com\/#website","url":"https:\/\/www.acpdbrasil.com\/","name":"ACPD Brasil","description":"Conformidade, Prote\u00e7\u00e3o e Privacidade de Dados","publisher":{"@id":"https:\/\/www.acpdbrasil.com\/#organization"},"potentialAction":[{"@type":"SearchAction","target":{"@type":"EntryPoint","urlTemplate":"https:\/\/www.acpdbrasil.com\/?s={search_term_string}"},"query-input":{"@type":"PropertyValueSpecification","valueRequired":true,"valueName":"search_term_string"}}],"inLanguage":"en-US"},{"@type":"Organization","@id":"https:\/\/www.acpdbrasil.com\/#organization","name":"Ag\u00eancia de Conformidade e Prote\u00e7\u00e3o de Dados","url":"https:\/\/www.acpdbrasil.com\/","logo":{"@type":"ImageObject","inLanguage":"en-US","@id":"https:\/\/www.acpdbrasil.com\/#\/schema\/logo\/image\/","url":"https:\/\/www.acpdbrasil.com\/wp-content\/uploads\/2021\/04\/ACPD-OG-image_OG-image.png","contentUrl":"https:\/\/www.acpdbrasil.com\/wp-content\/uploads\/2021\/04\/ACPD-OG-image_OG-image.png","width":1201,"height":631,"caption":"Ag\u00eancia de Conformidade e Prote\u00e7\u00e3o de Dados"},"image":{"@id":"https:\/\/www.acpdbrasil.com\/#\/schema\/logo\/image\/"},"sameAs":["https:\/\/www.facebook.com\/acpdbrasil","https:\/\/x.com\/acpdbrasil","https:\/\/www.instagram.com\/acpdbrasil","http:\/\/linkedin.com\/company\/acpdbrasil","https:\/\/www.youtube.com\/channel\/UCdEnJZeex9u6Mr1_IDyOVcw\/featured?view_as=subscriber"]}]}},"_links":{"self":[{"href":"https:\/\/www.acpdbrasil.com\/en\/wp-json\/wp\/v2\/pages\/2999","targetHints":{"allow":["GET"]}}],"collection":[{"href":"https:\/\/www.acpdbrasil.com\/en\/wp-json\/wp\/v2\/pages"}],"about":[{"href":"https:\/\/www.acpdbrasil.com\/en\/wp-json\/wp\/v2\/types\/page"}],"author":[{"embeddable":true,"href":"https:\/\/www.acpdbrasil.com\/en\/wp-json\/wp\/v2\/users\/1"}],"replies":[{"embeddable":true,"href":"https:\/\/www.acpdbrasil.com\/en\/wp-json\/wp\/v2\/comments?post=2999"}],"version-history":[{"count":0,"href":"https:\/\/www.acpdbrasil.com\/en\/wp-json\/wp\/v2\/pages\/2999\/revisions"}],"wp:featuredmedia":[{"embeddable":true,"href":"https:\/\/www.acpdbrasil.com\/en\/wp-json\/wp\/v2\/media\/1527"}],"wp:attachment":[{"href":"https:\/\/www.acpdbrasil.com\/en\/wp-json\/wp\/v2\/media?parent=2999"}],"curies":[{"name":"wp","href":"https:\/\/api.w.org\/{rel}","templated":true}]}}