{"id":2888,"date":"2021-04-09T12:00:50","date_gmt":"2021-04-09T12:00:50","guid":{"rendered":"https:\/\/www.acpdbrasil.com\/?page_id=2888"},"modified":"2024-03-05T16:17:15","modified_gmt":"2024-03-05T19:17:15","slug":"acpdconvida-claudiorocha","status":"publish","type":"page","link":"https:\/\/www.acpdbrasil.com\/en\/acpdconvida-claudiorocha\/","title":{"rendered":"ACPD Convida: Claudio Rocha"},"content":{"rendered":"<div  data-label=\"About\" data-id=\"about--1\" data-export-id=\"about-9\" data-category=\"about\" class=\"about-9 content-section content-section-spacing\" id=\"about-1\" style=\"background-color: rgb(255, 255, 255);\"><div  class=\"gridContainer\"> <div  class=\"row middle-sm text-center\"><div  class=\"col-sm-5 space-bottom-xs content-column content-right-sm\" data-type=\"column\"> <h5  class=\"\">ESTR\u00c9IA<\/h5> <h2  class=\"\">ACPD Convida:\r\n<br ><span  style=\"font-family: Playfair Display,sans-serif; font-weight: 700; font-style: italic;\" href=\"#\">Claudio Rocha<\/span><\/h2> <p  class=\"\">O nosso primeiro evento contou com a participa\u00e7\u00e3o do&nbsp;Encarregado pela Prote\u00e7\u00e3o de Dados da Ag\u00eancia Nacional do Petr\u00f3leo, G\u00e1s Natural e Biocombust\u00edveis \u2013 ANP, Claudio Rocha, recentemente indicado para compor o Conselho Nacional de Prote\u00e7\u00e3o de Dados Pessoais e Privacidade \u2013 CNPD, \u00f3rg\u00e3o consultivo da Autoridade Nacional de Prote\u00e7\u00e3o de Dados \u2013 ANPD. \r\n<br >\r\n\r\n<br >O evento ocorreu no \u00faltimo dia 7 de abril.<br >Discorremos sobre os desafios para adequa\u00e7\u00e3o \u00e0 LGPD no Poder P\u00fablico: alinhamento das expectativas; interesse pelo cargo de encarregado; o cerne da LGPD; a burocracia vs a LGPD; termos e conceitos; e san\u00e7\u00f5es.<br ><br >Obrigado a todos os participantes tamb\u00e9m!<br ><br >Recebemos muitos pedidos para disponibilizarmos a grava\u00e7\u00e3o deste evento. Para quem perdeu ou quer assistir de novo, a grava\u00e7\u00e3o dele est\u00e1 dispon\u00edvel no YouTube. D\u00ea uma passada l\u00e1! Clique no bot\u00e3o abaixo, para ser redirecionado.<\/p> <a class=\"button color2\" href=\"https:\/\/www.youtube.com\/watch?v=J-oO3LKF9wI\" target=\"_blank\" data-cp-link=\"1\" data-icon=\"\" rel=\"noopener\">Assista Agora<\/a><\/div> <div  class=\"col-sm-7 flexbox flexbox middle-xs center-xs space-bottom-xs\"><div  class=\"overlay-box flexbox middle-xs center-xs overlay-holder\"> <div  class=\"overlay-box-offset offset-background shadow-medium bg-color2 hide-xs\"><\/div> <img decoding=\"async\"  class=\"flexbox shadow-large img1\" src=\"https:\/\/www.acpdbrasil.com\/wp-content\/uploads\/2021\/03\/2021-03-27-ACPD-Convida-Claudio-Rocha_Arte-01-Feeds.png\" data-size=\"600x400\" title=\"2021-03-27 - ACPD Convida Claudio Rocha_Arte 01 Feeds\" alt=\"ACPD Convida: Claudio Rocha\"><\/div> <\/div><\/div> <\/div><\/div><div  data-label=\"Team\" data-id=\"team--2\" data-export-id=\"team-2\" data-category=\"team\" class=\"team-2 content-section content-section-spacing\" id=\"team-2\" style=\"background-color: rgb(255, 255, 255);\"><div  class=\"gridContainer\"> <div  class=\"row text-center\"><div  class=\"section-title-col\" data-type=\"column\"> <h2  class=\"\">Participantes<\/h2> <\/div> <\/div> <div  class=\"row spaced-cols content-center-sm center-sm\" data-type=\"row\"> <div  class=\"col-sm-6 col-md-3\"> <div  class=\"card y-move no-padding bordered\"> <img decoding=\"async\"  class=\"face\" src=\"https:\/\/www.acpdbrasil.com\/wp-content\/uploads\/2021\/03\/2021-03-27-ACPD-Convida-Claudio-Rocha_Paricipante-LCF.png\" title=\"2021-03-27 - ACPD Convida Claudio Rocha_Paricipante LCF\" alt=\"ACPD ConvidaL LCF\"> <div  data-type=\"column\" class=\"col-padding-small col-padding-small-xs description-container\"> <h4  class=\"font-500\">L\u00c9O FARIAS<\/h4> <p  class=\"small\" style=\"font-style: italic;\">CEO ACPD Brasil<\/p> <div  class=\"social-icons-group\" data-type=\"group\"> <a href=\"#\" target=\"_self\" data-reiki-hidden=\"true\" rel=\"noopener\"><i  class=\"fa icon fa-facebook-square gray\"><\/i><\/a> <a href=\"#\" target=\"_self\" data-reiki-hidden=\"true\" rel=\"noopener\"><i  class=\"fa icon fa-twitter-square gray\"><\/i><\/a> <a href=\"https:\/\/www.linkedin.com\/in\/leocfarias\" target=\"_blank\" rel=\"noopener\" class=\"\"><i  class=\"fa icon fa-linkedin-square color2\"><\/i><\/a> <a href=\"#\" target=\"_self\" data-reiki-hidden=\"true\" rel=\"noopener\"><i  class=\"fa icon fa-google-plus-square gray\"><\/i><\/a><\/div> <p  class=\"\">L\u00e9o Farias \u00e9 Engenheiro Qu\u00edmico, formado na Universi- dade Federal do Rio de Janeiro (UFRJ), fundador da Ag\u00eancia de Conformidade e Prote\u00e7\u00e3o de Dados (ACPD Brasil), Auditor L\u00edder, na norma ABNT NBR ISO 9001:2015, Data Protection Officer (DPO) na Nova Uni\u00e3o, e membro dos seguintes comit\u00eas t\u00e9cnicos da ISO:<br >\r\n\r\n\u2022\tABNT\/CB-021\/CE \u2013 Seguran\u00e7a da informa\u00e7\u00e3o, seguran\u00e7a cibern\u00e9tica e prote\u00e7\u00e3o da privacidade; \r\n<br >\u2022\tABNT\/CB-025 \u2013 Qualidade;\r\n\r\n<br >\u2022\tABNT\/CEE-063 \u2013 Gest\u00e3o de Riscos; e \r\n<br >\u2022\tABNT\/CEE-130 \u2013 Gest\u00e3o da Pesquisa, Desenvolvimento \r\n   e Inova\u00e7\u00e3o (PD&amp;I).\r\n\r\n<br ><br >\r\nL\u00e9o foi certificado internacionalmente como Data Protection Officer pela University of Derby, Inglaterra.<\/p><\/div><\/div> <\/div><div  class=\"col-sm-6 col-md-3\"> <div  class=\"card y-move no-padding bordered\"> <img decoding=\"async\"  class=\"face\" src=\"https:\/\/www.acpdbrasil.com\/wp-content\/uploads\/2021\/03\/cropped-2021-03-27-ACPD-Convida-Claudio-Rocha_Participante-CELAR.png\" title=\"cropped-2021-03-27-ACPD-Convida-Claudio-Rocha_Participante-CELAR.png\" alt=\"\"> <div  data-type=\"column\" class=\"col-padding-small col-padding-small-xs description-container\"> <h4  class=\"font-500\">CLAUDIO ROCHA<\/h4> <p  class=\"small\" style=\"font-style: italic;\">DPO ANP<\/p> <div  class=\"social-icons-group\" data-type=\"group\"> <a href=\"#\" target=\"_self\" data-reiki-hidden=\"true\" rel=\"noopener\"><i  class=\"fa icon fa-facebook-square gray\"><\/i><\/a> <a href=\"#\" target=\"_self\" data-reiki-hidden=\"true\" rel=\"noopener\"><i  class=\"fa icon fa-twitter-square gray\"><\/i><\/a> <a href=\"https:\/\/www.linkedin.com\/in\/c-rocha\" target=\"_blank\" rel=\"noopener\" class=\"\"><i  class=\"fa icon fa-linkedin-square color2\"><\/i><\/a> <a href=\"#\" target=\"_self\" data-reiki-hidden=\"true\" rel=\"noopener\"><i  class=\"fa icon fa-google-plus-square gray\"><\/i><\/a><\/div> <p  class=\"\">Claudio \u00e9 Engenheiro Civil, formado na Universidade Federal do Rio de Janeiro (UFRJ), e \u00e9 o Encarregado de Prote\u00e7\u00e3o de Dados da Ag\u00eancia Nacional do Petr\u00f3leo, G\u00e1s Natural e Biocombust\u00edveis (ANP), e membro do comit\u00ea t\u00e9cnico da ISO ABNT\/CB-021\/CE \u2013 Seguran\u00e7a da informa\u00e7\u00e3o, seguran\u00e7a cibern\u00e9tica e prote\u00e7\u00e3o da privacidade, e certificado internacionalmente pela EXIN como Data Protection Officer e pela ABNT como Lead Implementer da Gest\u00e3o da Privacidade.<\/p><\/div><\/div> <\/div>       <\/div> <\/div><\/div><div  data-label=\"Cta\" data-id=\"cta--1\" data-export-id=\"cta-blue-section\" data-category=\"cta\" class=\"cta-blue-section content-section content-section-spacing-medium bg-color1 white-text\" id=\"cta-1\"><div  class=\"gridContainer\"> <div  class=\"row middle-xs\"><div  class=\"col-sm-8 space-bottom-xs\" data-type=\"column\"> <h2  class=\"\">Assine nossas newsletters!<\/h2> <\/div> <div  class=\"col-sm-4 end-sm\" data-type=\"column\"> <a class=\"button color2\" href=\"https:\/\/www.acpdbrasil.com\/en\/newsletter-opt-in\/\" target=\"_blank\" data-cp-link=\"1\" data-icon=\"\" rel=\"noopener\">NEWSLETTER ACPD<\/a><\/div> <\/div><\/div> <\/div><div  data-label=\"Content\" data-id=\"content--1\" data-export-id=\"content-12\" data-category=\"content\" class=\"content-12 content-section content-section-spacing\" id=\"content-1\" style=\"background-color: rgb(255, 255, 255); background-image: none;\"><div  class=\"gridContainer\">  <div  class=\"row center-xs middle-xs\"> <div  class=\"col-sm-9\" data-type=\"column\"> <img decoding=\"async\"  class=\"custom-image\" src=\"https:\/\/www.acpdbrasil.com\/wp-content\/uploads\/2021\/03\/2021-03-27-ACPD-Convida-Claudio-Rocha_Arte-04-Site.png\" title=\"2021-03-27 - ACPD Convida Claudio Rocha_Arte 04 Site\" alt=\"Site 04\"><img decoding=\"async\"  class=\"custom-image\" src=\"https:\/\/www.acpdbrasil.com\/wp-content\/uploads\/2021\/03\/2021-03-27-ACPD-Convida-Claudio-Rocha_Arte-05-Site.png\" title=\"2021-03-27 - ACPD Convida Claudio Rocha_Arte 05 Site\" alt=\"Site 05\"><a class=\"button color2\" href=\"https:\/\/www.acpdbrasil.com\/en\/acpdconvida\/\" target=\"_self\" data-cp-link=\"1\" data-icon=\"\" rel=\"noopener\">ACPD Convida<\/a><\/div> <\/div><\/div> <\/div>","protected":false},"excerpt":{"rendered":"<p>ESTR\u00c9IA ACPD Convida: Claudio Rocha O nosso primeiro evento contou com a participa\u00e7\u00e3o do&nbsp;Encarregado pela Prote\u00e7\u00e3o de Dados da Ag\u00eancia Nacional do Petr\u00f3leo, G\u00e1s Natural e Biocombust\u00edveis \u2013 ANP, Claudio&hellip; <br \/> <a class=\"read-more\" href=\"https:\/\/www.acpdbrasil.com\/en\/acpdconvida-claudiorocha\/\">Read more<\/a><\/p>","protected":false},"author":1,"featured_media":2871,"parent":0,"menu_order":0,"comment_status":"closed","ping_status":"closed","template":"pro\/page-templates\/full-width-page.php","meta":{"footnotes":""},"class_list":["post-2888","page","type-page","status-publish","has-post-thumbnail","hentry"],"yoast_head":"<!-- This site is optimized with the Yoast SEO plugin v27.3 - https:\/\/yoast.com\/product\/yoast-seo-wordpress\/ -->\n<title>ACPD Convida: Claudio Rocha - ACPD Brasil<\/title>\n<meta name=\"description\" content=\"A ACPD Brasil tem o prazer de anunciar o ACPD Convida que \u00e9 uma s\u00e9rie de eventos com convidados relevantes no mercado.\" \/>\n<meta name=\"robots\" content=\"index, follow, max-snippet:-1, max-image-preview:large, max-video-preview:-1\" \/>\n<link rel=\"canonical\" href=\"https:\/\/www.acpdbrasil.com\/en\/acpdconvida-claudiorocha\/\" \/>\n<meta property=\"og:locale\" content=\"en_US\" \/>\n<meta property=\"og:type\" content=\"article\" \/>\n<meta property=\"og:title\" content=\"ACPD Convida: Claudio Rocha - ACPD Brasil\" \/>\n<meta property=\"og:description\" content=\"A ACPD Brasil tem o prazer de anunciar o ACPD Convida que \u00e9 uma s\u00e9rie de eventos com convidados relevantes no mercado.\" \/>\n<meta property=\"og:url\" content=\"https:\/\/www.acpdbrasil.com\/en\/acpdconvida-claudiorocha\/\" \/>\n<meta property=\"og:site_name\" content=\"ACPD Brasil\" \/>\n<meta property=\"article:publisher\" content=\"https:\/\/www.facebook.com\/acpdbrasil\" \/>\n<meta property=\"article:modified_time\" content=\"2024-03-05T19:17:15+00:00\" \/>\n<meta property=\"og:image\" content=\"https:\/\/www.acpdbrasil.com\/wp-content\/uploads\/2021\/03\/2021-03-27-ACPD-Convida-Claudio-Rocha_Arte-01-Feeds.png\" \/>\n\t<meta property=\"og:image:width\" content=\"2000\" \/>\n\t<meta property=\"og:image:height\" content=\"2000\" \/>\n\t<meta property=\"og:image:type\" content=\"image\/png\" \/>\n<meta name=\"twitter:card\" content=\"summary_large_image\" \/>\n<meta name=\"twitter:description\" content=\"A ACPD Brasil tem o prazer de anunciar o ACPD Convida que \u00e9 uma s\u00e9rie de eventos com convidados relevantes no mercado.\" \/>\n<meta name=\"twitter:image\" content=\"https:\/\/www.acpdbrasil.com\/wp-content\/uploads\/2021\/03\/2021-03-27-ACPD-Convida-Claudio-Rocha_Arte-01-Feeds.png\" \/>\n<meta name=\"twitter:site\" content=\"@acpdbrasil\" \/>\n<meta name=\"twitter:label1\" content=\"Est. reading time\" \/>\n\t<meta name=\"twitter:data1\" content=\"3 minutes\" \/>\n<script type=\"application\/ld+json\" class=\"yoast-schema-graph\">{\"@context\":\"https:\\\/\\\/schema.org\",\"@graph\":[{\"@type\":\"WebPage\",\"@id\":\"https:\\\/\\\/www.acpdbrasil.com\\\/acpdconvida-claudiorocha\\\/\",\"url\":\"https:\\\/\\\/www.acpdbrasil.com\\\/acpdconvida-claudiorocha\\\/\",\"name\":\"ACPD Convida: Claudio Rocha - ACPD Brasil\",\"isPartOf\":{\"@id\":\"https:\\\/\\\/www.acpdbrasil.com\\\/#website\"},\"primaryImageOfPage\":{\"@id\":\"https:\\\/\\\/www.acpdbrasil.com\\\/acpdconvida-claudiorocha\\\/#primaryimage\"},\"image\":{\"@id\":\"https:\\\/\\\/www.acpdbrasil.com\\\/acpdconvida-claudiorocha\\\/#primaryimage\"},\"thumbnailUrl\":\"https:\\\/\\\/www.acpdbrasil.com\\\/wp-content\\\/uploads\\\/2021\\\/04\\\/2021-03-27-ACPD-Convida-Claudio-Rocha_Arte-01-Feeds-co\u0301pia.png\",\"datePublished\":\"2021-04-09T12:00:50+00:00\",\"dateModified\":\"2024-03-05T19:17:15+00:00\",\"description\":\"A ACPD Brasil tem o prazer de anunciar o ACPD Convida que \u00e9 uma s\u00e9rie de eventos com convidados relevantes no mercado.\",\"breadcrumb\":{\"@id\":\"https:\\\/\\\/www.acpdbrasil.com\\\/acpdconvida-claudiorocha\\\/#breadcrumb\"},\"inLanguage\":\"en-US\",\"potentialAction\":[{\"@type\":\"ReadAction\",\"target\":[\"https:\\\/\\\/www.acpdbrasil.com\\\/acpdconvida-claudiorocha\\\/\"]}]},{\"@type\":\"ImageObject\",\"inLanguage\":\"en-US\",\"@id\":\"https:\\\/\\\/www.acpdbrasil.com\\\/acpdconvida-claudiorocha\\\/#primaryimage\",\"url\":\"https:\\\/\\\/www.acpdbrasil.com\\\/wp-content\\\/uploads\\\/2021\\\/04\\\/2021-03-27-ACPD-Convida-Claudio-Rocha_Arte-01-Feeds-co\u0301pia.png\",\"contentUrl\":\"https:\\\/\\\/www.acpdbrasil.com\\\/wp-content\\\/uploads\\\/2021\\\/04\\\/2021-03-27-ACPD-Convida-Claudio-Rocha_Arte-01-Feeds-co\u0301pia.png\",\"width\":2001,\"height\":2000,\"caption\":\"ACDP Convida: Claudio Rocha\"},{\"@type\":\"BreadcrumbList\",\"@id\":\"https:\\\/\\\/www.acpdbrasil.com\\\/acpdconvida-claudiorocha\\\/#breadcrumb\",\"itemListElement\":[{\"@type\":\"ListItem\",\"position\":1,\"name\":\"In\u00edcio\",\"item\":\"https:\\\/\\\/www.acpdbrasil.com\\\/\"},{\"@type\":\"ListItem\",\"position\":2,\"name\":\"ACPD Convida: Claudio Rocha\"}]},{\"@type\":\"WebSite\",\"@id\":\"https:\\\/\\\/www.acpdbrasil.com\\\/#website\",\"url\":\"https:\\\/\\\/www.acpdbrasil.com\\\/\",\"name\":\"ACPD Brasil\",\"description\":\"Conformidade, Prote\u00e7\u00e3o e Privacidade de Dados\",\"publisher\":{\"@id\":\"https:\\\/\\\/www.acpdbrasil.com\\\/#organization\"},\"potentialAction\":[{\"@type\":\"SearchAction\",\"target\":{\"@type\":\"EntryPoint\",\"urlTemplate\":\"https:\\\/\\\/www.acpdbrasil.com\\\/?s={search_term_string}\"},\"query-input\":{\"@type\":\"PropertyValueSpecification\",\"valueRequired\":true,\"valueName\":\"search_term_string\"}}],\"inLanguage\":\"en-US\"},{\"@type\":\"Organization\",\"@id\":\"https:\\\/\\\/www.acpdbrasil.com\\\/#organization\",\"name\":\"Ag\u00eancia de Conformidade e Prote\u00e7\u00e3o de Dados\",\"url\":\"https:\\\/\\\/www.acpdbrasil.com\\\/\",\"logo\":{\"@type\":\"ImageObject\",\"inLanguage\":\"en-US\",\"@id\":\"https:\\\/\\\/www.acpdbrasil.com\\\/#\\\/schema\\\/logo\\\/image\\\/\",\"url\":\"https:\\\/\\\/www.acpdbrasil.com\\\/wp-content\\\/uploads\\\/2021\\\/04\\\/ACPD-OG-image_OG-image.png\",\"contentUrl\":\"https:\\\/\\\/www.acpdbrasil.com\\\/wp-content\\\/uploads\\\/2021\\\/04\\\/ACPD-OG-image_OG-image.png\",\"width\":1201,\"height\":631,\"caption\":\"Ag\u00eancia de Conformidade e Prote\u00e7\u00e3o de Dados\"},\"image\":{\"@id\":\"https:\\\/\\\/www.acpdbrasil.com\\\/#\\\/schema\\\/logo\\\/image\\\/\"},\"sameAs\":[\"https:\\\/\\\/www.facebook.com\\\/acpdbrasil\",\"https:\\\/\\\/x.com\\\/acpdbrasil\",\"https:\\\/\\\/www.instagram.com\\\/acpdbrasil\",\"http:\\\/\\\/linkedin.com\\\/company\\\/acpdbrasil\",\"https:\\\/\\\/www.youtube.com\\\/channel\\\/UCdEnJZeex9u6Mr1_IDyOVcw\\\/featured?view_as=subscriber\"]}]}<\/script>\n<!-- \/ Yoast SEO plugin. -->","yoast_head_json":{"title":"ACPD Convida: Claudio Rocha - ACPD Brasil","description":"A ACPD Brasil tem o prazer de anunciar o ACPD Convida que \u00e9 uma s\u00e9rie de eventos com convidados relevantes no mercado.","robots":{"index":"index","follow":"follow","max-snippet":"max-snippet:-1","max-image-preview":"max-image-preview:large","max-video-preview":"max-video-preview:-1"},"canonical":"https:\/\/www.acpdbrasil.com\/en\/acpdconvida-claudiorocha\/","og_locale":"en_US","og_type":"article","og_title":"ACPD Convida: Claudio Rocha - ACPD Brasil","og_description":"A ACPD Brasil tem o prazer de anunciar o ACPD Convida que \u00e9 uma s\u00e9rie de eventos com convidados relevantes no mercado.","og_url":"https:\/\/www.acpdbrasil.com\/en\/acpdconvida-claudiorocha\/","og_site_name":"ACPD Brasil","article_publisher":"https:\/\/www.facebook.com\/acpdbrasil","article_modified_time":"2024-03-05T19:17:15+00:00","og_image":[{"width":2000,"height":2000,"url":"https:\/\/www.acpdbrasil.com\/wp-content\/uploads\/2021\/03\/2021-03-27-ACPD-Convida-Claudio-Rocha_Arte-01-Feeds.png","type":"image\/png"}],"twitter_card":"summary_large_image","twitter_description":"A ACPD Brasil tem o prazer de anunciar o ACPD Convida que \u00e9 uma s\u00e9rie de eventos com convidados relevantes no mercado.","twitter_image":"https:\/\/www.acpdbrasil.com\/wp-content\/uploads\/2021\/03\/2021-03-27-ACPD-Convida-Claudio-Rocha_Arte-01-Feeds.png","twitter_site":"@acpdbrasil","twitter_misc":{"Est. reading time":"3 minutes"},"schema":{"@context":"https:\/\/schema.org","@graph":[{"@type":"WebPage","@id":"https:\/\/www.acpdbrasil.com\/acpdconvida-claudiorocha\/","url":"https:\/\/www.acpdbrasil.com\/acpdconvida-claudiorocha\/","name":"ACPD Convida: Claudio Rocha - ACPD Brasil","isPartOf":{"@id":"https:\/\/www.acpdbrasil.com\/#website"},"primaryImageOfPage":{"@id":"https:\/\/www.acpdbrasil.com\/acpdconvida-claudiorocha\/#primaryimage"},"image":{"@id":"https:\/\/www.acpdbrasil.com\/acpdconvida-claudiorocha\/#primaryimage"},"thumbnailUrl":"https:\/\/www.acpdbrasil.com\/wp-content\/uploads\/2021\/04\/2021-03-27-ACPD-Convida-Claudio-Rocha_Arte-01-Feeds-co\u0301pia.png","datePublished":"2021-04-09T12:00:50+00:00","dateModified":"2024-03-05T19:17:15+00:00","description":"A ACPD Brasil tem o prazer de anunciar o ACPD Convida que \u00e9 uma s\u00e9rie de eventos com convidados relevantes no mercado.","breadcrumb":{"@id":"https:\/\/www.acpdbrasil.com\/acpdconvida-claudiorocha\/#breadcrumb"},"inLanguage":"en-US","potentialAction":[{"@type":"ReadAction","target":["https:\/\/www.acpdbrasil.com\/acpdconvida-claudiorocha\/"]}]},{"@type":"ImageObject","inLanguage":"en-US","@id":"https:\/\/www.acpdbrasil.com\/acpdconvida-claudiorocha\/#primaryimage","url":"https:\/\/www.acpdbrasil.com\/wp-content\/uploads\/2021\/04\/2021-03-27-ACPD-Convida-Claudio-Rocha_Arte-01-Feeds-co\u0301pia.png","contentUrl":"https:\/\/www.acpdbrasil.com\/wp-content\/uploads\/2021\/04\/2021-03-27-ACPD-Convida-Claudio-Rocha_Arte-01-Feeds-co\u0301pia.png","width":2001,"height":2000,"caption":"ACDP Convida: Claudio Rocha"},{"@type":"BreadcrumbList","@id":"https:\/\/www.acpdbrasil.com\/acpdconvida-claudiorocha\/#breadcrumb","itemListElement":[{"@type":"ListItem","position":1,"name":"In\u00edcio","item":"https:\/\/www.acpdbrasil.com\/"},{"@type":"ListItem","position":2,"name":"ACPD Convida: Claudio Rocha"}]},{"@type":"WebSite","@id":"https:\/\/www.acpdbrasil.com\/#website","url":"https:\/\/www.acpdbrasil.com\/","name":"ACPD Brasil","description":"Conformidade, Prote\u00e7\u00e3o e Privacidade de Dados","publisher":{"@id":"https:\/\/www.acpdbrasil.com\/#organization"},"potentialAction":[{"@type":"SearchAction","target":{"@type":"EntryPoint","urlTemplate":"https:\/\/www.acpdbrasil.com\/?s={search_term_string}"},"query-input":{"@type":"PropertyValueSpecification","valueRequired":true,"valueName":"search_term_string"}}],"inLanguage":"en-US"},{"@type":"Organization","@id":"https:\/\/www.acpdbrasil.com\/#organization","name":"Ag\u00eancia de Conformidade e Prote\u00e7\u00e3o de Dados","url":"https:\/\/www.acpdbrasil.com\/","logo":{"@type":"ImageObject","inLanguage":"en-US","@id":"https:\/\/www.acpdbrasil.com\/#\/schema\/logo\/image\/","url":"https:\/\/www.acpdbrasil.com\/wp-content\/uploads\/2021\/04\/ACPD-OG-image_OG-image.png","contentUrl":"https:\/\/www.acpdbrasil.com\/wp-content\/uploads\/2021\/04\/ACPD-OG-image_OG-image.png","width":1201,"height":631,"caption":"Ag\u00eancia de Conformidade e Prote\u00e7\u00e3o de Dados"},"image":{"@id":"https:\/\/www.acpdbrasil.com\/#\/schema\/logo\/image\/"},"sameAs":["https:\/\/www.facebook.com\/acpdbrasil","https:\/\/x.com\/acpdbrasil","https:\/\/www.instagram.com\/acpdbrasil","http:\/\/linkedin.com\/company\/acpdbrasil","https:\/\/www.youtube.com\/channel\/UCdEnJZeex9u6Mr1_IDyOVcw\/featured?view_as=subscriber"]}]}},"_links":{"self":[{"href":"https:\/\/www.acpdbrasil.com\/en\/wp-json\/wp\/v2\/pages\/2888","targetHints":{"allow":["GET"]}}],"collection":[{"href":"https:\/\/www.acpdbrasil.com\/en\/wp-json\/wp\/v2\/pages"}],"about":[{"href":"https:\/\/www.acpdbrasil.com\/en\/wp-json\/wp\/v2\/types\/page"}],"author":[{"embeddable":true,"href":"https:\/\/www.acpdbrasil.com\/en\/wp-json\/wp\/v2\/users\/1"}],"replies":[{"embeddable":true,"href":"https:\/\/www.acpdbrasil.com\/en\/wp-json\/wp\/v2\/comments?post=2888"}],"version-history":[{"count":0,"href":"https:\/\/www.acpdbrasil.com\/en\/wp-json\/wp\/v2\/pages\/2888\/revisions"}],"wp:featuredmedia":[{"embeddable":true,"href":"https:\/\/www.acpdbrasil.com\/en\/wp-json\/wp\/v2\/media\/2871"}],"wp:attachment":[{"href":"https:\/\/www.acpdbrasil.com\/en\/wp-json\/wp\/v2\/media?parent=2888"}],"curies":[{"name":"wp","href":"https:\/\/api.w.org\/{rel}","templated":true}]}}