{"id":2823,"date":"2021-04-01T15:58:37","date_gmt":"2021-04-01T15:58:37","guid":{"rendered":"https:\/\/www.acpdbrasil.com\/?page_id=2823"},"modified":"2024-02-12T09:38:52","modified_gmt":"2024-02-12T12:38:52","slug":"codigo-de-honra","status":"publish","type":"page","link":"https:\/\/www.acpdbrasil.com\/en\/codigo-de-honra\/","title":{"rendered":"C\u00f3digo de Honra"},"content":{"rendered":"<div  data-label=\"Cta\" data-id=\"cta--1\" data-export-id=\"cta-centered-section-grid\" data-category=\"cta\" class=\"cta-centered-section-grid content-section content-section-spacing-medium bg-color1 white-text\" id=\"cta-1\" style=\"background-image: none; background-color: rgb(255, 255, 255);\"><div  class=\"gridContainer\"> <div  class=\"row text-center\"><div  class=\"col-xs-12 col-sm-10 col-sm-offset-1 col-md-8 col-md-offset-2\" data-type=\"column\">   <p  class=\"lead\" style=\"text-align: left;\"><span  style=\"color: rgb(36, 55, 70);\">Vigente a partir: 28 mar. 2021.<\/span><\/p><p  class=\"lead\" style=\"text-align: left;\"><span  style=\"color: rgb(149, 46, 70); font-weight: 700;\"><br >C\u00d3DIGO DE HONRA ACPD BRASIL:<\/span>\n\n<\/p><p  class=\"lead\" style=\"text-align: justify;\"><span  style=\"color: rgb(51, 51, 51);\">Acreditamos que a integridade acad\u00eamica \u00e9 fundamental para fortalecer n\u00e3o apenas a ACPD Brasil, mas tamb\u00e9m os la\u00e7os com nossos parceiros institucionais. Ao comprometer-se com a integridade acad\u00eamica, voc\u00ea demonstra respeito pelo seu pr\u00f3prio trabalho e pelo esfor\u00e7o dos seus colegas. Estamos empenhados em preservar a integridade do seu relacionamento conosco na ACPD Brasil. Por isso, criamos este C\u00f3digo de Honra, que representa as diretrizes para uma conviv\u00eancia harmoniosa. Contamos com a colabora\u00e7\u00e3o de todos para seguir esses princ\u00edpios.\n<\/span><\/p><p  class=\"lead\" style=\"text-align: justify;\"><span  style=\"color: rgb(51, 51, 51);\">Conv\u00e9m que <span  style=\"font-weight: 600; color: rgb(149, 46, 70);\">todos<\/span> os nossos alunos:<\/span><\/p><p  class=\"lead\" style=\"text-align: justify;\"><span  style=\"color: rgb(51, 51, 51);\">\u2022 Submetam respostas e trabalhos originais;<\/span><br ><span  style=\"color: rgb(51, 51, 51);\">\n\u2022 N\u00e3o compartilhem respostas com terceiros;<\/span><br ><span  style=\"color: rgb(51, 51, 51);\">\n\u2022 N\u00e3o compartilhem acessos, ou seja, login e senha;<\/span><br ><span  style=\"color: rgb(51, 51, 51);\">\n\u2022 Reportem viola\u00e7\u00f5es suspeitas.<\/span><\/p><p  class=\"lead\" style=\"text-align: left;\"><span  style=\"color: rgb(149, 46, 70); font-weight: 700;\">\n<br >C\u00d3DIGO DE HONRA:<\/span>\n<\/p><p  class=\"lead\" style=\"text-align: justify;\"><span  style=\"color: rgb(51, 51, 51);\">Voc\u00ea precisa seguir o C\u00f3digo de Honra da ACPD Brasil para manter o padr\u00e3o de integridade da <span  style=\"font-weight: 600; color: rgb(149, 46, 70);\">ACPD Academy<\/span>. Sendo assim, pedimos que:<\/span><\/p><p  class=\"lead\" style=\"text-align: justify;\"><span  style=\"color: rgb(51, 51, 51);\">\u2022 Registre apenas uma conta. Sua conta est\u00e1 vinculada ao seu endere\u00e7o de e-mail. Caso voc\u00ea se registre com mais de um endere\u00e7o de e-mail, estar\u00e1 se registrando em mais de uma conta. Desta forma, pedimos que entre em contato conosco, para que possamos te auxiliar;<\/span><br ><span  style=\"color: rgb(51, 51, 51);\">\n\u2022 Suas respostas aos question\u00e1rios e exames devem ser de sua autoria (exceto para tarefas que permitam explicitamente a colabora\u00e7\u00e3o de outras pessoas);<\/span><br ><span  style=\"color: rgb(51, 51, 51);\">\n\u2022 Voc\u00ea n\u00e3o pode compartilhar suas respostas de question\u00e1rios ou exames com ningu\u00e9m, a menos que explicitamente permitido pelo instrutor. Isso inclui qualquer coisa escrita por voc\u00ea, bem como quaisquer solu\u00e7\u00f5es oficiais fornecidas pela equipe dos cursos;<\/span><br ><span  style=\"color: rgb(51, 51, 51);\">\n\u2022 Voc\u00ea n\u00e3o pode se envolver em nenhuma outra atividade que melhore desonestamente seus resultados ou melhore ou prejudique desonestamente os resultados de outras pessoas.<\/span>\n<br ><\/p><p  class=\"lead\" style=\"text-align: left;\"><span  style=\"color: rgb(149, 46, 70); font-weight: 700;\">PL\u00c1GIO:<\/span>\n<\/p><p  class=\"lead\" style=\"text-align: justify;\"><span  style=\"color: rgb(51, 51, 51);\">Pl\u00e1gio \u00e9 quando voc\u00ea copia ou reproduz palavras, ideias ou qualquer outro material de outra fonte sem dar cr\u00e9dito ao autor original. O pl\u00e1gio tamb\u00e9m inclui a pr\u00e1tica de empregar ou permitir que outra pessoa altere ou revise seu trabalho e, a seguir, voc\u00ea submeta este trabalho como se fosse seu. Os alunos podem discutir as tarefas entre si ou com um instrutor ou tutor, mas todos os envios de tarefas devem ser trabalhos originais feitos de forma independente pelo aluno. O pl\u00e1gio \u00e9 inaceit\u00e1vel em qualquer ambiente acad\u00eamico e, \u00e9 uma viola\u00e7\u00e3o grave do C\u00f3digo de Honra da ACPD.<\/span><\/p><p  class=\"lead\" style=\"text-align: justify;\"><span  style=\"color: rgb(51, 51, 51);\">Se parte ou toda a sua atribui\u00e7\u00e3o for identificada como pl\u00e1gio, as seguintes a\u00e7\u00f5es podem ser tomadas:<\/span><\/p><p  class=\"lead\" style=\"text-align: justify;\"><span  style=\"color: rgb(51, 51, 51);\">\u2022 Voc\u00ea ser\u00e1 notificado de que sua tarefa foi plagiada e um relat\u00f3rio do caso de pl\u00e1gio ser\u00e1 gerado;<\/span><br ><span  style=\"color: rgb(51, 51, 51);\">\u2022 Voc\u00ea falhar\u00e1 na tarefa plagiada. Se sua tarefa tiver recebido uma pontua\u00e7\u00e3o de aprova\u00e7\u00e3o anteriormente, a pontua\u00e7\u00e3o ser\u00e1 revertida para zero;<\/span><br ><span  style=\"color: rgb(51, 51, 51);\">\u2022 Se a reprova\u00e7\u00e3o na tarefa reduzir suficientemente a sua pontua\u00e7\u00e3o do curso para uma nota de n\u00e3o aprova\u00e7\u00e3o, o certificado ser\u00e1 retido ou revogado;<\/span><br ><span  style=\"color: rgb(51, 51, 51);\">\u2022 Voc\u00ea ser\u00e1 removido do curso ou programa de aprendizado;<\/span><br ><span  style=\"color: rgb(51, 51, 51);\">\u2022 Nenhum reembolso ser\u00e1 feito para Certificados de Cursos que forem retidos ou revogados devido a pl\u00e1gio.<\/span><\/p><p  class=\"lead\" style=\"text-align: justify;\"><span  style=\"color: rgb(51, 51, 51);\">Entendemos que os nossos alunos v\u00eam de muitas origens acad\u00eamicas diferentes e muitos n\u00e3o est\u00e3o familiarizados com nosso padr\u00e3o acad\u00eamico de combate ao pl\u00e1gio, que est\u00e1 fundamentado e alinhado com as melhores pr\u00e1ticas internacionais de institui\u00e7\u00f5es de ensino ao redor do mundo. E, caso haja uma viola\u00e7\u00e3o de nossas pol\u00edticas, esta pode ser atribu\u00edda a um erro ocasional. Se for descoberto que sua tarefa foi plagiada, voc\u00ea receber\u00e1 uma notifica\u00e7\u00e3o por e-mail detalhando as pr\u00f3ximas etapas.<\/span><\/p><p  class=\"lead\" style=\"text-align: justify;\"><span  style=\"color: rgb(51, 51, 51);\">Nada nesta pol\u00edtica deve restringir a aplicabilidade a voc\u00ea de quaisquer pol\u00edticas institucionais estabelecidas por nossos parceiros de conte\u00fado em conex\u00e3o com seu conte\u00fado (por exemplo, c\u00f3digos de conduta do aluno); tais pol\u00edticas devem complementar esta pol\u00edtica e, na medida em que houver um conflito entre tais pol\u00edticas e esta pol\u00edtica, entre voc\u00ea e nossos parceiros de conte\u00fado, as pol\u00edticas da ACPD prevalecer\u00e3o.<\/span><\/p><p  class=\"lead\" style=\"text-align: justify;\"><span  style=\"color: rgb(51, 51, 51);\">Leia a nosso Aviso de Privacidade.<\/span><\/p><a class=\"button color2\" href=\"https:\/\/www.acpdbrasil.com\/en\/aviso-privacidade\/\" target=\"_self\" data-cp-link=\"1\" data-icon=\"\" rel=\"noopener\">AVISO DE PRIVACIDADE<\/a><p  class=\"lead\" style=\"text-align: left;\"><span  style=\"font-weight: 700; color: rgb(149, 46, 70);\">RELATANDO UMA VIOLA\u00c7\u00c3O:<\/span>\n<\/p><p  class=\"lead\" style=\"text-align: justify;\"><span  style=\"color: rgb(36, 55, 70);\">Para relatar um epis\u00f3dio de pl\u00e1gio, enviar e-mail para <span  style=\"font-weight: 600; color: rgb(149, 46, 70);\">contato@acpdbrasil.com<\/span>. \u00c9 importante que neste e-mail voc\u00ea inclua uma descri\u00e7\u00e3o detalhada da poss\u00edvel viola\u00e7\u00e3o. Anexos e links tamb\u00e9m s\u00e3o relevantes. O t\u00edtulo do e-mail deve ser: Den\u00fancia de Conduta Indevida.<\/span><\/p><p  class=\"lead\" style=\"text-align: justify;\"><span  style=\"color: rgb(51, 51, 51);\">Caso constate que algum material da ACPD pago est\u00e1 sendo compartilhado, n\u00e3o hesite em entrar em contato conosco para relatar este incidente.<\/span><\/p><p  class=\"lead\" style=\"text-align: justify;\"><span  style=\"color: rgb(51, 51, 51);\">Voc\u00ea tamb\u00e9m pode denunciar viola\u00e7\u00f5es do C\u00f3digo de Honra entrando em contato conosco atrav\u00e9s de um de nossos n\u00fameros telef\u00f4nicos.<\/span><\/p><\/div> <\/div><\/div> <\/div>","protected":false},"excerpt":{"rendered":"<p>Vigente a partir: 28 mar. 2021.C\u00d3DIGO DE HONRA ACPD BRASIL: Acreditamos que a integridade acad\u00eamica \u00e9 fundamental para fortalecer n\u00e3o apenas a ACPD Brasil, mas tamb\u00e9m os la\u00e7os com nossos&hellip; <br \/> <a class=\"read-more\" href=\"https:\/\/www.acpdbrasil.com\/en\/codigo-de-honra\/\">Read more<\/a><\/p>","protected":false},"author":1,"featured_media":763,"parent":0,"menu_order":0,"comment_status":"closed","ping_status":"closed","template":"pro\/page-templates\/full-width-page.php","meta":{"footnotes":""},"class_list":["post-2823","page","type-page","status-publish","has-post-thumbnail","hentry"],"yoast_head":"<!-- This site is optimized with the Yoast SEO plugin v27.3 - https:\/\/yoast.com\/product\/yoast-seo-wordpress\/ -->\n<title>C\u00f3digo de Honra - ACPD Brasil<\/title>\n<meta name=\"description\" content=\"Os f\u00f3runs de discuss\u00f5es, da ACPD Brasil, oferecem uma oportunidade de conectar a comunidade de privacidade e prote\u00e7\u00e3o de dados. Esta comunidade \u00e9 um lugar para fazer networking, aprender e apoiar uns aos outros. Se voc\u00ea quiser discutir os conceitos e ferramentas que est\u00e1 aprendendo, este \u00e9 um \u00f3timo lugar para colaborar e descobrir novas perspectivas. Se voc\u00ea ainda n\u00e3o leu a Pol\u00edtica de Boas Pr\u00e1ticas dos F\u00f3runs da ACPD, por favor, acesse essas diretrizes para garantir que este seja um ambiente seguro e produtivo para todos! A nossa pol\u00edtica est\u00e1 dispon\u00edvel em www.acpdacademy\/politica-foruns.\" \/>\n<meta name=\"robots\" content=\"index, follow, max-snippet:-1, max-image-preview:large, max-video-preview:-1\" \/>\n<link rel=\"canonical\" href=\"https:\/\/www.acpdbrasil.com\/en\/codigo-de-honra\/\" \/>\n<meta property=\"og:locale\" content=\"en_US\" \/>\n<meta property=\"og:type\" content=\"article\" \/>\n<meta property=\"og:title\" content=\"Pol\u00edtica de Privacidade\" \/>\n<meta property=\"og:description\" content=\"Os f\u00f3runs de discuss\u00f5es, da ACPD Brasil, oferecem uma oportunidade de conectar a comunidade de privacidade e prote\u00e7\u00e3o de dados. Esta comunidade \u00e9 um lugar para fazer networking, aprender e apoiar uns aos outros. Se voc\u00ea quiser discutir os conceitos e ferramentas que est\u00e1 aprendendo, este \u00e9 um \u00f3timo lugar para colaborar e descobrir novas perspectivas. Se voc\u00ea ainda n\u00e3o leu a Pol\u00edtica de Boas Pr\u00e1ticas dos F\u00f3runs da ACPD, por favor, acesse essas diretrizes para garantir que este seja um ambiente seguro e produtivo para todos! A nossa pol\u00edtica est\u00e1 dispon\u00edvel em www.acpdacademy\/politica-foruns.\" \/>\n<meta property=\"og:url\" content=\"https:\/\/www.acpdbrasil.com\/en\/codigo-de-honra\/\" \/>\n<meta property=\"og:site_name\" content=\"ACPD Brasil\" \/>\n<meta property=\"article:publisher\" content=\"https:\/\/www.facebook.com\/acpdbrasil\" \/>\n<meta property=\"article:modified_time\" content=\"2024-02-12T12:38:52+00:00\" \/>\n<meta property=\"og:image\" content=\"https:\/\/www.acpdbrasil.com\/wp-content\/uploads\/2020\/08\/Main.png\" \/>\n\t<meta property=\"og:image:width\" content=\"944\" \/>\n\t<meta property=\"og:image:height\" content=\"944\" \/>\n\t<meta property=\"og:image:type\" content=\"image\/png\" \/>\n<meta name=\"twitter:card\" content=\"summary_large_image\" \/>\n<meta name=\"twitter:title\" content=\"Pol\u00edtica de Privacidade\" \/>\n<meta name=\"twitter:description\" content=\"Os f\u00f3runs de discuss\u00f5es, da ACPD Brasil, oferecem uma oportunidade de conectar a comunidade de privacidade e prote\u00e7\u00e3o de dados. Esta comunidade \u00e9 um lugar para fazer networking, aprender e apoiar uns aos outros. Se voc\u00ea quiser discutir os conceitos e ferramentas que est\u00e1 aprendendo, este \u00e9 um \u00f3timo lugar para colaborar e descobrir novas perspectivas. Se voc\u00ea ainda n\u00e3o leu a Pol\u00edtica de Boas Pr\u00e1ticas dos F\u00f3runs da ACPD, por favor, acesse essas diretrizes para garantir que este seja um ambiente seguro e produtivo para todos! A nossa pol\u00edtica est\u00e1 dispon\u00edvel em www.acpdacademy\/politica-foruns.\" \/>\n<meta name=\"twitter:image\" content=\"https:\/\/www.acpdbrasil.com\/wp-content\/uploads\/2020\/08\/Main.png\" \/>\n<meta name=\"twitter:site\" content=\"@acpdbrasil\" \/>\n<meta name=\"twitter:label1\" content=\"Est. reading time\" \/>\n\t<meta name=\"twitter:data1\" content=\"4 minutes\" \/>\n<script type=\"application\/ld+json\" class=\"yoast-schema-graph\">{\"@context\":\"https:\\\/\\\/schema.org\",\"@graph\":[{\"@type\":\"WebPage\",\"@id\":\"https:\\\/\\\/www.acpdbrasil.com\\\/codigo-de-honra\\\/\",\"url\":\"https:\\\/\\\/www.acpdbrasil.com\\\/codigo-de-honra\\\/\",\"name\":\"C\u00f3digo de Honra - ACPD Brasil\",\"isPartOf\":{\"@id\":\"https:\\\/\\\/www.acpdbrasil.com\\\/#website\"},\"primaryImageOfPage\":{\"@id\":\"https:\\\/\\\/www.acpdbrasil.com\\\/codigo-de-honra\\\/#primaryimage\"},\"image\":{\"@id\":\"https:\\\/\\\/www.acpdbrasil.com\\\/codigo-de-honra\\\/#primaryimage\"},\"thumbnailUrl\":\"https:\\\/\\\/www.acpdbrasil.com\\\/wp-content\\\/uploads\\\/2020\\\/08\\\/cropped-Main.png\",\"datePublished\":\"2021-04-01T15:58:37+00:00\",\"dateModified\":\"2024-02-12T12:38:52+00:00\",\"description\":\"Os f\u00f3runs de discuss\u00f5es, da ACPD Brasil, oferecem uma oportunidade de conectar a comunidade de privacidade e prote\u00e7\u00e3o de dados. Esta comunidade \u00e9 um lugar para fazer networking, aprender e apoiar uns aos outros. Se voc\u00ea quiser discutir os conceitos e ferramentas que est\u00e1 aprendendo, este \u00e9 um \u00f3timo lugar para colaborar e descobrir novas perspectivas. Se voc\u00ea ainda n\u00e3o leu a Pol\u00edtica de Boas Pr\u00e1ticas dos F\u00f3runs da ACPD, por favor, acesse essas diretrizes para garantir que este seja um ambiente seguro e produtivo para todos! A nossa pol\u00edtica est\u00e1 dispon\u00edvel em www.acpdacademy\\\/politica-foruns.\",\"breadcrumb\":{\"@id\":\"https:\\\/\\\/www.acpdbrasil.com\\\/codigo-de-honra\\\/#breadcrumb\"},\"inLanguage\":\"en-US\",\"potentialAction\":[{\"@type\":\"ReadAction\",\"target\":[\"https:\\\/\\\/www.acpdbrasil.com\\\/codigo-de-honra\\\/\"]}]},{\"@type\":\"ImageObject\",\"inLanguage\":\"en-US\",\"@id\":\"https:\\\/\\\/www.acpdbrasil.com\\\/codigo-de-honra\\\/#primaryimage\",\"url\":\"https:\\\/\\\/www.acpdbrasil.com\\\/wp-content\\\/uploads\\\/2020\\\/08\\\/cropped-Main.png\",\"contentUrl\":\"https:\\\/\\\/www.acpdbrasil.com\\\/wp-content\\\/uploads\\\/2020\\\/08\\\/cropped-Main.png\",\"width\":512,\"height\":512,\"caption\":\"Logo ACPD Brasil\"},{\"@type\":\"BreadcrumbList\",\"@id\":\"https:\\\/\\\/www.acpdbrasil.com\\\/codigo-de-honra\\\/#breadcrumb\",\"itemListElement\":[{\"@type\":\"ListItem\",\"position\":1,\"name\":\"In\u00edcio\",\"item\":\"https:\\\/\\\/www.acpdbrasil.com\\\/\"},{\"@type\":\"ListItem\",\"position\":2,\"name\":\"C\u00f3digo de Honra\"}]},{\"@type\":\"WebSite\",\"@id\":\"https:\\\/\\\/www.acpdbrasil.com\\\/#website\",\"url\":\"https:\\\/\\\/www.acpdbrasil.com\\\/\",\"name\":\"ACPD Brasil\",\"description\":\"Conformidade, Prote\u00e7\u00e3o e Privacidade de Dados\",\"publisher\":{\"@id\":\"https:\\\/\\\/www.acpdbrasil.com\\\/#organization\"},\"potentialAction\":[{\"@type\":\"SearchAction\",\"target\":{\"@type\":\"EntryPoint\",\"urlTemplate\":\"https:\\\/\\\/www.acpdbrasil.com\\\/?s={search_term_string}\"},\"query-input\":{\"@type\":\"PropertyValueSpecification\",\"valueRequired\":true,\"valueName\":\"search_term_string\"}}],\"inLanguage\":\"en-US\"},{\"@type\":\"Organization\",\"@id\":\"https:\\\/\\\/www.acpdbrasil.com\\\/#organization\",\"name\":\"Ag\u00eancia de Conformidade e Prote\u00e7\u00e3o de Dados\",\"url\":\"https:\\\/\\\/www.acpdbrasil.com\\\/\",\"logo\":{\"@type\":\"ImageObject\",\"inLanguage\":\"en-US\",\"@id\":\"https:\\\/\\\/www.acpdbrasil.com\\\/#\\\/schema\\\/logo\\\/image\\\/\",\"url\":\"https:\\\/\\\/www.acpdbrasil.com\\\/wp-content\\\/uploads\\\/2021\\\/04\\\/ACPD-OG-image_OG-image.png\",\"contentUrl\":\"https:\\\/\\\/www.acpdbrasil.com\\\/wp-content\\\/uploads\\\/2021\\\/04\\\/ACPD-OG-image_OG-image.png\",\"width\":1201,\"height\":631,\"caption\":\"Ag\u00eancia de Conformidade e Prote\u00e7\u00e3o de Dados\"},\"image\":{\"@id\":\"https:\\\/\\\/www.acpdbrasil.com\\\/#\\\/schema\\\/logo\\\/image\\\/\"},\"sameAs\":[\"https:\\\/\\\/www.facebook.com\\\/acpdbrasil\",\"https:\\\/\\\/x.com\\\/acpdbrasil\",\"https:\\\/\\\/www.instagram.com\\\/acpdbrasil\",\"http:\\\/\\\/linkedin.com\\\/company\\\/acpdbrasil\",\"https:\\\/\\\/www.youtube.com\\\/channel\\\/UCdEnJZeex9u6Mr1_IDyOVcw\\\/featured?view_as=subscriber\"]}]}<\/script>\n<!-- \/ Yoast SEO plugin. -->","yoast_head_json":{"title":"C\u00f3digo de Honra - ACPD Brasil","description":"Os f\u00f3runs de discuss\u00f5es, da ACPD Brasil, oferecem uma oportunidade de conectar a comunidade de privacidade e prote\u00e7\u00e3o de dados. Esta comunidade \u00e9 um lugar para fazer networking, aprender e apoiar uns aos outros. Se voc\u00ea quiser discutir os conceitos e ferramentas que est\u00e1 aprendendo, este \u00e9 um \u00f3timo lugar para colaborar e descobrir novas perspectivas. Se voc\u00ea ainda n\u00e3o leu a Pol\u00edtica de Boas Pr\u00e1ticas dos F\u00f3runs da ACPD, por favor, acesse essas diretrizes para garantir que este seja um ambiente seguro e produtivo para todos! A nossa pol\u00edtica est\u00e1 dispon\u00edvel em www.acpdacademy\/politica-foruns.","robots":{"index":"index","follow":"follow","max-snippet":"max-snippet:-1","max-image-preview":"max-image-preview:large","max-video-preview":"max-video-preview:-1"},"canonical":"https:\/\/www.acpdbrasil.com\/en\/codigo-de-honra\/","og_locale":"en_US","og_type":"article","og_title":"Pol\u00edtica de Privacidade","og_description":"Os f\u00f3runs de discuss\u00f5es, da ACPD Brasil, oferecem uma oportunidade de conectar a comunidade de privacidade e prote\u00e7\u00e3o de dados. Esta comunidade \u00e9 um lugar para fazer networking, aprender e apoiar uns aos outros. Se voc\u00ea quiser discutir os conceitos e ferramentas que est\u00e1 aprendendo, este \u00e9 um \u00f3timo lugar para colaborar e descobrir novas perspectivas. Se voc\u00ea ainda n\u00e3o leu a Pol\u00edtica de Boas Pr\u00e1ticas dos F\u00f3runs da ACPD, por favor, acesse essas diretrizes para garantir que este seja um ambiente seguro e produtivo para todos! A nossa pol\u00edtica est\u00e1 dispon\u00edvel em www.acpdacademy\/politica-foruns.","og_url":"https:\/\/www.acpdbrasil.com\/en\/codigo-de-honra\/","og_site_name":"ACPD Brasil","article_publisher":"https:\/\/www.facebook.com\/acpdbrasil","article_modified_time":"2024-02-12T12:38:52+00:00","og_image":[{"width":944,"height":944,"url":"https:\/\/www.acpdbrasil.com\/wp-content\/uploads\/2020\/08\/Main.png","type":"image\/png"}],"twitter_card":"summary_large_image","twitter_title":"Pol\u00edtica de Privacidade","twitter_description":"Os f\u00f3runs de discuss\u00f5es, da ACPD Brasil, oferecem uma oportunidade de conectar a comunidade de privacidade e prote\u00e7\u00e3o de dados. Esta comunidade \u00e9 um lugar para fazer networking, aprender e apoiar uns aos outros. Se voc\u00ea quiser discutir os conceitos e ferramentas que est\u00e1 aprendendo, este \u00e9 um \u00f3timo lugar para colaborar e descobrir novas perspectivas. Se voc\u00ea ainda n\u00e3o leu a Pol\u00edtica de Boas Pr\u00e1ticas dos F\u00f3runs da ACPD, por favor, acesse essas diretrizes para garantir que este seja um ambiente seguro e produtivo para todos! A nossa pol\u00edtica est\u00e1 dispon\u00edvel em www.acpdacademy\/politica-foruns.","twitter_image":"https:\/\/www.acpdbrasil.com\/wp-content\/uploads\/2020\/08\/Main.png","twitter_site":"@acpdbrasil","twitter_misc":{"Est. reading time":"4 minutes"},"schema":{"@context":"https:\/\/schema.org","@graph":[{"@type":"WebPage","@id":"https:\/\/www.acpdbrasil.com\/codigo-de-honra\/","url":"https:\/\/www.acpdbrasil.com\/codigo-de-honra\/","name":"C\u00f3digo de Honra - ACPD Brasil","isPartOf":{"@id":"https:\/\/www.acpdbrasil.com\/#website"},"primaryImageOfPage":{"@id":"https:\/\/www.acpdbrasil.com\/codigo-de-honra\/#primaryimage"},"image":{"@id":"https:\/\/www.acpdbrasil.com\/codigo-de-honra\/#primaryimage"},"thumbnailUrl":"https:\/\/www.acpdbrasil.com\/wp-content\/uploads\/2020\/08\/cropped-Main.png","datePublished":"2021-04-01T15:58:37+00:00","dateModified":"2024-02-12T12:38:52+00:00","description":"Os f\u00f3runs de discuss\u00f5es, da ACPD Brasil, oferecem uma oportunidade de conectar a comunidade de privacidade e prote\u00e7\u00e3o de dados. Esta comunidade \u00e9 um lugar para fazer networking, aprender e apoiar uns aos outros. Se voc\u00ea quiser discutir os conceitos e ferramentas que est\u00e1 aprendendo, este \u00e9 um \u00f3timo lugar para colaborar e descobrir novas perspectivas. Se voc\u00ea ainda n\u00e3o leu a Pol\u00edtica de Boas Pr\u00e1ticas dos F\u00f3runs da ACPD, por favor, acesse essas diretrizes para garantir que este seja um ambiente seguro e produtivo para todos! A nossa pol\u00edtica est\u00e1 dispon\u00edvel em www.acpdacademy\/politica-foruns.","breadcrumb":{"@id":"https:\/\/www.acpdbrasil.com\/codigo-de-honra\/#breadcrumb"},"inLanguage":"en-US","potentialAction":[{"@type":"ReadAction","target":["https:\/\/www.acpdbrasil.com\/codigo-de-honra\/"]}]},{"@type":"ImageObject","inLanguage":"en-US","@id":"https:\/\/www.acpdbrasil.com\/codigo-de-honra\/#primaryimage","url":"https:\/\/www.acpdbrasil.com\/wp-content\/uploads\/2020\/08\/cropped-Main.png","contentUrl":"https:\/\/www.acpdbrasil.com\/wp-content\/uploads\/2020\/08\/cropped-Main.png","width":512,"height":512,"caption":"Logo ACPD Brasil"},{"@type":"BreadcrumbList","@id":"https:\/\/www.acpdbrasil.com\/codigo-de-honra\/#breadcrumb","itemListElement":[{"@type":"ListItem","position":1,"name":"In\u00edcio","item":"https:\/\/www.acpdbrasil.com\/"},{"@type":"ListItem","position":2,"name":"C\u00f3digo de Honra"}]},{"@type":"WebSite","@id":"https:\/\/www.acpdbrasil.com\/#website","url":"https:\/\/www.acpdbrasil.com\/","name":"ACPD Brasil","description":"Conformidade, Prote\u00e7\u00e3o e Privacidade de Dados","publisher":{"@id":"https:\/\/www.acpdbrasil.com\/#organization"},"potentialAction":[{"@type":"SearchAction","target":{"@type":"EntryPoint","urlTemplate":"https:\/\/www.acpdbrasil.com\/?s={search_term_string}"},"query-input":{"@type":"PropertyValueSpecification","valueRequired":true,"valueName":"search_term_string"}}],"inLanguage":"en-US"},{"@type":"Organization","@id":"https:\/\/www.acpdbrasil.com\/#organization","name":"Ag\u00eancia de Conformidade e Prote\u00e7\u00e3o de Dados","url":"https:\/\/www.acpdbrasil.com\/","logo":{"@type":"ImageObject","inLanguage":"en-US","@id":"https:\/\/www.acpdbrasil.com\/#\/schema\/logo\/image\/","url":"https:\/\/www.acpdbrasil.com\/wp-content\/uploads\/2021\/04\/ACPD-OG-image_OG-image.png","contentUrl":"https:\/\/www.acpdbrasil.com\/wp-content\/uploads\/2021\/04\/ACPD-OG-image_OG-image.png","width":1201,"height":631,"caption":"Ag\u00eancia de Conformidade e Prote\u00e7\u00e3o de Dados"},"image":{"@id":"https:\/\/www.acpdbrasil.com\/#\/schema\/logo\/image\/"},"sameAs":["https:\/\/www.facebook.com\/acpdbrasil","https:\/\/x.com\/acpdbrasil","https:\/\/www.instagram.com\/acpdbrasil","http:\/\/linkedin.com\/company\/acpdbrasil","https:\/\/www.youtube.com\/channel\/UCdEnJZeex9u6Mr1_IDyOVcw\/featured?view_as=subscriber"]}]}},"_links":{"self":[{"href":"https:\/\/www.acpdbrasil.com\/en\/wp-json\/wp\/v2\/pages\/2823","targetHints":{"allow":["GET"]}}],"collection":[{"href":"https:\/\/www.acpdbrasil.com\/en\/wp-json\/wp\/v2\/pages"}],"about":[{"href":"https:\/\/www.acpdbrasil.com\/en\/wp-json\/wp\/v2\/types\/page"}],"author":[{"embeddable":true,"href":"https:\/\/www.acpdbrasil.com\/en\/wp-json\/wp\/v2\/users\/1"}],"replies":[{"embeddable":true,"href":"https:\/\/www.acpdbrasil.com\/en\/wp-json\/wp\/v2\/comments?post=2823"}],"version-history":[{"count":0,"href":"https:\/\/www.acpdbrasil.com\/en\/wp-json\/wp\/v2\/pages\/2823\/revisions"}],"wp:featuredmedia":[{"embeddable":true,"href":"https:\/\/www.acpdbrasil.com\/en\/wp-json\/wp\/v2\/media\/763"}],"wp:attachment":[{"href":"https:\/\/www.acpdbrasil.com\/en\/wp-json\/wp\/v2\/media?parent=2823"}],"curies":[{"name":"wp","href":"https:\/\/api.w.org\/{rel}","templated":true}]}}