{"id":227,"date":"2018-02-20T12:59:51","date_gmt":"2018-02-20T12:59:51","guid":{"rendered":"http:\/\/msmbizz.mihai1-work.cloud-press.net\/?page_id=227"},"modified":"2024-03-05T16:29:09","modified_gmt":"2024-03-05T19:29:09","slug":"sobre","status":"publish","type":"page","link":"https:\/\/www.acpdbrasil.com\/en\/sobre\/","title":{"rendered":"Sobre"},"content":{"rendered":"<div  data-label=\"Sobre a ACPD Brasil\" data-id=\"features--1\" data-export-id=\"features-13-card-bordered\" data-category=\"features\" class=\"features-13 content-section content-section-spacing\" id=\"sobre-a-acpd-brasil\" style=\"background-color: rgb(255, 255, 255); background-image: none;\"><div  class=\"gridContainer\"> <div  class=\"row text-center\"><div  class=\"section-title-col\" data-type=\"column\"> <h2  class=\"\"><span  style=\"color: rgb(36, 55, 70);\">Sobre a ACPD Brasil<\/span><\/h2> <p  class=\"lead\"><span  style=\"color: rgb(36, 55, 70);\">\r\nA Ag\u00eancia de Conformidade e Prote\u00e7\u00e3o de Dados \u2013 ACPD Brasil, \u00e9 uma organiza\u00e7\u00e3o com DNA jovem, inovadora, com lideran\u00e7a forte e positiva. A nossa organiza\u00e7\u00e3o est\u00e1 fundamentada nas melhores pr\u00e1ticas internacionais, com destaque para as normas ISO e ABNT.\r\n<br ><br >A frente da ACPD Brasil est\u00e1 o seu fundador e CEO, L\u00e9o Farias.&nbsp;Nossa abordagem \u00e9 baseada nas melhores pr\u00e1ticas internacionais, incluindo normas ISO e ABNT, e focamos em otimizar e direcionar esfor\u00e7os de maneira eficaz. Dedicamo-nos incansavelmente \u00e0 pesquisa e ao aprimoramento cont\u00ednuo de nossos produtos, acreditando que o sucesso reside nos detalhes. Cada produto \u00e9 meticulosamente projetado para maximizar a praticidade e efici\u00eancia em seu uso.<br ><br >Oferecemos um leque de servi\u00e7os que inclui Webinars, Palestras, Workshops Informativos, Capacita\u00e7\u00f5es, Consultoria, Mapeamento de Risco, Adequa\u00e7\u00e3o \u00e0 LGPD, DPO as a Service, e Auditorias de Conformidade. Nossos produtos s\u00e3o direcionados para as \u00e1reas de privacidade e prote\u00e7\u00e3o de dados pessoais, abrangendo importantes marcos regulat\u00f3rios como a Lei Geral de Prote\u00e7\u00e3o de Dados (LGPD), <span  style=\"font-style: italic;\">General Data Protection Regulation<\/span> (GDPR) e <span  style=\"font-style: italic;\">California Consumer Privacy Act<\/span> (CCPA).\r\n<br ><br >\r\nNa ACPD Brasil, estamos comprometidos em ser seu parceiro confi\u00e1vel em prote\u00e7\u00e3o de dados, ajudando sua empresa a operar com seguran\u00e7a e efic\u00e1cia, em conformidade com arcabou\u00e7os jur\u00eddico-regulat\u00f3rios.&nbsp;A ACPD Brasil est\u00e1 fundamentada em tr\u00eas pilares, que servem de diretrizes para a integra\u00e7\u00e3o de todas as opera\u00e7\u00f5es desta organiza\u00e7\u00e3o, os quais s\u00e3o representados pela nossa miss\u00e3o, valores e vis\u00e3o.<\/span><\/p><\/div> <\/div> <div  class=\"row spaced-cols content-center-sm\" data-type=\"row\"> <div  class=\"col-sm-4\"> <div  class=\"card bordered y-move\" data-type=\"column\"> <i  class=\"fa icon fa-chain reverse round big color2\"><\/i> <h4  class=\"\">MISS\u00c3O<\/h4> <p  class=\"\"><span  style=\"color: rgb(36, 55, 70);\">Oferecer solu\u00e7\u00f5es s\u00f3lidas, em conformidade com as melhores pr\u00e1ticas internacionais, com base na integridade, \u00e9tica, honestidade e responsabilidade.<\/span><\/p> <\/div> <\/div> <div  class=\"col-sm-4\"> <div  class=\"card bordered y-move\" data-type=\"column\"> <i  class=\"fa icon fa-codepen reverse round big color2\"><\/i> <h4  class=\"\">VALORES<\/h4> <p  class=\"\" style=\"text-align: left;\"><span  style=\"color: rgb(36, 55, 70);\">\u2022\t<span  style=\"font-weight: 700;\">Respeito \u00e0 pluralidade<\/span>: toler\u00e2ncia e supera\u00e7\u00e3o de preconceitos para configurar todos os nossos relacionamentos enquanto empresa;<\/span><br ><span  style=\"color: rgb(36, 55, 70);\">\r\n\u2022\t<span  style=\"font-weight: 700;\">\u00c9tica<\/span>: a ambi\u00e7\u00e3o para na \u00e9tica;<\/span><br ><span  style=\"color: rgb(36, 55, 70);\">\r\n\u2022\t<span  style=\"font-weight: 700;\">Disciplina<\/span>: \u00e9 dizer sempre sim para o que deve ser feito;<\/span><br ><span  style=\"color: rgb(36, 55, 70);\">\r\n\u2022\t<span  style=\"font-weight: 700;\">Inova\u00e7\u00e3o<\/span>: aplicar novas ideias, conceitos e pr\u00e1ticas;<\/span><br ><span  style=\"color: rgb(36, 55, 70);\">\r\n\u2022\t<span  style=\"font-weight: 700;\">Meritocracia<\/span>: reconhecer e valorizar pessoas pelo resultado.<\/span><\/p> <\/div> <\/div><div  class=\"col-sm-4\"> <div  class=\"card bordered y-move\" data-type=\"column\"> <i  class=\"fa icon fa-binoculars reverse round big color2\"><\/i> <h4  class=\"\">VIS\u00c3O<\/h4> <p  class=\"\"><span  style=\"color: rgb(36, 55, 70);\">Tornar-se l\u00edder de segmento e uma refer\u00eancia para o mercado nacional, com solu\u00e7\u00f5es competitivas na \u00e1rea de privacidade e prote\u00e7\u00e3o de dados pessoais.<\/span><\/p> <\/div> <\/div> <\/div> <\/div><\/div><div  data-label=\"Cta\" data-id=\"cta--1\" data-export-id=\"cta-blue-section\" data-category=\"cta\" class=\"cta-blue-section content-section content-section-spacing-medium bg-color1 white-text\" id=\"cta-1\" style=\"background-image: none; background-color: rgb(149, 46, 70);\"><div  class=\"gridContainer\"> <div  class=\"row middle-xs\"><div  class=\"col-sm-8 space-bottom-xs\" data-type=\"column\"> <h2  class=\"\">Proteja os dados pessoais da sua empresa o suporte da ACPD Brasil.<\/h2> <\/div> <div  class=\"col-sm-4 end-sm\" data-type=\"column\"> <a class=\"button color1\" href=\"https:\/\/www.acpdbrasil.com\/en\/contato\/\" target=\"_self\" data-cp-link=\"1\" data-icon=\"fa-envelope-o\" rel=\"noopener\"><span  class=\"button-icon fa fa-envelope-o\"><\/span>ENTRE EM CONTATO<\/a><\/div> <\/div><\/div> <\/div><div  data-label=\"Content\" data-id=\"content--2\" data-export-id=\"content-9\" data-category=\"content\" class=\"content-9 content-section content-section-spacing\" id=\"content-1\" style=\"background-color: rgb(255, 255, 255); background-image: none;\"><div  class=\"gridContainer\"> <div  class=\"row text-center\"><div  class=\"section-title-col\" data-type=\"column\"> <h2  class=\"\">Pontos Positivos<\/h2> <p  class=\"lead\">A ACPD Brasil tem um forte foco em educa\u00e7\u00e3o e conscientiza\u00e7\u00e3o sobre a privacidade. Ela oferece cursos e palestras que ajudam as pessoas a entender seus direitos e responsabilidades em rela\u00e7\u00e3o \u00e0 privacidade de dados. Al\u00e9m disso, n\u00f3s somos uma importante organiza\u00e7\u00e3o para a promo\u00e7\u00e3o da prote\u00e7\u00e3o de dados pessoais no Brasil. Ela est\u00e1 contribuindo para aumentar a conscientiza\u00e7\u00e3o sobre a privacidade e para ajudar as empresas e organiza\u00e7\u00f5es a se adequarem \u00e0 LGPD.<\/p><\/div> <\/div> <div  class=\"row space-bottom text-center\" data-type=\"row\"> <div  class=\"col-sm-4 col-padding-small\"> <i  class=\"fa icon fa-graduation-cap bordered round color1\"><\/i> <h4  class=\"\">Foco em educa\u00e7\u00e3o e conscientiza\u00e7\u00e3o<\/h4> <p  class=\"\">A ACPD Brasil est\u00e1 comprometida em educar as pessoas sobre seus direitos e responsabilidades em rela\u00e7\u00e3o \u00e0 privacidade de dados. Isso \u00e9 importante para garantir que as pessoas estejam cientes de seus direitos e saibam como proteg\u00ea-los.<\/p><\/div> <div  class=\"col-sm-4 col-padding-small\"><i  class=\"fa icon fa-group bordered round color1\"><\/i> <h4  class=\"\">Oferta de servi\u00e7os<\/h4> <p  class=\"\">A ACPD Brasil oferece uma variedade de servi\u00e7os que podem ajudar as empresas e organiza\u00e7\u00f5es a se adequarem \u00e0 LGPD. Isso inclui capacita\u00e7\u00e3o, consultoria e auditoria.<\/p><\/div> <div  class=\"col-sm-4 col-padding-small\"><i  class=\"fa icon fa-connectdevelop bordered round color1\"><\/i> <h4  class=\"\">Papel de lideran\u00e7a<\/h4> <p  class=\"\">A ACPD Brasil est\u00e1 desempenhando um papel de lideran\u00e7a na promo\u00e7\u00e3o da prote\u00e7\u00e3o de dados pessoais no Brasil. Ela est\u00e1 participando de debates e discuss\u00f5es sobre o tema e est\u00e1 contribuindo para aumentar a conscientiza\u00e7\u00e3o sobre a import\u00e2ncia da privacidade de dados.<\/p><\/div> <\/div> <div  class=\"row center-xs middle-xs\"> <div  class=\"col-sm-12\" data-type=\"column\">  <\/div><\/div> <\/div><\/div><div  data-label=\"Nosso Destaque\" data-id=\"team--2\" data-export-id=\"team-1\" data-category=\"team\" class=\"team-1 content-section content-section-spacing\" id=\"nosso-destaque\" style=\"background-color: rgb(255, 255, 255);\"><div  class=\"gridContainer\"> <div  class=\"row text-center\"><div  class=\"section-title-col\" data-type=\"column\"> <h2  class=\"\"><span  style=\"color: rgb(36, 55, 70);\">Nosso destaque<\/span><\/h2> <p  class=\"lead\">Na ACPD Brasil, estamos empenhados em um crescimento constante e desenvolvimento cont\u00ednuo para consolidar nossa posi\u00e7\u00e3o como uma organiza\u00e7\u00e3o inovadora e de refer\u00eancia, sempre um passo \u00e0 frente da concorr\u00eancia. Este compromisso \u00e9 um reflexo direto da filosofia de nosso CEO, L\u00e9o Farias, que coloca as pessoas em primeiro lugar.<br >\r\n\r\n<br >L\u00e9o Farias, nosso l\u00edder vision\u00e1rio, reconhece e valoriza imensamente o potencial humano. Ele se dedica a cultivar capacita\u00e7\u00f5es, qualifica\u00e7\u00f5es e desenvolvimento pessoal, compreendendo que estes s\u00e3o pilares fundamentais para o sucesso sustent\u00e1vel de qualquer organiza\u00e7\u00e3o. Na ACPD Brasil, acreditamos que investir nas pessoas \u00e9 investir no futuro, mantendo-nos sempre inovadores e competitivos no mercado.<\/p><\/div> <\/div> <div  class=\"row spaced-cols content-center-sm center-sm\" data-type=\"row\">  <div  class=\"col-xs-12 col-sm-6 col-md-3\"> <div  class=\"card bottom-border-color1 no-padding no-shadow\"> <img  decoding=\"async\" class=\"face\" src=\"https:\/\/www.acpdbrasil.com\/wp-content\/uploads\/2024\/01\/cropped-Leo-Farias-Corpo-Todo.png\" alt=\"\" title=\"cropped-Leo-Farias-Corpo-Todo.png\"> <div  data-type=\"column\" class=\"col-padding-small col-padding-small-xs description-container\"> <h3  class=\"\">L\u00e9o Farias<\/h3><h4  class=\"\">CEO &amp; Fundador<\/h4>  <div  class=\"social-icons-group\" data-type=\"group\"> <a href=\"https:\/\/www.linkedin.com\/in\/leocfarias\" target=\"_blank\" rel=\"noopener noreferrer\" class=\"\"><i  class=\"fa icon fa-linkedin-square color2\"><\/i><\/a> <a href=\"mailto:contato@acpdbrasil.com\" target=\"_self\" rel=\"noopener noreferrer\"><i  class=\"fa icon fa-envelope color2\"><\/i><\/a> <a href=\"https:\/\/api.whatsapp.com\/send?phone=5521997316528\" target=\"_self\" rel=\"noopener noreferrer\" class=\"\"><i  class=\"fa icon fa-whatsapp color2\"><\/i><\/a> <a href=\"tel:+5521997316528\" target=\"_self\" rel=\"noopener noreferrer\"><i  class=\"fa icon fa-volume-control-phone color2\"><\/i><\/a><\/div> <\/div><\/div> <\/div>      <\/div> <\/div><\/div><div  data-label=\"Descri\u00e7\u00e3o CEO\" data-id=\"content--1\" data-export-id=\"content-12\" data-category=\"content\" class=\"content-12 content-section content-section-spacing\" id=\"descricao-ceo\" style=\"background-color: rgb(255, 255, 255); background-image: none;\"><div  class=\"gridContainer\"> <div  class=\"row text-center\"><div  class=\"section-title-col\" data-type=\"column\">  <p  class=\"lead\">L\u00e9o Farias, o din\u00e2mico CEO da ACPD Brasil, possui uma forma\u00e7\u00e3o diversificada e altamente especializada que o destaca como um l\u00edder excepcional no campo da prote\u00e7\u00e3o de dados e inova\u00e7\u00e3o. Formado em Engenharia Qu\u00edmica pela Universidade Federal do Rio de Janeiro (UFRJ), ele expandiu seu conhecimento internacionalmente, tornando-se certificado como <span style=\"font-style: italic;\" >Data Protection Officer<\/span> (DPO) pela University of Derby. Al\u00e9m disso, L\u00e9o \u00e9 um Auditor L\u00edder na norma ABNT NBR ISO 9001:2015 e um expert reconhecido no Comit\u00ea T\u00e9cnico ISO\/TC 279\/WG 1 \u2013 <span style=\"font-style: italic;\" >Innovation Management System<\/span>.\r\n<br ><br >\r\nCom uma vasta experi\u00eancia em comit\u00eas t\u00e9cnicos, ele se destaca nos campos de Seguran\u00e7a da Informa\u00e7\u00e3o, seguran\u00e7a cibern\u00e9tica e prote\u00e7\u00e3o da privacidade (ABNT\/CB-021), Qualidade (ABNT\/CB-025), Gest\u00e3o de Riscos (ABNT\/CEE-063) e Gest\u00e3o da Pesquisa, Desenvolvimento e Inova\u00e7\u00e3o (PD&amp;I) (ABNT\/CEE-130).<br >\r\n\r\n<br >Antes de se juntar \u00e0 ACPD Brasil, L\u00e9o Farias acumulou experi\u00eancia significativa em grandes empresas, como a Ag\u00eancia Nacional do Petr\u00f3leo, G\u00e1s Natural e Biocombust\u00edveis (ANP), Petrobras Distribuidora (BR), e Schlumberger (SLB), onde se destacou no desenvolvimento de plug-ins para simuladores de po\u00e7os de petr\u00f3leo, incluindo o not\u00e1vel trabalho em Petrel e Ocean.\r\n<br ><br >\r\nSua expertise t\u00e9cnica \u00e9 ampla,&nbsp;abrangendo normas t\u00e9cnicas essenciais como ABNT NBR ISO\/IEC 27701, 27001, 27002, 29100, 17020, 17065, 31000 e 9001, al\u00e9m de normas de refer\u00eancia da Harvard e American Psychological Association (APA).&nbsp;A Tecnologia da Informa\u00e7\u00e3o sempre desempenhou um papel crucial em sua trajet\u00f3ria profissional, levando-o a desenvolver uma expertise not\u00e1vel no desenvolvimento de bancos de dados (MySQL, Microsoft Access e MongoDB) e em diversas linguagens de programa\u00e7\u00e3o, incluindo C, C++, C#.NET, VB.NET, MATLAB, HTML, CSS e JavaScript.\r\n<br ><br >\r\nA combina\u00e7\u00e3o da vasta experi\u00eancia de L\u00e9o Farias com sua lideran\u00e7a inovadora e profundo conhecimento t\u00e9cnico posiciona a ACPD Brasil como uma for\u00e7a pioneira no setor de conformidade e prote\u00e7\u00e3o de dados. Seu compromisso com a excel\u00eancia e a inova\u00e7\u00e3o cont\u00ednua \u00e9 um dos principais impulsionadores do sucesso e da reputa\u00e7\u00e3o da empresa no mercado global.<\/p><\/div> <\/div> <div  class=\"row center-xs middle-xs\"> <div  class=\"col-sm-9\" data-type=\"column\"><a class=\"button color2\" href=\"mailto:contato@acpdbrasil.com\" target=\"_self\" data-cp-link=\"1\" data-icon=\"fa-envelope-o\" rel=\"noopener noreferrer\"><span  class=\"button-icon fa fa-envelope-o\"><\/span>ENVIAR EMAIL<\/a> <\/div> <\/div><\/div> <\/div>","protected":false},"excerpt":{"rendered":"<p>Sobre a ACPD Brasil A Ag\u00eancia de Conformidade e Prote\u00e7\u00e3o de Dados \u2013 ACPD Brasil, \u00e9 uma organiza\u00e7\u00e3o com DNA jovem, inovadora, com lideran\u00e7a forte e positiva. A nossa organiza\u00e7\u00e3o&hellip; <br \/> <a class=\"read-more\" href=\"https:\/\/www.acpdbrasil.com\/en\/sobre\/\">Read more<\/a><\/p>","protected":false},"author":1,"featured_media":7976,"parent":0,"menu_order":0,"comment_status":"closed","ping_status":"closed","template":"pro\/page-templates\/full-width-page.php","meta":{"footnotes":""},"class_list":["post-227","page","type-page","status-publish","has-post-thumbnail","hentry"],"yoast_head":"<!-- This site is optimized with the Yoast SEO plugin v27.3 - https:\/\/yoast.com\/product\/yoast-seo-wordpress\/ -->\n<title>Sobre - ACPD Brasil<\/title>\n<meta name=\"robots\" content=\"index, follow, max-snippet:-1, max-image-preview:large, max-video-preview:-1\" \/>\n<link rel=\"canonical\" href=\"https:\/\/www.acpdbrasil.com\/en\/sobre\/\" \/>\n<meta property=\"og:locale\" content=\"en_US\" \/>\n<meta property=\"og:type\" content=\"article\" \/>\n<meta property=\"og:title\" content=\"Sobre - ACPD Brasil\" \/>\n<meta property=\"og:description\" content=\"Sobre a ACPD Brasil A Ag\u00eancia de Conformidade e Prote\u00e7\u00e3o de Dados \u2013 ACPD Brasil, \u00e9 uma organiza\u00e7\u00e3o com DNA jovem, inovadora, com lideran\u00e7a forte e positiva. A nossa organiza\u00e7\u00e3o&hellip; Read more\" \/>\n<meta property=\"og:url\" content=\"https:\/\/www.acpdbrasil.com\/en\/sobre\/\" \/>\n<meta property=\"og:site_name\" content=\"ACPD Brasil\" \/>\n<meta property=\"article:publisher\" content=\"https:\/\/www.facebook.com\/acpdbrasil\" \/>\n<meta property=\"article:modified_time\" content=\"2024-03-05T19:29:09+00:00\" \/>\n<meta property=\"og:image\" content=\"https:\/\/www.acpdbrasil.com\/wp-content\/uploads\/2020\/08\/cropped-Main-1.png\" \/>\n\t<meta property=\"og:image:width\" content=\"944\" \/>\n\t<meta property=\"og:image:height\" content=\"944\" \/>\n\t<meta property=\"og:image:type\" content=\"image\/png\" \/>\n<meta name=\"twitter:card\" content=\"summary_large_image\" \/>\n<meta name=\"twitter:site\" content=\"@acpdbrasil\" \/>\n<meta name=\"twitter:label1\" content=\"Est. reading time\" \/>\n\t<meta name=\"twitter:data1\" content=\"6 minutes\" \/>\n<script type=\"application\/ld+json\" class=\"yoast-schema-graph\">{\"@context\":\"https:\\\/\\\/schema.org\",\"@graph\":[{\"@type\":\"WebPage\",\"@id\":\"https:\\\/\\\/www.acpdbrasil.com\\\/sobre\\\/\",\"url\":\"https:\\\/\\\/www.acpdbrasil.com\\\/sobre\\\/\",\"name\":\"Sobre - ACPD Brasil\",\"isPartOf\":{\"@id\":\"https:\\\/\\\/www.acpdbrasil.com\\\/#website\"},\"primaryImageOfPage\":{\"@id\":\"https:\\\/\\\/www.acpdbrasil.com\\\/sobre\\\/#primaryimage\"},\"image\":{\"@id\":\"https:\\\/\\\/www.acpdbrasil.com\\\/sobre\\\/#primaryimage\"},\"thumbnailUrl\":\"https:\\\/\\\/www.acpdbrasil.com\\\/wp-content\\\/uploads\\\/2020\\\/08\\\/cropped-Main-1.png\",\"datePublished\":\"2018-02-20T12:59:51+00:00\",\"dateModified\":\"2024-03-05T19:29:09+00:00\",\"breadcrumb\":{\"@id\":\"https:\\\/\\\/www.acpdbrasil.com\\\/sobre\\\/#breadcrumb\"},\"inLanguage\":\"en-US\",\"potentialAction\":[{\"@type\":\"ReadAction\",\"target\":[\"https:\\\/\\\/www.acpdbrasil.com\\\/sobre\\\/\"]}]},{\"@type\":\"ImageObject\",\"inLanguage\":\"en-US\",\"@id\":\"https:\\\/\\\/www.acpdbrasil.com\\\/sobre\\\/#primaryimage\",\"url\":\"https:\\\/\\\/www.acpdbrasil.com\\\/wp-content\\\/uploads\\\/2020\\\/08\\\/cropped-Main-1.png\",\"contentUrl\":\"https:\\\/\\\/www.acpdbrasil.com\\\/wp-content\\\/uploads\\\/2020\\\/08\\\/cropped-Main-1.png\",\"width\":944,\"height\":944,\"caption\":\"Log ACPD main\"},{\"@type\":\"BreadcrumbList\",\"@id\":\"https:\\\/\\\/www.acpdbrasil.com\\\/sobre\\\/#breadcrumb\",\"itemListElement\":[{\"@type\":\"ListItem\",\"position\":1,\"name\":\"In\u00edcio\",\"item\":\"https:\\\/\\\/www.acpdbrasil.com\\\/\"},{\"@type\":\"ListItem\",\"position\":2,\"name\":\"Sobre\"}]},{\"@type\":\"WebSite\",\"@id\":\"https:\\\/\\\/www.acpdbrasil.com\\\/#website\",\"url\":\"https:\\\/\\\/www.acpdbrasil.com\\\/\",\"name\":\"ACPD Brasil\",\"description\":\"Conformidade, Prote\u00e7\u00e3o e Privacidade de Dados\",\"publisher\":{\"@id\":\"https:\\\/\\\/www.acpdbrasil.com\\\/#organization\"},\"potentialAction\":[{\"@type\":\"SearchAction\",\"target\":{\"@type\":\"EntryPoint\",\"urlTemplate\":\"https:\\\/\\\/www.acpdbrasil.com\\\/?s={search_term_string}\"},\"query-input\":{\"@type\":\"PropertyValueSpecification\",\"valueRequired\":true,\"valueName\":\"search_term_string\"}}],\"inLanguage\":\"en-US\"},{\"@type\":\"Organization\",\"@id\":\"https:\\\/\\\/www.acpdbrasil.com\\\/#organization\",\"name\":\"Ag\u00eancia de Conformidade e Prote\u00e7\u00e3o de Dados\",\"url\":\"https:\\\/\\\/www.acpdbrasil.com\\\/\",\"logo\":{\"@type\":\"ImageObject\",\"inLanguage\":\"en-US\",\"@id\":\"https:\\\/\\\/www.acpdbrasil.com\\\/#\\\/schema\\\/logo\\\/image\\\/\",\"url\":\"https:\\\/\\\/www.acpdbrasil.com\\\/wp-content\\\/uploads\\\/2021\\\/04\\\/ACPD-OG-image_OG-image.png\",\"contentUrl\":\"https:\\\/\\\/www.acpdbrasil.com\\\/wp-content\\\/uploads\\\/2021\\\/04\\\/ACPD-OG-image_OG-image.png\",\"width\":1201,\"height\":631,\"caption\":\"Ag\u00eancia de Conformidade e Prote\u00e7\u00e3o de Dados\"},\"image\":{\"@id\":\"https:\\\/\\\/www.acpdbrasil.com\\\/#\\\/schema\\\/logo\\\/image\\\/\"},\"sameAs\":[\"https:\\\/\\\/www.facebook.com\\\/acpdbrasil\",\"https:\\\/\\\/x.com\\\/acpdbrasil\",\"https:\\\/\\\/www.instagram.com\\\/acpdbrasil\",\"http:\\\/\\\/linkedin.com\\\/company\\\/acpdbrasil\",\"https:\\\/\\\/www.youtube.com\\\/channel\\\/UCdEnJZeex9u6Mr1_IDyOVcw\\\/featured?view_as=subscriber\"]}]}<\/script>\n<!-- \/ Yoast SEO plugin. -->","yoast_head_json":{"title":"Sobre - ACPD Brasil","robots":{"index":"index","follow":"follow","max-snippet":"max-snippet:-1","max-image-preview":"max-image-preview:large","max-video-preview":"max-video-preview:-1"},"canonical":"https:\/\/www.acpdbrasil.com\/en\/sobre\/","og_locale":"en_US","og_type":"article","og_title":"Sobre - ACPD Brasil","og_description":"Sobre a ACPD Brasil A Ag\u00eancia de Conformidade e Prote\u00e7\u00e3o de Dados \u2013 ACPD Brasil, \u00e9 uma organiza\u00e7\u00e3o com DNA jovem, inovadora, com lideran\u00e7a forte e positiva. A nossa organiza\u00e7\u00e3o&hellip; Read more","og_url":"https:\/\/www.acpdbrasil.com\/en\/sobre\/","og_site_name":"ACPD Brasil","article_publisher":"https:\/\/www.facebook.com\/acpdbrasil","article_modified_time":"2024-03-05T19:29:09+00:00","og_image":[{"width":944,"height":944,"url":"https:\/\/www.acpdbrasil.com\/wp-content\/uploads\/2020\/08\/cropped-Main-1.png","type":"image\/png"}],"twitter_card":"summary_large_image","twitter_site":"@acpdbrasil","twitter_misc":{"Est. reading time":"6 minutes"},"schema":{"@context":"https:\/\/schema.org","@graph":[{"@type":"WebPage","@id":"https:\/\/www.acpdbrasil.com\/sobre\/","url":"https:\/\/www.acpdbrasil.com\/sobre\/","name":"Sobre - ACPD Brasil","isPartOf":{"@id":"https:\/\/www.acpdbrasil.com\/#website"},"primaryImageOfPage":{"@id":"https:\/\/www.acpdbrasil.com\/sobre\/#primaryimage"},"image":{"@id":"https:\/\/www.acpdbrasil.com\/sobre\/#primaryimage"},"thumbnailUrl":"https:\/\/www.acpdbrasil.com\/wp-content\/uploads\/2020\/08\/cropped-Main-1.png","datePublished":"2018-02-20T12:59:51+00:00","dateModified":"2024-03-05T19:29:09+00:00","breadcrumb":{"@id":"https:\/\/www.acpdbrasil.com\/sobre\/#breadcrumb"},"inLanguage":"en-US","potentialAction":[{"@type":"ReadAction","target":["https:\/\/www.acpdbrasil.com\/sobre\/"]}]},{"@type":"ImageObject","inLanguage":"en-US","@id":"https:\/\/www.acpdbrasil.com\/sobre\/#primaryimage","url":"https:\/\/www.acpdbrasil.com\/wp-content\/uploads\/2020\/08\/cropped-Main-1.png","contentUrl":"https:\/\/www.acpdbrasil.com\/wp-content\/uploads\/2020\/08\/cropped-Main-1.png","width":944,"height":944,"caption":"Log ACPD main"},{"@type":"BreadcrumbList","@id":"https:\/\/www.acpdbrasil.com\/sobre\/#breadcrumb","itemListElement":[{"@type":"ListItem","position":1,"name":"In\u00edcio","item":"https:\/\/www.acpdbrasil.com\/"},{"@type":"ListItem","position":2,"name":"Sobre"}]},{"@type":"WebSite","@id":"https:\/\/www.acpdbrasil.com\/#website","url":"https:\/\/www.acpdbrasil.com\/","name":"ACPD Brasil","description":"Conformidade, Prote\u00e7\u00e3o e Privacidade de Dados","publisher":{"@id":"https:\/\/www.acpdbrasil.com\/#organization"},"potentialAction":[{"@type":"SearchAction","target":{"@type":"EntryPoint","urlTemplate":"https:\/\/www.acpdbrasil.com\/?s={search_term_string}"},"query-input":{"@type":"PropertyValueSpecification","valueRequired":true,"valueName":"search_term_string"}}],"inLanguage":"en-US"},{"@type":"Organization","@id":"https:\/\/www.acpdbrasil.com\/#organization","name":"Ag\u00eancia de Conformidade e Prote\u00e7\u00e3o de Dados","url":"https:\/\/www.acpdbrasil.com\/","logo":{"@type":"ImageObject","inLanguage":"en-US","@id":"https:\/\/www.acpdbrasil.com\/#\/schema\/logo\/image\/","url":"https:\/\/www.acpdbrasil.com\/wp-content\/uploads\/2021\/04\/ACPD-OG-image_OG-image.png","contentUrl":"https:\/\/www.acpdbrasil.com\/wp-content\/uploads\/2021\/04\/ACPD-OG-image_OG-image.png","width":1201,"height":631,"caption":"Ag\u00eancia de Conformidade e Prote\u00e7\u00e3o de Dados"},"image":{"@id":"https:\/\/www.acpdbrasil.com\/#\/schema\/logo\/image\/"},"sameAs":["https:\/\/www.facebook.com\/acpdbrasil","https:\/\/x.com\/acpdbrasil","https:\/\/www.instagram.com\/acpdbrasil","http:\/\/linkedin.com\/company\/acpdbrasil","https:\/\/www.youtube.com\/channel\/UCdEnJZeex9u6Mr1_IDyOVcw\/featured?view_as=subscriber"]}]}},"_links":{"self":[{"href":"https:\/\/www.acpdbrasil.com\/en\/wp-json\/wp\/v2\/pages\/227","targetHints":{"allow":["GET"]}}],"collection":[{"href":"https:\/\/www.acpdbrasil.com\/en\/wp-json\/wp\/v2\/pages"}],"about":[{"href":"https:\/\/www.acpdbrasil.com\/en\/wp-json\/wp\/v2\/types\/page"}],"author":[{"embeddable":true,"href":"https:\/\/www.acpdbrasil.com\/en\/wp-json\/wp\/v2\/users\/1"}],"replies":[{"embeddable":true,"href":"https:\/\/www.acpdbrasil.com\/en\/wp-json\/wp\/v2\/comments?post=227"}],"version-history":[{"count":0,"href":"https:\/\/www.acpdbrasil.com\/en\/wp-json\/wp\/v2\/pages\/227\/revisions"}],"wp:featuredmedia":[{"embeddable":true,"href":"https:\/\/www.acpdbrasil.com\/en\/wp-json\/wp\/v2\/media\/7976"}],"wp:attachment":[{"href":"https:\/\/www.acpdbrasil.com\/en\/wp-json\/wp\/v2\/media?parent=227"}],"curies":[{"name":"wp","href":"https:\/\/api.w.org\/{rel}","templated":true}]}}