{"id":1979,"date":"2020-10-05T15:09:45","date_gmt":"2020-10-05T15:09:45","guid":{"rendered":"https:\/\/www.acpdbrasil.com\/?page_id=1979"},"modified":"2021-04-28T00:42:45","modified_gmt":"2021-04-28T00:42:45","slug":"acpd-academy","status":"publish","type":"page","link":"https:\/\/www.acpdbrasil.com\/en\/acpd-academy\/","title":{"rendered":"ACPD Academy"},"content":{"rendered":"<div  data-label=\"About\" data-id=\"about--1\" data-export-id=\"about-9\" data-category=\"about\" class=\"about-9 content-section content-section-spacing\" id=\"about-1\" style=\"background-color: rgb(255, 255, 255); background-image: none;\"><div  class=\"gridContainer\"> <div  class=\"row middle-sm text-center\"><div  class=\"col-sm-5 space-bottom-xs content-column content-right-sm\" data-type=\"column\"> <h5  class=\"\">ACPD ACADEMY<\/h5> <h2  class=\"\"><span  style=\"font-family: Playfair Display,sans-serif; font-weight: 700; font-style: italic;\" href=\"#\">Educa\u00e7\u00e3o corporativa<\/span><\/h2> <p  class=\"\"><span  style=\"color: rgb(36, 55, 70);\">A ACPD Brasil entende que as pessoas s\u00e3o essenciais para as organiza\u00e7\u00f5es, e s\u00e3o seus recursos mais valiosos. Somado a isso, entendemos que o desempenho organizacional&nbsp; depende de como as compet\u00eancias das pessoas s\u00e3o utilizadas no ambiente corporativo.\n<br ><br >Os cursos da ACPD s\u00e3o cuidadosamente estruturados para a aplica\u00e7\u00e3o das vers\u00f5es mais\natualizadas das normas t\u00e9cnicas.\n<br ><br >A capacita\u00e7\u00e3o \u00e9 um poderoso instrumento de promo\u00e7\u00e3o de neg\u00f3cios e resultados, um diferencial competitivo e uma\nnecessidade constante para aperfei\u00e7oamento e reciclagem dos seus colaboradores.<br ><br >Com base no que foi exposto, a nossa organiza\u00e7\u00e3o vem desenvolvendo a ACPD Academy, com cursos de educa\u00e7\u00e3o corporativa, com base nos fundamentos do Sistema de Gest\u00e3o da Privacidade da Informa\u00e7\u00e3o (SGPI), de acordo com a norma ABNT NBR ISO\/IEC 27701:2019 e demais normas relacionadas (ABNT e ISO). A ACPD Brasil acredita que a gest\u00e3o da compet\u00eancia e o desenvolvimento de pessoas nos n\u00edveis operacional, t\u00e1tico e estrat\u00e9gico s\u00e3o requeridos para que uma organiza\u00e7\u00e3o seja bem sucedida.<\/span><\/p> <a class=\"button color2\" href=\"https:\/\/www.acpdbrasil.com\/en\/contato\/\" target=\"_self\" data-cp-link=\"1\" data-icon=\"\" rel=\"noopener noreferrer\">CONTATO<\/a><\/div> <div  class=\"col-sm-7 flexbox flexbox middle-xs center-xs space-bottom-xs\"><div  class=\"overlay-box flexbox middle-xs center-xs overlay-holder\"> <div  class=\"overlay-box-offset offset-background shadow-medium bg-color2 hide-xs\"><\/div> <img decoding=\"async\"  class=\"flexbox shadow-large img1\" src=\"https:\/\/www.acpdbrasil.com\/wp-content\/uploads\/2020\/10\/cropped-Gesta\u0303o-de-Compete\u0302ncia-e-Desenvolvimento-A4-01.png\" data-size=\"600x400\" alt=\"\" title=\"cropped-Gesta\u0303o-de-Compete\u0302ncia-e-Desenvolvimento-A4-01.png\"><\/div> <\/div><\/div> <\/div><\/div><div  data-label=\"Overlappable\" data-id=\"overlappable--1\" data-export-id=\"overlappable-3\" data-category=\"overlappable\" class=\"overlappable-3 content-section content-section-spacing\" data-overlap=\"true\" id=\"overlappable-1\" style=\"background-color: rgb(255, 255, 255);\"><div  class=\"gridContainer\"> <div  class=\"row bg-color-white shadow-medium\"><div  class=\"col-xs-12 col-sm-6 image-col first-image-col\" data-bg=\"image\" style=\"background-image: url(&quot;https:\/\/www.acpdbrasil.com\/wp-content\/uploads\/2020\/11\/cropped-Normas-para-site-02.png&quot;);\"><\/div> <div  class=\"col-xs-12 col-sm-6 content-col col-padding col-padding-xs\"> <div  class=\"col-padding\" data-type=\"column\"> <h4  class=\"\">NBR ISO\/IEC 29100:2020<\/h4> <p  class=\"\" style=\"text-align: justify;\">O conte\u00fado desta norma constitui requisito para a NBR ISO\/IEC 27701:2019, que \u00e9 a principal refer\u00eancia para a adequa\u00e7\u00e3o \u00e0 Lei Geral de Prote\u00e7\u00e3o de Dados (LGPD), de 14 de agosto de 2018. Al\u00e9m disso, esta Norma fornece uma estrutura de alto n\u00edvel para prote\u00e7\u00e3o de dados pessoais (DP) dentro de sistemas de tecnologia da informa\u00e7\u00e3o e de comunica\u00e7\u00e3o (TIC), e define requisitos de salvaguarda dentro de um ambiente TIC.<\/p> <a class=\"button color2\" href=\"https:\/\/www.acpdbrasil.com\/en\/capacitacao29100\/\" target=\"_self\" data-cp-link=\"1\" data-icon=\"\" rel=\"noopener noreferrer\">MAIS DETALHES<\/a><\/div> <\/div><\/div> <div  class=\"row bg-color-white shadow-medium\"><div  class=\"col-xs-12 col-sm-6 content-col col-padding col-padding-xs\"> <div  class=\"col-padding\" data-type=\"column\"><h4  class=\"\">NBR ISO\/IEC 27701:2019<\/h4> <p  class=\"\">\u00c9 a consolida\u00e7\u00e3o da base m\u00ednima necess\u00e1ria para que o tema prote\u00e7\u00e3o e privacidade de dados seja conduzido e fundamentado nas melhores pr\u00e1ticas internacionais, a fim de proporcionar capacita\u00e7\u00e3o e maior seguran\u00e7a para as organiza\u00e7\u00f5es, no desafio de se adequarem, principalmente, \u00e0 Lei Geral de Prote\u00e7\u00e3o de Dados (LGPD), em vigor. Esta capacita\u00e7\u00e3o consiste em um total de sete m\u00f3dulos<\/p> <a class=\"button color2\" href=\"https:\/\/www.acpdbrasil.com\/en\/capacitacao27701\/\" target=\"_self\" data-cp-link=\"1\" data-icon=\"\" rel=\"noopener noreferrer\">MAIS DETALHES<\/a><\/div> <\/div> <div  class=\"col-xs-12 col-sm-6 image-col second-image-col first-xs last-sm\" data-bg=\"image\" style=\"background-image: url(&quot;https:\/\/www.acpdbrasil.com\/wp-content\/uploads\/2020\/11\/cropped-Curso-Youtube-01-1-2.png&quot;);\"><\/div> <\/div><\/div> <\/div>","protected":false},"excerpt":{"rendered":"<p>ACPD ACADEMY Educa\u00e7\u00e3o corporativa A ACPD Brasil entende que as pessoas s\u00e3o essenciais para as organiza\u00e7\u00f5es, e s\u00e3o seus recursos mais valiosos. Somado a isso, entendemos que o desempenho organizacional&nbsp;&hellip; <br \/> <a class=\"read-more\" href=\"https:\/\/www.acpdbrasil.com\/en\/acpd-academy\/\">Read more<\/a><\/p>","protected":false},"author":1,"featured_media":762,"parent":0,"menu_order":0,"comment_status":"closed","ping_status":"closed","template":"pro\/page-templates\/full-width-page.php","meta":{"footnotes":""},"class_list":["post-1979","page","type-page","status-publish","has-post-thumbnail","hentry"],"yoast_head":"<!-- This site is optimized with the Yoast SEO plugin v27.3 - https:\/\/yoast.com\/product\/yoast-seo-wordpress\/ -->\n<title>ACPD Academy - ACPD Brasil<\/title>\n<meta name=\"robots\" content=\"index, follow, max-snippet:-1, max-image-preview:large, max-video-preview:-1\" \/>\n<link rel=\"canonical\" href=\"https:\/\/www.acpdbrasil.com\/en\/acpd-academy\/\" \/>\n<meta property=\"og:locale\" content=\"en_US\" \/>\n<meta property=\"og:type\" content=\"article\" \/>\n<meta property=\"og:title\" content=\"ACPD Academy - ACPD Brasil\" \/>\n<meta property=\"og:description\" content=\"ACPD ACADEMY Educa\u00e7\u00e3o corporativa A ACPD Brasil entende que as pessoas s\u00e3o essenciais para as organiza\u00e7\u00f5es, e s\u00e3o seus recursos mais valiosos. Somado a isso, entendemos que o desempenho organizacional&nbsp;&hellip; Read more\" \/>\n<meta property=\"og:url\" content=\"https:\/\/www.acpdbrasil.com\/en\/acpd-academy\/\" \/>\n<meta property=\"og:site_name\" content=\"ACPD Brasil\" \/>\n<meta property=\"article:publisher\" content=\"https:\/\/www.facebook.com\/acpdbrasil\" \/>\n<meta property=\"article:modified_time\" content=\"2021-04-28T00:42:45+00:00\" \/>\n<meta property=\"og:image\" content=\"https:\/\/www.acpdbrasil.com\/wp-content\/uploads\/2020\/08\/Main.png\" \/>\n\t<meta property=\"og:image:width\" content=\"944\" \/>\n\t<meta property=\"og:image:height\" content=\"944\" \/>\n\t<meta property=\"og:image:type\" content=\"image\/png\" \/>\n<meta name=\"twitter:card\" content=\"summary_large_image\" \/>\n<meta name=\"twitter:site\" content=\"@acpdbrasil\" \/>\n<meta name=\"twitter:label1\" content=\"Est. reading time\" \/>\n\t<meta name=\"twitter:data1\" content=\"2 minutes\" \/>\n<script type=\"application\/ld+json\" class=\"yoast-schema-graph\">{\"@context\":\"https:\\\/\\\/schema.org\",\"@graph\":[{\"@type\":\"WebPage\",\"@id\":\"https:\\\/\\\/www.acpdbrasil.com\\\/acpd-academy\\\/\",\"url\":\"https:\\\/\\\/www.acpdbrasil.com\\\/acpd-academy\\\/\",\"name\":\"ACPD Academy - ACPD Brasil\",\"isPartOf\":{\"@id\":\"https:\\\/\\\/www.acpdbrasil.com\\\/#website\"},\"primaryImageOfPage\":{\"@id\":\"https:\\\/\\\/www.acpdbrasil.com\\\/acpd-academy\\\/#primaryimage\"},\"image\":{\"@id\":\"https:\\\/\\\/www.acpdbrasil.com\\\/acpd-academy\\\/#primaryimage\"},\"thumbnailUrl\":\"https:\\\/\\\/www.acpdbrasil.com\\\/wp-content\\\/uploads\\\/2020\\\/08\\\/Main.png\",\"datePublished\":\"2020-10-05T15:09:45+00:00\",\"dateModified\":\"2021-04-28T00:42:45+00:00\",\"breadcrumb\":{\"@id\":\"https:\\\/\\\/www.acpdbrasil.com\\\/acpd-academy\\\/#breadcrumb\"},\"inLanguage\":\"en-US\",\"potentialAction\":[{\"@type\":\"ReadAction\",\"target\":[\"https:\\\/\\\/www.acpdbrasil.com\\\/acpd-academy\\\/\"]}]},{\"@type\":\"ImageObject\",\"inLanguage\":\"en-US\",\"@id\":\"https:\\\/\\\/www.acpdbrasil.com\\\/acpd-academy\\\/#primaryimage\",\"url\":\"https:\\\/\\\/www.acpdbrasil.com\\\/wp-content\\\/uploads\\\/2020\\\/08\\\/Main.png\",\"contentUrl\":\"https:\\\/\\\/www.acpdbrasil.com\\\/wp-content\\\/uploads\\\/2020\\\/08\\\/Main.png\",\"width\":944,\"height\":944,\"caption\":\"Log ACPD main\"},{\"@type\":\"BreadcrumbList\",\"@id\":\"https:\\\/\\\/www.acpdbrasil.com\\\/acpd-academy\\\/#breadcrumb\",\"itemListElement\":[{\"@type\":\"ListItem\",\"position\":1,\"name\":\"In\u00edcio\",\"item\":\"https:\\\/\\\/www.acpdbrasil.com\\\/\"},{\"@type\":\"ListItem\",\"position\":2,\"name\":\"ACPD Academy\"}]},{\"@type\":\"WebSite\",\"@id\":\"https:\\\/\\\/www.acpdbrasil.com\\\/#website\",\"url\":\"https:\\\/\\\/www.acpdbrasil.com\\\/\",\"name\":\"ACPD Brasil\",\"description\":\"Conformidade, Prote\u00e7\u00e3o e Privacidade de Dados\",\"publisher\":{\"@id\":\"https:\\\/\\\/www.acpdbrasil.com\\\/#organization\"},\"potentialAction\":[{\"@type\":\"SearchAction\",\"target\":{\"@type\":\"EntryPoint\",\"urlTemplate\":\"https:\\\/\\\/www.acpdbrasil.com\\\/?s={search_term_string}\"},\"query-input\":{\"@type\":\"PropertyValueSpecification\",\"valueRequired\":true,\"valueName\":\"search_term_string\"}}],\"inLanguage\":\"en-US\"},{\"@type\":\"Organization\",\"@id\":\"https:\\\/\\\/www.acpdbrasil.com\\\/#organization\",\"name\":\"Ag\u00eancia de Conformidade e Prote\u00e7\u00e3o de Dados\",\"url\":\"https:\\\/\\\/www.acpdbrasil.com\\\/\",\"logo\":{\"@type\":\"ImageObject\",\"inLanguage\":\"en-US\",\"@id\":\"https:\\\/\\\/www.acpdbrasil.com\\\/#\\\/schema\\\/logo\\\/image\\\/\",\"url\":\"https:\\\/\\\/www.acpdbrasil.com\\\/wp-content\\\/uploads\\\/2021\\\/04\\\/ACPD-OG-image_OG-image.png\",\"contentUrl\":\"https:\\\/\\\/www.acpdbrasil.com\\\/wp-content\\\/uploads\\\/2021\\\/04\\\/ACPD-OG-image_OG-image.png\",\"width\":1201,\"height\":631,\"caption\":\"Ag\u00eancia de Conformidade e Prote\u00e7\u00e3o de Dados\"},\"image\":{\"@id\":\"https:\\\/\\\/www.acpdbrasil.com\\\/#\\\/schema\\\/logo\\\/image\\\/\"},\"sameAs\":[\"https:\\\/\\\/www.facebook.com\\\/acpdbrasil\",\"https:\\\/\\\/x.com\\\/acpdbrasil\",\"https:\\\/\\\/www.instagram.com\\\/acpdbrasil\",\"http:\\\/\\\/linkedin.com\\\/company\\\/acpdbrasil\",\"https:\\\/\\\/www.youtube.com\\\/channel\\\/UCdEnJZeex9u6Mr1_IDyOVcw\\\/featured?view_as=subscriber\"]}]}<\/script>\n<!-- \/ Yoast SEO plugin. -->","yoast_head_json":{"title":"ACPD Academy - ACPD Brasil","robots":{"index":"index","follow":"follow","max-snippet":"max-snippet:-1","max-image-preview":"max-image-preview:large","max-video-preview":"max-video-preview:-1"},"canonical":"https:\/\/www.acpdbrasil.com\/en\/acpd-academy\/","og_locale":"en_US","og_type":"article","og_title":"ACPD Academy - ACPD Brasil","og_description":"ACPD ACADEMY Educa\u00e7\u00e3o corporativa A ACPD Brasil entende que as pessoas s\u00e3o essenciais para as organiza\u00e7\u00f5es, e s\u00e3o seus recursos mais valiosos. Somado a isso, entendemos que o desempenho organizacional&nbsp;&hellip; Read more","og_url":"https:\/\/www.acpdbrasil.com\/en\/acpd-academy\/","og_site_name":"ACPD Brasil","article_publisher":"https:\/\/www.facebook.com\/acpdbrasil","article_modified_time":"2021-04-28T00:42:45+00:00","og_image":[{"width":944,"height":944,"url":"https:\/\/www.acpdbrasil.com\/wp-content\/uploads\/2020\/08\/Main.png","type":"image\/png"}],"twitter_card":"summary_large_image","twitter_site":"@acpdbrasil","twitter_misc":{"Est. reading time":"2 minutes"},"schema":{"@context":"https:\/\/schema.org","@graph":[{"@type":"WebPage","@id":"https:\/\/www.acpdbrasil.com\/acpd-academy\/","url":"https:\/\/www.acpdbrasil.com\/acpd-academy\/","name":"ACPD Academy - ACPD Brasil","isPartOf":{"@id":"https:\/\/www.acpdbrasil.com\/#website"},"primaryImageOfPage":{"@id":"https:\/\/www.acpdbrasil.com\/acpd-academy\/#primaryimage"},"image":{"@id":"https:\/\/www.acpdbrasil.com\/acpd-academy\/#primaryimage"},"thumbnailUrl":"https:\/\/www.acpdbrasil.com\/wp-content\/uploads\/2020\/08\/Main.png","datePublished":"2020-10-05T15:09:45+00:00","dateModified":"2021-04-28T00:42:45+00:00","breadcrumb":{"@id":"https:\/\/www.acpdbrasil.com\/acpd-academy\/#breadcrumb"},"inLanguage":"en-US","potentialAction":[{"@type":"ReadAction","target":["https:\/\/www.acpdbrasil.com\/acpd-academy\/"]}]},{"@type":"ImageObject","inLanguage":"en-US","@id":"https:\/\/www.acpdbrasil.com\/acpd-academy\/#primaryimage","url":"https:\/\/www.acpdbrasil.com\/wp-content\/uploads\/2020\/08\/Main.png","contentUrl":"https:\/\/www.acpdbrasil.com\/wp-content\/uploads\/2020\/08\/Main.png","width":944,"height":944,"caption":"Log ACPD main"},{"@type":"BreadcrumbList","@id":"https:\/\/www.acpdbrasil.com\/acpd-academy\/#breadcrumb","itemListElement":[{"@type":"ListItem","position":1,"name":"In\u00edcio","item":"https:\/\/www.acpdbrasil.com\/"},{"@type":"ListItem","position":2,"name":"ACPD Academy"}]},{"@type":"WebSite","@id":"https:\/\/www.acpdbrasil.com\/#website","url":"https:\/\/www.acpdbrasil.com\/","name":"ACPD Brasil","description":"Conformidade, Prote\u00e7\u00e3o e Privacidade de Dados","publisher":{"@id":"https:\/\/www.acpdbrasil.com\/#organization"},"potentialAction":[{"@type":"SearchAction","target":{"@type":"EntryPoint","urlTemplate":"https:\/\/www.acpdbrasil.com\/?s={search_term_string}"},"query-input":{"@type":"PropertyValueSpecification","valueRequired":true,"valueName":"search_term_string"}}],"inLanguage":"en-US"},{"@type":"Organization","@id":"https:\/\/www.acpdbrasil.com\/#organization","name":"Ag\u00eancia de Conformidade e Prote\u00e7\u00e3o de Dados","url":"https:\/\/www.acpdbrasil.com\/","logo":{"@type":"ImageObject","inLanguage":"en-US","@id":"https:\/\/www.acpdbrasil.com\/#\/schema\/logo\/image\/","url":"https:\/\/www.acpdbrasil.com\/wp-content\/uploads\/2021\/04\/ACPD-OG-image_OG-image.png","contentUrl":"https:\/\/www.acpdbrasil.com\/wp-content\/uploads\/2021\/04\/ACPD-OG-image_OG-image.png","width":1201,"height":631,"caption":"Ag\u00eancia de Conformidade e Prote\u00e7\u00e3o de Dados"},"image":{"@id":"https:\/\/www.acpdbrasil.com\/#\/schema\/logo\/image\/"},"sameAs":["https:\/\/www.facebook.com\/acpdbrasil","https:\/\/x.com\/acpdbrasil","https:\/\/www.instagram.com\/acpdbrasil","http:\/\/linkedin.com\/company\/acpdbrasil","https:\/\/www.youtube.com\/channel\/UCdEnJZeex9u6Mr1_IDyOVcw\/featured?view_as=subscriber"]}]}},"_links":{"self":[{"href":"https:\/\/www.acpdbrasil.com\/en\/wp-json\/wp\/v2\/pages\/1979","targetHints":{"allow":["GET"]}}],"collection":[{"href":"https:\/\/www.acpdbrasil.com\/en\/wp-json\/wp\/v2\/pages"}],"about":[{"href":"https:\/\/www.acpdbrasil.com\/en\/wp-json\/wp\/v2\/types\/page"}],"author":[{"embeddable":true,"href":"https:\/\/www.acpdbrasil.com\/en\/wp-json\/wp\/v2\/users\/1"}],"replies":[{"embeddable":true,"href":"https:\/\/www.acpdbrasil.com\/en\/wp-json\/wp\/v2\/comments?post=1979"}],"version-history":[{"count":0,"href":"https:\/\/www.acpdbrasil.com\/en\/wp-json\/wp\/v2\/pages\/1979\/revisions"}],"wp:featuredmedia":[{"embeddable":true,"href":"https:\/\/www.acpdbrasil.com\/en\/wp-json\/wp\/v2\/media\/762"}],"wp:attachment":[{"href":"https:\/\/www.acpdbrasil.com\/en\/wp-json\/wp\/v2\/media?parent=1979"}],"curies":[{"name":"wp","href":"https:\/\/api.w.org\/{rel}","templated":true}]}}