{"id":1018,"date":"2020-08-07T18:40:34","date_gmt":"2020-08-07T18:40:34","guid":{"rendered":"https:\/\/www.acpdbrasil.com\/?page_id=1018"},"modified":"2024-03-06T12:39:39","modified_gmt":"2024-03-06T15:39:39","slug":"siglas","status":"publish","type":"page","link":"https:\/\/www.acpdbrasil.com\/en\/siglas\/","title":{"rendered":"Lista de Siglas"},"content":{"rendered":"<div  data-label=\"Content\" data-id=\"content--2\" data-export-id=\"content-12\" data-category=\"content\" class=\"content-12 content-section content-section-spacing\" id=\"content-2\" style=\"background-color: rgb(255, 255, 255);\"><div  class=\"gridContainer\"> <div  class=\"row text-center\"><div  class=\"section-title-col\" data-type=\"column\">  <h4  class=\"\" style=\"text-align: justify;\"><span  style=\"font-weight: 300;\"><span  style=\"font-weight: 600;\">ABNT<\/span>: Associa\u00e7\u00e3o Brasilieira de Normas T\u00e9cnicas;<\/span><br ><span  style=\"font-weight: 300;\"><span  style=\"font-weight: 600;\">\r\nACPD<\/span>: Ag\u00eancia de Conformidade e Prote\u00e7\u00e3o de Dados;\r\n\r\n<\/span><br >AIR<span  style=\"font-weight: 300;\">: An\u00e1lise de Impacto Regulat\u00f3rio;\r\n<br ><\/span>ARR<span  style=\"font-weight: 300;\">: Avalia\u00e7\u00e3o do Resultado Regulat\u00f3rio;<\/span><br ><span  style=\"font-weight: 300;\"><span  style=\"font-weight: 600;\">\r\nANP<\/span>: Ag\u00eancia Nacional do Petr\u00f3leo, G\u00e1s Natural e Biocombust\u00edveis;<\/span><br ><span  style=\"font-weight: 300;\"><span  style=\"font-weight: 600;\">\r\nANPD<\/span>: Autoridade Nacional de Prote\u00e7\u00e3o de Dados;<\/span><br ><span  style=\"font-weight: 300;\"><span  style=\"font-weight: 600;\">\r\nCE<\/span>: Comiss\u00e3o de Estudos;<\/span><br ><span  style=\"font-weight: 300;\"><span  style=\"font-weight: 600;\">\r\nCEO<\/span>: <span  style=\"font-style: italic;\">Chief Executive Officer<\/span>;\r\n<br ><\/span>CGN:&nbsp;<span  style=\"font-weight: 300;\">Coordena\u00e7\u00e3o-Geral de Normatiza\u00e7\u00e3o;\r\n<br ><\/span>CNPD<span  style=\"font-weight: 300;\">: Conselho Nacional de Prote\u00e7\u00e3o de Dados Pessoais e da Privacidade;<\/span><br ><span  style=\"font-weight: 300;\"><span  style=\"font-weight: 600;\">\r\nCPF<\/span>: Cadastro de Pessoas F\u00edsicas;<\/span><br ><span  style=\"font-weight: 300;\"><span  style=\"font-weight: 600;\">\r\nCRM<\/span>: <span  style=\"font-style: italic;\">Customer Relationship Management<\/span>. Cadastro Interno de Clientes;\r\n<br ><\/span>DPIA<span  style=\"font-weight: 300;\">: Data Protection Impact Assessment;\r\n<br ><\/span>DPA<span  style=\"font-weight: 300;\">: Data Processing Agreement;<\/span><br ><span  style=\"font-weight: 300;\"><span  style=\"font-weight: 600;\">\r\nDPO<\/span>: <span  style=\"font-style: italic;\">Data Protection Officer<\/span>;<\/span><br ><span  style=\"font-weight: 300;\"><span  style=\"font-weight: 600;\">\r\nEEE<\/span>: Espa\u00e7o Econ\u00f4mico Europeu;<\/span><br ><span  style=\"font-weight: 300;\"><span  style=\"font-weight: 600;\">\r\nGDPR<\/span>: <span  style=\"font-style: italic;\">General Data Protection Regulation<\/span>;<\/span><br ><span  style=\"font-weight: 300;\"><span  style=\"font-weight: 600;\">\r\nIEC<\/span>: <span  style=\"font-style: italic;\">International Electrotechnical Commission<\/span>;<\/span><br ><span  style=\"font-weight: 300;\"><span  style=\"font-weight: 600;\">\r\nISO<\/span>: <span  style=\"font-style: italic;\">International Organization for Standardization<\/span>;<\/span><br ><span  style=\"font-weight: 300;\"><span  style=\"font-weight: 600;\">\r\nJTC<\/span>: <span  style=\"font-style: italic;\">Joint Technical Committee<\/span>;<\/span><br ><span  style=\"font-weight: 300;\"><span  style=\"font-weight: 600;\">\r\nLGPD<\/span>: Lei Geral de Prote\u00e7\u00e3o de Dados;<\/span><br ><span  style=\"font-weight: 300;\"><span  style=\"font-weight: 600;\">\r\nMJSP<\/span>: Minist\u00e9rio da Justi\u00e7a;<\/span><br ><span  style=\"font-weight: 300;\"><span  style=\"font-weight: 600;\">\r\nMP<\/span>: Minist\u00e9rio P\u00fablico;<\/span><br ><span  style=\"font-weight: 300;\"><span  style=\"font-weight: 600;\">\r\nMPV<\/span>: Medida Provis\u00f3ria;<\/span><br ><span  style=\"font-weight: 300;\"><span  style=\"font-weight: 600;\">\r\nNBR<\/span>: Norma Brasileira;<\/span><br ><span  style=\"font-weight: 300;\"><span  style=\"font-weight: 600;\">\r\nPEC<\/span>: Proposta de Emenda \u00e0 Constitui\u00e7\u00e3o;<\/span><br ><span  style=\"font-weight: 300;\"><span  style=\"font-weight: 600;\">\r\nPL<\/span>: Projeto de Lei;<\/span><br ><span  style=\"font-weight: 300;\"><span  style=\"font-weight: 600;\">\r\nPROCON<\/span>: Programa de Prote\u00e7\u00e3o e Defesa do Consumidor;\r\n<br ><\/span>RIPD<span  style=\"font-weight: 300;\">:&nbsp;Relat\u00f3rio de Impacto \u00e0 Prote\u00e7\u00e3o de Dados;<\/span><br ><span  style=\"font-weight: 300;\"><span  style=\"font-weight: 600;\">\r\nRJET<\/span>: Regime Jur\u00eddico Emergencial e Transit\u00f3rio das rela\u00e7\u00f5es jur\u00eddicas de Direito Privado;<\/span><br ><span  style=\"font-weight: 300;\"><span  style=\"font-weight: 600;\">\r\nSENACON<\/span>: Secretaria Nacional do Consumidor;<\/span><br ><span  style=\"font-weight: 300;\"><span  style=\"font-weight: 600;\">\r\nSGPI<\/span>: Sistema de Gest\u00e3o da Privacidade da Informa\u00e7\u00e3o;<\/span><br ><span  style=\"font-weight: 300;\"><span  style=\"font-weight: 600;\">\r\nTI<\/span>: Tecnologia da Informa\u00e7\u00e3o;<\/span><br ><span  style=\"font-weight: 300;\"><span  style=\"font-weight: 600;\">\r\nTIC<\/span>: Tecnologia da Informa\u00e7\u00e3o e Comunica\u00e7\u00e3o;<\/span><br ><span  style=\"font-weight: 300;\"><span  style=\"font-weight: 600;\">\r\nUE<\/span>: Uni\u00e3o Europeia.<\/span><\/h4><\/div> <\/div> <div  class=\"row center-xs middle-xs\"> <div  class=\"col-sm-9\" data-type=\"column\"> <\/div> <\/div><\/div> <\/div>","protected":false},"excerpt":{"rendered":"<p>ABNT: Associa\u00e7\u00e3o Brasilieira de Normas T\u00e9cnicas; ACPD: Ag\u00eancia de Conformidade e Prote\u00e7\u00e3o de Dados; AIR: An\u00e1lise de Impacto Regulat\u00f3rio; ARR: Avalia\u00e7\u00e3o do Resultado Regulat\u00f3rio; ANP: Ag\u00eancia Nacional do Petr\u00f3leo, G\u00e1s&hellip; <br \/> <a class=\"read-more\" href=\"https:\/\/www.acpdbrasil.com\/en\/siglas\/\">Read more<\/a><\/p>","protected":false},"author":1,"featured_media":7976,"parent":0,"menu_order":0,"comment_status":"closed","ping_status":"closed","template":"pro\/page-templates\/full-width-page.php","meta":{"footnotes":""},"class_list":["post-1018","page","type-page","status-publish","has-post-thumbnail","hentry"],"yoast_head":"<!-- This site is optimized with the Yoast SEO plugin v27.3 - https:\/\/yoast.com\/product\/yoast-seo-wordpress\/ -->\n<title>Lista de Siglas - ACPD Brasil<\/title>\n<meta name=\"robots\" content=\"index, follow, max-snippet:-1, max-image-preview:large, max-video-preview:-1\" \/>\n<link rel=\"canonical\" href=\"https:\/\/www.acpdbrasil.com\/en\/siglas\/\" \/>\n<meta property=\"og:locale\" content=\"en_US\" \/>\n<meta property=\"og:type\" content=\"article\" \/>\n<meta property=\"og:title\" content=\"Lista de Siglas - ACPD Brasil\" \/>\n<meta property=\"og:description\" content=\"ABNT: Associa\u00e7\u00e3o Brasilieira de Normas T\u00e9cnicas; ACPD: Ag\u00eancia de Conformidade e Prote\u00e7\u00e3o de Dados; AIR: An\u00e1lise de Impacto Regulat\u00f3rio; ARR: Avalia\u00e7\u00e3o do Resultado Regulat\u00f3rio; ANP: Ag\u00eancia Nacional do Petr\u00f3leo, G\u00e1s&hellip; Read more\" \/>\n<meta property=\"og:url\" content=\"https:\/\/www.acpdbrasil.com\/en\/siglas\/\" \/>\n<meta property=\"og:site_name\" content=\"ACPD Brasil\" \/>\n<meta property=\"article:publisher\" content=\"https:\/\/www.facebook.com\/acpdbrasil\" \/>\n<meta property=\"article:modified_time\" content=\"2024-03-06T15:39:39+00:00\" \/>\n<meta property=\"og:image\" content=\"https:\/\/www.acpdbrasil.com\/wp-content\/uploads\/2020\/08\/cropped-Main-1.png\" \/>\n\t<meta property=\"og:image:width\" content=\"944\" \/>\n\t<meta property=\"og:image:height\" content=\"944\" \/>\n\t<meta property=\"og:image:type\" content=\"image\/png\" \/>\n<meta name=\"twitter:card\" content=\"summary_large_image\" \/>\n<meta name=\"twitter:site\" content=\"@acpdbrasil\" \/>\n<meta name=\"twitter:label1\" content=\"Est. reading time\" \/>\n\t<meta name=\"twitter:data1\" content=\"2 minutes\" \/>\n<script type=\"application\/ld+json\" class=\"yoast-schema-graph\">{\"@context\":\"https:\\\/\\\/schema.org\",\"@graph\":[{\"@type\":\"WebPage\",\"@id\":\"https:\\\/\\\/www.acpdbrasil.com\\\/siglas\\\/\",\"url\":\"https:\\\/\\\/www.acpdbrasil.com\\\/siglas\\\/\",\"name\":\"Lista de Siglas - ACPD Brasil\",\"isPartOf\":{\"@id\":\"https:\\\/\\\/www.acpdbrasil.com\\\/#website\"},\"primaryImageOfPage\":{\"@id\":\"https:\\\/\\\/www.acpdbrasil.com\\\/siglas\\\/#primaryimage\"},\"image\":{\"@id\":\"https:\\\/\\\/www.acpdbrasil.com\\\/siglas\\\/#primaryimage\"},\"thumbnailUrl\":\"https:\\\/\\\/www.acpdbrasil.com\\\/wp-content\\\/uploads\\\/2020\\\/08\\\/cropped-Main-1.png\",\"datePublished\":\"2020-08-07T18:40:34+00:00\",\"dateModified\":\"2024-03-06T15:39:39+00:00\",\"breadcrumb\":{\"@id\":\"https:\\\/\\\/www.acpdbrasil.com\\\/siglas\\\/#breadcrumb\"},\"inLanguage\":\"en-US\",\"potentialAction\":[{\"@type\":\"ReadAction\",\"target\":[\"https:\\\/\\\/www.acpdbrasil.com\\\/siglas\\\/\"]}]},{\"@type\":\"ImageObject\",\"inLanguage\":\"en-US\",\"@id\":\"https:\\\/\\\/www.acpdbrasil.com\\\/siglas\\\/#primaryimage\",\"url\":\"https:\\\/\\\/www.acpdbrasil.com\\\/wp-content\\\/uploads\\\/2020\\\/08\\\/cropped-Main-1.png\",\"contentUrl\":\"https:\\\/\\\/www.acpdbrasil.com\\\/wp-content\\\/uploads\\\/2020\\\/08\\\/cropped-Main-1.png\",\"width\":944,\"height\":944,\"caption\":\"Log ACPD main\"},{\"@type\":\"BreadcrumbList\",\"@id\":\"https:\\\/\\\/www.acpdbrasil.com\\\/siglas\\\/#breadcrumb\",\"itemListElement\":[{\"@type\":\"ListItem\",\"position\":1,\"name\":\"In\u00edcio\",\"item\":\"https:\\\/\\\/www.acpdbrasil.com\\\/\"},{\"@type\":\"ListItem\",\"position\":2,\"name\":\"Lista de Siglas\"}]},{\"@type\":\"WebSite\",\"@id\":\"https:\\\/\\\/www.acpdbrasil.com\\\/#website\",\"url\":\"https:\\\/\\\/www.acpdbrasil.com\\\/\",\"name\":\"ACPD Brasil\",\"description\":\"Conformidade, Prote\u00e7\u00e3o e Privacidade de Dados\",\"publisher\":{\"@id\":\"https:\\\/\\\/www.acpdbrasil.com\\\/#organization\"},\"potentialAction\":[{\"@type\":\"SearchAction\",\"target\":{\"@type\":\"EntryPoint\",\"urlTemplate\":\"https:\\\/\\\/www.acpdbrasil.com\\\/?s={search_term_string}\"},\"query-input\":{\"@type\":\"PropertyValueSpecification\",\"valueRequired\":true,\"valueName\":\"search_term_string\"}}],\"inLanguage\":\"en-US\"},{\"@type\":\"Organization\",\"@id\":\"https:\\\/\\\/www.acpdbrasil.com\\\/#organization\",\"name\":\"Ag\u00eancia de Conformidade e Prote\u00e7\u00e3o de Dados\",\"url\":\"https:\\\/\\\/www.acpdbrasil.com\\\/\",\"logo\":{\"@type\":\"ImageObject\",\"inLanguage\":\"en-US\",\"@id\":\"https:\\\/\\\/www.acpdbrasil.com\\\/#\\\/schema\\\/logo\\\/image\\\/\",\"url\":\"https:\\\/\\\/www.acpdbrasil.com\\\/wp-content\\\/uploads\\\/2021\\\/04\\\/ACPD-OG-image_OG-image.png\",\"contentUrl\":\"https:\\\/\\\/www.acpdbrasil.com\\\/wp-content\\\/uploads\\\/2021\\\/04\\\/ACPD-OG-image_OG-image.png\",\"width\":1201,\"height\":631,\"caption\":\"Ag\u00eancia de Conformidade e Prote\u00e7\u00e3o de Dados\"},\"image\":{\"@id\":\"https:\\\/\\\/www.acpdbrasil.com\\\/#\\\/schema\\\/logo\\\/image\\\/\"},\"sameAs\":[\"https:\\\/\\\/www.facebook.com\\\/acpdbrasil\",\"https:\\\/\\\/x.com\\\/acpdbrasil\",\"https:\\\/\\\/www.instagram.com\\\/acpdbrasil\",\"http:\\\/\\\/linkedin.com\\\/company\\\/acpdbrasil\",\"https:\\\/\\\/www.youtube.com\\\/channel\\\/UCdEnJZeex9u6Mr1_IDyOVcw\\\/featured?view_as=subscriber\"]}]}<\/script>\n<!-- \/ Yoast SEO plugin. -->","yoast_head_json":{"title":"Lista de Siglas - ACPD Brasil","robots":{"index":"index","follow":"follow","max-snippet":"max-snippet:-1","max-image-preview":"max-image-preview:large","max-video-preview":"max-video-preview:-1"},"canonical":"https:\/\/www.acpdbrasil.com\/en\/siglas\/","og_locale":"en_US","og_type":"article","og_title":"Lista de Siglas - ACPD Brasil","og_description":"ABNT: Associa\u00e7\u00e3o Brasilieira de Normas T\u00e9cnicas; ACPD: Ag\u00eancia de Conformidade e Prote\u00e7\u00e3o de Dados; AIR: An\u00e1lise de Impacto Regulat\u00f3rio; ARR: Avalia\u00e7\u00e3o do Resultado Regulat\u00f3rio; ANP: Ag\u00eancia Nacional do Petr\u00f3leo, G\u00e1s&hellip; Read more","og_url":"https:\/\/www.acpdbrasil.com\/en\/siglas\/","og_site_name":"ACPD Brasil","article_publisher":"https:\/\/www.facebook.com\/acpdbrasil","article_modified_time":"2024-03-06T15:39:39+00:00","og_image":[{"width":944,"height":944,"url":"https:\/\/www.acpdbrasil.com\/wp-content\/uploads\/2020\/08\/cropped-Main-1.png","type":"image\/png"}],"twitter_card":"summary_large_image","twitter_site":"@acpdbrasil","twitter_misc":{"Est. reading time":"2 minutes"},"schema":{"@context":"https:\/\/schema.org","@graph":[{"@type":"WebPage","@id":"https:\/\/www.acpdbrasil.com\/siglas\/","url":"https:\/\/www.acpdbrasil.com\/siglas\/","name":"Lista de Siglas - ACPD Brasil","isPartOf":{"@id":"https:\/\/www.acpdbrasil.com\/#website"},"primaryImageOfPage":{"@id":"https:\/\/www.acpdbrasil.com\/siglas\/#primaryimage"},"image":{"@id":"https:\/\/www.acpdbrasil.com\/siglas\/#primaryimage"},"thumbnailUrl":"https:\/\/www.acpdbrasil.com\/wp-content\/uploads\/2020\/08\/cropped-Main-1.png","datePublished":"2020-08-07T18:40:34+00:00","dateModified":"2024-03-06T15:39:39+00:00","breadcrumb":{"@id":"https:\/\/www.acpdbrasil.com\/siglas\/#breadcrumb"},"inLanguage":"en-US","potentialAction":[{"@type":"ReadAction","target":["https:\/\/www.acpdbrasil.com\/siglas\/"]}]},{"@type":"ImageObject","inLanguage":"en-US","@id":"https:\/\/www.acpdbrasil.com\/siglas\/#primaryimage","url":"https:\/\/www.acpdbrasil.com\/wp-content\/uploads\/2020\/08\/cropped-Main-1.png","contentUrl":"https:\/\/www.acpdbrasil.com\/wp-content\/uploads\/2020\/08\/cropped-Main-1.png","width":944,"height":944,"caption":"Log ACPD main"},{"@type":"BreadcrumbList","@id":"https:\/\/www.acpdbrasil.com\/siglas\/#breadcrumb","itemListElement":[{"@type":"ListItem","position":1,"name":"In\u00edcio","item":"https:\/\/www.acpdbrasil.com\/"},{"@type":"ListItem","position":2,"name":"Lista de Siglas"}]},{"@type":"WebSite","@id":"https:\/\/www.acpdbrasil.com\/#website","url":"https:\/\/www.acpdbrasil.com\/","name":"ACPD Brasil","description":"Conformidade, Prote\u00e7\u00e3o e Privacidade de Dados","publisher":{"@id":"https:\/\/www.acpdbrasil.com\/#organization"},"potentialAction":[{"@type":"SearchAction","target":{"@type":"EntryPoint","urlTemplate":"https:\/\/www.acpdbrasil.com\/?s={search_term_string}"},"query-input":{"@type":"PropertyValueSpecification","valueRequired":true,"valueName":"search_term_string"}}],"inLanguage":"en-US"},{"@type":"Organization","@id":"https:\/\/www.acpdbrasil.com\/#organization","name":"Ag\u00eancia de Conformidade e Prote\u00e7\u00e3o de Dados","url":"https:\/\/www.acpdbrasil.com\/","logo":{"@type":"ImageObject","inLanguage":"en-US","@id":"https:\/\/www.acpdbrasil.com\/#\/schema\/logo\/image\/","url":"https:\/\/www.acpdbrasil.com\/wp-content\/uploads\/2021\/04\/ACPD-OG-image_OG-image.png","contentUrl":"https:\/\/www.acpdbrasil.com\/wp-content\/uploads\/2021\/04\/ACPD-OG-image_OG-image.png","width":1201,"height":631,"caption":"Ag\u00eancia de Conformidade e Prote\u00e7\u00e3o de Dados"},"image":{"@id":"https:\/\/www.acpdbrasil.com\/#\/schema\/logo\/image\/"},"sameAs":["https:\/\/www.facebook.com\/acpdbrasil","https:\/\/x.com\/acpdbrasil","https:\/\/www.instagram.com\/acpdbrasil","http:\/\/linkedin.com\/company\/acpdbrasil","https:\/\/www.youtube.com\/channel\/UCdEnJZeex9u6Mr1_IDyOVcw\/featured?view_as=subscriber"]}]}},"_links":{"self":[{"href":"https:\/\/www.acpdbrasil.com\/en\/wp-json\/wp\/v2\/pages\/1018","targetHints":{"allow":["GET"]}}],"collection":[{"href":"https:\/\/www.acpdbrasil.com\/en\/wp-json\/wp\/v2\/pages"}],"about":[{"href":"https:\/\/www.acpdbrasil.com\/en\/wp-json\/wp\/v2\/types\/page"}],"author":[{"embeddable":true,"href":"https:\/\/www.acpdbrasil.com\/en\/wp-json\/wp\/v2\/users\/1"}],"replies":[{"embeddable":true,"href":"https:\/\/www.acpdbrasil.com\/en\/wp-json\/wp\/v2\/comments?post=1018"}],"version-history":[{"count":0,"href":"https:\/\/www.acpdbrasil.com\/en\/wp-json\/wp\/v2\/pages\/1018\/revisions"}],"wp:featuredmedia":[{"embeddable":true,"href":"https:\/\/www.acpdbrasil.com\/en\/wp-json\/wp\/v2\/media\/7976"}],"wp:attachment":[{"href":"https:\/\/www.acpdbrasil.com\/en\/wp-json\/wp\/v2\/media?parent=1018"}],"curies":[{"name":"wp","href":"https:\/\/api.w.org\/{rel}","templated":true}]}}